{"id":230192,"date":"2024-10-22T15:33:00","date_gmt":"2024-10-22T20:33:00","guid":{"rendered":"https:\/\/www.grupo-inducom.com\/cl\/?post_type=product&#038;p=230192"},"modified":"2024-10-22T15:33:39","modified_gmt":"2024-10-22T20:33:39","slug":"bomba-peristaltica-industrial","status":"publish","type":"product","link":"https:\/\/www.grupo-inducom.com\/cl\/producto\/bomba-peristaltica-industrial\/","title":{"rendered":"Bomba Perist\u00e1ltica industrial"},"content":{"rendered":"<p><span style=\"color: #ffffff;\">Bomba Peristaltica<\/span><\/p>\n<p class=\"x_MsoNormal\">Tasa de flujo:\u00a0 \u00a00.2 a 2.5 m\u00b3 \/ h<\/p>\n<p class=\"x_MsoNormal\">Presi\u00f3n de descarga: hasta 4 bar<\/p>\n<p class=\"x_MsoNormal\">Altura m\u00e1xima de succi\u00f3n:\u00a0 &#8211; 9 mCe<\/p>\n<p class=\"x_MsoNormal\">Succi\u00f3n \/ descarga:\u00a0 \u00a0Inserciones mangueras niples SS, PTFE \u00d835 mm<\/p>\n<p class=\"x_MsoNormal\">Mangueras * : Poliamida reforzada<\/p>\n<p class=\"x_MsoNormal\">\u00a0 \u00a0NR \/ EPDM \/ NBR \/ VITON HYPALON \/ NR Alimentos<\/p>\n<p class=\"x_MsoNormal\">\u00a0 Norpreno \/ TYGOPRENE \/ NEOPRENO \/ silicona<\/p>\n<p class=\"x_MsoNormal\">Cuerpo y rueda:\u00a0 Aleaci\u00f3n de aluminio<\/p>\n<p class=\"x_MsoNormal\">Rodillo:\u00a0 \u00a0Nytralon<\/p>\n<p class=\"x_MsoNormal\">Motor: Motor IE2 &#8211; 0.37 a 0.55 Kw<\/p>\n<p class=\"x_MsoNormal\">Opciones:Sensor de presi\u00f3n, ATEX,<\/p>\n<p class=\"x_MsoNormal\">Variador de velocidad, varias cabezas<\/p>\n<p><span style=\"color: #ffffff;\">Bomba Peristaltica<\/span><\/p>\n","protected":false},"excerpt":{"rendered":"<ul>\n<li>Marca: Albim Pumps<\/li>\n<li>F\u00e1cil de usar y de mantener<\/li>\n<li class=\"font_8\"><span class=\"color_11\">Lujo volum\u00e9trico perfecto, a 0,5 l\/h a 150 m\u00b3\/h<\/span><\/li>\n<li class=\"font_8\">Ausencia de sello mec\u00e1nico o prensaestopas<\/li>\n<li class=\"font_8\">Robusta, fabricada \u00edntegramente en hierro d\u00factil<\/li>\n<li class=\"font_8\">Adecuada para l\u00edquidos agresivos o viscosos<\/li>\n<li class=\"font_8\">Dosificaci\u00f3n de sustancias qu\u00edmicas muy corrosivas<\/li>\n<li class=\"font_8\">Autocebado completo hasta 9,8 m<\/li>\n<\/ul>\n","protected":false},"featured_media":230242,"comment_status":"closed","ping_status":"closed","template":"","meta":{"_acf_changed":false,"_et_pb_use_builder":"","_et_pb_old_content":"","_et_gb_content_width":"","content-type":""},"product_brand":[],"product_cat":[71],"product_tag":[53,85],"class_list":{"0":"post-230192","1":"product","2":"type-product","3":"status-publish","4":"has-post-thumbnail","6":"product_cat-bomba-de-desplazamiento-positivo","7":"product_tag-albin-pump","8":"product_tag-bomba-peristaltica","10":"first","11":"instock","12":"shipping-taxable","13":"product-type-simple"},"acf":[],"yoast_head":"<!-- This site is optimized with the Yoast SEO plugin v27.4 - https:\/\/yoast.com\/product\/yoast-seo-wordpress\/ -->\n<title>Bomba Perist\u00e1ltica industrial - Inducom Chile<\/title>\n<meta name=\"robots\" content=\"index, follow, max-snippet:-1, max-image-preview:large, max-video-preview:-1\" \/>\n<link rel=\"canonical\" href=\"https:\/\/www.grupo-inducom.com\/cl\/producto\/bomba-peristaltica-industrial\/\" \/>\n<meta property=\"og:locale\" content=\"es_ES\" \/>\n<meta property=\"og:type\" content=\"article\" \/>\n<meta property=\"og:title\" content=\"Bomba Perist\u00e1ltica industrial - Inducom Chile\" \/>\n<meta property=\"og:description\" content=\"Marca: Albim Pumps  F\u00e1cil de usar y de mantener  Lujo volum\u00e9trico perfecto, a 0,5 l\/h a 150 m\u00b3\/h  Ausencia de sello mec\u00e1nico o prensaestopas  Robusta, fabricada \u00edntegramente en hierro d\u00factil  Adecuada para l\u00edquidos agresivos o viscosos  Dosificaci\u00f3n de sustancias qu\u00edmicas muy corrosivas  Autocebado completo hasta 9,8 m\" \/>\n<meta property=\"og:url\" content=\"https:\/\/www.grupo-inducom.com\/cl\/producto\/bomba-peristaltica-industrial\/\" \/>\n<meta property=\"og:site_name\" content=\"Inducom Chile\" \/>\n<meta property=\"article:modified_time\" content=\"2024-10-22T20:33:39+00:00\" \/>\n<meta name=\"twitter:card\" content=\"summary_large_image\" \/>\n<script type=\"application\/ld+json\" class=\"yoast-schema-graph\">{\"@context\":\"https:\\\/\\\/schema.org\",\"@graph\":[{\"@type\":\"WebPage\",\"@id\":\"https:\\\/\\\/www.grupo-inducom.com\\\/cl\\\/producto\\\/bomba-peristaltica-industrial\\\/\",\"url\":\"https:\\\/\\\/www.grupo-inducom.com\\\/cl\\\/producto\\\/bomba-peristaltica-industrial\\\/\",\"name\":\"Bomba Perist\u00e1ltica industrial - Inducom Chile\",\"isPartOf\":{\"@id\":\"https:\\\/\\\/www.grupo-inducom.com\\\/cl\\\/#website\"},\"primaryImageOfPage\":{\"@id\":\"https:\\\/\\\/www.grupo-inducom.com\\\/cl\\\/producto\\\/bomba-peristaltica-industrial\\\/#primaryimage\"},\"image\":{\"@id\":\"https:\\\/\\\/www.grupo-inducom.com\\\/cl\\\/producto\\\/bomba-peristaltica-industrial\\\/#primaryimage\"},\"thumbnailUrl\":\"https:\\\/\\\/www.grupo-inducom.com\\\/cl\\\/wp-content\\\/uploads\\\/sites\\\/11\\\/2024\\\/10\\\/27.png\",\"datePublished\":\"2024-10-22T20:33:00+00:00\",\"dateModified\":\"2024-10-22T20:33:39+00:00\",\"breadcrumb\":{\"@id\":\"https:\\\/\\\/www.grupo-inducom.com\\\/cl\\\/producto\\\/bomba-peristaltica-industrial\\\/#breadcrumb\"},\"inLanguage\":\"es\",\"potentialAction\":[{\"@type\":\"ReadAction\",\"target\":[\"https:\\\/\\\/www.grupo-inducom.com\\\/cl\\\/producto\\\/bomba-peristaltica-industrial\\\/\"]}]},{\"@type\":\"ImageObject\",\"inLanguage\":\"es\",\"@id\":\"https:\\\/\\\/www.grupo-inducom.com\\\/cl\\\/producto\\\/bomba-peristaltica-industrial\\\/#primaryimage\",\"url\":\"https:\\\/\\\/www.grupo-inducom.com\\\/cl\\\/wp-content\\\/uploads\\\/sites\\\/11\\\/2024\\\/10\\\/27.png\",\"contentUrl\":\"https:\\\/\\\/www.grupo-inducom.com\\\/cl\\\/wp-content\\\/uploads\\\/sites\\\/11\\\/2024\\\/10\\\/27.png\",\"width\":850,\"height\":638},{\"@type\":\"BreadcrumbList\",\"@id\":\"https:\\\/\\\/www.grupo-inducom.com\\\/cl\\\/producto\\\/bomba-peristaltica-industrial\\\/#breadcrumb\",\"itemListElement\":[{\"@type\":\"ListItem\",\"position\":1,\"name\":\"Portada\",\"item\":\"https:\\\/\\\/www.grupo-inducom.com\\\/cl\\\/\"},{\"@type\":\"ListItem\",\"position\":2,\"name\":\"Productos\",\"item\":\"https:\\\/\\\/www.grupo-inducom.com\\\/cl\\\/tienda__trashed\\\/\"},{\"@type\":\"ListItem\",\"position\":3,\"name\":\"Bomba Perist\u00e1ltica industrial\"}]},{\"@type\":\"WebSite\",\"@id\":\"https:\\\/\\\/www.grupo-inducom.com\\\/cl\\\/#website\",\"url\":\"https:\\\/\\\/www.grupo-inducom.com\\\/cl\\\/\",\"name\":\"Inducom Chile\",\"description\":\"\",\"potentialAction\":[{\"@type\":\"SearchAction\",\"target\":{\"@type\":\"EntryPoint\",\"urlTemplate\":\"https:\\\/\\\/www.grupo-inducom.com\\\/cl\\\/?s={search_term_string}\"},\"query-input\":{\"@type\":\"PropertyValueSpecification\",\"valueRequired\":true,\"valueName\":\"search_term_string\"}}],\"inLanguage\":\"es\"}]}<\/script>\n<!-- \/ Yoast SEO plugin. -->","yoast_head_json":{"title":"Bomba Perist\u00e1ltica industrial - Inducom Chile","robots":{"index":"index","follow":"follow","max-snippet":"max-snippet:-1","max-image-preview":"max-image-preview:large","max-video-preview":"max-video-preview:-1"},"canonical":"https:\/\/www.grupo-inducom.com\/cl\/producto\/bomba-peristaltica-industrial\/","og_locale":"es_ES","og_type":"article","og_title":"Bomba Perist\u00e1ltica industrial - Inducom Chile","og_description":"Marca: Albim Pumps  F\u00e1cil de usar y de mantener  Lujo volum\u00e9trico perfecto, a 0,5 l\/h a 150 m\u00b3\/h  Ausencia de sello mec\u00e1nico o prensaestopas  Robusta, fabricada \u00edntegramente en hierro d\u00factil  Adecuada para l\u00edquidos agresivos o viscosos  Dosificaci\u00f3n de sustancias qu\u00edmicas muy corrosivas  Autocebado completo hasta 9,8 m","og_url":"https:\/\/www.grupo-inducom.com\/cl\/producto\/bomba-peristaltica-industrial\/","og_site_name":"Inducom Chile","article_modified_time":"2024-10-22T20:33:39+00:00","twitter_card":"summary_large_image","schema":{"@context":"https:\/\/schema.org","@graph":[{"@type":"WebPage","@id":"https:\/\/www.grupo-inducom.com\/cl\/producto\/bomba-peristaltica-industrial\/","url":"https:\/\/www.grupo-inducom.com\/cl\/producto\/bomba-peristaltica-industrial\/","name":"Bomba Perist\u00e1ltica industrial - Inducom Chile","isPartOf":{"@id":"https:\/\/www.grupo-inducom.com\/cl\/#website"},"primaryImageOfPage":{"@id":"https:\/\/www.grupo-inducom.com\/cl\/producto\/bomba-peristaltica-industrial\/#primaryimage"},"image":{"@id":"https:\/\/www.grupo-inducom.com\/cl\/producto\/bomba-peristaltica-industrial\/#primaryimage"},"thumbnailUrl":"https:\/\/www.grupo-inducom.com\/cl\/wp-content\/uploads\/sites\/11\/2024\/10\/27.png","datePublished":"2024-10-22T20:33:00+00:00","dateModified":"2024-10-22T20:33:39+00:00","breadcrumb":{"@id":"https:\/\/www.grupo-inducom.com\/cl\/producto\/bomba-peristaltica-industrial\/#breadcrumb"},"inLanguage":"es","potentialAction":[{"@type":"ReadAction","target":["https:\/\/www.grupo-inducom.com\/cl\/producto\/bomba-peristaltica-industrial\/"]}]},{"@type":"ImageObject","inLanguage":"es","@id":"https:\/\/www.grupo-inducom.com\/cl\/producto\/bomba-peristaltica-industrial\/#primaryimage","url":"https:\/\/www.grupo-inducom.com\/cl\/wp-content\/uploads\/sites\/11\/2024\/10\/27.png","contentUrl":"https:\/\/www.grupo-inducom.com\/cl\/wp-content\/uploads\/sites\/11\/2024\/10\/27.png","width":850,"height":638},{"@type":"BreadcrumbList","@id":"https:\/\/www.grupo-inducom.com\/cl\/producto\/bomba-peristaltica-industrial\/#breadcrumb","itemListElement":[{"@type":"ListItem","position":1,"name":"Portada","item":"https:\/\/www.grupo-inducom.com\/cl\/"},{"@type":"ListItem","position":2,"name":"Productos","item":"https:\/\/www.grupo-inducom.com\/cl\/tienda__trashed\/"},{"@type":"ListItem","position":3,"name":"Bomba Perist\u00e1ltica industrial"}]},{"@type":"WebSite","@id":"https:\/\/www.grupo-inducom.com\/cl\/#website","url":"https:\/\/www.grupo-inducom.com\/cl\/","name":"Inducom Chile","description":"","potentialAction":[{"@type":"SearchAction","target":{"@type":"EntryPoint","urlTemplate":"https:\/\/www.grupo-inducom.com\/cl\/?s={search_term_string}"},"query-input":{"@type":"PropertyValueSpecification","valueRequired":true,"valueName":"search_term_string"}}],"inLanguage":"es"}]}},"_links":{"self":[{"href":"https:\/\/www.grupo-inducom.com\/cl\/wp-json\/wp\/v2\/product\/230192","targetHints":{"allow":["GET"]}}],"collection":[{"href":"https:\/\/www.grupo-inducom.com\/cl\/wp-json\/wp\/v2\/product"}],"about":[{"href":"https:\/\/www.grupo-inducom.com\/cl\/wp-json\/wp\/v2\/types\/product"}],"replies":[{"embeddable":true,"href":"https:\/\/www.grupo-inducom.com\/cl\/wp-json\/wp\/v2\/comments?post=230192"}],"wp:featuredmedia":[{"embeddable":true,"href":"https:\/\/www.grupo-inducom.com\/cl\/wp-json\/wp\/v2\/media\/230242"}],"wp:attachment":[{"href":"https:\/\/www.grupo-inducom.com\/cl\/wp-json\/wp\/v2\/media?parent=230192"}],"wp:term":[{"taxonomy":"product_brand","embeddable":true,"href":"https:\/\/www.grupo-inducom.com\/cl\/wp-json\/wp\/v2\/product_brand?post=230192"},{"taxonomy":"product_cat","embeddable":true,"href":"https:\/\/www.grupo-inducom.com\/cl\/wp-json\/wp\/v2\/product_cat?post=230192"},{"taxonomy":"product_tag","embeddable":true,"href":"https:\/\/www.grupo-inducom.com\/cl\/wp-json\/wp\/v2\/product_tag?post=230192"}],"curies":[{"name":"wp","href":"https:\/\/api.w.org\/{rel}","templated":true}]}}