{"id":230189,"date":"2024-10-22T15:32:59","date_gmt":"2024-10-22T20:32:59","guid":{"rendered":"https:\/\/www.grupo-inducom.com\/cl\/?post_type=product&#038;p=230189"},"modified":"2024-10-22T15:33:29","modified_gmt":"2024-10-22T20:33:29","slug":"bomba-centrifuga-sumergible-de-achique","status":"publish","type":"product","link":"https:\/\/www.grupo-inducom.com\/cl\/producto\/bomba-centrifuga-sumergible-de-achique\/","title":{"rendered":"Bomba centr\u00edfuga sumergible de achique"},"content":{"rendered":"<p>La bomba Sumergible de Achique y accesorios WEDA se han dise\u00f1ado para una amplia gama de aplicaciones de achique de numerosas industrias.<\/p>\n<p>Estas le ofrecen el rendimiento, fiabilidad y facilidad de uso que necesita.<\/p>\n<p>Las bombas WEDA presentan un motor de arranque y un sistema de protecci\u00f3n del motor integrados as\u00ed como un control de nivel autom\u00e1tico opcional.<\/p>\n<p>Los difusores de caucho ajustable resistentes al desgaste y los impulsores de cromo templado de alta calidad garantizan la durabilidad de las bombas en entornos de trabajo dif\u00edciles.<\/p>\n<p>Las bombas WEDA se han fabricado para durar.<\/p>\n<p>El exclusivo sistema de sellado y un dise\u00f1o modular las convierten en las bombas m\u00e1s flexibles del mercado. F\u00e1ciles de usar y mantener, las bombas WEDA prometen un rendimiento \u00f3ptimo.<\/p>\n<p>El ISP o Instant Service Pack de WEDA constituye una soluci\u00f3n de mantenimiento \u00f3ptima y puede instalarse f\u00e1cilmente en lugar de trabajo.<\/p>\n<p>Las bombas WEDA son capaces de admitir caudales de hasta 16 500 l\/min y ofrecen una potencia de hasta 54 kW lo que las convierte en el socio de trabajo perfecto para sus trabajos de achique. Potentes y port\u00e1tiles<\/p>\n<p>Dise\u00f1adas para un mantenimiento sencillo 275-16 500 l\/min B<\/p>\n<p><span style=\"color: #ffffff;\">bomba sumergible de achique<\/span><\/p>\n","protected":false},"excerpt":{"rendered":"<ul>\n<li>Marca: Atlas Copco<\/li>\n<li>Peque\u00f1a y ligera<\/li>\n<li>Facilitan su transporte<\/li>\n<li>Se puede utilizar en una variedad de aplicaciones<\/li>\n<li>Funcionamiento probado y verificado<\/li>\n<li>Dise\u00f1ada para reducir el consumo de combustible<\/li>\n<li>F\u00e1cil acceso a todas las piezas<\/li>\n<\/ul>\n","protected":false},"featured_media":230239,"comment_status":"closed","ping_status":"closed","template":"","meta":{"_acf_changed":false,"_et_pb_use_builder":"","_et_pb_old_content":"","_et_gb_content_width":"","content-type":""},"product_brand":[],"product_cat":[94],"product_tag":[57,78,88],"class_list":{"0":"post-230189","1":"product","2":"type-product","3":"status-publish","4":"has-post-thumbnail","6":"product_cat-bombas-centrifugas","7":"product_tag-atlas-copco","8":"product_tag-bomba-para-achique","9":"product_tag-bomba-sumergible","11":"first","12":"instock","13":"shipping-taxable","14":"product-type-simple"},"acf":[],"yoast_head":"<!-- This site is optimized with the Yoast SEO plugin v27.2 - https:\/\/yoast.com\/product\/yoast-seo-wordpress\/ -->\n<title>Bomba centr\u00edfuga sumergible de achique - Inducom Chile<\/title>\n<meta name=\"robots\" content=\"index, follow, max-snippet:-1, max-image-preview:large, max-video-preview:-1\" \/>\n<link rel=\"canonical\" href=\"https:\/\/www.grupo-inducom.com\/cl\/producto\/bomba-centrifuga-sumergible-de-achique\/\" \/>\n<meta property=\"og:locale\" content=\"es_ES\" \/>\n<meta property=\"og:type\" content=\"article\" \/>\n<meta property=\"og:title\" content=\"Bomba centr\u00edfuga sumergible de achique - Inducom Chile\" \/>\n<meta property=\"og:description\" content=\"Marca: Atlas Copco  Peque\u00f1a y ligera  Facilitan su transporte  Se puede utilizar en una variedad de aplicaciones  Funcionamiento probado y verificado  Dise\u00f1ada para reducir el consumo de combustible  F\u00e1cil acceso a todas las piezas\" \/>\n<meta property=\"og:url\" content=\"https:\/\/www.grupo-inducom.com\/cl\/producto\/bomba-centrifuga-sumergible-de-achique\/\" \/>\n<meta property=\"og:site_name\" content=\"Inducom Chile\" \/>\n<meta property=\"article:modified_time\" content=\"2024-10-22T20:33:29+00:00\" \/>\n<meta name=\"twitter:card\" content=\"summary_large_image\" \/>\n<meta name=\"twitter:label1\" content=\"Tiempo de lectura\" \/>\n\t<meta name=\"twitter:data1\" content=\"1 minuto\" \/>\n<script type=\"application\/ld+json\" class=\"yoast-schema-graph\">{\"@context\":\"https:\/\/schema.org\",\"@graph\":[{\"@type\":\"WebPage\",\"@id\":\"https:\/\/www.grupo-inducom.com\/cl\/producto\/bomba-centrifuga-sumergible-de-achique\/\",\"url\":\"https:\/\/www.grupo-inducom.com\/cl\/producto\/bomba-centrifuga-sumergible-de-achique\/\",\"name\":\"Bomba centr\u00edfuga sumergible de achique - Inducom Chile\",\"isPartOf\":{\"@id\":\"https:\/\/www.grupo-inducom.com\/cl\/#website\"},\"primaryImageOfPage\":{\"@id\":\"https:\/\/www.grupo-inducom.com\/cl\/producto\/bomba-centrifuga-sumergible-de-achique\/#primaryimage\"},\"image\":{\"@id\":\"https:\/\/www.grupo-inducom.com\/cl\/producto\/bomba-centrifuga-sumergible-de-achique\/#primaryimage\"},\"thumbnailUrl\":\"https:\/\/www.grupo-inducom.com\/cl\/wp-content\/uploads\/sites\/11\/2024\/10\/30_1_.webp\",\"datePublished\":\"2024-10-22T20:32:59+00:00\",\"dateModified\":\"2024-10-22T20:33:29+00:00\",\"breadcrumb\":{\"@id\":\"https:\/\/www.grupo-inducom.com\/cl\/producto\/bomba-centrifuga-sumergible-de-achique\/#breadcrumb\"},\"inLanguage\":\"es\",\"potentialAction\":[{\"@type\":\"ReadAction\",\"target\":[\"https:\/\/www.grupo-inducom.com\/cl\/producto\/bomba-centrifuga-sumergible-de-achique\/\"]}]},{\"@type\":\"ImageObject\",\"inLanguage\":\"es\",\"@id\":\"https:\/\/www.grupo-inducom.com\/cl\/producto\/bomba-centrifuga-sumergible-de-achique\/#primaryimage\",\"url\":\"https:\/\/www.grupo-inducom.com\/cl\/wp-content\/uploads\/sites\/11\/2024\/10\/30_1_.webp\",\"contentUrl\":\"https:\/\/www.grupo-inducom.com\/cl\/wp-content\/uploads\/sites\/11\/2024\/10\/30_1_.webp\",\"width\":300,\"height\":225},{\"@type\":\"BreadcrumbList\",\"@id\":\"https:\/\/www.grupo-inducom.com\/cl\/producto\/bomba-centrifuga-sumergible-de-achique\/#breadcrumb\",\"itemListElement\":[{\"@type\":\"ListItem\",\"position\":1,\"name\":\"Portada\",\"item\":\"https:\/\/www.grupo-inducom.com\/cl\/\"},{\"@type\":\"ListItem\",\"position\":2,\"name\":\"Productos\",\"item\":\"https:\/\/www.grupo-inducom.com\/cl\/tienda__trashed\/\"},{\"@type\":\"ListItem\",\"position\":3,\"name\":\"Bomba centr\u00edfuga sumergible de achique\"}]},{\"@type\":\"WebSite\",\"@id\":\"https:\/\/www.grupo-inducom.com\/cl\/#website\",\"url\":\"https:\/\/www.grupo-inducom.com\/cl\/\",\"name\":\"Inducom Chile\",\"description\":\"\",\"potentialAction\":[{\"@type\":\"SearchAction\",\"target\":{\"@type\":\"EntryPoint\",\"urlTemplate\":\"https:\/\/www.grupo-inducom.com\/cl\/?s={search_term_string}\"},\"query-input\":{\"@type\":\"PropertyValueSpecification\",\"valueRequired\":true,\"valueName\":\"search_term_string\"}}],\"inLanguage\":\"es\"}]}<\/script>\n<!-- \/ Yoast SEO plugin. -->","yoast_head_json":{"title":"Bomba centr\u00edfuga sumergible de achique - Inducom Chile","robots":{"index":"index","follow":"follow","max-snippet":"max-snippet:-1","max-image-preview":"max-image-preview:large","max-video-preview":"max-video-preview:-1"},"canonical":"https:\/\/www.grupo-inducom.com\/cl\/producto\/bomba-centrifuga-sumergible-de-achique\/","og_locale":"es_ES","og_type":"article","og_title":"Bomba centr\u00edfuga sumergible de achique - Inducom Chile","og_description":"Marca: Atlas Copco  Peque\u00f1a y ligera  Facilitan su transporte  Se puede utilizar en una variedad de aplicaciones  Funcionamiento probado y verificado  Dise\u00f1ada para reducir el consumo de combustible  F\u00e1cil acceso a todas las piezas","og_url":"https:\/\/www.grupo-inducom.com\/cl\/producto\/bomba-centrifuga-sumergible-de-achique\/","og_site_name":"Inducom Chile","article_modified_time":"2024-10-22T20:33:29+00:00","twitter_card":"summary_large_image","twitter_misc":{"Tiempo de lectura":"1 minuto"},"schema":{"@context":"https:\/\/schema.org","@graph":[{"@type":"WebPage","@id":"https:\/\/www.grupo-inducom.com\/cl\/producto\/bomba-centrifuga-sumergible-de-achique\/","url":"https:\/\/www.grupo-inducom.com\/cl\/producto\/bomba-centrifuga-sumergible-de-achique\/","name":"Bomba centr\u00edfuga sumergible de achique - Inducom Chile","isPartOf":{"@id":"https:\/\/www.grupo-inducom.com\/cl\/#website"},"primaryImageOfPage":{"@id":"https:\/\/www.grupo-inducom.com\/cl\/producto\/bomba-centrifuga-sumergible-de-achique\/#primaryimage"},"image":{"@id":"https:\/\/www.grupo-inducom.com\/cl\/producto\/bomba-centrifuga-sumergible-de-achique\/#primaryimage"},"thumbnailUrl":"https:\/\/www.grupo-inducom.com\/cl\/wp-content\/uploads\/sites\/11\/2024\/10\/30_1_.webp","datePublished":"2024-10-22T20:32:59+00:00","dateModified":"2024-10-22T20:33:29+00:00","breadcrumb":{"@id":"https:\/\/www.grupo-inducom.com\/cl\/producto\/bomba-centrifuga-sumergible-de-achique\/#breadcrumb"},"inLanguage":"es","potentialAction":[{"@type":"ReadAction","target":["https:\/\/www.grupo-inducom.com\/cl\/producto\/bomba-centrifuga-sumergible-de-achique\/"]}]},{"@type":"ImageObject","inLanguage":"es","@id":"https:\/\/www.grupo-inducom.com\/cl\/producto\/bomba-centrifuga-sumergible-de-achique\/#primaryimage","url":"https:\/\/www.grupo-inducom.com\/cl\/wp-content\/uploads\/sites\/11\/2024\/10\/30_1_.webp","contentUrl":"https:\/\/www.grupo-inducom.com\/cl\/wp-content\/uploads\/sites\/11\/2024\/10\/30_1_.webp","width":300,"height":225},{"@type":"BreadcrumbList","@id":"https:\/\/www.grupo-inducom.com\/cl\/producto\/bomba-centrifuga-sumergible-de-achique\/#breadcrumb","itemListElement":[{"@type":"ListItem","position":1,"name":"Portada","item":"https:\/\/www.grupo-inducom.com\/cl\/"},{"@type":"ListItem","position":2,"name":"Productos","item":"https:\/\/www.grupo-inducom.com\/cl\/tienda__trashed\/"},{"@type":"ListItem","position":3,"name":"Bomba centr\u00edfuga sumergible de achique"}]},{"@type":"WebSite","@id":"https:\/\/www.grupo-inducom.com\/cl\/#website","url":"https:\/\/www.grupo-inducom.com\/cl\/","name":"Inducom Chile","description":"","potentialAction":[{"@type":"SearchAction","target":{"@type":"EntryPoint","urlTemplate":"https:\/\/www.grupo-inducom.com\/cl\/?s={search_term_string}"},"query-input":{"@type":"PropertyValueSpecification","valueRequired":true,"valueName":"search_term_string"}}],"inLanguage":"es"}]}},"_links":{"self":[{"href":"https:\/\/www.grupo-inducom.com\/cl\/wp-json\/wp\/v2\/product\/230189","targetHints":{"allow":["GET"]}}],"collection":[{"href":"https:\/\/www.grupo-inducom.com\/cl\/wp-json\/wp\/v2\/product"}],"about":[{"href":"https:\/\/www.grupo-inducom.com\/cl\/wp-json\/wp\/v2\/types\/product"}],"replies":[{"embeddable":true,"href":"https:\/\/www.grupo-inducom.com\/cl\/wp-json\/wp\/v2\/comments?post=230189"}],"wp:featuredmedia":[{"embeddable":true,"href":"https:\/\/www.grupo-inducom.com\/cl\/wp-json\/wp\/v2\/media\/230239"}],"wp:attachment":[{"href":"https:\/\/www.grupo-inducom.com\/cl\/wp-json\/wp\/v2\/media?parent=230189"}],"wp:term":[{"taxonomy":"product_brand","embeddable":true,"href":"https:\/\/www.grupo-inducom.com\/cl\/wp-json\/wp\/v2\/product_brand?post=230189"},{"taxonomy":"product_cat","embeddable":true,"href":"https:\/\/www.grupo-inducom.com\/cl\/wp-json\/wp\/v2\/product_cat?post=230189"},{"taxonomy":"product_tag","embeddable":true,"href":"https:\/\/www.grupo-inducom.com\/cl\/wp-json\/wp\/v2\/product_tag?post=230189"}],"curies":[{"name":"wp","href":"https:\/\/api.w.org\/{rel}","templated":true}]}}