{"id":230187,"date":"2024-10-22T15:32:59","date_gmt":"2024-10-22T20:32:59","guid":{"rendered":"https:\/\/www.grupo-inducom.com\/cl\/?post_type=product&#038;p=230187"},"modified":"2024-10-22T15:33:28","modified_gmt":"2024-10-22T20:33:28","slug":"bomba-centrifuga-periferica","status":"publish","type":"product","link":"https:\/\/www.grupo-inducom.com\/cl\/producto\/bomba-centrifuga-periferica\/","title":{"rendered":"Bomba centr\u00edfuga perif\u00e9rica"},"content":{"rendered":"<p><span style=\"color: #ffffff;\">Bomba perif\u00e9rica<\/span><\/p>\n<p><strong>Rango de rendimiento<\/strong><\/p>\n<ol>\n<li>Flujo m\u00e1ximo: 3,6m3 \/h<\/li>\n<li>2. Cabezal hidr\u00e1ulico m\u00e1ximo: 60m<\/li>\n<\/ol>\n<p><strong>L\u00edmites de aplicaci\u00f3n<\/strong><\/p>\n<ol>\n<li>Altura de aspiraci\u00f3n de hasta 8m<\/li>\n<li>Temperatura del l\u00edquido de hasta +40\u2103<\/li>\n<li>Temperatura ambiental m\u00e1xima de +40\u2103<\/li>\n<li>Presi\u00f3n m\u00e1xima de trabajo: 6bar<\/li>\n<li>La fluctuaci\u00f3n de voltaje no sobrepasa el 10% del valor nominal.<\/li>\n<li>pH: 6,5 a 8,5<\/li>\n<\/ol>\n<p><strong>Caracter\u00edsticas<\/strong><\/p>\n<ol>\n<li>Peque\u00f1o tama\u00f1o y elevada presi\u00f3n.<\/li>\n<li>F\u00e1cil de instalar y mantener<\/li>\n<\/ol>\n<p><strong>Motor<\/strong><\/p>\n<ol>\n<li>Monof\u00e1sico 220V\/50Hz<\/li>\n<li>Motor: motor as\u00edncrono de dos polos con alambres de cobre, protector integrado, ventilador de refrigeraci\u00f3n y operaci\u00f3n constante.<\/li>\n<li>Protecci\u00f3n: IP44<\/li>\n<li>Aislamiento: clase B<\/li>\n<\/ol>\n<p><span style=\"color: #ffffff;\">Bomba perif\u00e9rica<\/span><\/p>\n","protected":false},"excerpt":{"rendered":"<ul>\n<li>Marca: Shimge<\/li>\n<li>Id\u00f3nea para el transporte de agua sin part\u00edculas abrasivas o l\u00edquidos con caracter\u00edsticas similares al agua.<\/li>\n<li>Riego de jardines, suministro de agua en invernaderos, suministro de agua para la cr\u00eda de animales, suministro y drenaje de agua, diversos equipos, etc.<\/li>\n<li>Sistemas hidroneum\u00e1ticos<\/li>\n<\/ul>\n","protected":false},"featured_media":230236,"comment_status":"closed","ping_status":"closed","template":"","meta":{"_acf_changed":false,"_et_pb_use_builder":"","_et_pb_old_content":"","_et_gb_content_width":"","content-type":""},"product_brand":[],"product_cat":[94],"product_tag":[69,106,209],"class_list":{"0":"post-230187","1":"product","2":"type-product","3":"status-publish","4":"has-post-thumbnail","6":"product_cat-bombas-centrifugas","7":"product_tag-bomba-de-agua","8":"product_tag-bombas-perifericas","9":"product_tag-shimge","11":"first","12":"instock","13":"shipping-taxable","14":"product-type-simple"},"acf":[],"yoast_head":"<!-- This site is optimized with the Yoast SEO plugin v27.4 - https:\/\/yoast.com\/product\/yoast-seo-wordpress\/ -->\n<title>Bomba centr\u00edfuga perif\u00e9rica - Inducom Chile<\/title>\n<meta name=\"robots\" content=\"index, follow, max-snippet:-1, max-image-preview:large, max-video-preview:-1\" \/>\n<link rel=\"canonical\" href=\"https:\/\/www.grupo-inducom.com\/cl\/producto\/bomba-centrifuga-periferica\/\" \/>\n<meta property=\"og:locale\" content=\"es_ES\" \/>\n<meta property=\"og:type\" content=\"article\" \/>\n<meta property=\"og:title\" content=\"Bomba centr\u00edfuga perif\u00e9rica - Inducom Chile\" \/>\n<meta property=\"og:description\" content=\"Marca: Shimge  Id\u00f3nea para el transporte de agua sin part\u00edculas abrasivas o l\u00edquidos con caracter\u00edsticas similares al agua.  Riego de jardines, suministro de agua en invernaderos, suministro de agua para la cr\u00eda de animales, suministro y drenaje de agua, diversos equipos, etc.  Sistemas hidroneum\u00e1ticos\" \/>\n<meta property=\"og:url\" content=\"https:\/\/www.grupo-inducom.com\/cl\/producto\/bomba-centrifuga-periferica\/\" \/>\n<meta property=\"og:site_name\" content=\"Inducom Chile\" \/>\n<meta property=\"article:modified_time\" content=\"2024-10-22T20:33:28+00:00\" \/>\n<meta name=\"twitter:card\" content=\"summary_large_image\" \/>\n<meta name=\"twitter:label1\" content=\"Tiempo de lectura\" \/>\n\t<meta name=\"twitter:data1\" content=\"1 minuto\" \/>\n<script type=\"application\/ld+json\" class=\"yoast-schema-graph\">{\"@context\":\"https:\\\/\\\/schema.org\",\"@graph\":[{\"@type\":\"WebPage\",\"@id\":\"https:\\\/\\\/www.grupo-inducom.com\\\/cl\\\/producto\\\/bomba-centrifuga-periferica\\\/\",\"url\":\"https:\\\/\\\/www.grupo-inducom.com\\\/cl\\\/producto\\\/bomba-centrifuga-periferica\\\/\",\"name\":\"Bomba centr\u00edfuga perif\u00e9rica - Inducom Chile\",\"isPartOf\":{\"@id\":\"https:\\\/\\\/www.grupo-inducom.com\\\/cl\\\/#website\"},\"primaryImageOfPage\":{\"@id\":\"https:\\\/\\\/www.grupo-inducom.com\\\/cl\\\/producto\\\/bomba-centrifuga-periferica\\\/#primaryimage\"},\"image\":{\"@id\":\"https:\\\/\\\/www.grupo-inducom.com\\\/cl\\\/producto\\\/bomba-centrifuga-periferica\\\/#primaryimage\"},\"thumbnailUrl\":\"https:\\\/\\\/www.grupo-inducom.com\\\/cl\\\/wp-content\\\/uploads\\\/sites\\\/11\\\/2024\\\/10\\\/26_1_.webp\",\"datePublished\":\"2024-10-22T20:32:59+00:00\",\"dateModified\":\"2024-10-22T20:33:28+00:00\",\"breadcrumb\":{\"@id\":\"https:\\\/\\\/www.grupo-inducom.com\\\/cl\\\/producto\\\/bomba-centrifuga-periferica\\\/#breadcrumb\"},\"inLanguage\":\"es\",\"potentialAction\":[{\"@type\":\"ReadAction\",\"target\":[\"https:\\\/\\\/www.grupo-inducom.com\\\/cl\\\/producto\\\/bomba-centrifuga-periferica\\\/\"]}]},{\"@type\":\"ImageObject\",\"inLanguage\":\"es\",\"@id\":\"https:\\\/\\\/www.grupo-inducom.com\\\/cl\\\/producto\\\/bomba-centrifuga-periferica\\\/#primaryimage\",\"url\":\"https:\\\/\\\/www.grupo-inducom.com\\\/cl\\\/wp-content\\\/uploads\\\/sites\\\/11\\\/2024\\\/10\\\/26_1_.webp\",\"contentUrl\":\"https:\\\/\\\/www.grupo-inducom.com\\\/cl\\\/wp-content\\\/uploads\\\/sites\\\/11\\\/2024\\\/10\\\/26_1_.webp\",\"width\":300,\"height\":225},{\"@type\":\"BreadcrumbList\",\"@id\":\"https:\\\/\\\/www.grupo-inducom.com\\\/cl\\\/producto\\\/bomba-centrifuga-periferica\\\/#breadcrumb\",\"itemListElement\":[{\"@type\":\"ListItem\",\"position\":1,\"name\":\"Portada\",\"item\":\"https:\\\/\\\/www.grupo-inducom.com\\\/cl\\\/\"},{\"@type\":\"ListItem\",\"position\":2,\"name\":\"Productos\",\"item\":\"https:\\\/\\\/www.grupo-inducom.com\\\/cl\\\/tienda__trashed\\\/\"},{\"@type\":\"ListItem\",\"position\":3,\"name\":\"Bomba centr\u00edfuga perif\u00e9rica\"}]},{\"@type\":\"WebSite\",\"@id\":\"https:\\\/\\\/www.grupo-inducom.com\\\/cl\\\/#website\",\"url\":\"https:\\\/\\\/www.grupo-inducom.com\\\/cl\\\/\",\"name\":\"Inducom Chile\",\"description\":\"\",\"potentialAction\":[{\"@type\":\"SearchAction\",\"target\":{\"@type\":\"EntryPoint\",\"urlTemplate\":\"https:\\\/\\\/www.grupo-inducom.com\\\/cl\\\/?s={search_term_string}\"},\"query-input\":{\"@type\":\"PropertyValueSpecification\",\"valueRequired\":true,\"valueName\":\"search_term_string\"}}],\"inLanguage\":\"es\"}]}<\/script>\n<!-- \/ Yoast SEO plugin. -->","yoast_head_json":{"title":"Bomba centr\u00edfuga perif\u00e9rica - Inducom Chile","robots":{"index":"index","follow":"follow","max-snippet":"max-snippet:-1","max-image-preview":"max-image-preview:large","max-video-preview":"max-video-preview:-1"},"canonical":"https:\/\/www.grupo-inducom.com\/cl\/producto\/bomba-centrifuga-periferica\/","og_locale":"es_ES","og_type":"article","og_title":"Bomba centr\u00edfuga perif\u00e9rica - Inducom Chile","og_description":"Marca: Shimge  Id\u00f3nea para el transporte de agua sin part\u00edculas abrasivas o l\u00edquidos con caracter\u00edsticas similares al agua.  Riego de jardines, suministro de agua en invernaderos, suministro de agua para la cr\u00eda de animales, suministro y drenaje de agua, diversos equipos, etc.  Sistemas hidroneum\u00e1ticos","og_url":"https:\/\/www.grupo-inducom.com\/cl\/producto\/bomba-centrifuga-periferica\/","og_site_name":"Inducom Chile","article_modified_time":"2024-10-22T20:33:28+00:00","twitter_card":"summary_large_image","twitter_misc":{"Tiempo de lectura":"1 minuto"},"schema":{"@context":"https:\/\/schema.org","@graph":[{"@type":"WebPage","@id":"https:\/\/www.grupo-inducom.com\/cl\/producto\/bomba-centrifuga-periferica\/","url":"https:\/\/www.grupo-inducom.com\/cl\/producto\/bomba-centrifuga-periferica\/","name":"Bomba centr\u00edfuga perif\u00e9rica - Inducom Chile","isPartOf":{"@id":"https:\/\/www.grupo-inducom.com\/cl\/#website"},"primaryImageOfPage":{"@id":"https:\/\/www.grupo-inducom.com\/cl\/producto\/bomba-centrifuga-periferica\/#primaryimage"},"image":{"@id":"https:\/\/www.grupo-inducom.com\/cl\/producto\/bomba-centrifuga-periferica\/#primaryimage"},"thumbnailUrl":"https:\/\/www.grupo-inducom.com\/cl\/wp-content\/uploads\/sites\/11\/2024\/10\/26_1_.webp","datePublished":"2024-10-22T20:32:59+00:00","dateModified":"2024-10-22T20:33:28+00:00","breadcrumb":{"@id":"https:\/\/www.grupo-inducom.com\/cl\/producto\/bomba-centrifuga-periferica\/#breadcrumb"},"inLanguage":"es","potentialAction":[{"@type":"ReadAction","target":["https:\/\/www.grupo-inducom.com\/cl\/producto\/bomba-centrifuga-periferica\/"]}]},{"@type":"ImageObject","inLanguage":"es","@id":"https:\/\/www.grupo-inducom.com\/cl\/producto\/bomba-centrifuga-periferica\/#primaryimage","url":"https:\/\/www.grupo-inducom.com\/cl\/wp-content\/uploads\/sites\/11\/2024\/10\/26_1_.webp","contentUrl":"https:\/\/www.grupo-inducom.com\/cl\/wp-content\/uploads\/sites\/11\/2024\/10\/26_1_.webp","width":300,"height":225},{"@type":"BreadcrumbList","@id":"https:\/\/www.grupo-inducom.com\/cl\/producto\/bomba-centrifuga-periferica\/#breadcrumb","itemListElement":[{"@type":"ListItem","position":1,"name":"Portada","item":"https:\/\/www.grupo-inducom.com\/cl\/"},{"@type":"ListItem","position":2,"name":"Productos","item":"https:\/\/www.grupo-inducom.com\/cl\/tienda__trashed\/"},{"@type":"ListItem","position":3,"name":"Bomba centr\u00edfuga perif\u00e9rica"}]},{"@type":"WebSite","@id":"https:\/\/www.grupo-inducom.com\/cl\/#website","url":"https:\/\/www.grupo-inducom.com\/cl\/","name":"Inducom Chile","description":"","potentialAction":[{"@type":"SearchAction","target":{"@type":"EntryPoint","urlTemplate":"https:\/\/www.grupo-inducom.com\/cl\/?s={search_term_string}"},"query-input":{"@type":"PropertyValueSpecification","valueRequired":true,"valueName":"search_term_string"}}],"inLanguage":"es"}]}},"_links":{"self":[{"href":"https:\/\/www.grupo-inducom.com\/cl\/wp-json\/wp\/v2\/product\/230187","targetHints":{"allow":["GET"]}}],"collection":[{"href":"https:\/\/www.grupo-inducom.com\/cl\/wp-json\/wp\/v2\/product"}],"about":[{"href":"https:\/\/www.grupo-inducom.com\/cl\/wp-json\/wp\/v2\/types\/product"}],"replies":[{"embeddable":true,"href":"https:\/\/www.grupo-inducom.com\/cl\/wp-json\/wp\/v2\/comments?post=230187"}],"wp:featuredmedia":[{"embeddable":true,"href":"https:\/\/www.grupo-inducom.com\/cl\/wp-json\/wp\/v2\/media\/230236"}],"wp:attachment":[{"href":"https:\/\/www.grupo-inducom.com\/cl\/wp-json\/wp\/v2\/media?parent=230187"}],"wp:term":[{"taxonomy":"product_brand","embeddable":true,"href":"https:\/\/www.grupo-inducom.com\/cl\/wp-json\/wp\/v2\/product_brand?post=230187"},{"taxonomy":"product_cat","embeddable":true,"href":"https:\/\/www.grupo-inducom.com\/cl\/wp-json\/wp\/v2\/product_cat?post=230187"},{"taxonomy":"product_tag","embeddable":true,"href":"https:\/\/www.grupo-inducom.com\/cl\/wp-json\/wp\/v2\/product_tag?post=230187"}],"curies":[{"name":"wp","href":"https:\/\/api.w.org\/{rel}","templated":true}]}}