{"id":230186,"date":"2024-10-22T15:32:59","date_gmt":"2024-10-22T20:32:59","guid":{"rendered":"https:\/\/www.grupo-inducom.com\/cl\/?post_type=product&#038;p=230186"},"modified":"2024-10-22T15:33:26","modified_gmt":"2024-10-22T20:33:26","slug":"compresor-de-tornillo-l30-gardner-denver","status":"publish","type":"product","link":"https:\/\/www.grupo-inducom.com\/cl\/producto\/compresor-de-tornillo-l30-gardner-denver\/","title":{"rendered":"Compresor de tornillo L30 Gardner Denver"},"content":{"rendered":"<p>El compresor de aire\u00a0 con una calidad y fiabilidad incontestables en el sector, CompAir no cesa en el desarrollo constante de la serie L, lo que le ha permitido lograr un rendimiento y una eficacia sin precedentes.<\/p>\n<p>La nueva gama vers\u00e1til de 30 a 45 kW puede ser configurada de acuerdo a los requisitos de eficiencia de cada cliente. Los modelos E cuentan con un airend m\u00e1s grande que ofrece los niveles m\u00e1s altos de eficiencia.<span style=\"color: #ffffff;\"> \/ Velocidad regulada<\/span><\/p>\n<p>Funciones del controlador TS piloto de GD<\/p>\n<ul>\n<li>Reloj de tiempo real<\/li>\n<li>Segundo ajuste de presi\u00f3n<\/li>\n<li>Pantalla t\u00e1ctil<\/li>\n<li>Datos de presi\u00f3n de descarga\/l\u00ednea\/red en pantalla<\/li>\n<li>Avanzado registro de historial de fallas<\/li>\n<li>Entradas y salidas programables<\/li>\n<li>Arranque autom\u00e1tico despu\u00e9s de una interrupci\u00f3n el\u00e9ctrica<\/li>\n<li>Est\u00e1ndar RTU RS485-Modbus<\/li>\n<li>Tarjeta SD opcional para registro de datos<\/li>\n<li>Secuenciado de carga base opcional para controlar varias m\u00e1quinas.<\/li>\n<\/ul>\n<p><span style=\"color: #ffffff;\">compresor de aire <\/span><\/p>\n","protected":false},"excerpt":{"rendered":"<ul>\n<li>Maraca: GardnerDenver serie L30<\/li>\n<li>Velocidad regulada<\/li>\n<li>Ahorran energ\u00eda<\/li>\n<li>La reducci\u00f3n del coste energ\u00e9tico<\/li>\n<li>Gama de compresores s\u00faper eficientes<\/li>\n<li>El airend extra grande tiene una durabilidad mayor<\/li>\n<\/ul>\n","protected":false},"featured_media":230234,"comment_status":"closed","ping_status":"closed","template":"","meta":{"_acf_changed":false,"_et_pb_use_builder":"","_et_pb_old_content":"","_et_gb_content_width":"","content-type":""},"product_brand":[],"product_cat":[121],"product_tag":[123],"class_list":{"0":"post-230186","1":"product","2":"type-product","3":"status-publish","4":"has-post-thumbnail","6":"product_cat-compresor-de-aire","7":"product_tag-compresores-de-aire","9":"first","10":"instock","11":"shipping-taxable","12":"product-type-simple"},"acf":[],"yoast_head":"<!-- This site is optimized with the Yoast SEO plugin v27.4 - https:\/\/yoast.com\/product\/yoast-seo-wordpress\/ -->\n<title>Compresor de tornillo L30 Gardner Denver - Inducom Chile<\/title>\n<meta name=\"robots\" content=\"index, follow, max-snippet:-1, max-image-preview:large, max-video-preview:-1\" \/>\n<link rel=\"canonical\" href=\"https:\/\/www.grupo-inducom.com\/cl\/producto\/compresor-de-tornillo-l30-gardner-denver\/\" \/>\n<meta property=\"og:locale\" content=\"es_ES\" \/>\n<meta property=\"og:type\" content=\"article\" \/>\n<meta property=\"og:title\" content=\"Compresor de tornillo L30 Gardner Denver - Inducom Chile\" \/>\n<meta property=\"og:description\" content=\"Maraca: GardnerDenver serie L30  Velocidad regulada  Ahorran energ\u00eda  La reducci\u00f3n del coste energ\u00e9tico  Gama de compresores s\u00faper eficientes  El airend extra grande tiene una durabilidad mayor\" \/>\n<meta property=\"og:url\" content=\"https:\/\/www.grupo-inducom.com\/cl\/producto\/compresor-de-tornillo-l30-gardner-denver\/\" \/>\n<meta property=\"og:site_name\" content=\"Inducom Chile\" \/>\n<meta property=\"article:modified_time\" content=\"2024-10-22T20:33:26+00:00\" \/>\n<meta name=\"twitter:card\" content=\"summary_large_image\" \/>\n<meta name=\"twitter:label1\" content=\"Tiempo de lectura\" \/>\n\t<meta name=\"twitter:data1\" content=\"1 minuto\" \/>\n<script type=\"application\/ld+json\" class=\"yoast-schema-graph\">{\"@context\":\"https:\\\/\\\/schema.org\",\"@graph\":[{\"@type\":\"WebPage\",\"@id\":\"https:\\\/\\\/www.grupo-inducom.com\\\/cl\\\/producto\\\/compresor-de-tornillo-l30-gardner-denver\\\/\",\"url\":\"https:\\\/\\\/www.grupo-inducom.com\\\/cl\\\/producto\\\/compresor-de-tornillo-l30-gardner-denver\\\/\",\"name\":\"Compresor de tornillo L30 Gardner Denver - Inducom Chile\",\"isPartOf\":{\"@id\":\"https:\\\/\\\/www.grupo-inducom.com\\\/cl\\\/#website\"},\"primaryImageOfPage\":{\"@id\":\"https:\\\/\\\/www.grupo-inducom.com\\\/cl\\\/producto\\\/compresor-de-tornillo-l30-gardner-denver\\\/#primaryimage\"},\"image\":{\"@id\":\"https:\\\/\\\/www.grupo-inducom.com\\\/cl\\\/producto\\\/compresor-de-tornillo-l30-gardner-denver\\\/#primaryimage\"},\"thumbnailUrl\":\"https:\\\/\\\/www.grupo-inducom.com\\\/cl\\\/wp-content\\\/uploads\\\/sites\\\/11\\\/2024\\\/10\\\/47-1.png\",\"datePublished\":\"2024-10-22T20:32:59+00:00\",\"dateModified\":\"2024-10-22T20:33:26+00:00\",\"breadcrumb\":{\"@id\":\"https:\\\/\\\/www.grupo-inducom.com\\\/cl\\\/producto\\\/compresor-de-tornillo-l30-gardner-denver\\\/#breadcrumb\"},\"inLanguage\":\"es\",\"potentialAction\":[{\"@type\":\"ReadAction\",\"target\":[\"https:\\\/\\\/www.grupo-inducom.com\\\/cl\\\/producto\\\/compresor-de-tornillo-l30-gardner-denver\\\/\"]}]},{\"@type\":\"ImageObject\",\"inLanguage\":\"es\",\"@id\":\"https:\\\/\\\/www.grupo-inducom.com\\\/cl\\\/producto\\\/compresor-de-tornillo-l30-gardner-denver\\\/#primaryimage\",\"url\":\"https:\\\/\\\/www.grupo-inducom.com\\\/cl\\\/wp-content\\\/uploads\\\/sites\\\/11\\\/2024\\\/10\\\/47-1.png\",\"contentUrl\":\"https:\\\/\\\/www.grupo-inducom.com\\\/cl\\\/wp-content\\\/uploads\\\/sites\\\/11\\\/2024\\\/10\\\/47-1.png\",\"width\":300,\"height\":225},{\"@type\":\"BreadcrumbList\",\"@id\":\"https:\\\/\\\/www.grupo-inducom.com\\\/cl\\\/producto\\\/compresor-de-tornillo-l30-gardner-denver\\\/#breadcrumb\",\"itemListElement\":[{\"@type\":\"ListItem\",\"position\":1,\"name\":\"Portada\",\"item\":\"https:\\\/\\\/www.grupo-inducom.com\\\/cl\\\/\"},{\"@type\":\"ListItem\",\"position\":2,\"name\":\"Productos\",\"item\":\"https:\\\/\\\/www.grupo-inducom.com\\\/cl\\\/tienda__trashed\\\/\"},{\"@type\":\"ListItem\",\"position\":3,\"name\":\"Compresor de tornillo L30 Gardner Denver\"}]},{\"@type\":\"WebSite\",\"@id\":\"https:\\\/\\\/www.grupo-inducom.com\\\/cl\\\/#website\",\"url\":\"https:\\\/\\\/www.grupo-inducom.com\\\/cl\\\/\",\"name\":\"Inducom Chile\",\"description\":\"\",\"potentialAction\":[{\"@type\":\"SearchAction\",\"target\":{\"@type\":\"EntryPoint\",\"urlTemplate\":\"https:\\\/\\\/www.grupo-inducom.com\\\/cl\\\/?s={search_term_string}\"},\"query-input\":{\"@type\":\"PropertyValueSpecification\",\"valueRequired\":true,\"valueName\":\"search_term_string\"}}],\"inLanguage\":\"es\"}]}<\/script>\n<!-- \/ Yoast SEO plugin. -->","yoast_head_json":{"title":"Compresor de tornillo L30 Gardner Denver - Inducom Chile","robots":{"index":"index","follow":"follow","max-snippet":"max-snippet:-1","max-image-preview":"max-image-preview:large","max-video-preview":"max-video-preview:-1"},"canonical":"https:\/\/www.grupo-inducom.com\/cl\/producto\/compresor-de-tornillo-l30-gardner-denver\/","og_locale":"es_ES","og_type":"article","og_title":"Compresor de tornillo L30 Gardner Denver - Inducom Chile","og_description":"Maraca: GardnerDenver serie L30  Velocidad regulada  Ahorran energ\u00eda  La reducci\u00f3n del coste energ\u00e9tico  Gama de compresores s\u00faper eficientes  El airend extra grande tiene una durabilidad mayor","og_url":"https:\/\/www.grupo-inducom.com\/cl\/producto\/compresor-de-tornillo-l30-gardner-denver\/","og_site_name":"Inducom Chile","article_modified_time":"2024-10-22T20:33:26+00:00","twitter_card":"summary_large_image","twitter_misc":{"Tiempo de lectura":"1 minuto"},"schema":{"@context":"https:\/\/schema.org","@graph":[{"@type":"WebPage","@id":"https:\/\/www.grupo-inducom.com\/cl\/producto\/compresor-de-tornillo-l30-gardner-denver\/","url":"https:\/\/www.grupo-inducom.com\/cl\/producto\/compresor-de-tornillo-l30-gardner-denver\/","name":"Compresor de tornillo L30 Gardner Denver - Inducom Chile","isPartOf":{"@id":"https:\/\/www.grupo-inducom.com\/cl\/#website"},"primaryImageOfPage":{"@id":"https:\/\/www.grupo-inducom.com\/cl\/producto\/compresor-de-tornillo-l30-gardner-denver\/#primaryimage"},"image":{"@id":"https:\/\/www.grupo-inducom.com\/cl\/producto\/compresor-de-tornillo-l30-gardner-denver\/#primaryimage"},"thumbnailUrl":"https:\/\/www.grupo-inducom.com\/cl\/wp-content\/uploads\/sites\/11\/2024\/10\/47-1.png","datePublished":"2024-10-22T20:32:59+00:00","dateModified":"2024-10-22T20:33:26+00:00","breadcrumb":{"@id":"https:\/\/www.grupo-inducom.com\/cl\/producto\/compresor-de-tornillo-l30-gardner-denver\/#breadcrumb"},"inLanguage":"es","potentialAction":[{"@type":"ReadAction","target":["https:\/\/www.grupo-inducom.com\/cl\/producto\/compresor-de-tornillo-l30-gardner-denver\/"]}]},{"@type":"ImageObject","inLanguage":"es","@id":"https:\/\/www.grupo-inducom.com\/cl\/producto\/compresor-de-tornillo-l30-gardner-denver\/#primaryimage","url":"https:\/\/www.grupo-inducom.com\/cl\/wp-content\/uploads\/sites\/11\/2024\/10\/47-1.png","contentUrl":"https:\/\/www.grupo-inducom.com\/cl\/wp-content\/uploads\/sites\/11\/2024\/10\/47-1.png","width":300,"height":225},{"@type":"BreadcrumbList","@id":"https:\/\/www.grupo-inducom.com\/cl\/producto\/compresor-de-tornillo-l30-gardner-denver\/#breadcrumb","itemListElement":[{"@type":"ListItem","position":1,"name":"Portada","item":"https:\/\/www.grupo-inducom.com\/cl\/"},{"@type":"ListItem","position":2,"name":"Productos","item":"https:\/\/www.grupo-inducom.com\/cl\/tienda__trashed\/"},{"@type":"ListItem","position":3,"name":"Compresor de tornillo L30 Gardner Denver"}]},{"@type":"WebSite","@id":"https:\/\/www.grupo-inducom.com\/cl\/#website","url":"https:\/\/www.grupo-inducom.com\/cl\/","name":"Inducom Chile","description":"","potentialAction":[{"@type":"SearchAction","target":{"@type":"EntryPoint","urlTemplate":"https:\/\/www.grupo-inducom.com\/cl\/?s={search_term_string}"},"query-input":{"@type":"PropertyValueSpecification","valueRequired":true,"valueName":"search_term_string"}}],"inLanguage":"es"}]}},"_links":{"self":[{"href":"https:\/\/www.grupo-inducom.com\/cl\/wp-json\/wp\/v2\/product\/230186","targetHints":{"allow":["GET"]}}],"collection":[{"href":"https:\/\/www.grupo-inducom.com\/cl\/wp-json\/wp\/v2\/product"}],"about":[{"href":"https:\/\/www.grupo-inducom.com\/cl\/wp-json\/wp\/v2\/types\/product"}],"replies":[{"embeddable":true,"href":"https:\/\/www.grupo-inducom.com\/cl\/wp-json\/wp\/v2\/comments?post=230186"}],"wp:featuredmedia":[{"embeddable":true,"href":"https:\/\/www.grupo-inducom.com\/cl\/wp-json\/wp\/v2\/media\/230234"}],"wp:attachment":[{"href":"https:\/\/www.grupo-inducom.com\/cl\/wp-json\/wp\/v2\/media?parent=230186"}],"wp:term":[{"taxonomy":"product_brand","embeddable":true,"href":"https:\/\/www.grupo-inducom.com\/cl\/wp-json\/wp\/v2\/product_brand?post=230186"},{"taxonomy":"product_cat","embeddable":true,"href":"https:\/\/www.grupo-inducom.com\/cl\/wp-json\/wp\/v2\/product_cat?post=230186"},{"taxonomy":"product_tag","embeddable":true,"href":"https:\/\/www.grupo-inducom.com\/cl\/wp-json\/wp\/v2\/product_tag?post=230186"}],"curies":[{"name":"wp","href":"https:\/\/api.w.org\/{rel}","templated":true}]}}