{"id":230183,"date":"2024-10-22T15:32:58","date_gmt":"2024-10-22T20:32:58","guid":{"rendered":"https:\/\/www.grupo-inducom.com\/cl\/?post_type=product&#038;p=230183"},"modified":"2024-10-22T15:33:19","modified_gmt":"2024-10-22T20:33:19","slug":"motor-electrico-trifasico-de-alta-eficencia-ie3","status":"publish","type":"product","link":"https:\/\/www.grupo-inducom.com\/cl\/producto\/motor-electrico-trifasico-de-alta-eficencia-ie3\/","title":{"rendered":"Motor el\u00e9ctrico trif\u00e1sico de alta eficencia IE3"},"content":{"rendered":"<p><span style=\"color: #ffffff;\">Venta de motor alta eficiencia en Ecuador<\/span><\/p>\n<ul>\n<li class=\"x_MsoNormal\">Montajes: IMB3 &#8211; B5 &#8211; B35 &#8211; B14 &#8211; B34.<\/li>\n<li class=\"x_MsoNormal\">Eficiencias: IE2 &#8211; Alta eficiencia.<\/li>\n<li class=\"x_MsoNormal\">IE3 &#8211; Premiun.<\/li>\n<li class=\"x_MsoNormal\">IE4 &#8211; Super Premium.<\/li>\n<\/ul>\n<p>&nbsp;<\/p>\n","protected":false},"excerpt":{"rendered":"<ul>\n<li>Marca: ABB<\/li>\n<li class=\"x_MsoNormal\">Potencias desde: 0.25 kW.<\/li>\n<li class=\"x_MsoNormal\">Voltaje est\u00e1ndar: 400 V &#8211; otras tensiones opcionales.<\/li>\n<li class=\"x_MsoNormal\">Frecuencia: 50 &#8211; 60 Hz.<\/li>\n<li class=\"x_MsoNormal\">Velocidad: 3000\/1500\/1000\/750 RPM Hasta 12 Polos.<\/li>\n<li class=\"x_MsoNormal\">Tama\u00f1os Frame: 71 a 450.<\/li>\n<\/ul>\n","protected":false},"featured_media":230212,"comment_status":"closed","ping_status":"closed","template":"","meta":{"_acf_changed":false,"_et_pb_use_builder":"","_et_pb_old_content":"","_et_gb_content_width":"","content-type":""},"product_brand":[],"product_cat":[187],"product_tag":[249],"class_list":{"0":"post-230183","1":"product","2":"type-product","3":"status-publish","4":"has-post-thumbnail","6":"product_cat-motores","7":"product_tag-abb","9":"first","10":"instock","11":"shipping-taxable","12":"product-type-simple"},"acf":[],"yoast_head":"<!-- This site is optimized with the Yoast SEO plugin v27.4 - https:\/\/yoast.com\/product\/yoast-seo-wordpress\/ -->\n<title>Motor el\u00e9ctrico trif\u00e1sico de alta eficencia IE3 - Inducom Chile<\/title>\n<meta name=\"robots\" content=\"index, follow, max-snippet:-1, max-image-preview:large, max-video-preview:-1\" \/>\n<link rel=\"canonical\" href=\"https:\/\/www.grupo-inducom.com\/cl\/producto\/motor-electrico-trifasico-de-alta-eficencia-ie3\/\" \/>\n<meta property=\"og:locale\" content=\"es_ES\" \/>\n<meta property=\"og:type\" content=\"article\" \/>\n<meta property=\"og:title\" content=\"Motor el\u00e9ctrico trif\u00e1sico de alta eficencia IE3 - Inducom Chile\" \/>\n<meta property=\"og:description\" content=\"Marca: ABB  Potencias desde: 0.25 kW.  Voltaje est\u00e1ndar: 400 V - otras tensiones opcionales.  Frecuencia: 50 - 60 Hz.  Velocidad: 3000\/1500\/1000\/750 RPM Hasta 12 Polos.  Tama\u00f1os Frame: 71 a 450.\" \/>\n<meta property=\"og:url\" content=\"https:\/\/www.grupo-inducom.com\/cl\/producto\/motor-electrico-trifasico-de-alta-eficencia-ie3\/\" \/>\n<meta property=\"og:site_name\" content=\"Inducom Chile\" \/>\n<meta property=\"article:modified_time\" content=\"2024-10-22T20:33:19+00:00\" \/>\n<meta name=\"twitter:card\" content=\"summary_large_image\" \/>\n<script type=\"application\/ld+json\" class=\"yoast-schema-graph\">{\"@context\":\"https:\\\/\\\/schema.org\",\"@graph\":[{\"@type\":\"WebPage\",\"@id\":\"https:\\\/\\\/www.grupo-inducom.com\\\/cl\\\/producto\\\/motor-electrico-trifasico-de-alta-eficencia-ie3\\\/\",\"url\":\"https:\\\/\\\/www.grupo-inducom.com\\\/cl\\\/producto\\\/motor-electrico-trifasico-de-alta-eficencia-ie3\\\/\",\"name\":\"Motor el\u00e9ctrico trif\u00e1sico de alta eficencia IE3 - Inducom Chile\",\"isPartOf\":{\"@id\":\"https:\\\/\\\/www.grupo-inducom.com\\\/cl\\\/#website\"},\"primaryImageOfPage\":{\"@id\":\"https:\\\/\\\/www.grupo-inducom.com\\\/cl\\\/producto\\\/motor-electrico-trifasico-de-alta-eficencia-ie3\\\/#primaryimage\"},\"image\":{\"@id\":\"https:\\\/\\\/www.grupo-inducom.com\\\/cl\\\/producto\\\/motor-electrico-trifasico-de-alta-eficencia-ie3\\\/#primaryimage\"},\"thumbnailUrl\":\"https:\\\/\\\/www.grupo-inducom.com\\\/cl\\\/wp-content\\\/uploads\\\/sites\\\/11\\\/2024\\\/10\\\/56.png\",\"datePublished\":\"2024-10-22T20:32:58+00:00\",\"dateModified\":\"2024-10-22T20:33:19+00:00\",\"breadcrumb\":{\"@id\":\"https:\\\/\\\/www.grupo-inducom.com\\\/cl\\\/producto\\\/motor-electrico-trifasico-de-alta-eficencia-ie3\\\/#breadcrumb\"},\"inLanguage\":\"es\",\"potentialAction\":[{\"@type\":\"ReadAction\",\"target\":[\"https:\\\/\\\/www.grupo-inducom.com\\\/cl\\\/producto\\\/motor-electrico-trifasico-de-alta-eficencia-ie3\\\/\"]}]},{\"@type\":\"ImageObject\",\"inLanguage\":\"es\",\"@id\":\"https:\\\/\\\/www.grupo-inducom.com\\\/cl\\\/producto\\\/motor-electrico-trifasico-de-alta-eficencia-ie3\\\/#primaryimage\",\"url\":\"https:\\\/\\\/www.grupo-inducom.com\\\/cl\\\/wp-content\\\/uploads\\\/sites\\\/11\\\/2024\\\/10\\\/56.png\",\"contentUrl\":\"https:\\\/\\\/www.grupo-inducom.com\\\/cl\\\/wp-content\\\/uploads\\\/sites\\\/11\\\/2024\\\/10\\\/56.png\",\"width\":300,\"height\":225},{\"@type\":\"BreadcrumbList\",\"@id\":\"https:\\\/\\\/www.grupo-inducom.com\\\/cl\\\/producto\\\/motor-electrico-trifasico-de-alta-eficencia-ie3\\\/#breadcrumb\",\"itemListElement\":[{\"@type\":\"ListItem\",\"position\":1,\"name\":\"Portada\",\"item\":\"https:\\\/\\\/www.grupo-inducom.com\\\/cl\\\/\"},{\"@type\":\"ListItem\",\"position\":2,\"name\":\"Productos\",\"item\":\"https:\\\/\\\/www.grupo-inducom.com\\\/cl\\\/tienda__trashed\\\/\"},{\"@type\":\"ListItem\",\"position\":3,\"name\":\"Motor el\u00e9ctrico trif\u00e1sico de alta eficencia IE3\"}]},{\"@type\":\"WebSite\",\"@id\":\"https:\\\/\\\/www.grupo-inducom.com\\\/cl\\\/#website\",\"url\":\"https:\\\/\\\/www.grupo-inducom.com\\\/cl\\\/\",\"name\":\"Inducom Chile\",\"description\":\"\",\"potentialAction\":[{\"@type\":\"SearchAction\",\"target\":{\"@type\":\"EntryPoint\",\"urlTemplate\":\"https:\\\/\\\/www.grupo-inducom.com\\\/cl\\\/?s={search_term_string}\"},\"query-input\":{\"@type\":\"PropertyValueSpecification\",\"valueRequired\":true,\"valueName\":\"search_term_string\"}}],\"inLanguage\":\"es\"}]}<\/script>\n<!-- \/ Yoast SEO plugin. -->","yoast_head_json":{"title":"Motor el\u00e9ctrico trif\u00e1sico de alta eficencia IE3 - Inducom Chile","robots":{"index":"index","follow":"follow","max-snippet":"max-snippet:-1","max-image-preview":"max-image-preview:large","max-video-preview":"max-video-preview:-1"},"canonical":"https:\/\/www.grupo-inducom.com\/cl\/producto\/motor-electrico-trifasico-de-alta-eficencia-ie3\/","og_locale":"es_ES","og_type":"article","og_title":"Motor el\u00e9ctrico trif\u00e1sico de alta eficencia IE3 - Inducom Chile","og_description":"Marca: ABB  Potencias desde: 0.25 kW.  Voltaje est\u00e1ndar: 400 V - otras tensiones opcionales.  Frecuencia: 50 - 60 Hz.  Velocidad: 3000\/1500\/1000\/750 RPM Hasta 12 Polos.  Tama\u00f1os Frame: 71 a 450.","og_url":"https:\/\/www.grupo-inducom.com\/cl\/producto\/motor-electrico-trifasico-de-alta-eficencia-ie3\/","og_site_name":"Inducom Chile","article_modified_time":"2024-10-22T20:33:19+00:00","twitter_card":"summary_large_image","schema":{"@context":"https:\/\/schema.org","@graph":[{"@type":"WebPage","@id":"https:\/\/www.grupo-inducom.com\/cl\/producto\/motor-electrico-trifasico-de-alta-eficencia-ie3\/","url":"https:\/\/www.grupo-inducom.com\/cl\/producto\/motor-electrico-trifasico-de-alta-eficencia-ie3\/","name":"Motor el\u00e9ctrico trif\u00e1sico de alta eficencia IE3 - Inducom Chile","isPartOf":{"@id":"https:\/\/www.grupo-inducom.com\/cl\/#website"},"primaryImageOfPage":{"@id":"https:\/\/www.grupo-inducom.com\/cl\/producto\/motor-electrico-trifasico-de-alta-eficencia-ie3\/#primaryimage"},"image":{"@id":"https:\/\/www.grupo-inducom.com\/cl\/producto\/motor-electrico-trifasico-de-alta-eficencia-ie3\/#primaryimage"},"thumbnailUrl":"https:\/\/www.grupo-inducom.com\/cl\/wp-content\/uploads\/sites\/11\/2024\/10\/56.png","datePublished":"2024-10-22T20:32:58+00:00","dateModified":"2024-10-22T20:33:19+00:00","breadcrumb":{"@id":"https:\/\/www.grupo-inducom.com\/cl\/producto\/motor-electrico-trifasico-de-alta-eficencia-ie3\/#breadcrumb"},"inLanguage":"es","potentialAction":[{"@type":"ReadAction","target":["https:\/\/www.grupo-inducom.com\/cl\/producto\/motor-electrico-trifasico-de-alta-eficencia-ie3\/"]}]},{"@type":"ImageObject","inLanguage":"es","@id":"https:\/\/www.grupo-inducom.com\/cl\/producto\/motor-electrico-trifasico-de-alta-eficencia-ie3\/#primaryimage","url":"https:\/\/www.grupo-inducom.com\/cl\/wp-content\/uploads\/sites\/11\/2024\/10\/56.png","contentUrl":"https:\/\/www.grupo-inducom.com\/cl\/wp-content\/uploads\/sites\/11\/2024\/10\/56.png","width":300,"height":225},{"@type":"BreadcrumbList","@id":"https:\/\/www.grupo-inducom.com\/cl\/producto\/motor-electrico-trifasico-de-alta-eficencia-ie3\/#breadcrumb","itemListElement":[{"@type":"ListItem","position":1,"name":"Portada","item":"https:\/\/www.grupo-inducom.com\/cl\/"},{"@type":"ListItem","position":2,"name":"Productos","item":"https:\/\/www.grupo-inducom.com\/cl\/tienda__trashed\/"},{"@type":"ListItem","position":3,"name":"Motor el\u00e9ctrico trif\u00e1sico de alta eficencia IE3"}]},{"@type":"WebSite","@id":"https:\/\/www.grupo-inducom.com\/cl\/#website","url":"https:\/\/www.grupo-inducom.com\/cl\/","name":"Inducom Chile","description":"","potentialAction":[{"@type":"SearchAction","target":{"@type":"EntryPoint","urlTemplate":"https:\/\/www.grupo-inducom.com\/cl\/?s={search_term_string}"},"query-input":{"@type":"PropertyValueSpecification","valueRequired":true,"valueName":"search_term_string"}}],"inLanguage":"es"}]}},"_links":{"self":[{"href":"https:\/\/www.grupo-inducom.com\/cl\/wp-json\/wp\/v2\/product\/230183","targetHints":{"allow":["GET"]}}],"collection":[{"href":"https:\/\/www.grupo-inducom.com\/cl\/wp-json\/wp\/v2\/product"}],"about":[{"href":"https:\/\/www.grupo-inducom.com\/cl\/wp-json\/wp\/v2\/types\/product"}],"replies":[{"embeddable":true,"href":"https:\/\/www.grupo-inducom.com\/cl\/wp-json\/wp\/v2\/comments?post=230183"}],"wp:featuredmedia":[{"embeddable":true,"href":"https:\/\/www.grupo-inducom.com\/cl\/wp-json\/wp\/v2\/media\/230212"}],"wp:attachment":[{"href":"https:\/\/www.grupo-inducom.com\/cl\/wp-json\/wp\/v2\/media?parent=230183"}],"wp:term":[{"taxonomy":"product_brand","embeddable":true,"href":"https:\/\/www.grupo-inducom.com\/cl\/wp-json\/wp\/v2\/product_brand?post=230183"},{"taxonomy":"product_cat","embeddable":true,"href":"https:\/\/www.grupo-inducom.com\/cl\/wp-json\/wp\/v2\/product_cat?post=230183"},{"taxonomy":"product_tag","embeddable":true,"href":"https:\/\/www.grupo-inducom.com\/cl\/wp-json\/wp\/v2\/product_tag?post=230183"}],"curies":[{"name":"wp","href":"https:\/\/api.w.org\/{rel}","templated":true}]}}