{"id":230182,"date":"2024-10-22T15:32:58","date_gmt":"2024-10-22T20:32:58","guid":{"rendered":"https:\/\/www.grupo-inducom.com\/cl\/?post_type=product&#038;p=230182"},"modified":"2024-10-22T15:33:18","modified_gmt":"2024-10-22T20:33:18","slug":"bomba-centrifuga-sumergible-para-aguas-residuales-2","status":"publish","type":"product","link":"https:\/\/www.grupo-inducom.com\/cl\/producto\/bomba-centrifuga-sumergible-para-aguas-residuales-2\/","title":{"rendered":"Bomba centr\u00edfuga sumergible para aguas residuales"},"content":{"rendered":"<p>Las bombas sumergibles para aguas residuales son ideales para varios sectores ya sea para achiques de aguas pluviales, cargadas, estaciones depuradoras entre otras.<\/p>\n<p>La Marca EBARA en Acero Inoxidable AISI 304, permite que la evacuaci\u00f3n de l\u00edquidos con contenidos filamentosos o s\u00f3lidos en suspensi\u00f3n sea m\u00e1s f\u00e1cil.<\/p>\n<p>&nbsp;<\/p>\n<p>Tambi\u00e9n es adecuada para servicios sanitarios (WC), aguas cargadas con s\u00f3lidos de m\u00e1ximo \u00d8 35 mm, residuales, pozos negros y fosas s\u00e9pticas, riegos, fuentes y lumiartecnia.<\/p>\n<p>&nbsp;<\/p>\n<p><strong>Otros datos t\u00e9cnicos:<\/strong><\/p>\n<ul>\n<li>Condensador y protecci\u00f3n termoamperim\u00e9trica de rearme autom\u00e1tico incorporados (monof\u00e1sica).<\/li>\n<li>Conexi\u00f3n descarga: DNI 11\/2\u2033.<\/li>\n<\/ul>\n<p>&nbsp;<\/p>\n","protected":false},"excerpt":{"rendered":"<ul>\n<li>Marca: EBARA<\/li>\n<li class=\"x_MsoNormal\">Motor as\u00edncrono, 2 polos<\/li>\n<li class=\"x_MsoNormal\">Aislamiento Clase F<\/li>\n<li class=\"x_MsoNormal\">Protecci\u00f3n IP68<\/li>\n<li class=\"x_MsoNormal\">Monof\u00e1sica 230 V \u00b1 10% 50 Hz<\/li>\n<li class=\"x_MsoNormal\">Trif\u00e1sica 400V \u00b1 10% 50Hz.<\/li>\n<\/ul>\n","protected":false},"featured_media":230211,"comment_status":"closed","ping_status":"closed","template":"","meta":{"_acf_changed":false,"_et_pb_use_builder":"","_et_pb_old_content":"","_et_gb_content_width":"","content-type":""},"product_brand":[],"product_cat":[94],"product_tag":[78,79,142],"class_list":{"0":"post-230182","1":"product","2":"type-product","3":"status-publish","4":"has-post-thumbnail","6":"product_cat-bombas-centrifugas","7":"product_tag-bomba-para-achique","8":"product_tag-bomba-para-aguas-residuales","9":"product_tag-ebara","11":"first","12":"instock","13":"shipping-taxable","14":"product-type-simple"},"acf":[],"yoast_head":"<!-- This site is optimized with the Yoast SEO plugin v27.4 - https:\/\/yoast.com\/product\/yoast-seo-wordpress\/ -->\n<title>Bomba centr\u00edfuga sumergible para aguas residuales - Inducom Chile<\/title>\n<meta name=\"robots\" content=\"index, follow, max-snippet:-1, max-image-preview:large, max-video-preview:-1\" \/>\n<link rel=\"canonical\" href=\"https:\/\/www.grupo-inducom.com\/cl\/producto\/bomba-centrifuga-sumergible-para-aguas-residuales-2\/\" \/>\n<meta property=\"og:locale\" content=\"es_ES\" \/>\n<meta property=\"og:type\" content=\"article\" \/>\n<meta property=\"og:title\" content=\"Bomba centr\u00edfuga sumergible para aguas residuales - Inducom Chile\" \/>\n<meta property=\"og:description\" content=\"Marca: EBARA  Motor as\u00edncrono, 2 polos  Aislamiento Clase F  Protecci\u00f3n IP68  Monof\u00e1sica 230 V \u00b1 10% 50 Hz  Trif\u00e1sica 400V \u00b1 10% 50Hz.\" \/>\n<meta property=\"og:url\" content=\"https:\/\/www.grupo-inducom.com\/cl\/producto\/bomba-centrifuga-sumergible-para-aguas-residuales-2\/\" \/>\n<meta property=\"og:site_name\" content=\"Inducom Chile\" \/>\n<meta property=\"article:modified_time\" content=\"2024-10-22T20:33:18+00:00\" \/>\n<meta name=\"twitter:card\" content=\"summary_large_image\" \/>\n<meta name=\"twitter:label1\" content=\"Tiempo de lectura\" \/>\n\t<meta name=\"twitter:data1\" content=\"1 minuto\" \/>\n<script type=\"application\/ld+json\" class=\"yoast-schema-graph\">{\"@context\":\"https:\\\/\\\/schema.org\",\"@graph\":[{\"@type\":\"WebPage\",\"@id\":\"https:\\\/\\\/www.grupo-inducom.com\\\/cl\\\/producto\\\/bomba-centrifuga-sumergible-para-aguas-residuales-2\\\/\",\"url\":\"https:\\\/\\\/www.grupo-inducom.com\\\/cl\\\/producto\\\/bomba-centrifuga-sumergible-para-aguas-residuales-2\\\/\",\"name\":\"Bomba centr\u00edfuga sumergible para aguas residuales - Inducom Chile\",\"isPartOf\":{\"@id\":\"https:\\\/\\\/www.grupo-inducom.com\\\/cl\\\/#website\"},\"primaryImageOfPage\":{\"@id\":\"https:\\\/\\\/www.grupo-inducom.com\\\/cl\\\/producto\\\/bomba-centrifuga-sumergible-para-aguas-residuales-2\\\/#primaryimage\"},\"image\":{\"@id\":\"https:\\\/\\\/www.grupo-inducom.com\\\/cl\\\/producto\\\/bomba-centrifuga-sumergible-para-aguas-residuales-2\\\/#primaryimage\"},\"thumbnailUrl\":\"https:\\\/\\\/www.grupo-inducom.com\\\/cl\\\/wp-content\\\/uploads\\\/sites\\\/11\\\/2024\\\/10\\\/41_1_.webp\",\"datePublished\":\"2024-10-22T20:32:58+00:00\",\"dateModified\":\"2024-10-22T20:33:18+00:00\",\"breadcrumb\":{\"@id\":\"https:\\\/\\\/www.grupo-inducom.com\\\/cl\\\/producto\\\/bomba-centrifuga-sumergible-para-aguas-residuales-2\\\/#breadcrumb\"},\"inLanguage\":\"es\",\"potentialAction\":[{\"@type\":\"ReadAction\",\"target\":[\"https:\\\/\\\/www.grupo-inducom.com\\\/cl\\\/producto\\\/bomba-centrifuga-sumergible-para-aguas-residuales-2\\\/\"]}]},{\"@type\":\"ImageObject\",\"inLanguage\":\"es\",\"@id\":\"https:\\\/\\\/www.grupo-inducom.com\\\/cl\\\/producto\\\/bomba-centrifuga-sumergible-para-aguas-residuales-2\\\/#primaryimage\",\"url\":\"https:\\\/\\\/www.grupo-inducom.com\\\/cl\\\/wp-content\\\/uploads\\\/sites\\\/11\\\/2024\\\/10\\\/41_1_.webp\",\"contentUrl\":\"https:\\\/\\\/www.grupo-inducom.com\\\/cl\\\/wp-content\\\/uploads\\\/sites\\\/11\\\/2024\\\/10\\\/41_1_.webp\",\"width\":300,\"height\":225},{\"@type\":\"BreadcrumbList\",\"@id\":\"https:\\\/\\\/www.grupo-inducom.com\\\/cl\\\/producto\\\/bomba-centrifuga-sumergible-para-aguas-residuales-2\\\/#breadcrumb\",\"itemListElement\":[{\"@type\":\"ListItem\",\"position\":1,\"name\":\"Portada\",\"item\":\"https:\\\/\\\/www.grupo-inducom.com\\\/cl\\\/\"},{\"@type\":\"ListItem\",\"position\":2,\"name\":\"Productos\",\"item\":\"https:\\\/\\\/www.grupo-inducom.com\\\/cl\\\/tienda__trashed\\\/\"},{\"@type\":\"ListItem\",\"position\":3,\"name\":\"Bomba centr\u00edfuga sumergible para aguas residuales\"}]},{\"@type\":\"WebSite\",\"@id\":\"https:\\\/\\\/www.grupo-inducom.com\\\/cl\\\/#website\",\"url\":\"https:\\\/\\\/www.grupo-inducom.com\\\/cl\\\/\",\"name\":\"Inducom Chile\",\"description\":\"\",\"potentialAction\":[{\"@type\":\"SearchAction\",\"target\":{\"@type\":\"EntryPoint\",\"urlTemplate\":\"https:\\\/\\\/www.grupo-inducom.com\\\/cl\\\/?s={search_term_string}\"},\"query-input\":{\"@type\":\"PropertyValueSpecification\",\"valueRequired\":true,\"valueName\":\"search_term_string\"}}],\"inLanguage\":\"es\"}]}<\/script>\n<!-- \/ Yoast SEO plugin. -->","yoast_head_json":{"title":"Bomba centr\u00edfuga sumergible para aguas residuales - Inducom Chile","robots":{"index":"index","follow":"follow","max-snippet":"max-snippet:-1","max-image-preview":"max-image-preview:large","max-video-preview":"max-video-preview:-1"},"canonical":"https:\/\/www.grupo-inducom.com\/cl\/producto\/bomba-centrifuga-sumergible-para-aguas-residuales-2\/","og_locale":"es_ES","og_type":"article","og_title":"Bomba centr\u00edfuga sumergible para aguas residuales - Inducom Chile","og_description":"Marca: EBARA  Motor as\u00edncrono, 2 polos  Aislamiento Clase F  Protecci\u00f3n IP68  Monof\u00e1sica 230 V \u00b1 10% 50 Hz  Trif\u00e1sica 400V \u00b1 10% 50Hz.","og_url":"https:\/\/www.grupo-inducom.com\/cl\/producto\/bomba-centrifuga-sumergible-para-aguas-residuales-2\/","og_site_name":"Inducom Chile","article_modified_time":"2024-10-22T20:33:18+00:00","twitter_card":"summary_large_image","twitter_misc":{"Tiempo de lectura":"1 minuto"},"schema":{"@context":"https:\/\/schema.org","@graph":[{"@type":"WebPage","@id":"https:\/\/www.grupo-inducom.com\/cl\/producto\/bomba-centrifuga-sumergible-para-aguas-residuales-2\/","url":"https:\/\/www.grupo-inducom.com\/cl\/producto\/bomba-centrifuga-sumergible-para-aguas-residuales-2\/","name":"Bomba centr\u00edfuga sumergible para aguas residuales - Inducom Chile","isPartOf":{"@id":"https:\/\/www.grupo-inducom.com\/cl\/#website"},"primaryImageOfPage":{"@id":"https:\/\/www.grupo-inducom.com\/cl\/producto\/bomba-centrifuga-sumergible-para-aguas-residuales-2\/#primaryimage"},"image":{"@id":"https:\/\/www.grupo-inducom.com\/cl\/producto\/bomba-centrifuga-sumergible-para-aguas-residuales-2\/#primaryimage"},"thumbnailUrl":"https:\/\/www.grupo-inducom.com\/cl\/wp-content\/uploads\/sites\/11\/2024\/10\/41_1_.webp","datePublished":"2024-10-22T20:32:58+00:00","dateModified":"2024-10-22T20:33:18+00:00","breadcrumb":{"@id":"https:\/\/www.grupo-inducom.com\/cl\/producto\/bomba-centrifuga-sumergible-para-aguas-residuales-2\/#breadcrumb"},"inLanguage":"es","potentialAction":[{"@type":"ReadAction","target":["https:\/\/www.grupo-inducom.com\/cl\/producto\/bomba-centrifuga-sumergible-para-aguas-residuales-2\/"]}]},{"@type":"ImageObject","inLanguage":"es","@id":"https:\/\/www.grupo-inducom.com\/cl\/producto\/bomba-centrifuga-sumergible-para-aguas-residuales-2\/#primaryimage","url":"https:\/\/www.grupo-inducom.com\/cl\/wp-content\/uploads\/sites\/11\/2024\/10\/41_1_.webp","contentUrl":"https:\/\/www.grupo-inducom.com\/cl\/wp-content\/uploads\/sites\/11\/2024\/10\/41_1_.webp","width":300,"height":225},{"@type":"BreadcrumbList","@id":"https:\/\/www.grupo-inducom.com\/cl\/producto\/bomba-centrifuga-sumergible-para-aguas-residuales-2\/#breadcrumb","itemListElement":[{"@type":"ListItem","position":1,"name":"Portada","item":"https:\/\/www.grupo-inducom.com\/cl\/"},{"@type":"ListItem","position":2,"name":"Productos","item":"https:\/\/www.grupo-inducom.com\/cl\/tienda__trashed\/"},{"@type":"ListItem","position":3,"name":"Bomba centr\u00edfuga sumergible para aguas residuales"}]},{"@type":"WebSite","@id":"https:\/\/www.grupo-inducom.com\/cl\/#website","url":"https:\/\/www.grupo-inducom.com\/cl\/","name":"Inducom Chile","description":"","potentialAction":[{"@type":"SearchAction","target":{"@type":"EntryPoint","urlTemplate":"https:\/\/www.grupo-inducom.com\/cl\/?s={search_term_string}"},"query-input":{"@type":"PropertyValueSpecification","valueRequired":true,"valueName":"search_term_string"}}],"inLanguage":"es"}]}},"_links":{"self":[{"href":"https:\/\/www.grupo-inducom.com\/cl\/wp-json\/wp\/v2\/product\/230182","targetHints":{"allow":["GET"]}}],"collection":[{"href":"https:\/\/www.grupo-inducom.com\/cl\/wp-json\/wp\/v2\/product"}],"about":[{"href":"https:\/\/www.grupo-inducom.com\/cl\/wp-json\/wp\/v2\/types\/product"}],"replies":[{"embeddable":true,"href":"https:\/\/www.grupo-inducom.com\/cl\/wp-json\/wp\/v2\/comments?post=230182"}],"wp:featuredmedia":[{"embeddable":true,"href":"https:\/\/www.grupo-inducom.com\/cl\/wp-json\/wp\/v2\/media\/230211"}],"wp:attachment":[{"href":"https:\/\/www.grupo-inducom.com\/cl\/wp-json\/wp\/v2\/media?parent=230182"}],"wp:term":[{"taxonomy":"product_brand","embeddable":true,"href":"https:\/\/www.grupo-inducom.com\/cl\/wp-json\/wp\/v2\/product_brand?post=230182"},{"taxonomy":"product_cat","embeddable":true,"href":"https:\/\/www.grupo-inducom.com\/cl\/wp-json\/wp\/v2\/product_cat?post=230182"},{"taxonomy":"product_tag","embeddable":true,"href":"https:\/\/www.grupo-inducom.com\/cl\/wp-json\/wp\/v2\/product_tag?post=230182"}],"curies":[{"name":"wp","href":"https:\/\/api.w.org\/{rel}","templated":true}]}}