{"id":230150,"date":"2024-10-22T15:32:37","date_gmt":"2024-10-22T20:32:37","guid":{"rendered":"https:\/\/www.grupo-inducom.com\/cl\/?post_type=product&#038;p=230150"},"modified":"2024-10-22T15:33:09","modified_gmt":"2024-10-22T20:33:09","slug":"sistema-de-presion-constante","status":"publish","type":"product","link":"https:\/\/www.grupo-inducom.com\/cl\/producto\/sistema-de-presion-constante\/","title":{"rendered":"Sistema de presi\u00f3n constante"},"content":{"rendered":"<p>Bajo demanda, EBARA dispone de Grupos de Presi\u00f3n de accionamiento regulable<span style=\"color: #ffffff;\">. Sistema de Presi\u00f3n Constante<\/span><\/p>\n<p><strong>Sofisticado sistema<\/strong><br \/>\npermite adecuar las prestaciones Q-H proporcionadas por el equipo, a las requeridas en la instalaci\u00f3n.<\/p>\n<p><strong>Variador de frecuencia<\/strong><br \/>\nEl sistema consiste b\u00e1sicamente en un variador de frecuencia, con microprocesador incorporado, que recibe la se\u00f1al de un transductor de presi\u00f3n. De esta forma, se regula la velocidad de una de las bombas y comanda el arranque de las dem\u00e1s. Esto genera la alternancia de la bomba regulada, de tal manera que el variador de frecuencia accionar\u00e1 sucesivamente todas las bombas del grupo, equilibrando los tiempos de trabajo y proporcionando un desgaste uniforme del equipo.<br \/>\nEBARA incorpora tambi\u00e9n en sus Grupos de Presi\u00f3n, un sistema de seguridad que funciona independientemente del convertidor (Grupo de Presi\u00f3n convencional), y que garantiza as\u00ed al usuario una continuidad de suministro.<\/p>\n<p>&nbsp;<\/p>\n<p>Skids completos con variador de frecuencia Tanques hidroneum\u00e1ticos <span style=\"color: #ffffff;\">Sistema de Presi\u00f3n Constante<\/span><\/p>\n","protected":false},"excerpt":{"rendered":"<ul>\n<li>Marca: EBARA<\/li>\n<li class=\"fusion-li-item-content\">Ahorro energ\u00e9tico y econ\u00f3mico<\/li>\n<li class=\"fusion-li-item-content\">Instalaci\u00f3n simplificada y menor coste de instalaci\u00f3n.<\/li>\n<li class=\"fusion-li-item-content\">\n<div class=\"fusion-li-item-content\">Mayor fiabilidad y vida \u00fatil de la instalaci\u00f3n.<\/div>\n<\/li>\n<li>Grado de protecci\u00f3n IP55.<\/li>\n<\/ul>\n","protected":false},"featured_media":230202,"comment_status":"closed","ping_status":"closed","template":"","meta":{"_acf_changed":false,"_et_pb_use_builder":"","_et_pb_old_content":"","_et_gb_content_width":"","content-type":""},"product_brand":[],"product_cat":[211],"product_tag":[142],"class_list":{"0":"post-230150","1":"product","2":"type-product","3":"status-publish","4":"has-post-thumbnail","6":"product_cat-sistemas-y-ensambles","7":"product_tag-ebara","9":"first","10":"instock","11":"shipping-taxable","12":"product-type-simple"},"acf":[],"yoast_head":"<!-- This site is optimized with the Yoast SEO plugin v27.4 - https:\/\/yoast.com\/product\/yoast-seo-wordpress\/ -->\n<title>Sistema de presi\u00f3n constante - Inducom Chile<\/title>\n<meta name=\"robots\" content=\"index, follow, max-snippet:-1, max-image-preview:large, max-video-preview:-1\" \/>\n<link rel=\"canonical\" href=\"https:\/\/www.grupo-inducom.com\/cl\/producto\/sistema-de-presion-constante\/\" \/>\n<meta property=\"og:locale\" content=\"es_ES\" \/>\n<meta property=\"og:type\" content=\"article\" \/>\n<meta property=\"og:title\" content=\"Sistema de presi\u00f3n constante - Inducom Chile\" \/>\n<meta property=\"og:description\" content=\"Marca: EBARA  Ahorro energ\u00e9tico y econ\u00f3mico  Instalaci\u00f3n simplificada y menor coste de instalaci\u00f3n.   Mayor fiabilidad y vida \u00fatil de la instalaci\u00f3n.  Grado de protecci\u00f3n IP55.\" \/>\n<meta property=\"og:url\" content=\"https:\/\/www.grupo-inducom.com\/cl\/producto\/sistema-de-presion-constante\/\" \/>\n<meta property=\"og:site_name\" content=\"Inducom Chile\" \/>\n<meta property=\"article:modified_time\" content=\"2024-10-22T20:33:09+00:00\" \/>\n<meta name=\"twitter:card\" content=\"summary_large_image\" \/>\n<meta name=\"twitter:label1\" content=\"Tiempo de lectura\" \/>\n\t<meta name=\"twitter:data1\" content=\"1 minuto\" \/>\n<script type=\"application\/ld+json\" class=\"yoast-schema-graph\">{\"@context\":\"https:\\\/\\\/schema.org\",\"@graph\":[{\"@type\":\"WebPage\",\"@id\":\"https:\\\/\\\/www.grupo-inducom.com\\\/cl\\\/producto\\\/sistema-de-presion-constante\\\/\",\"url\":\"https:\\\/\\\/www.grupo-inducom.com\\\/cl\\\/producto\\\/sistema-de-presion-constante\\\/\",\"name\":\"Sistema de presi\u00f3n constante - Inducom Chile\",\"isPartOf\":{\"@id\":\"https:\\\/\\\/www.grupo-inducom.com\\\/cl\\\/#website\"},\"primaryImageOfPage\":{\"@id\":\"https:\\\/\\\/www.grupo-inducom.com\\\/cl\\\/producto\\\/sistema-de-presion-constante\\\/#primaryimage\"},\"image\":{\"@id\":\"https:\\\/\\\/www.grupo-inducom.com\\\/cl\\\/producto\\\/sistema-de-presion-constante\\\/#primaryimage\"},\"thumbnailUrl\":\"https:\\\/\\\/www.grupo-inducom.com\\\/cl\\\/wp-content\\\/uploads\\\/sites\\\/11\\\/2024\\\/10\\\/65.png\",\"datePublished\":\"2024-10-22T20:32:37+00:00\",\"dateModified\":\"2024-10-22T20:33:09+00:00\",\"breadcrumb\":{\"@id\":\"https:\\\/\\\/www.grupo-inducom.com\\\/cl\\\/producto\\\/sistema-de-presion-constante\\\/#breadcrumb\"},\"inLanguage\":\"es\",\"potentialAction\":[{\"@type\":\"ReadAction\",\"target\":[\"https:\\\/\\\/www.grupo-inducom.com\\\/cl\\\/producto\\\/sistema-de-presion-constante\\\/\"]}]},{\"@type\":\"ImageObject\",\"inLanguage\":\"es\",\"@id\":\"https:\\\/\\\/www.grupo-inducom.com\\\/cl\\\/producto\\\/sistema-de-presion-constante\\\/#primaryimage\",\"url\":\"https:\\\/\\\/www.grupo-inducom.com\\\/cl\\\/wp-content\\\/uploads\\\/sites\\\/11\\\/2024\\\/10\\\/65.png\",\"contentUrl\":\"https:\\\/\\\/www.grupo-inducom.com\\\/cl\\\/wp-content\\\/uploads\\\/sites\\\/11\\\/2024\\\/10\\\/65.png\",\"width\":300,\"height\":225},{\"@type\":\"BreadcrumbList\",\"@id\":\"https:\\\/\\\/www.grupo-inducom.com\\\/cl\\\/producto\\\/sistema-de-presion-constante\\\/#breadcrumb\",\"itemListElement\":[{\"@type\":\"ListItem\",\"position\":1,\"name\":\"Portada\",\"item\":\"https:\\\/\\\/www.grupo-inducom.com\\\/cl\\\/\"},{\"@type\":\"ListItem\",\"position\":2,\"name\":\"Productos\",\"item\":\"https:\\\/\\\/www.grupo-inducom.com\\\/cl\\\/tienda__trashed\\\/\"},{\"@type\":\"ListItem\",\"position\":3,\"name\":\"Sistema de presi\u00f3n constante\"}]},{\"@type\":\"WebSite\",\"@id\":\"https:\\\/\\\/www.grupo-inducom.com\\\/cl\\\/#website\",\"url\":\"https:\\\/\\\/www.grupo-inducom.com\\\/cl\\\/\",\"name\":\"Inducom Chile\",\"description\":\"\",\"potentialAction\":[{\"@type\":\"SearchAction\",\"target\":{\"@type\":\"EntryPoint\",\"urlTemplate\":\"https:\\\/\\\/www.grupo-inducom.com\\\/cl\\\/?s={search_term_string}\"},\"query-input\":{\"@type\":\"PropertyValueSpecification\",\"valueRequired\":true,\"valueName\":\"search_term_string\"}}],\"inLanguage\":\"es\"}]}<\/script>\n<!-- \/ Yoast SEO plugin. -->","yoast_head_json":{"title":"Sistema de presi\u00f3n constante - Inducom Chile","robots":{"index":"index","follow":"follow","max-snippet":"max-snippet:-1","max-image-preview":"max-image-preview:large","max-video-preview":"max-video-preview:-1"},"canonical":"https:\/\/www.grupo-inducom.com\/cl\/producto\/sistema-de-presion-constante\/","og_locale":"es_ES","og_type":"article","og_title":"Sistema de presi\u00f3n constante - Inducom Chile","og_description":"Marca: EBARA  Ahorro energ\u00e9tico y econ\u00f3mico  Instalaci\u00f3n simplificada y menor coste de instalaci\u00f3n.   Mayor fiabilidad y vida \u00fatil de la instalaci\u00f3n.  Grado de protecci\u00f3n IP55.","og_url":"https:\/\/www.grupo-inducom.com\/cl\/producto\/sistema-de-presion-constante\/","og_site_name":"Inducom Chile","article_modified_time":"2024-10-22T20:33:09+00:00","twitter_card":"summary_large_image","twitter_misc":{"Tiempo de lectura":"1 minuto"},"schema":{"@context":"https:\/\/schema.org","@graph":[{"@type":"WebPage","@id":"https:\/\/www.grupo-inducom.com\/cl\/producto\/sistema-de-presion-constante\/","url":"https:\/\/www.grupo-inducom.com\/cl\/producto\/sistema-de-presion-constante\/","name":"Sistema de presi\u00f3n constante - Inducom Chile","isPartOf":{"@id":"https:\/\/www.grupo-inducom.com\/cl\/#website"},"primaryImageOfPage":{"@id":"https:\/\/www.grupo-inducom.com\/cl\/producto\/sistema-de-presion-constante\/#primaryimage"},"image":{"@id":"https:\/\/www.grupo-inducom.com\/cl\/producto\/sistema-de-presion-constante\/#primaryimage"},"thumbnailUrl":"https:\/\/www.grupo-inducom.com\/cl\/wp-content\/uploads\/sites\/11\/2024\/10\/65.png","datePublished":"2024-10-22T20:32:37+00:00","dateModified":"2024-10-22T20:33:09+00:00","breadcrumb":{"@id":"https:\/\/www.grupo-inducom.com\/cl\/producto\/sistema-de-presion-constante\/#breadcrumb"},"inLanguage":"es","potentialAction":[{"@type":"ReadAction","target":["https:\/\/www.grupo-inducom.com\/cl\/producto\/sistema-de-presion-constante\/"]}]},{"@type":"ImageObject","inLanguage":"es","@id":"https:\/\/www.grupo-inducom.com\/cl\/producto\/sistema-de-presion-constante\/#primaryimage","url":"https:\/\/www.grupo-inducom.com\/cl\/wp-content\/uploads\/sites\/11\/2024\/10\/65.png","contentUrl":"https:\/\/www.grupo-inducom.com\/cl\/wp-content\/uploads\/sites\/11\/2024\/10\/65.png","width":300,"height":225},{"@type":"BreadcrumbList","@id":"https:\/\/www.grupo-inducom.com\/cl\/producto\/sistema-de-presion-constante\/#breadcrumb","itemListElement":[{"@type":"ListItem","position":1,"name":"Portada","item":"https:\/\/www.grupo-inducom.com\/cl\/"},{"@type":"ListItem","position":2,"name":"Productos","item":"https:\/\/www.grupo-inducom.com\/cl\/tienda__trashed\/"},{"@type":"ListItem","position":3,"name":"Sistema de presi\u00f3n constante"}]},{"@type":"WebSite","@id":"https:\/\/www.grupo-inducom.com\/cl\/#website","url":"https:\/\/www.grupo-inducom.com\/cl\/","name":"Inducom Chile","description":"","potentialAction":[{"@type":"SearchAction","target":{"@type":"EntryPoint","urlTemplate":"https:\/\/www.grupo-inducom.com\/cl\/?s={search_term_string}"},"query-input":{"@type":"PropertyValueSpecification","valueRequired":true,"valueName":"search_term_string"}}],"inLanguage":"es"}]}},"_links":{"self":[{"href":"https:\/\/www.grupo-inducom.com\/cl\/wp-json\/wp\/v2\/product\/230150","targetHints":{"allow":["GET"]}}],"collection":[{"href":"https:\/\/www.grupo-inducom.com\/cl\/wp-json\/wp\/v2\/product"}],"about":[{"href":"https:\/\/www.grupo-inducom.com\/cl\/wp-json\/wp\/v2\/types\/product"}],"replies":[{"embeddable":true,"href":"https:\/\/www.grupo-inducom.com\/cl\/wp-json\/wp\/v2\/comments?post=230150"}],"wp:featuredmedia":[{"embeddable":true,"href":"https:\/\/www.grupo-inducom.com\/cl\/wp-json\/wp\/v2\/media\/230202"}],"wp:attachment":[{"href":"https:\/\/www.grupo-inducom.com\/cl\/wp-json\/wp\/v2\/media?parent=230150"}],"wp:term":[{"taxonomy":"product_brand","embeddable":true,"href":"https:\/\/www.grupo-inducom.com\/cl\/wp-json\/wp\/v2\/product_brand?post=230150"},{"taxonomy":"product_cat","embeddable":true,"href":"https:\/\/www.grupo-inducom.com\/cl\/wp-json\/wp\/v2\/product_cat?post=230150"},{"taxonomy":"product_tag","embeddable":true,"href":"https:\/\/www.grupo-inducom.com\/cl\/wp-json\/wp\/v2\/product_tag?post=230150"}],"curies":[{"name":"wp","href":"https:\/\/api.w.org\/{rel}","templated":true}]}}