{"id":230146,"date":"2024-10-22T15:32:36","date_gmt":"2024-10-22T20:32:36","guid":{"rendered":"https:\/\/www.grupo-inducom.com\/cl\/?post_type=product&#038;p=230146"},"modified":"2024-10-22T15:33:06","modified_gmt":"2024-10-22T20:33:06","slug":"generador-electrico-industrial","status":"publish","type":"product","link":"https:\/\/www.grupo-inducom.com\/cl\/producto\/generador-electrico-industrial\/","title":{"rendered":"Generador el\u00e9ctrico industrial"},"content":{"rendered":"<p><em><u>Caracter\u00edsticas<\/u><\/em><\/p>\n<ul>\n<li>Compuesto de motor diesel marca Cummins<\/li>\n<li>Alternador de la marca Stamford<\/li>\n<li>Filtro instalado para aceite y combustible, contiene separador de agua<\/li>\n<li>V\u00e1lvula de drenaje de aceite instalada<\/li>\n<li>Arrancador el\u00e9ctrico del motor 24Vdc<\/li>\n<li>Enfriado por agua<\/li>\n<li>Tanque de combustible montado en skid<\/li>\n<li>Autoencendido<\/li>\n<li>Opcional a prueba de sonido y cubierta a prueba de agua<\/li>\n<li>Breaker 3 Polos MCCB\/ ABB Opcional<\/li>\n<li>Base de acero especial integrada para el tanque con pintura esmaltada<\/li>\n<\/ul>\n<p><em><u>Especificaciones<\/u><\/em><\/p>\n<ul>\n<li>Regulaci\u00f3n de voltaje\n<ul>\n<li>Regulaci\u00f3n de voltaje mantenido dentro de \u00b10.5%<\/li>\n<li>Entre 0.8 y 1.0 en retraso y unidad<\/li>\n<li>Desde descargado a carga completa<\/li>\n<li>Variaci\u00f3n ca\u00edda de velocidad hasta 4.5%<\/li>\n<\/ul>\n<\/li>\n<li>Relaci\u00f3n de frecuencia ajustable\n<ul>\n<li>Cambio de carga de 0-100%, entre 1.0% (regulador de velocidad el\u00e9ctrico), entre 4.5% (regulador de velocidad mec\u00e1nico)<\/li>\n<\/ul>\n<\/li>\n<li>Modulaci\u00f3n de frecuencia\n<ul>\n<li>Carga de 0-100%, modulaci\u00f3n de frecuencia dentro de 0.25%<\/li>\n<li>M\u00e1xima relaci\u00f3n de modulaci\u00f3n sin cable de carga dentro de 1.8%<\/li>\n<li>Carga balanceada trif\u00e1sica en orden de 5%<\/li>\n<\/ul>\n<\/li>\n<\/ul>\n","protected":false},"excerpt":{"rendered":"<ul>\n<li>Marca: Generador Mingpowers<\/li>\n<li>Regulaci\u00f3n de voltaje<\/li>\n<li>Relaci\u00f3n de frecuencia ajustable<\/li>\n<li>Modulaci\u00f3n de frecuencia<\/li>\n<\/ul>\n","protected":false},"featured_media":230198,"comment_status":"closed","ping_status":"closed","template":"","meta":{"_acf_changed":false,"_et_pb_use_builder":"","_et_pb_old_content":"","_et_gb_content_width":"","content-type":""},"product_brand":[],"product_cat":[59],"product_tag":[152,184],"class_list":{"0":"post-230146","1":"product","2":"type-product","3":"status-publish","4":"has-post-thumbnail","6":"product_cat-automatizacion-y-controladores","7":"product_tag-generador-electico-industrial","8":"product_tag-mingpowers","10":"first","11":"instock","12":"shipping-taxable","13":"product-type-simple"},"acf":[],"yoast_head":"<!-- This site is optimized with the Yoast SEO plugin v27.4 - https:\/\/yoast.com\/product\/yoast-seo-wordpress\/ -->\n<title>Generador el\u00e9ctrico industrial - Inducom Chile<\/title>\n<meta name=\"robots\" content=\"index, follow, max-snippet:-1, max-image-preview:large, max-video-preview:-1\" \/>\n<link rel=\"canonical\" href=\"https:\/\/www.grupo-inducom.com\/cl\/producto\/generador-electrico-industrial\/\" \/>\n<meta property=\"og:locale\" content=\"es_ES\" \/>\n<meta property=\"og:type\" content=\"article\" \/>\n<meta property=\"og:title\" content=\"Generador el\u00e9ctrico industrial - Inducom Chile\" \/>\n<meta property=\"og:description\" content=\"Marca: Generador Mingpowers  Regulaci\u00f3n de voltaje  Relaci\u00f3n de frecuencia ajustable  Modulaci\u00f3n de frecuencia\" \/>\n<meta property=\"og:url\" content=\"https:\/\/www.grupo-inducom.com\/cl\/producto\/generador-electrico-industrial\/\" \/>\n<meta property=\"og:site_name\" content=\"Inducom Chile\" \/>\n<meta property=\"article:modified_time\" content=\"2024-10-22T20:33:06+00:00\" \/>\n<meta name=\"twitter:card\" content=\"summary_large_image\" \/>\n<meta name=\"twitter:label1\" content=\"Tiempo de lectura\" \/>\n\t<meta name=\"twitter:data1\" content=\"1 minuto\" \/>\n<script type=\"application\/ld+json\" class=\"yoast-schema-graph\">{\"@context\":\"https:\\\/\\\/schema.org\",\"@graph\":[{\"@type\":\"WebPage\",\"@id\":\"https:\\\/\\\/www.grupo-inducom.com\\\/cl\\\/producto\\\/generador-electrico-industrial\\\/\",\"url\":\"https:\\\/\\\/www.grupo-inducom.com\\\/cl\\\/producto\\\/generador-electrico-industrial\\\/\",\"name\":\"Generador el\u00e9ctrico industrial - Inducom Chile\",\"isPartOf\":{\"@id\":\"https:\\\/\\\/www.grupo-inducom.com\\\/cl\\\/#website\"},\"primaryImageOfPage\":{\"@id\":\"https:\\\/\\\/www.grupo-inducom.com\\\/cl\\\/producto\\\/generador-electrico-industrial\\\/#primaryimage\"},\"image\":{\"@id\":\"https:\\\/\\\/www.grupo-inducom.com\\\/cl\\\/producto\\\/generador-electrico-industrial\\\/#primaryimage\"},\"thumbnailUrl\":\"https:\\\/\\\/www.grupo-inducom.com\\\/cl\\\/wp-content\\\/uploads\\\/sites\\\/11\\\/2024\\\/10\\\/51.png\",\"datePublished\":\"2024-10-22T20:32:36+00:00\",\"dateModified\":\"2024-10-22T20:33:06+00:00\",\"breadcrumb\":{\"@id\":\"https:\\\/\\\/www.grupo-inducom.com\\\/cl\\\/producto\\\/generador-electrico-industrial\\\/#breadcrumb\"},\"inLanguage\":\"es\",\"potentialAction\":[{\"@type\":\"ReadAction\",\"target\":[\"https:\\\/\\\/www.grupo-inducom.com\\\/cl\\\/producto\\\/generador-electrico-industrial\\\/\"]}]},{\"@type\":\"ImageObject\",\"inLanguage\":\"es\",\"@id\":\"https:\\\/\\\/www.grupo-inducom.com\\\/cl\\\/producto\\\/generador-electrico-industrial\\\/#primaryimage\",\"url\":\"https:\\\/\\\/www.grupo-inducom.com\\\/cl\\\/wp-content\\\/uploads\\\/sites\\\/11\\\/2024\\\/10\\\/51.png\",\"contentUrl\":\"https:\\\/\\\/www.grupo-inducom.com\\\/cl\\\/wp-content\\\/uploads\\\/sites\\\/11\\\/2024\\\/10\\\/51.png\",\"width\":300,\"height\":225},{\"@type\":\"BreadcrumbList\",\"@id\":\"https:\\\/\\\/www.grupo-inducom.com\\\/cl\\\/producto\\\/generador-electrico-industrial\\\/#breadcrumb\",\"itemListElement\":[{\"@type\":\"ListItem\",\"position\":1,\"name\":\"Portada\",\"item\":\"https:\\\/\\\/www.grupo-inducom.com\\\/cl\\\/\"},{\"@type\":\"ListItem\",\"position\":2,\"name\":\"Productos\",\"item\":\"https:\\\/\\\/www.grupo-inducom.com\\\/cl\\\/tienda__trashed\\\/\"},{\"@type\":\"ListItem\",\"position\":3,\"name\":\"Generador el\u00e9ctrico industrial\"}]},{\"@type\":\"WebSite\",\"@id\":\"https:\\\/\\\/www.grupo-inducom.com\\\/cl\\\/#website\",\"url\":\"https:\\\/\\\/www.grupo-inducom.com\\\/cl\\\/\",\"name\":\"Inducom Chile\",\"description\":\"\",\"potentialAction\":[{\"@type\":\"SearchAction\",\"target\":{\"@type\":\"EntryPoint\",\"urlTemplate\":\"https:\\\/\\\/www.grupo-inducom.com\\\/cl\\\/?s={search_term_string}\"},\"query-input\":{\"@type\":\"PropertyValueSpecification\",\"valueRequired\":true,\"valueName\":\"search_term_string\"}}],\"inLanguage\":\"es\"}]}<\/script>\n<!-- \/ Yoast SEO plugin. -->","yoast_head_json":{"title":"Generador el\u00e9ctrico industrial - Inducom Chile","robots":{"index":"index","follow":"follow","max-snippet":"max-snippet:-1","max-image-preview":"max-image-preview:large","max-video-preview":"max-video-preview:-1"},"canonical":"https:\/\/www.grupo-inducom.com\/cl\/producto\/generador-electrico-industrial\/","og_locale":"es_ES","og_type":"article","og_title":"Generador el\u00e9ctrico industrial - Inducom Chile","og_description":"Marca: Generador Mingpowers  Regulaci\u00f3n de voltaje  Relaci\u00f3n de frecuencia ajustable  Modulaci\u00f3n de frecuencia","og_url":"https:\/\/www.grupo-inducom.com\/cl\/producto\/generador-electrico-industrial\/","og_site_name":"Inducom Chile","article_modified_time":"2024-10-22T20:33:06+00:00","twitter_card":"summary_large_image","twitter_misc":{"Tiempo de lectura":"1 minuto"},"schema":{"@context":"https:\/\/schema.org","@graph":[{"@type":"WebPage","@id":"https:\/\/www.grupo-inducom.com\/cl\/producto\/generador-electrico-industrial\/","url":"https:\/\/www.grupo-inducom.com\/cl\/producto\/generador-electrico-industrial\/","name":"Generador el\u00e9ctrico industrial - Inducom Chile","isPartOf":{"@id":"https:\/\/www.grupo-inducom.com\/cl\/#website"},"primaryImageOfPage":{"@id":"https:\/\/www.grupo-inducom.com\/cl\/producto\/generador-electrico-industrial\/#primaryimage"},"image":{"@id":"https:\/\/www.grupo-inducom.com\/cl\/producto\/generador-electrico-industrial\/#primaryimage"},"thumbnailUrl":"https:\/\/www.grupo-inducom.com\/cl\/wp-content\/uploads\/sites\/11\/2024\/10\/51.png","datePublished":"2024-10-22T20:32:36+00:00","dateModified":"2024-10-22T20:33:06+00:00","breadcrumb":{"@id":"https:\/\/www.grupo-inducom.com\/cl\/producto\/generador-electrico-industrial\/#breadcrumb"},"inLanguage":"es","potentialAction":[{"@type":"ReadAction","target":["https:\/\/www.grupo-inducom.com\/cl\/producto\/generador-electrico-industrial\/"]}]},{"@type":"ImageObject","inLanguage":"es","@id":"https:\/\/www.grupo-inducom.com\/cl\/producto\/generador-electrico-industrial\/#primaryimage","url":"https:\/\/www.grupo-inducom.com\/cl\/wp-content\/uploads\/sites\/11\/2024\/10\/51.png","contentUrl":"https:\/\/www.grupo-inducom.com\/cl\/wp-content\/uploads\/sites\/11\/2024\/10\/51.png","width":300,"height":225},{"@type":"BreadcrumbList","@id":"https:\/\/www.grupo-inducom.com\/cl\/producto\/generador-electrico-industrial\/#breadcrumb","itemListElement":[{"@type":"ListItem","position":1,"name":"Portada","item":"https:\/\/www.grupo-inducom.com\/cl\/"},{"@type":"ListItem","position":2,"name":"Productos","item":"https:\/\/www.grupo-inducom.com\/cl\/tienda__trashed\/"},{"@type":"ListItem","position":3,"name":"Generador el\u00e9ctrico industrial"}]},{"@type":"WebSite","@id":"https:\/\/www.grupo-inducom.com\/cl\/#website","url":"https:\/\/www.grupo-inducom.com\/cl\/","name":"Inducom Chile","description":"","potentialAction":[{"@type":"SearchAction","target":{"@type":"EntryPoint","urlTemplate":"https:\/\/www.grupo-inducom.com\/cl\/?s={search_term_string}"},"query-input":{"@type":"PropertyValueSpecification","valueRequired":true,"valueName":"search_term_string"}}],"inLanguage":"es"}]}},"_links":{"self":[{"href":"https:\/\/www.grupo-inducom.com\/cl\/wp-json\/wp\/v2\/product\/230146","targetHints":{"allow":["GET"]}}],"collection":[{"href":"https:\/\/www.grupo-inducom.com\/cl\/wp-json\/wp\/v2\/product"}],"about":[{"href":"https:\/\/www.grupo-inducom.com\/cl\/wp-json\/wp\/v2\/types\/product"}],"replies":[{"embeddable":true,"href":"https:\/\/www.grupo-inducom.com\/cl\/wp-json\/wp\/v2\/comments?post=230146"}],"wp:featuredmedia":[{"embeddable":true,"href":"https:\/\/www.grupo-inducom.com\/cl\/wp-json\/wp\/v2\/media\/230198"}],"wp:attachment":[{"href":"https:\/\/www.grupo-inducom.com\/cl\/wp-json\/wp\/v2\/media?parent=230146"}],"wp:term":[{"taxonomy":"product_brand","embeddable":true,"href":"https:\/\/www.grupo-inducom.com\/cl\/wp-json\/wp\/v2\/product_brand?post=230146"},{"taxonomy":"product_cat","embeddable":true,"href":"https:\/\/www.grupo-inducom.com\/cl\/wp-json\/wp\/v2\/product_cat?post=230146"},{"taxonomy":"product_tag","embeddable":true,"href":"https:\/\/www.grupo-inducom.com\/cl\/wp-json\/wp\/v2\/product_tag?post=230146"}],"curies":[{"name":"wp","href":"https:\/\/api.w.org\/{rel}","templated":true}]}}