{"id":230136,"date":"2024-10-22T15:32:35","date_gmt":"2024-10-22T20:32:35","guid":{"rendered":"https:\/\/www.grupo-inducom.com\/cl\/?post_type=product&#038;p=230136"},"modified":"2024-10-22T15:32:50","modified_gmt":"2024-10-22T20:32:50","slug":"bomba-hidraulica-y-neumatica","status":"publish","type":"product","link":"https:\/\/www.grupo-inducom.com\/cl\/producto\/bomba-hidraulica-y-neumatica\/","title":{"rendered":"Bomba hidr\u00e1ulica y ne\u00famatica"},"content":{"rendered":"<p><strong>CARACTER\u00cdSTICAS<\/strong><\/p>\n<ul>\n<li>Medios: de aceite.<\/li>\n<li>Accionamiento: Neum\u00e1tica.<\/li>\n<li>Tecnolog\u00eda: Centr\u00edfuga.<\/li>\n<li>Sector: Industrial.<\/li>\n<li>Otras caracter\u00edsticas: Para fluido de baja viscosidad.<\/li>\n<li>Caudal: M\u00edn.:\u00a00 l\/min (0 us gal\/min).<\/li>\n<li>M\u00e1x.:\u00a01.680 l\/min (443,809 us gal\/min).<\/li>\n<li>Altura: M\u00edn.:\u00a00 m (0&#8217;00\u00bb).<\/li>\n<li>M\u00e1x.: 25 m (82&#8217;00\u00bb).<\/li>\n<\/ul>\n","protected":false},"excerpt":{"rendered":"<ul>\n<li>Marca: Atlas copco<\/li>\n<li>Bombas hidr\u00e1ulicas y neum\u00e1ticas.<\/li>\n<li>Bombas hidr\u00e1ulicas y neum\u00e1ticas centr\u00edfugas y de diafragma.<\/li>\n<li>Bombeo de aguas oleosas.<\/li>\n<li>Anti explosivas.<\/li>\n<li>Caudal m\u00e1ximo.<\/li>\n<li>Cero riesgos de explosi\u00f3n.<\/li>\n<\/ul>\n","protected":false},"featured_media":230166,"comment_status":"closed","ping_status":"closed","template":"","meta":{"_acf_changed":false,"_et_pb_use_builder":"","_et_pb_old_content":"","_et_gb_content_width":"","content-type":""},"product_brand":[],"product_cat":[71],"product_tag":[57,76,77],"class_list":{"0":"post-230136","1":"product","2":"type-product","3":"status-publish","4":"has-post-thumbnail","6":"product_cat-bomba-de-desplazamiento-positivo","7":"product_tag-atlas-copco","8":"product_tag-bomba-hidraulica","9":"product_tag-bomba-neumatica","11":"first","12":"instock","13":"shipping-taxable","14":"product-type-simple"},"acf":[],"yoast_head":"<!-- This site is optimized with the Yoast SEO plugin v27.4 - https:\/\/yoast.com\/product\/yoast-seo-wordpress\/ -->\n<title>Bomba hidr\u00e1ulica y ne\u00famatica - Inducom Chile<\/title>\n<meta name=\"robots\" content=\"index, follow, max-snippet:-1, max-image-preview:large, max-video-preview:-1\" \/>\n<link rel=\"canonical\" href=\"https:\/\/www.grupo-inducom.com\/cl\/producto\/bomba-hidraulica-y-neumatica\/\" \/>\n<meta property=\"og:locale\" content=\"es_ES\" \/>\n<meta property=\"og:type\" content=\"article\" \/>\n<meta property=\"og:title\" content=\"Bomba hidr\u00e1ulica y ne\u00famatica - Inducom Chile\" \/>\n<meta property=\"og:description\" content=\"Marca: Atlas copco  Bombas hidr\u00e1ulicas y neum\u00e1ticas.  Bombas hidr\u00e1ulicas y neum\u00e1ticas centr\u00edfugas y de diafragma.  Bombeo de aguas oleosas.  Anti explosivas.  Caudal m\u00e1ximo.  Cero riesgos de explosi\u00f3n.\" \/>\n<meta property=\"og:url\" content=\"https:\/\/www.grupo-inducom.com\/cl\/producto\/bomba-hidraulica-y-neumatica\/\" \/>\n<meta property=\"og:site_name\" content=\"Inducom Chile\" \/>\n<meta property=\"article:modified_time\" content=\"2024-10-22T20:32:50+00:00\" \/>\n<meta name=\"twitter:card\" content=\"summary_large_image\" \/>\n<script type=\"application\/ld+json\" class=\"yoast-schema-graph\">{\"@context\":\"https:\\\/\\\/schema.org\",\"@graph\":[{\"@type\":\"WebPage\",\"@id\":\"https:\\\/\\\/www.grupo-inducom.com\\\/cl\\\/producto\\\/bomba-hidraulica-y-neumatica\\\/\",\"url\":\"https:\\\/\\\/www.grupo-inducom.com\\\/cl\\\/producto\\\/bomba-hidraulica-y-neumatica\\\/\",\"name\":\"Bomba hidr\u00e1ulica y ne\u00famatica - Inducom Chile\",\"isPartOf\":{\"@id\":\"https:\\\/\\\/www.grupo-inducom.com\\\/cl\\\/#website\"},\"primaryImageOfPage\":{\"@id\":\"https:\\\/\\\/www.grupo-inducom.com\\\/cl\\\/producto\\\/bomba-hidraulica-y-neumatica\\\/#primaryimage\"},\"image\":{\"@id\":\"https:\\\/\\\/www.grupo-inducom.com\\\/cl\\\/producto\\\/bomba-hidraulica-y-neumatica\\\/#primaryimage\"},\"thumbnailUrl\":\"https:\\\/\\\/www.grupo-inducom.com\\\/cl\\\/wp-content\\\/uploads\\\/sites\\\/11\\\/2024\\\/10\\\/40.png\",\"datePublished\":\"2024-10-22T20:32:35+00:00\",\"dateModified\":\"2024-10-22T20:32:50+00:00\",\"breadcrumb\":{\"@id\":\"https:\\\/\\\/www.grupo-inducom.com\\\/cl\\\/producto\\\/bomba-hidraulica-y-neumatica\\\/#breadcrumb\"},\"inLanguage\":\"es\",\"potentialAction\":[{\"@type\":\"ReadAction\",\"target\":[\"https:\\\/\\\/www.grupo-inducom.com\\\/cl\\\/producto\\\/bomba-hidraulica-y-neumatica\\\/\"]}]},{\"@type\":\"ImageObject\",\"inLanguage\":\"es\",\"@id\":\"https:\\\/\\\/www.grupo-inducom.com\\\/cl\\\/producto\\\/bomba-hidraulica-y-neumatica\\\/#primaryimage\",\"url\":\"https:\\\/\\\/www.grupo-inducom.com\\\/cl\\\/wp-content\\\/uploads\\\/sites\\\/11\\\/2024\\\/10\\\/40.png\",\"contentUrl\":\"https:\\\/\\\/www.grupo-inducom.com\\\/cl\\\/wp-content\\\/uploads\\\/sites\\\/11\\\/2024\\\/10\\\/40.png\",\"width\":300,\"height\":225},{\"@type\":\"BreadcrumbList\",\"@id\":\"https:\\\/\\\/www.grupo-inducom.com\\\/cl\\\/producto\\\/bomba-hidraulica-y-neumatica\\\/#breadcrumb\",\"itemListElement\":[{\"@type\":\"ListItem\",\"position\":1,\"name\":\"Portada\",\"item\":\"https:\\\/\\\/www.grupo-inducom.com\\\/cl\\\/\"},{\"@type\":\"ListItem\",\"position\":2,\"name\":\"Productos\",\"item\":\"https:\\\/\\\/www.grupo-inducom.com\\\/cl\\\/tienda__trashed\\\/\"},{\"@type\":\"ListItem\",\"position\":3,\"name\":\"Bomba hidr\u00e1ulica y ne\u00famatica\"}]},{\"@type\":\"WebSite\",\"@id\":\"https:\\\/\\\/www.grupo-inducom.com\\\/cl\\\/#website\",\"url\":\"https:\\\/\\\/www.grupo-inducom.com\\\/cl\\\/\",\"name\":\"Inducom Chile\",\"description\":\"\",\"potentialAction\":[{\"@type\":\"SearchAction\",\"target\":{\"@type\":\"EntryPoint\",\"urlTemplate\":\"https:\\\/\\\/www.grupo-inducom.com\\\/cl\\\/?s={search_term_string}\"},\"query-input\":{\"@type\":\"PropertyValueSpecification\",\"valueRequired\":true,\"valueName\":\"search_term_string\"}}],\"inLanguage\":\"es\"}]}<\/script>\n<!-- \/ Yoast SEO plugin. -->","yoast_head_json":{"title":"Bomba hidr\u00e1ulica y ne\u00famatica - Inducom Chile","robots":{"index":"index","follow":"follow","max-snippet":"max-snippet:-1","max-image-preview":"max-image-preview:large","max-video-preview":"max-video-preview:-1"},"canonical":"https:\/\/www.grupo-inducom.com\/cl\/producto\/bomba-hidraulica-y-neumatica\/","og_locale":"es_ES","og_type":"article","og_title":"Bomba hidr\u00e1ulica y ne\u00famatica - Inducom Chile","og_description":"Marca: Atlas copco  Bombas hidr\u00e1ulicas y neum\u00e1ticas.  Bombas hidr\u00e1ulicas y neum\u00e1ticas centr\u00edfugas y de diafragma.  Bombeo de aguas oleosas.  Anti explosivas.  Caudal m\u00e1ximo.  Cero riesgos de explosi\u00f3n.","og_url":"https:\/\/www.grupo-inducom.com\/cl\/producto\/bomba-hidraulica-y-neumatica\/","og_site_name":"Inducom Chile","article_modified_time":"2024-10-22T20:32:50+00:00","twitter_card":"summary_large_image","schema":{"@context":"https:\/\/schema.org","@graph":[{"@type":"WebPage","@id":"https:\/\/www.grupo-inducom.com\/cl\/producto\/bomba-hidraulica-y-neumatica\/","url":"https:\/\/www.grupo-inducom.com\/cl\/producto\/bomba-hidraulica-y-neumatica\/","name":"Bomba hidr\u00e1ulica y ne\u00famatica - Inducom Chile","isPartOf":{"@id":"https:\/\/www.grupo-inducom.com\/cl\/#website"},"primaryImageOfPage":{"@id":"https:\/\/www.grupo-inducom.com\/cl\/producto\/bomba-hidraulica-y-neumatica\/#primaryimage"},"image":{"@id":"https:\/\/www.grupo-inducom.com\/cl\/producto\/bomba-hidraulica-y-neumatica\/#primaryimage"},"thumbnailUrl":"https:\/\/www.grupo-inducom.com\/cl\/wp-content\/uploads\/sites\/11\/2024\/10\/40.png","datePublished":"2024-10-22T20:32:35+00:00","dateModified":"2024-10-22T20:32:50+00:00","breadcrumb":{"@id":"https:\/\/www.grupo-inducom.com\/cl\/producto\/bomba-hidraulica-y-neumatica\/#breadcrumb"},"inLanguage":"es","potentialAction":[{"@type":"ReadAction","target":["https:\/\/www.grupo-inducom.com\/cl\/producto\/bomba-hidraulica-y-neumatica\/"]}]},{"@type":"ImageObject","inLanguage":"es","@id":"https:\/\/www.grupo-inducom.com\/cl\/producto\/bomba-hidraulica-y-neumatica\/#primaryimage","url":"https:\/\/www.grupo-inducom.com\/cl\/wp-content\/uploads\/sites\/11\/2024\/10\/40.png","contentUrl":"https:\/\/www.grupo-inducom.com\/cl\/wp-content\/uploads\/sites\/11\/2024\/10\/40.png","width":300,"height":225},{"@type":"BreadcrumbList","@id":"https:\/\/www.grupo-inducom.com\/cl\/producto\/bomba-hidraulica-y-neumatica\/#breadcrumb","itemListElement":[{"@type":"ListItem","position":1,"name":"Portada","item":"https:\/\/www.grupo-inducom.com\/cl\/"},{"@type":"ListItem","position":2,"name":"Productos","item":"https:\/\/www.grupo-inducom.com\/cl\/tienda__trashed\/"},{"@type":"ListItem","position":3,"name":"Bomba hidr\u00e1ulica y ne\u00famatica"}]},{"@type":"WebSite","@id":"https:\/\/www.grupo-inducom.com\/cl\/#website","url":"https:\/\/www.grupo-inducom.com\/cl\/","name":"Inducom Chile","description":"","potentialAction":[{"@type":"SearchAction","target":{"@type":"EntryPoint","urlTemplate":"https:\/\/www.grupo-inducom.com\/cl\/?s={search_term_string}"},"query-input":{"@type":"PropertyValueSpecification","valueRequired":true,"valueName":"search_term_string"}}],"inLanguage":"es"}]}},"_links":{"self":[{"href":"https:\/\/www.grupo-inducom.com\/cl\/wp-json\/wp\/v2\/product\/230136","targetHints":{"allow":["GET"]}}],"collection":[{"href":"https:\/\/www.grupo-inducom.com\/cl\/wp-json\/wp\/v2\/product"}],"about":[{"href":"https:\/\/www.grupo-inducom.com\/cl\/wp-json\/wp\/v2\/types\/product"}],"replies":[{"embeddable":true,"href":"https:\/\/www.grupo-inducom.com\/cl\/wp-json\/wp\/v2\/comments?post=230136"}],"wp:featuredmedia":[{"embeddable":true,"href":"https:\/\/www.grupo-inducom.com\/cl\/wp-json\/wp\/v2\/media\/230166"}],"wp:attachment":[{"href":"https:\/\/www.grupo-inducom.com\/cl\/wp-json\/wp\/v2\/media?parent=230136"}],"wp:term":[{"taxonomy":"product_brand","embeddable":true,"href":"https:\/\/www.grupo-inducom.com\/cl\/wp-json\/wp\/v2\/product_brand?post=230136"},{"taxonomy":"product_cat","embeddable":true,"href":"https:\/\/www.grupo-inducom.com\/cl\/wp-json\/wp\/v2\/product_cat?post=230136"},{"taxonomy":"product_tag","embeddable":true,"href":"https:\/\/www.grupo-inducom.com\/cl\/wp-json\/wp\/v2\/product_tag?post=230136"}],"curies":[{"name":"wp","href":"https:\/\/api.w.org\/{rel}","templated":true}]}}