{"id":230135,"date":"2024-10-22T15:32:35","date_gmt":"2024-10-22T20:32:35","guid":{"rendered":"https:\/\/www.grupo-inducom.com\/cl\/?post_type=product&#038;p=230135"},"modified":"2024-10-22T15:32:49","modified_gmt":"2024-10-22T20:32:49","slug":"bomba-centrifuga-multietapa-horizontal","status":"publish","type":"product","link":"https:\/\/www.grupo-inducom.com\/cl\/producto\/bomba-centrifuga-multietapa-horizontal\/","title":{"rendered":"Bomba centr\u00edfuga multietapa horizontal"},"content":{"rendered":"<p>Bomba de acero inoxidable ( Marca. Ebara ) robusta y compacta que se adapta a una gran variedad de aplicaciones tanto industriales como dom\u00e9sticas<\/p>\n<p>Adoptan motor horizontal y sello mec\u00e1nico de la aleaci\u00f3n, que hace m\u00e1s conveniente el reemplazo. La parte desbordante de la bomba es hecha de acero inoxidable 304, aplicable para la luz de corrosi\u00f3n medio.<\/p>\n<p>Depender de la eficacia alta, ahorro de energ\u00eda rendimiento, calidad confiable, rango ancho \u00fatil, nuestros productos reciben la gran popularidad despu\u00e9s de ser lanzado.<\/p>\n<p>&nbsp;<\/p>\n<p><strong>L\u00edmites de aplicaciones<\/strong><\/p>\n<ul>\n<li>Rango de temperatura del medo: tipo normal de 0-+68\u00baC, tipo de agua caliente de 0-+120\u00baC<\/li>\n<li>Temperatura ambiental m\u00e1ximo +40 \u00baC.<\/li>\n<li>Presi\u00f3n m\u00e1xima de trabajo: 10 bar<\/li>\n<li>Cuando la densidad o la visibilidad del medio son superiores a las del agua, es necesario emplear un motor de alta potencia.<\/li>\n<li>PH: 6,5 a 8,5<\/li>\n<\/ul>\n<p>&nbsp;<\/p>\n<p><strong>Campo de Aplicaciones<\/strong><\/p>\n<ul>\n<li>Sistemas de aire acondicionado<\/li>\n<li>Acuicultura<\/li>\n<li>Sistema de refrigeraci\u00f3n<\/li>\n<li>Limpieza industrial<\/li>\n<li>Protecci\u00f3n medioambiental<\/li>\n<li>Tratamiento de agua (purificaci\u00f3n de agua)<\/li>\n<li>Sistemas de fertilizaci\u00f3n \/ medici\u00f3n<\/li>\n<\/ul>\n<p>&nbsp;<\/p>\n<p><strong>\u00a0<\/strong><strong>Accesorios y piezas disponibles bajo pedido<\/strong><\/p>\n<ul>\n<li>Motor de dos polos est\u00e1ndar con refrigeraci\u00f3n y cerramiento<\/li>\n<li>Clase de protecci\u00f3n: IP55<\/li>\n<li>Clase de aislamiento: F<\/li>\n<li>Voltaje est\u00e1ndar (50Hz0): Monof\u00e1sico 220V Trif\u00e1sico 380V o 220V<\/li>\n<\/ul>\n<p>&nbsp;<\/p>\n<p><span style=\"color: #ffffff;\">Bomba Centr\u00edfuga Multietapa Horizontal<\/span><\/p>\n","protected":false},"excerpt":{"rendered":"<ul>\n<li>Marca: EBARA<\/li>\n<li>Bomba Acero Inoxidable<\/li>\n<li>Soportan Fuerza Axial Y Radial.<\/li>\n<li>Abastecimiento Primario de Agua &#8211; Agua Dulce o Agua del Mar<\/li>\n<li>Municipal de Agua y Aguas Residuales<\/li>\n<li>Bombas para procesos de agricultura \u2013 Riego<\/li>\n<\/ul>\n","protected":false},"featured_media":230165,"comment_status":"closed","ping_status":"closed","template":"","meta":{"_acf_changed":false,"_et_pb_use_builder":"","_et_pb_old_content":"","_et_gb_content_width":"","content-type":""},"product_brand":[],"product_cat":[94],"product_tag":[68,69,99,142],"class_list":{"0":"post-230135","1":"product","2":"type-product","3":"status-publish","4":"has-post-thumbnail","6":"product_cat-bombas-centrifugas","7":"product_tag-bomba-de-acero-inoxidable","8":"product_tag-bomba-de-agua","9":"product_tag-bombas-industriales","10":"product_tag-ebara","12":"first","13":"instock","14":"shipping-taxable","15":"product-type-simple"},"acf":[],"yoast_head":"<!-- This site is optimized with the Yoast SEO plugin v27.4 - https:\/\/yoast.com\/product\/yoast-seo-wordpress\/ -->\n<title>Bomba centr\u00edfuga multietapa horizontal - Inducom Chile<\/title>\n<meta name=\"robots\" content=\"index, follow, max-snippet:-1, max-image-preview:large, max-video-preview:-1\" \/>\n<link rel=\"canonical\" href=\"https:\/\/www.grupo-inducom.com\/cl\/producto\/bomba-centrifuga-multietapa-horizontal\/\" \/>\n<meta property=\"og:locale\" content=\"es_ES\" \/>\n<meta property=\"og:type\" content=\"article\" \/>\n<meta property=\"og:title\" content=\"Bomba centr\u00edfuga multietapa horizontal - Inducom Chile\" \/>\n<meta property=\"og:description\" content=\"Marca: EBARA  Bomba Acero Inoxidable  Soportan Fuerza Axial Y Radial.  Abastecimiento Primario de Agua - Agua Dulce o Agua del Mar  Municipal de Agua y Aguas Residuales  Bombas para procesos de agricultura \u2013 Riego\" \/>\n<meta property=\"og:url\" content=\"https:\/\/www.grupo-inducom.com\/cl\/producto\/bomba-centrifuga-multietapa-horizontal\/\" \/>\n<meta property=\"og:site_name\" content=\"Inducom Chile\" \/>\n<meta property=\"article:modified_time\" content=\"2024-10-22T20:32:49+00:00\" \/>\n<meta name=\"twitter:card\" content=\"summary_large_image\" \/>\n<meta name=\"twitter:label1\" content=\"Tiempo de lectura\" \/>\n\t<meta name=\"twitter:data1\" content=\"1 minuto\" \/>\n<script type=\"application\/ld+json\" class=\"yoast-schema-graph\">{\"@context\":\"https:\\\/\\\/schema.org\",\"@graph\":[{\"@type\":\"WebPage\",\"@id\":\"https:\\\/\\\/www.grupo-inducom.com\\\/cl\\\/producto\\\/bomba-centrifuga-multietapa-horizontal\\\/\",\"url\":\"https:\\\/\\\/www.grupo-inducom.com\\\/cl\\\/producto\\\/bomba-centrifuga-multietapa-horizontal\\\/\",\"name\":\"Bomba centr\u00edfuga multietapa horizontal - Inducom Chile\",\"isPartOf\":{\"@id\":\"https:\\\/\\\/www.grupo-inducom.com\\\/cl\\\/#website\"},\"primaryImageOfPage\":{\"@id\":\"https:\\\/\\\/www.grupo-inducom.com\\\/cl\\\/producto\\\/bomba-centrifuga-multietapa-horizontal\\\/#primaryimage\"},\"image\":{\"@id\":\"https:\\\/\\\/www.grupo-inducom.com\\\/cl\\\/producto\\\/bomba-centrifuga-multietapa-horizontal\\\/#primaryimage\"},\"thumbnailUrl\":\"https:\\\/\\\/www.grupo-inducom.com\\\/cl\\\/wp-content\\\/uploads\\\/sites\\\/11\\\/2024\\\/10\\\/14-2.webp\",\"datePublished\":\"2024-10-22T20:32:35+00:00\",\"dateModified\":\"2024-10-22T20:32:49+00:00\",\"breadcrumb\":{\"@id\":\"https:\\\/\\\/www.grupo-inducom.com\\\/cl\\\/producto\\\/bomba-centrifuga-multietapa-horizontal\\\/#breadcrumb\"},\"inLanguage\":\"es\",\"potentialAction\":[{\"@type\":\"ReadAction\",\"target\":[\"https:\\\/\\\/www.grupo-inducom.com\\\/cl\\\/producto\\\/bomba-centrifuga-multietapa-horizontal\\\/\"]}]},{\"@type\":\"ImageObject\",\"inLanguage\":\"es\",\"@id\":\"https:\\\/\\\/www.grupo-inducom.com\\\/cl\\\/producto\\\/bomba-centrifuga-multietapa-horizontal\\\/#primaryimage\",\"url\":\"https:\\\/\\\/www.grupo-inducom.com\\\/cl\\\/wp-content\\\/uploads\\\/sites\\\/11\\\/2024\\\/10\\\/14-2.webp\",\"contentUrl\":\"https:\\\/\\\/www.grupo-inducom.com\\\/cl\\\/wp-content\\\/uploads\\\/sites\\\/11\\\/2024\\\/10\\\/14-2.webp\",\"width\":300,\"height\":225},{\"@type\":\"BreadcrumbList\",\"@id\":\"https:\\\/\\\/www.grupo-inducom.com\\\/cl\\\/producto\\\/bomba-centrifuga-multietapa-horizontal\\\/#breadcrumb\",\"itemListElement\":[{\"@type\":\"ListItem\",\"position\":1,\"name\":\"Portada\",\"item\":\"https:\\\/\\\/www.grupo-inducom.com\\\/cl\\\/\"},{\"@type\":\"ListItem\",\"position\":2,\"name\":\"Productos\",\"item\":\"https:\\\/\\\/www.grupo-inducom.com\\\/cl\\\/tienda__trashed\\\/\"},{\"@type\":\"ListItem\",\"position\":3,\"name\":\"Bomba centr\u00edfuga multietapa horizontal\"}]},{\"@type\":\"WebSite\",\"@id\":\"https:\\\/\\\/www.grupo-inducom.com\\\/cl\\\/#website\",\"url\":\"https:\\\/\\\/www.grupo-inducom.com\\\/cl\\\/\",\"name\":\"Inducom Chile\",\"description\":\"\",\"potentialAction\":[{\"@type\":\"SearchAction\",\"target\":{\"@type\":\"EntryPoint\",\"urlTemplate\":\"https:\\\/\\\/www.grupo-inducom.com\\\/cl\\\/?s={search_term_string}\"},\"query-input\":{\"@type\":\"PropertyValueSpecification\",\"valueRequired\":true,\"valueName\":\"search_term_string\"}}],\"inLanguage\":\"es\"}]}<\/script>\n<!-- \/ Yoast SEO plugin. -->","yoast_head_json":{"title":"Bomba centr\u00edfuga multietapa horizontal - Inducom Chile","robots":{"index":"index","follow":"follow","max-snippet":"max-snippet:-1","max-image-preview":"max-image-preview:large","max-video-preview":"max-video-preview:-1"},"canonical":"https:\/\/www.grupo-inducom.com\/cl\/producto\/bomba-centrifuga-multietapa-horizontal\/","og_locale":"es_ES","og_type":"article","og_title":"Bomba centr\u00edfuga multietapa horizontal - Inducom Chile","og_description":"Marca: EBARA  Bomba Acero Inoxidable  Soportan Fuerza Axial Y Radial.  Abastecimiento Primario de Agua - Agua Dulce o Agua del Mar  Municipal de Agua y Aguas Residuales  Bombas para procesos de agricultura \u2013 Riego","og_url":"https:\/\/www.grupo-inducom.com\/cl\/producto\/bomba-centrifuga-multietapa-horizontal\/","og_site_name":"Inducom Chile","article_modified_time":"2024-10-22T20:32:49+00:00","twitter_card":"summary_large_image","twitter_misc":{"Tiempo de lectura":"1 minuto"},"schema":{"@context":"https:\/\/schema.org","@graph":[{"@type":"WebPage","@id":"https:\/\/www.grupo-inducom.com\/cl\/producto\/bomba-centrifuga-multietapa-horizontal\/","url":"https:\/\/www.grupo-inducom.com\/cl\/producto\/bomba-centrifuga-multietapa-horizontal\/","name":"Bomba centr\u00edfuga multietapa horizontal - Inducom Chile","isPartOf":{"@id":"https:\/\/www.grupo-inducom.com\/cl\/#website"},"primaryImageOfPage":{"@id":"https:\/\/www.grupo-inducom.com\/cl\/producto\/bomba-centrifuga-multietapa-horizontal\/#primaryimage"},"image":{"@id":"https:\/\/www.grupo-inducom.com\/cl\/producto\/bomba-centrifuga-multietapa-horizontal\/#primaryimage"},"thumbnailUrl":"https:\/\/www.grupo-inducom.com\/cl\/wp-content\/uploads\/sites\/11\/2024\/10\/14-2.webp","datePublished":"2024-10-22T20:32:35+00:00","dateModified":"2024-10-22T20:32:49+00:00","breadcrumb":{"@id":"https:\/\/www.grupo-inducom.com\/cl\/producto\/bomba-centrifuga-multietapa-horizontal\/#breadcrumb"},"inLanguage":"es","potentialAction":[{"@type":"ReadAction","target":["https:\/\/www.grupo-inducom.com\/cl\/producto\/bomba-centrifuga-multietapa-horizontal\/"]}]},{"@type":"ImageObject","inLanguage":"es","@id":"https:\/\/www.grupo-inducom.com\/cl\/producto\/bomba-centrifuga-multietapa-horizontal\/#primaryimage","url":"https:\/\/www.grupo-inducom.com\/cl\/wp-content\/uploads\/sites\/11\/2024\/10\/14-2.webp","contentUrl":"https:\/\/www.grupo-inducom.com\/cl\/wp-content\/uploads\/sites\/11\/2024\/10\/14-2.webp","width":300,"height":225},{"@type":"BreadcrumbList","@id":"https:\/\/www.grupo-inducom.com\/cl\/producto\/bomba-centrifuga-multietapa-horizontal\/#breadcrumb","itemListElement":[{"@type":"ListItem","position":1,"name":"Portada","item":"https:\/\/www.grupo-inducom.com\/cl\/"},{"@type":"ListItem","position":2,"name":"Productos","item":"https:\/\/www.grupo-inducom.com\/cl\/tienda__trashed\/"},{"@type":"ListItem","position":3,"name":"Bomba centr\u00edfuga multietapa horizontal"}]},{"@type":"WebSite","@id":"https:\/\/www.grupo-inducom.com\/cl\/#website","url":"https:\/\/www.grupo-inducom.com\/cl\/","name":"Inducom Chile","description":"","potentialAction":[{"@type":"SearchAction","target":{"@type":"EntryPoint","urlTemplate":"https:\/\/www.grupo-inducom.com\/cl\/?s={search_term_string}"},"query-input":{"@type":"PropertyValueSpecification","valueRequired":true,"valueName":"search_term_string"}}],"inLanguage":"es"}]}},"_links":{"self":[{"href":"https:\/\/www.grupo-inducom.com\/cl\/wp-json\/wp\/v2\/product\/230135","targetHints":{"allow":["GET"]}}],"collection":[{"href":"https:\/\/www.grupo-inducom.com\/cl\/wp-json\/wp\/v2\/product"}],"about":[{"href":"https:\/\/www.grupo-inducom.com\/cl\/wp-json\/wp\/v2\/types\/product"}],"replies":[{"embeddable":true,"href":"https:\/\/www.grupo-inducom.com\/cl\/wp-json\/wp\/v2\/comments?post=230135"}],"wp:featuredmedia":[{"embeddable":true,"href":"https:\/\/www.grupo-inducom.com\/cl\/wp-json\/wp\/v2\/media\/230165"}],"wp:attachment":[{"href":"https:\/\/www.grupo-inducom.com\/cl\/wp-json\/wp\/v2\/media?parent=230135"}],"wp:term":[{"taxonomy":"product_brand","embeddable":true,"href":"https:\/\/www.grupo-inducom.com\/cl\/wp-json\/wp\/v2\/product_brand?post=230135"},{"taxonomy":"product_cat","embeddable":true,"href":"https:\/\/www.grupo-inducom.com\/cl\/wp-json\/wp\/v2\/product_cat?post=230135"},{"taxonomy":"product_tag","embeddable":true,"href":"https:\/\/www.grupo-inducom.com\/cl\/wp-json\/wp\/v2\/product_tag?post=230135"}],"curies":[{"name":"wp","href":"https:\/\/api.w.org\/{rel}","templated":true}]}}