{"id":230133,"date":"2024-10-22T15:32:35","date_gmt":"2024-10-22T20:32:35","guid":{"rendered":"https:\/\/www.grupo-inducom.com\/cl\/?post_type=product&#038;p=230133"},"modified":"2024-10-22T15:32:47","modified_gmt":"2024-10-22T20:32:47","slug":"reductor-angular-de-tornillo-sin-fin","status":"publish","type":"product","link":"https:\/\/www.grupo-inducom.com\/cl\/producto\/reductor-angular-de-tornillo-sin-fin\/","title":{"rendered":"Reductor angular de tornillo sin f\u00edn"},"content":{"rendered":"<p><strong>Reductores de tornillo sinf\u00edn<\/strong><\/p>\n<ul>\n<li>Los reductores sinfin corona Bonfiglioli son hitos para la industria de todo el mundo. Tuvieron \u00e9xito en la combinaci\u00f3n de una calidad sin compromisos, con tecnolog\u00eda de \u00faltima generaci\u00f3n y un precio competitivos.<\/li>\n<li>Su flexibilidad viene dada por la amplia selecci\u00f3n de varias opciones de montaje, las configuraciones de ejes y la uni\u00f3n a motor, todas ellas est\u00e1ndar.<\/li>\n<li>El tornillo sinfin y la versi\u00f3n de doble tornillo sin fin, con o sin el limitador de par, tambi\u00e9n se suman para obtener un amplio abanico de posibilidades.<\/li>\n<\/ul>\n","protected":false},"excerpt":{"rendered":"<ul>\n<li>Marca: Bonfiglioli<\/li>\n<li>Son hitos para la industria<\/li>\n<li>Combinaci\u00f3n de una calidad sin compromisos<\/li>\n<li>Tecnolog\u00eda de \u00faltima generaci\u00f3n y un precio competitivos<br \/>\nFlexibilidad<\/li>\n<\/ul>\n<p>&nbsp;<\/p>\n","protected":false},"featured_media":230163,"comment_status":"closed","ping_status":"closed","template":"","meta":{"_acf_changed":false,"_et_pb_use_builder":"","_et_pb_old_content":"","_et_gb_content_width":"","content-type":""},"product_brand":[],"product_cat":[203],"product_tag":[113,204],"class_list":{"0":"post-230133","1":"product","2":"type-product","3":"status-publish","4":"has-post-thumbnail","6":"product_cat-reductores","7":"product_tag-bonfiglioli","8":"product_tag-reductores-de-tornillo-sin-fin","10":"first","11":"instock","12":"shipping-taxable","13":"product-type-simple"},"acf":[],"yoast_head":"<!-- This site is optimized with the Yoast SEO plugin v27.4 - https:\/\/yoast.com\/product\/yoast-seo-wordpress\/ -->\n<title>Reductor angular de tornillo sin f\u00edn - Inducom Chile<\/title>\n<meta name=\"robots\" content=\"index, follow, max-snippet:-1, max-image-preview:large, max-video-preview:-1\" \/>\n<link rel=\"canonical\" href=\"https:\/\/www.grupo-inducom.com\/cl\/producto\/reductor-angular-de-tornillo-sin-fin\/\" \/>\n<meta property=\"og:locale\" content=\"es_ES\" \/>\n<meta property=\"og:type\" content=\"article\" \/>\n<meta property=\"og:title\" content=\"Reductor angular de tornillo sin f\u00edn - Inducom Chile\" \/>\n<meta property=\"og:description\" content=\"Marca: Bonfiglioli  Son hitos para la industria  Combinaci\u00f3n de una calidad sin compromisos  Tecnolog\u00eda de \u00faltima generaci\u00f3n y un precio competitivos Flexibilidad  &nbsp;\" \/>\n<meta property=\"og:url\" content=\"https:\/\/www.grupo-inducom.com\/cl\/producto\/reductor-angular-de-tornillo-sin-fin\/\" \/>\n<meta property=\"og:site_name\" content=\"Inducom Chile\" \/>\n<meta property=\"article:modified_time\" content=\"2024-10-22T20:32:47+00:00\" \/>\n<meta name=\"twitter:card\" content=\"summary_large_image\" \/>\n<script type=\"application\/ld+json\" class=\"yoast-schema-graph\">{\"@context\":\"https:\\\/\\\/schema.org\",\"@graph\":[{\"@type\":\"WebPage\",\"@id\":\"https:\\\/\\\/www.grupo-inducom.com\\\/cl\\\/producto\\\/reductor-angular-de-tornillo-sin-fin\\\/\",\"url\":\"https:\\\/\\\/www.grupo-inducom.com\\\/cl\\\/producto\\\/reductor-angular-de-tornillo-sin-fin\\\/\",\"name\":\"Reductor angular de tornillo sin f\u00edn - Inducom Chile\",\"isPartOf\":{\"@id\":\"https:\\\/\\\/www.grupo-inducom.com\\\/cl\\\/#website\"},\"primaryImageOfPage\":{\"@id\":\"https:\\\/\\\/www.grupo-inducom.com\\\/cl\\\/producto\\\/reductor-angular-de-tornillo-sin-fin\\\/#primaryimage\"},\"image\":{\"@id\":\"https:\\\/\\\/www.grupo-inducom.com\\\/cl\\\/producto\\\/reductor-angular-de-tornillo-sin-fin\\\/#primaryimage\"},\"thumbnailUrl\":\"https:\\\/\\\/www.grupo-inducom.com\\\/cl\\\/wp-content\\\/uploads\\\/sites\\\/11\\\/2024\\\/10\\\/63.png\",\"datePublished\":\"2024-10-22T20:32:35+00:00\",\"dateModified\":\"2024-10-22T20:32:47+00:00\",\"breadcrumb\":{\"@id\":\"https:\\\/\\\/www.grupo-inducom.com\\\/cl\\\/producto\\\/reductor-angular-de-tornillo-sin-fin\\\/#breadcrumb\"},\"inLanguage\":\"es\",\"potentialAction\":[{\"@type\":\"ReadAction\",\"target\":[\"https:\\\/\\\/www.grupo-inducom.com\\\/cl\\\/producto\\\/reductor-angular-de-tornillo-sin-fin\\\/\"]}]},{\"@type\":\"ImageObject\",\"inLanguage\":\"es\",\"@id\":\"https:\\\/\\\/www.grupo-inducom.com\\\/cl\\\/producto\\\/reductor-angular-de-tornillo-sin-fin\\\/#primaryimage\",\"url\":\"https:\\\/\\\/www.grupo-inducom.com\\\/cl\\\/wp-content\\\/uploads\\\/sites\\\/11\\\/2024\\\/10\\\/63.png\",\"contentUrl\":\"https:\\\/\\\/www.grupo-inducom.com\\\/cl\\\/wp-content\\\/uploads\\\/sites\\\/11\\\/2024\\\/10\\\/63.png\",\"width\":300,\"height\":225},{\"@type\":\"BreadcrumbList\",\"@id\":\"https:\\\/\\\/www.grupo-inducom.com\\\/cl\\\/producto\\\/reductor-angular-de-tornillo-sin-fin\\\/#breadcrumb\",\"itemListElement\":[{\"@type\":\"ListItem\",\"position\":1,\"name\":\"Portada\",\"item\":\"https:\\\/\\\/www.grupo-inducom.com\\\/cl\\\/\"},{\"@type\":\"ListItem\",\"position\":2,\"name\":\"Productos\",\"item\":\"https:\\\/\\\/www.grupo-inducom.com\\\/cl\\\/tienda__trashed\\\/\"},{\"@type\":\"ListItem\",\"position\":3,\"name\":\"Reductor angular de tornillo sin f\u00edn\"}]},{\"@type\":\"WebSite\",\"@id\":\"https:\\\/\\\/www.grupo-inducom.com\\\/cl\\\/#website\",\"url\":\"https:\\\/\\\/www.grupo-inducom.com\\\/cl\\\/\",\"name\":\"Inducom Chile\",\"description\":\"\",\"potentialAction\":[{\"@type\":\"SearchAction\",\"target\":{\"@type\":\"EntryPoint\",\"urlTemplate\":\"https:\\\/\\\/www.grupo-inducom.com\\\/cl\\\/?s={search_term_string}\"},\"query-input\":{\"@type\":\"PropertyValueSpecification\",\"valueRequired\":true,\"valueName\":\"search_term_string\"}}],\"inLanguage\":\"es\"}]}<\/script>\n<!-- \/ Yoast SEO plugin. -->","yoast_head_json":{"title":"Reductor angular de tornillo sin f\u00edn - Inducom Chile","robots":{"index":"index","follow":"follow","max-snippet":"max-snippet:-1","max-image-preview":"max-image-preview:large","max-video-preview":"max-video-preview:-1"},"canonical":"https:\/\/www.grupo-inducom.com\/cl\/producto\/reductor-angular-de-tornillo-sin-fin\/","og_locale":"es_ES","og_type":"article","og_title":"Reductor angular de tornillo sin f\u00edn - Inducom Chile","og_description":"Marca: Bonfiglioli  Son hitos para la industria  Combinaci\u00f3n de una calidad sin compromisos  Tecnolog\u00eda de \u00faltima generaci\u00f3n y un precio competitivos Flexibilidad  &nbsp;","og_url":"https:\/\/www.grupo-inducom.com\/cl\/producto\/reductor-angular-de-tornillo-sin-fin\/","og_site_name":"Inducom Chile","article_modified_time":"2024-10-22T20:32:47+00:00","twitter_card":"summary_large_image","schema":{"@context":"https:\/\/schema.org","@graph":[{"@type":"WebPage","@id":"https:\/\/www.grupo-inducom.com\/cl\/producto\/reductor-angular-de-tornillo-sin-fin\/","url":"https:\/\/www.grupo-inducom.com\/cl\/producto\/reductor-angular-de-tornillo-sin-fin\/","name":"Reductor angular de tornillo sin f\u00edn - Inducom Chile","isPartOf":{"@id":"https:\/\/www.grupo-inducom.com\/cl\/#website"},"primaryImageOfPage":{"@id":"https:\/\/www.grupo-inducom.com\/cl\/producto\/reductor-angular-de-tornillo-sin-fin\/#primaryimage"},"image":{"@id":"https:\/\/www.grupo-inducom.com\/cl\/producto\/reductor-angular-de-tornillo-sin-fin\/#primaryimage"},"thumbnailUrl":"https:\/\/www.grupo-inducom.com\/cl\/wp-content\/uploads\/sites\/11\/2024\/10\/63.png","datePublished":"2024-10-22T20:32:35+00:00","dateModified":"2024-10-22T20:32:47+00:00","breadcrumb":{"@id":"https:\/\/www.grupo-inducom.com\/cl\/producto\/reductor-angular-de-tornillo-sin-fin\/#breadcrumb"},"inLanguage":"es","potentialAction":[{"@type":"ReadAction","target":["https:\/\/www.grupo-inducom.com\/cl\/producto\/reductor-angular-de-tornillo-sin-fin\/"]}]},{"@type":"ImageObject","inLanguage":"es","@id":"https:\/\/www.grupo-inducom.com\/cl\/producto\/reductor-angular-de-tornillo-sin-fin\/#primaryimage","url":"https:\/\/www.grupo-inducom.com\/cl\/wp-content\/uploads\/sites\/11\/2024\/10\/63.png","contentUrl":"https:\/\/www.grupo-inducom.com\/cl\/wp-content\/uploads\/sites\/11\/2024\/10\/63.png","width":300,"height":225},{"@type":"BreadcrumbList","@id":"https:\/\/www.grupo-inducom.com\/cl\/producto\/reductor-angular-de-tornillo-sin-fin\/#breadcrumb","itemListElement":[{"@type":"ListItem","position":1,"name":"Portada","item":"https:\/\/www.grupo-inducom.com\/cl\/"},{"@type":"ListItem","position":2,"name":"Productos","item":"https:\/\/www.grupo-inducom.com\/cl\/tienda__trashed\/"},{"@type":"ListItem","position":3,"name":"Reductor angular de tornillo sin f\u00edn"}]},{"@type":"WebSite","@id":"https:\/\/www.grupo-inducom.com\/cl\/#website","url":"https:\/\/www.grupo-inducom.com\/cl\/","name":"Inducom Chile","description":"","potentialAction":[{"@type":"SearchAction","target":{"@type":"EntryPoint","urlTemplate":"https:\/\/www.grupo-inducom.com\/cl\/?s={search_term_string}"},"query-input":{"@type":"PropertyValueSpecification","valueRequired":true,"valueName":"search_term_string"}}],"inLanguage":"es"}]}},"_links":{"self":[{"href":"https:\/\/www.grupo-inducom.com\/cl\/wp-json\/wp\/v2\/product\/230133","targetHints":{"allow":["GET"]}}],"collection":[{"href":"https:\/\/www.grupo-inducom.com\/cl\/wp-json\/wp\/v2\/product"}],"about":[{"href":"https:\/\/www.grupo-inducom.com\/cl\/wp-json\/wp\/v2\/types\/product"}],"replies":[{"embeddable":true,"href":"https:\/\/www.grupo-inducom.com\/cl\/wp-json\/wp\/v2\/comments?post=230133"}],"wp:featuredmedia":[{"embeddable":true,"href":"https:\/\/www.grupo-inducom.com\/cl\/wp-json\/wp\/v2\/media\/230163"}],"wp:attachment":[{"href":"https:\/\/www.grupo-inducom.com\/cl\/wp-json\/wp\/v2\/media?parent=230133"}],"wp:term":[{"taxonomy":"product_brand","embeddable":true,"href":"https:\/\/www.grupo-inducom.com\/cl\/wp-json\/wp\/v2\/product_brand?post=230133"},{"taxonomy":"product_cat","embeddable":true,"href":"https:\/\/www.grupo-inducom.com\/cl\/wp-json\/wp\/v2\/product_cat?post=230133"},{"taxonomy":"product_tag","embeddable":true,"href":"https:\/\/www.grupo-inducom.com\/cl\/wp-json\/wp\/v2\/product_tag?post=230133"}],"curies":[{"name":"wp","href":"https:\/\/api.w.org\/{rel}","templated":true}]}}