{"id":230130,"date":"2024-10-22T15:32:34","date_gmt":"2024-10-22T20:32:34","guid":{"rendered":"https:\/\/www.grupo-inducom.com\/cl\/?post_type=product&#038;p=230130"},"modified":"2024-10-22T15:32:44","modified_gmt":"2024-10-22T20:32:44","slug":"reductor-y-motoreductor-lineal-serie-c","status":"publish","type":"product","link":"https:\/\/www.grupo-inducom.com\/cl\/producto\/reductor-y-motoreductor-lineal-serie-c\/","title":{"rendered":"Reductor y motoreductor lineal serie C"},"content":{"rendered":"<p>La densidad de par, la variedad de productos, amplio rango de velocidades, gran compacidad y la efectividad de precio hacen de la serie C, un reductor sin precedentes en el mundo de los motorreductores y los reductores de velocidad. <span style=\"color: #ffffff;\">Motorreductor Lineal<\/span><\/p>\n<p>&nbsp;<\/p>\n<p><strong>Caracter\u00edsticas principales\u00a0<\/strong><\/p>\n<ul>\n<li>Reductor en disposici\u00f3n coaxial de engranajes helicoidales.<\/li>\n<li>Su \u00f3ptimo rendimiento permite un sensible ahorro de energ\u00eda y un bajo nivel de rumorosidad.<\/li>\n<li>F\u00e1cil instalaci\u00f3n y m\u00ednimo mantenimiento.<\/li>\n<li>Construcci\u00f3n modular que le permite la intercambiabilidad de la entrada y primer tren con las series A (reductor ortogonal) y la F (reductor ejes paralelos pendular). Este hecho<\/li>\n<li>Gestiona\u00a0 almacenes de repuestos con un tercio de los recambios que habitualmente se aprovisionar\u00edan con otros tipos y\/o marcas. <span style=\"color: #ffffff;\">Motorreductor Lineal<\/span><\/li>\n<\/ul>\n<p>&nbsp;<\/p>\n<p><strong>Caracter\u00edsticas t\u00e9cnicas<\/strong><\/p>\n<ul>\n<li>Alto rendimiento 0,95 a 0,97<\/li>\n<li>Acoplamiento para un gran n\u00famero de motores y\/o eje de entrada libre. Disponible incluso en versi\u00f3n con motor compacto.<\/li>\n<li>Rodamientos de primera calidad adecuados para elevadas cargas radiales y\/o axiales.<\/li>\n<li>Ejes en acero templado de alta resistencia.<\/li>\n<li>Rango de Potencias: 0,15 a 200 kW<\/li>\n<li>Rango de relaciones de reducci\u00f3n: i= 2,6 a 1481<\/li>\n<li>Rango de pares nominales: 70 a 12000 Nm<\/li>\n<\/ul>\n","protected":false},"excerpt":{"rendered":"<ul>\n<li>Marca Bonfiglioli<\/li>\n<li>Potencias desde: 0.18 kW.<\/li>\n<li>Voltaje estandar: 400 V<\/li>\n<li>Otras tensiones opcionales.<\/li>\n<li>Frecuencia: 50 Hz.<\/li>\n<li>Velocidad:1500 RPM.<\/li>\n<li>Tama\u00f1os Frame: 63 a 160.<\/li>\n<li>Montajes: IMB5<\/li>\n<li>Eficiencia: IE1.<\/li>\n<\/ul>\n","protected":false},"featured_media":230160,"comment_status":"closed","ping_status":"closed","template":"","meta":{"_acf_changed":false,"_et_pb_use_builder":"","_et_pb_old_content":"","_et_gb_content_width":"","content-type":""},"product_brand":[],"product_cat":[203],"product_tag":[113,188,189],"class_list":{"0":"post-230130","1":"product","2":"type-product","3":"status-publish","4":"has-post-thumbnail","6":"product_cat-reductores","7":"product_tag-bonfiglioli","8":"product_tag-motorreductor","9":"product_tag-motorreductor-lineal","11":"first","12":"instock","13":"shipping-taxable","14":"product-type-simple"},"acf":[],"yoast_head":"<!-- This site is optimized with the Yoast SEO plugin v27.4 - https:\/\/yoast.com\/product\/yoast-seo-wordpress\/ -->\n<title>Reductor y motoreductor lineal serie C - Inducom Chile<\/title>\n<meta name=\"robots\" content=\"index, follow, max-snippet:-1, max-image-preview:large, max-video-preview:-1\" \/>\n<link rel=\"canonical\" href=\"https:\/\/www.grupo-inducom.com\/cl\/producto\/reductor-y-motoreductor-lineal-serie-c\/\" \/>\n<meta property=\"og:locale\" content=\"es_ES\" \/>\n<meta property=\"og:type\" content=\"article\" \/>\n<meta property=\"og:title\" content=\"Reductor y motoreductor lineal serie C - Inducom Chile\" \/>\n<meta property=\"og:description\" content=\"Marca Bonfiglioli  Potencias desde: 0.18 kW.  Voltaje estandar: 400 V  Otras tensiones opcionales.  Frecuencia: 50 Hz.  Velocidad:1500 RPM.  Tama\u00f1os Frame: 63 a 160.  Montajes: IMB5  Eficiencia: IE1.\" \/>\n<meta property=\"og:url\" content=\"https:\/\/www.grupo-inducom.com\/cl\/producto\/reductor-y-motoreductor-lineal-serie-c\/\" \/>\n<meta property=\"og:site_name\" content=\"Inducom Chile\" \/>\n<meta property=\"article:modified_time\" content=\"2024-10-22T20:32:44+00:00\" \/>\n<meta name=\"twitter:card\" content=\"summary_large_image\" \/>\n<meta name=\"twitter:label1\" content=\"Tiempo de lectura\" \/>\n\t<meta name=\"twitter:data1\" content=\"1 minuto\" \/>\n<script type=\"application\/ld+json\" class=\"yoast-schema-graph\">{\"@context\":\"https:\\\/\\\/schema.org\",\"@graph\":[{\"@type\":\"WebPage\",\"@id\":\"https:\\\/\\\/www.grupo-inducom.com\\\/cl\\\/producto\\\/reductor-y-motoreductor-lineal-serie-c\\\/\",\"url\":\"https:\\\/\\\/www.grupo-inducom.com\\\/cl\\\/producto\\\/reductor-y-motoreductor-lineal-serie-c\\\/\",\"name\":\"Reductor y motoreductor lineal serie C - Inducom Chile\",\"isPartOf\":{\"@id\":\"https:\\\/\\\/www.grupo-inducom.com\\\/cl\\\/#website\"},\"primaryImageOfPage\":{\"@id\":\"https:\\\/\\\/www.grupo-inducom.com\\\/cl\\\/producto\\\/reductor-y-motoreductor-lineal-serie-c\\\/#primaryimage\"},\"image\":{\"@id\":\"https:\\\/\\\/www.grupo-inducom.com\\\/cl\\\/producto\\\/reductor-y-motoreductor-lineal-serie-c\\\/#primaryimage\"},\"thumbnailUrl\":\"https:\\\/\\\/www.grupo-inducom.com\\\/cl\\\/wp-content\\\/uploads\\\/sites\\\/11\\\/2024\\\/10\\\/60.png\",\"datePublished\":\"2024-10-22T20:32:34+00:00\",\"dateModified\":\"2024-10-22T20:32:44+00:00\",\"breadcrumb\":{\"@id\":\"https:\\\/\\\/www.grupo-inducom.com\\\/cl\\\/producto\\\/reductor-y-motoreductor-lineal-serie-c\\\/#breadcrumb\"},\"inLanguage\":\"es\",\"potentialAction\":[{\"@type\":\"ReadAction\",\"target\":[\"https:\\\/\\\/www.grupo-inducom.com\\\/cl\\\/producto\\\/reductor-y-motoreductor-lineal-serie-c\\\/\"]}]},{\"@type\":\"ImageObject\",\"inLanguage\":\"es\",\"@id\":\"https:\\\/\\\/www.grupo-inducom.com\\\/cl\\\/producto\\\/reductor-y-motoreductor-lineal-serie-c\\\/#primaryimage\",\"url\":\"https:\\\/\\\/www.grupo-inducom.com\\\/cl\\\/wp-content\\\/uploads\\\/sites\\\/11\\\/2024\\\/10\\\/60.png\",\"contentUrl\":\"https:\\\/\\\/www.grupo-inducom.com\\\/cl\\\/wp-content\\\/uploads\\\/sites\\\/11\\\/2024\\\/10\\\/60.png\",\"width\":300,\"height\":225},{\"@type\":\"BreadcrumbList\",\"@id\":\"https:\\\/\\\/www.grupo-inducom.com\\\/cl\\\/producto\\\/reductor-y-motoreductor-lineal-serie-c\\\/#breadcrumb\",\"itemListElement\":[{\"@type\":\"ListItem\",\"position\":1,\"name\":\"Portada\",\"item\":\"https:\\\/\\\/www.grupo-inducom.com\\\/cl\\\/\"},{\"@type\":\"ListItem\",\"position\":2,\"name\":\"Productos\",\"item\":\"https:\\\/\\\/www.grupo-inducom.com\\\/cl\\\/tienda__trashed\\\/\"},{\"@type\":\"ListItem\",\"position\":3,\"name\":\"Reductor y motoreductor lineal serie C\"}]},{\"@type\":\"WebSite\",\"@id\":\"https:\\\/\\\/www.grupo-inducom.com\\\/cl\\\/#website\",\"url\":\"https:\\\/\\\/www.grupo-inducom.com\\\/cl\\\/\",\"name\":\"Inducom Chile\",\"description\":\"\",\"potentialAction\":[{\"@type\":\"SearchAction\",\"target\":{\"@type\":\"EntryPoint\",\"urlTemplate\":\"https:\\\/\\\/www.grupo-inducom.com\\\/cl\\\/?s={search_term_string}\"},\"query-input\":{\"@type\":\"PropertyValueSpecification\",\"valueRequired\":true,\"valueName\":\"search_term_string\"}}],\"inLanguage\":\"es\"}]}<\/script>\n<!-- \/ Yoast SEO plugin. -->","yoast_head_json":{"title":"Reductor y motoreductor lineal serie C - Inducom Chile","robots":{"index":"index","follow":"follow","max-snippet":"max-snippet:-1","max-image-preview":"max-image-preview:large","max-video-preview":"max-video-preview:-1"},"canonical":"https:\/\/www.grupo-inducom.com\/cl\/producto\/reductor-y-motoreductor-lineal-serie-c\/","og_locale":"es_ES","og_type":"article","og_title":"Reductor y motoreductor lineal serie C - Inducom Chile","og_description":"Marca Bonfiglioli  Potencias desde: 0.18 kW.  Voltaje estandar: 400 V  Otras tensiones opcionales.  Frecuencia: 50 Hz.  Velocidad:1500 RPM.  Tama\u00f1os Frame: 63 a 160.  Montajes: IMB5  Eficiencia: IE1.","og_url":"https:\/\/www.grupo-inducom.com\/cl\/producto\/reductor-y-motoreductor-lineal-serie-c\/","og_site_name":"Inducom Chile","article_modified_time":"2024-10-22T20:32:44+00:00","twitter_card":"summary_large_image","twitter_misc":{"Tiempo de lectura":"1 minuto"},"schema":{"@context":"https:\/\/schema.org","@graph":[{"@type":"WebPage","@id":"https:\/\/www.grupo-inducom.com\/cl\/producto\/reductor-y-motoreductor-lineal-serie-c\/","url":"https:\/\/www.grupo-inducom.com\/cl\/producto\/reductor-y-motoreductor-lineal-serie-c\/","name":"Reductor y motoreductor lineal serie C - Inducom Chile","isPartOf":{"@id":"https:\/\/www.grupo-inducom.com\/cl\/#website"},"primaryImageOfPage":{"@id":"https:\/\/www.grupo-inducom.com\/cl\/producto\/reductor-y-motoreductor-lineal-serie-c\/#primaryimage"},"image":{"@id":"https:\/\/www.grupo-inducom.com\/cl\/producto\/reductor-y-motoreductor-lineal-serie-c\/#primaryimage"},"thumbnailUrl":"https:\/\/www.grupo-inducom.com\/cl\/wp-content\/uploads\/sites\/11\/2024\/10\/60.png","datePublished":"2024-10-22T20:32:34+00:00","dateModified":"2024-10-22T20:32:44+00:00","breadcrumb":{"@id":"https:\/\/www.grupo-inducom.com\/cl\/producto\/reductor-y-motoreductor-lineal-serie-c\/#breadcrumb"},"inLanguage":"es","potentialAction":[{"@type":"ReadAction","target":["https:\/\/www.grupo-inducom.com\/cl\/producto\/reductor-y-motoreductor-lineal-serie-c\/"]}]},{"@type":"ImageObject","inLanguage":"es","@id":"https:\/\/www.grupo-inducom.com\/cl\/producto\/reductor-y-motoreductor-lineal-serie-c\/#primaryimage","url":"https:\/\/www.grupo-inducom.com\/cl\/wp-content\/uploads\/sites\/11\/2024\/10\/60.png","contentUrl":"https:\/\/www.grupo-inducom.com\/cl\/wp-content\/uploads\/sites\/11\/2024\/10\/60.png","width":300,"height":225},{"@type":"BreadcrumbList","@id":"https:\/\/www.grupo-inducom.com\/cl\/producto\/reductor-y-motoreductor-lineal-serie-c\/#breadcrumb","itemListElement":[{"@type":"ListItem","position":1,"name":"Portada","item":"https:\/\/www.grupo-inducom.com\/cl\/"},{"@type":"ListItem","position":2,"name":"Productos","item":"https:\/\/www.grupo-inducom.com\/cl\/tienda__trashed\/"},{"@type":"ListItem","position":3,"name":"Reductor y motoreductor lineal serie C"}]},{"@type":"WebSite","@id":"https:\/\/www.grupo-inducom.com\/cl\/#website","url":"https:\/\/www.grupo-inducom.com\/cl\/","name":"Inducom Chile","description":"","potentialAction":[{"@type":"SearchAction","target":{"@type":"EntryPoint","urlTemplate":"https:\/\/www.grupo-inducom.com\/cl\/?s={search_term_string}"},"query-input":{"@type":"PropertyValueSpecification","valueRequired":true,"valueName":"search_term_string"}}],"inLanguage":"es"}]}},"_links":{"self":[{"href":"https:\/\/www.grupo-inducom.com\/cl\/wp-json\/wp\/v2\/product\/230130","targetHints":{"allow":["GET"]}}],"collection":[{"href":"https:\/\/www.grupo-inducom.com\/cl\/wp-json\/wp\/v2\/product"}],"about":[{"href":"https:\/\/www.grupo-inducom.com\/cl\/wp-json\/wp\/v2\/types\/product"}],"replies":[{"embeddable":true,"href":"https:\/\/www.grupo-inducom.com\/cl\/wp-json\/wp\/v2\/comments?post=230130"}],"wp:featuredmedia":[{"embeddable":true,"href":"https:\/\/www.grupo-inducom.com\/cl\/wp-json\/wp\/v2\/media\/230160"}],"wp:attachment":[{"href":"https:\/\/www.grupo-inducom.com\/cl\/wp-json\/wp\/v2\/media?parent=230130"}],"wp:term":[{"taxonomy":"product_brand","embeddable":true,"href":"https:\/\/www.grupo-inducom.com\/cl\/wp-json\/wp\/v2\/product_brand?post=230130"},{"taxonomy":"product_cat","embeddable":true,"href":"https:\/\/www.grupo-inducom.com\/cl\/wp-json\/wp\/v2\/product_cat?post=230130"},{"taxonomy":"product_tag","embeddable":true,"href":"https:\/\/www.grupo-inducom.com\/cl\/wp-json\/wp\/v2\/product_tag?post=230130"}],"curies":[{"name":"wp","href":"https:\/\/api.w.org\/{rel}","templated":true}]}}