{"id":230126,"date":"2024-10-22T15:32:34","date_gmt":"2024-10-22T20:32:34","guid":{"rendered":"https:\/\/www.grupo-inducom.com\/cl\/?post_type=product&#038;p=230126"},"modified":"2024-10-22T15:32:41","modified_gmt":"2024-10-22T20:32:41","slug":"blower-soplador-lobular-industrial-2","status":"publish","type":"product","link":"https:\/\/www.grupo-inducom.com\/cl\/producto\/blower-soplador-lobular-industrial-2\/","title":{"rendered":"Blower \/ Soplador Lobular industrial"},"content":{"rendered":"<p>Los sopladores de desplazamiento positivo y las bombas de vac\u00edo Gardner Denver RBS aportan un valor incre\u00edble al mercado industrial de PD. Estas robustas bombas de tres l\u00f3bulos tienen una multitud de ventajas de dise\u00f1o. Aqu\u00ed est\u00e1n tus tres mejores: <span style=\"color: #ffffff;\">Blowers Lobulares<\/span><\/p>\n<ol>\n<li><strong>Durabilidad<\/strong>\n<ul>\n<li>Sellos de aire de anillo de pist\u00f3n: garantizan un aire sin aceite y duran m\u00e1s<\/li>\n<li>Dual Splash Lube: disipa el calor y reduce los intervalos de mantenimiento<\/li>\n<li>Rodamientos reforzados &#8211; vida \u00fatil de 100,000 horas<\/li>\n<li>Ejes de alta resistencia: permiten mayores cargas suspendidas y eliminan la necesidad de ejes de gato o bloques de almohadas<\/li>\n<\/ul>\n<\/li>\n<li><strong>Eficiencia<\/strong>\n<ul>\n<li>Rotores de tres l\u00f3bulos: mayor rendimiento y eficiencia que los sopladores de dos l\u00f3bulos que reducen los costos operativos<\/li>\n<li>Cilindros y costillas de soporte: se funden directamente en el cilindro reduciendo las desviaciones bajo cargas pesadas<\/li>\n<\/ul>\n<\/li>\n<li><strong>Niveles de sonido<\/strong>\n<ul>\n<li>Rotores de tres l\u00f3bulos: el dise\u00f1o de rotor s\u00f3lido ofrece un funcionamiento m\u00e1s silencioso, lo que reduce los requisitos de la carcasa<\/li>\n<li>Engranajes helicoidales: proporcionan un funcionamiento suave y silencioso a todas las velocidades<\/li>\n<\/ul>\n<\/li>\n<\/ol>\n<p><span style=\"color: #ffffff;\">Blowers Lobulares<\/span><\/p>\n","protected":false},"excerpt":{"rendered":"<ul>\n<li>Marca:Robuschi<\/li>\n<li>Conocidas como sopladores de desplazamiento positivo<\/li>\n<li>Aportan un valor incre\u00edble al mercado industrial<\/li>\n<li>Bombas de tres l\u00f3bulos<\/li>\n<li>Ejes de alta resistencia<\/li>\n<li>Ofrece un funcionamiento m\u00e1s silencioso<\/li>\n<li>Engranajes helicoidales<\/li>\n<\/ul>\n","protected":false},"featured_media":230156,"comment_status":"closed","ping_status":"closed","template":"","meta":{"_acf_changed":false,"_et_pb_use_builder":"","_et_pb_old_content":"","_et_gb_content_width":"","content-type":""},"product_brand":[],"product_cat":[66],"product_tag":[220],"class_list":{"0":"post-230126","1":"product","2":"type-product","3":"status-publish","4":"has-post-thumbnail","6":"product_cat-blowers-y-vacio","7":"product_tag-sutorbilt","9":"first","10":"instock","11":"shipping-taxable","12":"product-type-simple"},"acf":[],"yoast_head":"<!-- This site is optimized with the Yoast SEO plugin v27.4 - https:\/\/yoast.com\/product\/yoast-seo-wordpress\/ -->\n<title>Blower \/ Soplador Lobular industrial - Inducom Chile<\/title>\n<meta name=\"robots\" content=\"index, follow, max-snippet:-1, max-image-preview:large, max-video-preview:-1\" \/>\n<link rel=\"canonical\" href=\"https:\/\/www.grupo-inducom.com\/cl\/producto\/blower-soplador-lobular-industrial-2\/\" \/>\n<meta property=\"og:locale\" content=\"es_ES\" \/>\n<meta property=\"og:type\" content=\"article\" \/>\n<meta property=\"og:title\" content=\"Blower \/ Soplador Lobular industrial - Inducom Chile\" \/>\n<meta property=\"og:description\" content=\"Marca:Robuschi  Conocidas como sopladores de desplazamiento positivo  Aportan un valor incre\u00edble al mercado industrial  Bombas de tres l\u00f3bulos  Ejes de alta resistencia  Ofrece un funcionamiento m\u00e1s silencioso  Engranajes helicoidales\" \/>\n<meta property=\"og:url\" content=\"https:\/\/www.grupo-inducom.com\/cl\/producto\/blower-soplador-lobular-industrial-2\/\" \/>\n<meta property=\"og:site_name\" content=\"Inducom Chile\" \/>\n<meta property=\"article:modified_time\" content=\"2024-10-22T20:32:41+00:00\" \/>\n<meta name=\"twitter:card\" content=\"summary_large_image\" \/>\n<meta name=\"twitter:label1\" content=\"Tiempo de lectura\" \/>\n\t<meta name=\"twitter:data1\" content=\"1 minuto\" \/>\n<script type=\"application\/ld+json\" class=\"yoast-schema-graph\">{\"@context\":\"https:\\\/\\\/schema.org\",\"@graph\":[{\"@type\":\"WebPage\",\"@id\":\"https:\\\/\\\/www.grupo-inducom.com\\\/cl\\\/producto\\\/blower-soplador-lobular-industrial-2\\\/\",\"url\":\"https:\\\/\\\/www.grupo-inducom.com\\\/cl\\\/producto\\\/blower-soplador-lobular-industrial-2\\\/\",\"name\":\"Blower \\\/ Soplador Lobular industrial - Inducom Chile\",\"isPartOf\":{\"@id\":\"https:\\\/\\\/www.grupo-inducom.com\\\/cl\\\/#website\"},\"primaryImageOfPage\":{\"@id\":\"https:\\\/\\\/www.grupo-inducom.com\\\/cl\\\/producto\\\/blower-soplador-lobular-industrial-2\\\/#primaryimage\"},\"image\":{\"@id\":\"https:\\\/\\\/www.grupo-inducom.com\\\/cl\\\/producto\\\/blower-soplador-lobular-industrial-2\\\/#primaryimage\"},\"thumbnailUrl\":\"https:\\\/\\\/www.grupo-inducom.com\\\/cl\\\/wp-content\\\/uploads\\\/sites\\\/11\\\/2024\\\/10\\\/5-6-1.webp\",\"datePublished\":\"2024-10-22T20:32:34+00:00\",\"dateModified\":\"2024-10-22T20:32:41+00:00\",\"breadcrumb\":{\"@id\":\"https:\\\/\\\/www.grupo-inducom.com\\\/cl\\\/producto\\\/blower-soplador-lobular-industrial-2\\\/#breadcrumb\"},\"inLanguage\":\"es\",\"potentialAction\":[{\"@type\":\"ReadAction\",\"target\":[\"https:\\\/\\\/www.grupo-inducom.com\\\/cl\\\/producto\\\/blower-soplador-lobular-industrial-2\\\/\"]}]},{\"@type\":\"ImageObject\",\"inLanguage\":\"es\",\"@id\":\"https:\\\/\\\/www.grupo-inducom.com\\\/cl\\\/producto\\\/blower-soplador-lobular-industrial-2\\\/#primaryimage\",\"url\":\"https:\\\/\\\/www.grupo-inducom.com\\\/cl\\\/wp-content\\\/uploads\\\/sites\\\/11\\\/2024\\\/10\\\/5-6-1.webp\",\"contentUrl\":\"https:\\\/\\\/www.grupo-inducom.com\\\/cl\\\/wp-content\\\/uploads\\\/sites\\\/11\\\/2024\\\/10\\\/5-6-1.webp\",\"width\":300,\"height\":225},{\"@type\":\"BreadcrumbList\",\"@id\":\"https:\\\/\\\/www.grupo-inducom.com\\\/cl\\\/producto\\\/blower-soplador-lobular-industrial-2\\\/#breadcrumb\",\"itemListElement\":[{\"@type\":\"ListItem\",\"position\":1,\"name\":\"Portada\",\"item\":\"https:\\\/\\\/www.grupo-inducom.com\\\/cl\\\/\"},{\"@type\":\"ListItem\",\"position\":2,\"name\":\"Productos\",\"item\":\"https:\\\/\\\/www.grupo-inducom.com\\\/cl\\\/tienda__trashed\\\/\"},{\"@type\":\"ListItem\",\"position\":3,\"name\":\"Blower \\\/ Soplador Lobular industrial\"}]},{\"@type\":\"WebSite\",\"@id\":\"https:\\\/\\\/www.grupo-inducom.com\\\/cl\\\/#website\",\"url\":\"https:\\\/\\\/www.grupo-inducom.com\\\/cl\\\/\",\"name\":\"Inducom Chile\",\"description\":\"\",\"potentialAction\":[{\"@type\":\"SearchAction\",\"target\":{\"@type\":\"EntryPoint\",\"urlTemplate\":\"https:\\\/\\\/www.grupo-inducom.com\\\/cl\\\/?s={search_term_string}\"},\"query-input\":{\"@type\":\"PropertyValueSpecification\",\"valueRequired\":true,\"valueName\":\"search_term_string\"}}],\"inLanguage\":\"es\"}]}<\/script>\n<!-- \/ Yoast SEO plugin. -->","yoast_head_json":{"title":"Blower \/ Soplador Lobular industrial - Inducom Chile","robots":{"index":"index","follow":"follow","max-snippet":"max-snippet:-1","max-image-preview":"max-image-preview:large","max-video-preview":"max-video-preview:-1"},"canonical":"https:\/\/www.grupo-inducom.com\/cl\/producto\/blower-soplador-lobular-industrial-2\/","og_locale":"es_ES","og_type":"article","og_title":"Blower \/ Soplador Lobular industrial - Inducom Chile","og_description":"Marca:Robuschi  Conocidas como sopladores de desplazamiento positivo  Aportan un valor incre\u00edble al mercado industrial  Bombas de tres l\u00f3bulos  Ejes de alta resistencia  Ofrece un funcionamiento m\u00e1s silencioso  Engranajes helicoidales","og_url":"https:\/\/www.grupo-inducom.com\/cl\/producto\/blower-soplador-lobular-industrial-2\/","og_site_name":"Inducom Chile","article_modified_time":"2024-10-22T20:32:41+00:00","twitter_card":"summary_large_image","twitter_misc":{"Tiempo de lectura":"1 minuto"},"schema":{"@context":"https:\/\/schema.org","@graph":[{"@type":"WebPage","@id":"https:\/\/www.grupo-inducom.com\/cl\/producto\/blower-soplador-lobular-industrial-2\/","url":"https:\/\/www.grupo-inducom.com\/cl\/producto\/blower-soplador-lobular-industrial-2\/","name":"Blower \/ Soplador Lobular industrial - Inducom Chile","isPartOf":{"@id":"https:\/\/www.grupo-inducom.com\/cl\/#website"},"primaryImageOfPage":{"@id":"https:\/\/www.grupo-inducom.com\/cl\/producto\/blower-soplador-lobular-industrial-2\/#primaryimage"},"image":{"@id":"https:\/\/www.grupo-inducom.com\/cl\/producto\/blower-soplador-lobular-industrial-2\/#primaryimage"},"thumbnailUrl":"https:\/\/www.grupo-inducom.com\/cl\/wp-content\/uploads\/sites\/11\/2024\/10\/5-6-1.webp","datePublished":"2024-10-22T20:32:34+00:00","dateModified":"2024-10-22T20:32:41+00:00","breadcrumb":{"@id":"https:\/\/www.grupo-inducom.com\/cl\/producto\/blower-soplador-lobular-industrial-2\/#breadcrumb"},"inLanguage":"es","potentialAction":[{"@type":"ReadAction","target":["https:\/\/www.grupo-inducom.com\/cl\/producto\/blower-soplador-lobular-industrial-2\/"]}]},{"@type":"ImageObject","inLanguage":"es","@id":"https:\/\/www.grupo-inducom.com\/cl\/producto\/blower-soplador-lobular-industrial-2\/#primaryimage","url":"https:\/\/www.grupo-inducom.com\/cl\/wp-content\/uploads\/sites\/11\/2024\/10\/5-6-1.webp","contentUrl":"https:\/\/www.grupo-inducom.com\/cl\/wp-content\/uploads\/sites\/11\/2024\/10\/5-6-1.webp","width":300,"height":225},{"@type":"BreadcrumbList","@id":"https:\/\/www.grupo-inducom.com\/cl\/producto\/blower-soplador-lobular-industrial-2\/#breadcrumb","itemListElement":[{"@type":"ListItem","position":1,"name":"Portada","item":"https:\/\/www.grupo-inducom.com\/cl\/"},{"@type":"ListItem","position":2,"name":"Productos","item":"https:\/\/www.grupo-inducom.com\/cl\/tienda__trashed\/"},{"@type":"ListItem","position":3,"name":"Blower \/ Soplador Lobular industrial"}]},{"@type":"WebSite","@id":"https:\/\/www.grupo-inducom.com\/cl\/#website","url":"https:\/\/www.grupo-inducom.com\/cl\/","name":"Inducom Chile","description":"","potentialAction":[{"@type":"SearchAction","target":{"@type":"EntryPoint","urlTemplate":"https:\/\/www.grupo-inducom.com\/cl\/?s={search_term_string}"},"query-input":{"@type":"PropertyValueSpecification","valueRequired":true,"valueName":"search_term_string"}}],"inLanguage":"es"}]}},"_links":{"self":[{"href":"https:\/\/www.grupo-inducom.com\/cl\/wp-json\/wp\/v2\/product\/230126","targetHints":{"allow":["GET"]}}],"collection":[{"href":"https:\/\/www.grupo-inducom.com\/cl\/wp-json\/wp\/v2\/product"}],"about":[{"href":"https:\/\/www.grupo-inducom.com\/cl\/wp-json\/wp\/v2\/types\/product"}],"replies":[{"embeddable":true,"href":"https:\/\/www.grupo-inducom.com\/cl\/wp-json\/wp\/v2\/comments?post=230126"}],"wp:featuredmedia":[{"embeddable":true,"href":"https:\/\/www.grupo-inducom.com\/cl\/wp-json\/wp\/v2\/media\/230156"}],"wp:attachment":[{"href":"https:\/\/www.grupo-inducom.com\/cl\/wp-json\/wp\/v2\/media?parent=230126"}],"wp:term":[{"taxonomy":"product_brand","embeddable":true,"href":"https:\/\/www.grupo-inducom.com\/cl\/wp-json\/wp\/v2\/product_brand?post=230126"},{"taxonomy":"product_cat","embeddable":true,"href":"https:\/\/www.grupo-inducom.com\/cl\/wp-json\/wp\/v2\/product_cat?post=230126"},{"taxonomy":"product_tag","embeddable":true,"href":"https:\/\/www.grupo-inducom.com\/cl\/wp-json\/wp\/v2\/product_tag?post=230126"}],"curies":[{"name":"wp","href":"https:\/\/api.w.org\/{rel}","templated":true}]}}