{"id":230123,"date":"2024-10-22T15:32:32","date_gmt":"2024-10-22T20:32:32","guid":{"rendered":"https:\/\/www.grupo-inducom.com\/cl\/?post_type=product&#038;p=230123"},"modified":"2024-10-22T15:32:38","modified_gmt":"2024-10-22T20:32:38","slug":"blower-soplador-lobular-industrial","status":"publish","type":"product","link":"https:\/\/www.grupo-inducom.com\/cl\/producto\/blower-soplador-lobular-industrial\/","title":{"rendered":"Blower \/ Soplador Lobular industrial"},"content":{"rendered":"<h2 class=\"story\">La importancia de la robustez<\/h2>\n<p style=\"text-align: left;\">Durante m\u00e1s de 50 a\u00f1os, las bombas de vac\u00edo y sopladores de desplazamiento positivo de la serie industrial DuroFlow han combinado tecnolog\u00eda duradera y experiencia pr\u00e1ctica para suministrar aire limpio exento de aceite. Adem\u00e1s ofrecen un rendimiento eficiente en una amplia gama de aplicaciones industriales. <span style=\"color: #ffffff;\">Blowers Lobulares<\/span><\/p>\n<p>Dise\u00f1o avanzado de trabajo pesado Fiabilidad y rendimiento comprobados Lubricaci\u00f3n por doble salpicadura (DSL) para funcionamiento continuo Fabricado conforme a las normas de calidad ISO 9001 Cuenta con el respaldo local de una red de profesionales de ventas y servicios Dise\u00f1o Flex-Mount, configuraci\u00f3n vertical u horizontal Suministro de exento de aceite Ideal para una amplia gama de aplicaciones <strong>CARACTER\u00cdSTICAS<\/strong> Perfil de rotor s\u00f3lido de dos l\u00f3bulos que evita la acumulaci\u00f3n de material ingestado Las puntas del rotor aserradas aumentan el caudal de aire con menos consumo de potencia Cilindro de fundici\u00f3n de hierro reforzado de una pieza para trabajo pesado Nervados integrados para temperaturas de operaci\u00f3n m\u00e1s bajas Lubricaci\u00f3n por doble salpicadura con dispersor eficiente Cojinetes de gran tama\u00f1o para fijar la posici\u00f3n del rotor y soportar cada eje Los avanzados sellos de aire y aceite ofrecen un funcionamiento libre de fugas Los engranajes sincronizados helicoidales se montan en las estr\u00edas del eje.<\/p>\n","protected":false},"excerpt":{"rendered":"<ul>\n<li>Marca: Sutorbilt<\/li>\n<li>Dise\u00f1o avanzado de trabajo pesado<\/li>\n<li>Fiabilidad y rendimiento comprobados<\/li>\n<li>Lubricaci\u00f3n por doble salpicadura (DSL) para funcionamiento continuo<\/li>\n<li>Fabricado conforme a las normas de calidad ISO 9001<\/li>\n<li>Cuenta con el respaldo local de una red de profesionales de ventas y servicios<\/li>\n<\/ul>\n","protected":false},"featured_media":230153,"comment_status":"closed","ping_status":"closed","template":"","meta":{"_acf_changed":false,"_et_pb_use_builder":"on","_et_pb_old_content":"<h2 class=\"story\">La importancia de la robustez<\/h2>\r\n<p style=\"text-align: left;\">Durante m\u00e1s de 50 a\u00f1os, las bombas de vac\u00edo y sopladores de desplazamiento positivo de la serie industrial DuroFlow han combinado tecnolog\u00eda duradera y experiencia pr\u00e1ctica para suministrar aire limpio exento de aceite. Adem\u00e1s ofrecen un rendimiento eficiente en una amplia gama de aplicaciones industriales. <span style=\"color: #ffffff;\">Blowers Lobulares<\/span><\/p>\r\nDise\u00f1o avanzado de trabajo pesado Fiabilidad y rendimiento comprobados Lubricaci\u00f3n por doble salpicadura (DSL) para funcionamiento continuo Fabricado conforme a las normas de calidad ISO 9001 Cuenta con el respaldo local de una red de profesionales de ventas y servicios Dise\u00f1o Flex-Mount, configuraci\u00f3n vertical u horizontal Suministro de exento de aceite Ideal para una amplia gama de aplicaciones <strong>CARACTER\u00cdSTICAS<\/strong> Perfil de rotor s\u00f3lido de dos l\u00f3bulos que evita la acumulaci\u00f3n de material ingestado Las puntas del rotor aserradas aumentan el caudal de aire con menos consumo de potencia Cilindro de fundici\u00f3n de hierro reforzado de una pieza para trabajo pesado Nervados integrados para temperaturas de operaci\u00f3n m\u00e1s bajas Lubricaci\u00f3n por doble salpicadura con dispersor eficiente Cojinetes de gran tama\u00f1o para fijar la posici\u00f3n del rotor y soportar cada eje Los avanzados sellos de aire y aceite ofrecen un funcionamiento libre de fugas Los engranajes sincronizados helicoidales se montan en las estr\u00edas del eje.","_et_gb_content_width":"","content-type":""},"product_brand":[],"product_cat":[66],"product_tag":[64,206,215],"class_list":{"0":"post-230123","1":"product","2":"type-product","3":"status-publish","4":"has-post-thumbnail","6":"product_cat-blowers-y-vacio","7":"product_tag-blower-lobular","8":"product_tag-robuschi","9":"product_tag-sopladores","11":"first","12":"instock","13":"shipping-taxable","14":"product-type-simple"},"acf":[],"yoast_head":"<!-- This site is optimized with the Yoast SEO plugin v27.4 - https:\/\/yoast.com\/product\/yoast-seo-wordpress\/ -->\n<title>Blower \/ Soplador Lobular industrial - Inducom Chile<\/title>\n<meta name=\"robots\" content=\"index, follow, max-snippet:-1, max-image-preview:large, max-video-preview:-1\" \/>\n<link rel=\"canonical\" href=\"https:\/\/www.grupo-inducom.com\/cl\/producto\/blower-soplador-lobular-industrial\/\" \/>\n<meta property=\"og:locale\" content=\"es_ES\" \/>\n<meta property=\"og:type\" content=\"article\" \/>\n<meta property=\"og:title\" content=\"Blower \/ Soplador Lobular industrial - Inducom Chile\" \/>\n<meta property=\"og:description\" content=\"Marca: Sutorbilt  Dise\u00f1o avanzado de trabajo pesado  Fiabilidad y rendimiento comprobados  Lubricaci\u00f3n por doble salpicadura (DSL) para funcionamiento continuo  Fabricado conforme a las normas de calidad ISO 9001  Cuenta con el respaldo local de una red de profesionales de ventas y servicios\" \/>\n<meta property=\"og:url\" content=\"https:\/\/www.grupo-inducom.com\/cl\/producto\/blower-soplador-lobular-industrial\/\" \/>\n<meta property=\"og:site_name\" content=\"Inducom Chile\" \/>\n<meta property=\"article:modified_time\" content=\"2024-10-22T20:32:38+00:00\" \/>\n<meta name=\"twitter:card\" content=\"summary_large_image\" \/>\n<meta name=\"twitter:label1\" content=\"Tiempo de lectura\" \/>\n\t<meta name=\"twitter:data1\" content=\"1 minuto\" \/>\n<script type=\"application\/ld+json\" class=\"yoast-schema-graph\">{\"@context\":\"https:\\\/\\\/schema.org\",\"@graph\":[{\"@type\":\"WebPage\",\"@id\":\"https:\\\/\\\/www.grupo-inducom.com\\\/cl\\\/producto\\\/blower-soplador-lobular-industrial\\\/\",\"url\":\"https:\\\/\\\/www.grupo-inducom.com\\\/cl\\\/producto\\\/blower-soplador-lobular-industrial\\\/\",\"name\":\"Blower \\\/ Soplador Lobular industrial - Inducom Chile\",\"isPartOf\":{\"@id\":\"https:\\\/\\\/www.grupo-inducom.com\\\/cl\\\/#website\"},\"primaryImageOfPage\":{\"@id\":\"https:\\\/\\\/www.grupo-inducom.com\\\/cl\\\/producto\\\/blower-soplador-lobular-industrial\\\/#primaryimage\"},\"image\":{\"@id\":\"https:\\\/\\\/www.grupo-inducom.com\\\/cl\\\/producto\\\/blower-soplador-lobular-industrial\\\/#primaryimage\"},\"thumbnailUrl\":\"https:\\\/\\\/www.grupo-inducom.com\\\/cl\\\/wp-content\\\/uploads\\\/sites\\\/11\\\/2024\\\/10\\\/4-1.webp\",\"datePublished\":\"2024-10-22T20:32:32+00:00\",\"dateModified\":\"2024-10-22T20:32:38+00:00\",\"breadcrumb\":{\"@id\":\"https:\\\/\\\/www.grupo-inducom.com\\\/cl\\\/producto\\\/blower-soplador-lobular-industrial\\\/#breadcrumb\"},\"inLanguage\":\"es\",\"potentialAction\":[{\"@type\":\"ReadAction\",\"target\":[\"https:\\\/\\\/www.grupo-inducom.com\\\/cl\\\/producto\\\/blower-soplador-lobular-industrial\\\/\"]}]},{\"@type\":\"ImageObject\",\"inLanguage\":\"es\",\"@id\":\"https:\\\/\\\/www.grupo-inducom.com\\\/cl\\\/producto\\\/blower-soplador-lobular-industrial\\\/#primaryimage\",\"url\":\"https:\\\/\\\/www.grupo-inducom.com\\\/cl\\\/wp-content\\\/uploads\\\/sites\\\/11\\\/2024\\\/10\\\/4-1.webp\",\"contentUrl\":\"https:\\\/\\\/www.grupo-inducom.com\\\/cl\\\/wp-content\\\/uploads\\\/sites\\\/11\\\/2024\\\/10\\\/4-1.webp\",\"width\":300,\"height\":225},{\"@type\":\"BreadcrumbList\",\"@id\":\"https:\\\/\\\/www.grupo-inducom.com\\\/cl\\\/producto\\\/blower-soplador-lobular-industrial\\\/#breadcrumb\",\"itemListElement\":[{\"@type\":\"ListItem\",\"position\":1,\"name\":\"Portada\",\"item\":\"https:\\\/\\\/www.grupo-inducom.com\\\/cl\\\/\"},{\"@type\":\"ListItem\",\"position\":2,\"name\":\"Productos\",\"item\":\"https:\\\/\\\/www.grupo-inducom.com\\\/cl\\\/tienda__trashed\\\/\"},{\"@type\":\"ListItem\",\"position\":3,\"name\":\"Blower \\\/ Soplador Lobular industrial\"}]},{\"@type\":\"WebSite\",\"@id\":\"https:\\\/\\\/www.grupo-inducom.com\\\/cl\\\/#website\",\"url\":\"https:\\\/\\\/www.grupo-inducom.com\\\/cl\\\/\",\"name\":\"Inducom Chile\",\"description\":\"\",\"potentialAction\":[{\"@type\":\"SearchAction\",\"target\":{\"@type\":\"EntryPoint\",\"urlTemplate\":\"https:\\\/\\\/www.grupo-inducom.com\\\/cl\\\/?s={search_term_string}\"},\"query-input\":{\"@type\":\"PropertyValueSpecification\",\"valueRequired\":true,\"valueName\":\"search_term_string\"}}],\"inLanguage\":\"es\"}]}<\/script>\n<!-- \/ Yoast SEO plugin. -->","yoast_head_json":{"title":"Blower \/ Soplador Lobular industrial - Inducom Chile","robots":{"index":"index","follow":"follow","max-snippet":"max-snippet:-1","max-image-preview":"max-image-preview:large","max-video-preview":"max-video-preview:-1"},"canonical":"https:\/\/www.grupo-inducom.com\/cl\/producto\/blower-soplador-lobular-industrial\/","og_locale":"es_ES","og_type":"article","og_title":"Blower \/ Soplador Lobular industrial - Inducom Chile","og_description":"Marca: Sutorbilt  Dise\u00f1o avanzado de trabajo pesado  Fiabilidad y rendimiento comprobados  Lubricaci\u00f3n por doble salpicadura (DSL) para funcionamiento continuo  Fabricado conforme a las normas de calidad ISO 9001  Cuenta con el respaldo local de una red de profesionales de ventas y servicios","og_url":"https:\/\/www.grupo-inducom.com\/cl\/producto\/blower-soplador-lobular-industrial\/","og_site_name":"Inducom Chile","article_modified_time":"2024-10-22T20:32:38+00:00","twitter_card":"summary_large_image","twitter_misc":{"Tiempo de lectura":"1 minuto"},"schema":{"@context":"https:\/\/schema.org","@graph":[{"@type":"WebPage","@id":"https:\/\/www.grupo-inducom.com\/cl\/producto\/blower-soplador-lobular-industrial\/","url":"https:\/\/www.grupo-inducom.com\/cl\/producto\/blower-soplador-lobular-industrial\/","name":"Blower \/ Soplador Lobular industrial - Inducom Chile","isPartOf":{"@id":"https:\/\/www.grupo-inducom.com\/cl\/#website"},"primaryImageOfPage":{"@id":"https:\/\/www.grupo-inducom.com\/cl\/producto\/blower-soplador-lobular-industrial\/#primaryimage"},"image":{"@id":"https:\/\/www.grupo-inducom.com\/cl\/producto\/blower-soplador-lobular-industrial\/#primaryimage"},"thumbnailUrl":"https:\/\/www.grupo-inducom.com\/cl\/wp-content\/uploads\/sites\/11\/2024\/10\/4-1.webp","datePublished":"2024-10-22T20:32:32+00:00","dateModified":"2024-10-22T20:32:38+00:00","breadcrumb":{"@id":"https:\/\/www.grupo-inducom.com\/cl\/producto\/blower-soplador-lobular-industrial\/#breadcrumb"},"inLanguage":"es","potentialAction":[{"@type":"ReadAction","target":["https:\/\/www.grupo-inducom.com\/cl\/producto\/blower-soplador-lobular-industrial\/"]}]},{"@type":"ImageObject","inLanguage":"es","@id":"https:\/\/www.grupo-inducom.com\/cl\/producto\/blower-soplador-lobular-industrial\/#primaryimage","url":"https:\/\/www.grupo-inducom.com\/cl\/wp-content\/uploads\/sites\/11\/2024\/10\/4-1.webp","contentUrl":"https:\/\/www.grupo-inducom.com\/cl\/wp-content\/uploads\/sites\/11\/2024\/10\/4-1.webp","width":300,"height":225},{"@type":"BreadcrumbList","@id":"https:\/\/www.grupo-inducom.com\/cl\/producto\/blower-soplador-lobular-industrial\/#breadcrumb","itemListElement":[{"@type":"ListItem","position":1,"name":"Portada","item":"https:\/\/www.grupo-inducom.com\/cl\/"},{"@type":"ListItem","position":2,"name":"Productos","item":"https:\/\/www.grupo-inducom.com\/cl\/tienda__trashed\/"},{"@type":"ListItem","position":3,"name":"Blower \/ Soplador Lobular industrial"}]},{"@type":"WebSite","@id":"https:\/\/www.grupo-inducom.com\/cl\/#website","url":"https:\/\/www.grupo-inducom.com\/cl\/","name":"Inducom Chile","description":"","potentialAction":[{"@type":"SearchAction","target":{"@type":"EntryPoint","urlTemplate":"https:\/\/www.grupo-inducom.com\/cl\/?s={search_term_string}"},"query-input":{"@type":"PropertyValueSpecification","valueRequired":true,"valueName":"search_term_string"}}],"inLanguage":"es"}]}},"_links":{"self":[{"href":"https:\/\/www.grupo-inducom.com\/cl\/wp-json\/wp\/v2\/product\/230123","targetHints":{"allow":["GET"]}}],"collection":[{"href":"https:\/\/www.grupo-inducom.com\/cl\/wp-json\/wp\/v2\/product"}],"about":[{"href":"https:\/\/www.grupo-inducom.com\/cl\/wp-json\/wp\/v2\/types\/product"}],"replies":[{"embeddable":true,"href":"https:\/\/www.grupo-inducom.com\/cl\/wp-json\/wp\/v2\/comments?post=230123"}],"wp:featuredmedia":[{"embeddable":true,"href":"https:\/\/www.grupo-inducom.com\/cl\/wp-json\/wp\/v2\/media\/230153"}],"wp:attachment":[{"href":"https:\/\/www.grupo-inducom.com\/cl\/wp-json\/wp\/v2\/media?parent=230123"}],"wp:term":[{"taxonomy":"product_brand","embeddable":true,"href":"https:\/\/www.grupo-inducom.com\/cl\/wp-json\/wp\/v2\/product_brand?post=230123"},{"taxonomy":"product_cat","embeddable":true,"href":"https:\/\/www.grupo-inducom.com\/cl\/wp-json\/wp\/v2\/product_cat?post=230123"},{"taxonomy":"product_tag","embeddable":true,"href":"https:\/\/www.grupo-inducom.com\/cl\/wp-json\/wp\/v2\/product_tag?post=230123"}],"curies":[{"name":"wp","href":"https:\/\/api.w.org\/{rel}","templated":true}]}}