{"id":230082,"date":"2023-06-02T15:00:19","date_gmt":"2023-06-02T20:00:19","guid":{"rendered":"https:\/\/www.grupo-inducom.com\/bo\/?post_type=product&#038;p=230082"},"modified":"2023-06-02T15:00:26","modified_gmt":"2023-06-02T20:00:26","slug":"homogeneizador-sanitario","status":"publish","type":"product","link":"https:\/\/www.grupo-inducom.com\/bo\/producto\/homogeneizador-sanitario\/","title":{"rendered":"Homogeneizador Sanitario"},"content":{"rendered":"<p>El homogeneizador Ariete 3160 puede personalizarse con m\u00e1s de 300 opciones para permitir un alto rendimiento y fiabilidad en la producci\u00f3n industrial continua.<\/p>\n<p>Todos los homogeneizadores Ariete est\u00e1n dise\u00f1ados con los mejores materiales y componentes de marcas de primera calidad, cumpliendo con todas las normas de la industria en cuanto a certificaciones y directrices: USDA, FDA, 3-A, ATEX, EHEDG y cGMP.<\/p>\n","protected":false},"excerpt":{"rendered":"<p>Marca: GEA<\/p>\n<p>Alta eficiencia y excelente rendimiento a presiones muy altas<\/p>\n<p>Alta fiabilidad en procesado continuo (24\/7)<\/p>\n<p>Costes de explotaci\u00f3n reducidos (agua, aceite de lubricaci\u00f3n y suministro el\u00e9ctrico)<\/p>\n<p>Adecuados para productos abrasivos y viscosos<\/p>\n<p>Dise\u00f1o as\u00e9ptico<\/p>\n<p>Totalmente automatizado con opci\u00f3n de control remoto<\/p>\n<p>F\u00e1cil mantenimiento<\/p>\n","protected":false},"featured_media":898,"comment_status":"open","ping_status":"closed","template":"","meta":{"_acf_changed":false,"_et_pb_use_builder":"","_et_pb_old_content":"","_et_gb_content_width":"","content-type":""},"product_brand":[],"product_cat":[145],"product_tag":[67],"class_list":{"0":"post-230082","1":"product","2":"type-product","3":"status-publish","4":"has-post-thumbnail","6":"product_cat-linea-sanitaria","7":"product_tag-ampco","9":"first","10":"instock","11":"shipping-taxable","12":"product-type-simple"},"acf":[],"yoast_head":"<!-- This site is optimized with the Yoast SEO plugin v27.4 - https:\/\/yoast.com\/product\/yoast-seo-wordpress\/ -->\n<title>Homogeneizador Sanitario - Inducom Bolivia<\/title>\n<meta name=\"robots\" content=\"index, follow, max-snippet:-1, max-image-preview:large, max-video-preview:-1\" \/>\n<link rel=\"canonical\" href=\"https:\/\/www.grupo-inducom.com\/bo\/producto\/homogeneizador-sanitario\/\" \/>\n<meta property=\"og:locale\" content=\"es_ES\" \/>\n<meta property=\"og:type\" content=\"article\" \/>\n<meta property=\"og:title\" content=\"Homogeneizador Sanitario - Inducom Bolivia\" \/>\n<meta property=\"og:description\" content=\"Marca: GEA Alta eficiencia y excelente rendimiento a presiones muy altas Alta fiabilidad en procesado continuo (24\/7) Costes de explotaci\u00f3n reducidos (agua, aceite de lubricaci\u00f3n y suministro el\u00e9ctrico) Adecuados para productos abrasivos y viscosos Dise\u00f1o as\u00e9ptico Totalmente automatizado con opci\u00f3n de control remoto F\u00e1cil mantenimiento\" \/>\n<meta property=\"og:url\" content=\"https:\/\/www.grupo-inducom.com\/bo\/producto\/homogeneizador-sanitario\/\" \/>\n<meta property=\"og:site_name\" content=\"Inducom Bolivia\" \/>\n<meta property=\"article:modified_time\" content=\"2023-06-02T20:00:26+00:00\" \/>\n<meta name=\"twitter:card\" content=\"summary_large_image\" \/>\n<script type=\"application\/ld+json\" class=\"yoast-schema-graph\">{\"@context\":\"https:\\\/\\\/schema.org\",\"@graph\":[{\"@type\":\"WebPage\",\"@id\":\"https:\\\/\\\/www.grupo-inducom.com\\\/bo\\\/producto\\\/homogeneizador-sanitario\\\/\",\"url\":\"https:\\\/\\\/www.grupo-inducom.com\\\/bo\\\/producto\\\/homogeneizador-sanitario\\\/\",\"name\":\"Homogeneizador Sanitario - Inducom Bolivia\",\"isPartOf\":{\"@id\":\"https:\\\/\\\/www.grupo-inducom.com\\\/bo\\\/#website\"},\"primaryImageOfPage\":{\"@id\":\"https:\\\/\\\/www.grupo-inducom.com\\\/bo\\\/producto\\\/homogeneizador-sanitario\\\/#primaryimage\"},\"image\":{\"@id\":\"https:\\\/\\\/www.grupo-inducom.com\\\/bo\\\/producto\\\/homogeneizador-sanitario\\\/#primaryimage\"},\"thumbnailUrl\":\"https:\\\/\\\/www.grupo-inducom.com\\\/bo\\\/wp-content\\\/uploads\\\/sites\\\/7\\\/2023\\\/05\\\/HOMOGENIZADORGEA.png\",\"datePublished\":\"2023-06-02T20:00:19+00:00\",\"dateModified\":\"2023-06-02T20:00:26+00:00\",\"breadcrumb\":{\"@id\":\"https:\\\/\\\/www.grupo-inducom.com\\\/bo\\\/producto\\\/homogeneizador-sanitario\\\/#breadcrumb\"},\"inLanguage\":\"es-CO\",\"potentialAction\":[{\"@type\":\"ReadAction\",\"target\":[\"https:\\\/\\\/www.grupo-inducom.com\\\/bo\\\/producto\\\/homogeneizador-sanitario\\\/\"]}]},{\"@type\":\"ImageObject\",\"inLanguage\":\"es-CO\",\"@id\":\"https:\\\/\\\/www.grupo-inducom.com\\\/bo\\\/producto\\\/homogeneizador-sanitario\\\/#primaryimage\",\"url\":\"https:\\\/\\\/www.grupo-inducom.com\\\/bo\\\/wp-content\\\/uploads\\\/sites\\\/7\\\/2023\\\/05\\\/HOMOGENIZADORGEA.png\",\"contentUrl\":\"https:\\\/\\\/www.grupo-inducom.com\\\/bo\\\/wp-content\\\/uploads\\\/sites\\\/7\\\/2023\\\/05\\\/HOMOGENIZADORGEA.png\",\"width\":600,\"height\":450},{\"@type\":\"BreadcrumbList\",\"@id\":\"https:\\\/\\\/www.grupo-inducom.com\\\/bo\\\/producto\\\/homogeneizador-sanitario\\\/#breadcrumb\",\"itemListElement\":[{\"@type\":\"ListItem\",\"position\":1,\"name\":\"Portada\",\"item\":\"https:\\\/\\\/www.grupo-inducom.com\\\/bo\\\/\"},{\"@type\":\"ListItem\",\"position\":2,\"name\":\"Productos\",\"item\":\"https:\\\/\\\/www.grupo-inducom.com\\\/bo\\\/shop\\\/\"},{\"@type\":\"ListItem\",\"position\":3,\"name\":\"Homogeneizador Sanitario\"}]},{\"@type\":\"WebSite\",\"@id\":\"https:\\\/\\\/www.grupo-inducom.com\\\/bo\\\/#website\",\"url\":\"https:\\\/\\\/www.grupo-inducom.com\\\/bo\\\/\",\"name\":\"Inducom Bolivia\",\"description\":\"\",\"potentialAction\":[{\"@type\":\"SearchAction\",\"target\":{\"@type\":\"EntryPoint\",\"urlTemplate\":\"https:\\\/\\\/www.grupo-inducom.com\\\/bo\\\/?s={search_term_string}\"},\"query-input\":{\"@type\":\"PropertyValueSpecification\",\"valueRequired\":true,\"valueName\":\"search_term_string\"}}],\"inLanguage\":\"es-CO\"}]}<\/script>\n<!-- \/ Yoast SEO plugin. -->","yoast_head_json":{"title":"Homogeneizador Sanitario - Inducom Bolivia","robots":{"index":"index","follow":"follow","max-snippet":"max-snippet:-1","max-image-preview":"max-image-preview:large","max-video-preview":"max-video-preview:-1"},"canonical":"https:\/\/www.grupo-inducom.com\/bo\/producto\/homogeneizador-sanitario\/","og_locale":"es_ES","og_type":"article","og_title":"Homogeneizador Sanitario - Inducom Bolivia","og_description":"Marca: GEA Alta eficiencia y excelente rendimiento a presiones muy altas Alta fiabilidad en procesado continuo (24\/7) Costes de explotaci\u00f3n reducidos (agua, aceite de lubricaci\u00f3n y suministro el\u00e9ctrico) Adecuados para productos abrasivos y viscosos Dise\u00f1o as\u00e9ptico Totalmente automatizado con opci\u00f3n de control remoto F\u00e1cil mantenimiento","og_url":"https:\/\/www.grupo-inducom.com\/bo\/producto\/homogeneizador-sanitario\/","og_site_name":"Inducom Bolivia","article_modified_time":"2023-06-02T20:00:26+00:00","twitter_card":"summary_large_image","schema":{"@context":"https:\/\/schema.org","@graph":[{"@type":"WebPage","@id":"https:\/\/www.grupo-inducom.com\/bo\/producto\/homogeneizador-sanitario\/","url":"https:\/\/www.grupo-inducom.com\/bo\/producto\/homogeneizador-sanitario\/","name":"Homogeneizador Sanitario - Inducom Bolivia","isPartOf":{"@id":"https:\/\/www.grupo-inducom.com\/bo\/#website"},"primaryImageOfPage":{"@id":"https:\/\/www.grupo-inducom.com\/bo\/producto\/homogeneizador-sanitario\/#primaryimage"},"image":{"@id":"https:\/\/www.grupo-inducom.com\/bo\/producto\/homogeneizador-sanitario\/#primaryimage"},"thumbnailUrl":"https:\/\/www.grupo-inducom.com\/bo\/wp-content\/uploads\/sites\/7\/2023\/05\/HOMOGENIZADORGEA.png","datePublished":"2023-06-02T20:00:19+00:00","dateModified":"2023-06-02T20:00:26+00:00","breadcrumb":{"@id":"https:\/\/www.grupo-inducom.com\/bo\/producto\/homogeneizador-sanitario\/#breadcrumb"},"inLanguage":"es-CO","potentialAction":[{"@type":"ReadAction","target":["https:\/\/www.grupo-inducom.com\/bo\/producto\/homogeneizador-sanitario\/"]}]},{"@type":"ImageObject","inLanguage":"es-CO","@id":"https:\/\/www.grupo-inducom.com\/bo\/producto\/homogeneizador-sanitario\/#primaryimage","url":"https:\/\/www.grupo-inducom.com\/bo\/wp-content\/uploads\/sites\/7\/2023\/05\/HOMOGENIZADORGEA.png","contentUrl":"https:\/\/www.grupo-inducom.com\/bo\/wp-content\/uploads\/sites\/7\/2023\/05\/HOMOGENIZADORGEA.png","width":600,"height":450},{"@type":"BreadcrumbList","@id":"https:\/\/www.grupo-inducom.com\/bo\/producto\/homogeneizador-sanitario\/#breadcrumb","itemListElement":[{"@type":"ListItem","position":1,"name":"Portada","item":"https:\/\/www.grupo-inducom.com\/bo\/"},{"@type":"ListItem","position":2,"name":"Productos","item":"https:\/\/www.grupo-inducom.com\/bo\/shop\/"},{"@type":"ListItem","position":3,"name":"Homogeneizador Sanitario"}]},{"@type":"WebSite","@id":"https:\/\/www.grupo-inducom.com\/bo\/#website","url":"https:\/\/www.grupo-inducom.com\/bo\/","name":"Inducom Bolivia","description":"","potentialAction":[{"@type":"SearchAction","target":{"@type":"EntryPoint","urlTemplate":"https:\/\/www.grupo-inducom.com\/bo\/?s={search_term_string}"},"query-input":{"@type":"PropertyValueSpecification","valueRequired":true,"valueName":"search_term_string"}}],"inLanguage":"es-CO"}]}},"_links":{"self":[{"href":"https:\/\/www.grupo-inducom.com\/bo\/wp-json\/wp\/v2\/product\/230082","targetHints":{"allow":["GET"]}}],"collection":[{"href":"https:\/\/www.grupo-inducom.com\/bo\/wp-json\/wp\/v2\/product"}],"about":[{"href":"https:\/\/www.grupo-inducom.com\/bo\/wp-json\/wp\/v2\/types\/product"}],"replies":[{"embeddable":true,"href":"https:\/\/www.grupo-inducom.com\/bo\/wp-json\/wp\/v2\/comments?post=230082"}],"wp:featuredmedia":[{"embeddable":true,"href":"https:\/\/www.grupo-inducom.com\/bo\/wp-json\/wp\/v2\/media\/898"}],"wp:attachment":[{"href":"https:\/\/www.grupo-inducom.com\/bo\/wp-json\/wp\/v2\/media?parent=230082"}],"wp:term":[{"taxonomy":"product_brand","embeddable":true,"href":"https:\/\/www.grupo-inducom.com\/bo\/wp-json\/wp\/v2\/product_brand?post=230082"},{"taxonomy":"product_cat","embeddable":true,"href":"https:\/\/www.grupo-inducom.com\/bo\/wp-json\/wp\/v2\/product_cat?post=230082"},{"taxonomy":"product_tag","embeddable":true,"href":"https:\/\/www.grupo-inducom.com\/bo\/wp-json\/wp\/v2\/product_tag?post=230082"}],"curies":[{"name":"wp","href":"https:\/\/api.w.org\/{rel}","templated":true}]}}