{"id":230079,"date":"2023-06-02T15:00:18","date_gmt":"2023-06-02T20:00:18","guid":{"rendered":"https:\/\/www.grupo-inducom.com\/bo\/?post_type=product&#038;p=230079"},"modified":"2023-06-02T15:00:25","modified_gmt":"2023-06-02T20:00:25","slug":"bomba-centrifuga-sanitaria-inox-316","status":"publish","type":"product","link":"https:\/\/www.grupo-inducom.com\/bo\/producto\/bomba-centrifuga-sanitaria-inox-316\/","title":{"rendered":"Bomba centr\u00edfuga sanitaria INOX 316"},"content":{"rendered":"<p><strong>Dise\u00f1o de bomba certificado<\/strong><\/p>\n<p>Las bombas HYGIA con capacidad CIP y SIP facilitan la cualificaci\u00f3n de la bomba en la planta mediante una amplia documentaci\u00f3n y certificados espec\u00edficos del cliente y de los requisitos como EHEDG, 3-A, FDA.<\/p>\n<p>Gracias al sello mec\u00e1nico colocado de forma \u00f3ptima en la bomba, a menudo se puede evitar un dise\u00f1o enrasado. Adem\u00e1s, la bomba es completamente autodrenante si se instala en vertical, incluso sin v\u00e1lvula de drenaje. r<\/p>\n<p><strong>Gran variedad de opciones de sellado<\/strong><\/p>\n<ul>\n<li>Sellos mec\u00e1nicos simples en ejecuci\u00f3n est\u00e9ril<\/li>\n<li>Sellos mec\u00e1nicos dobles (t\u00e1ndem o espalda con espalda)<\/li>\n<li>Material de cara de sellos est\u00e1ndar: carbono\/acero inoxidable y SiC\/SiC<\/li>\n<li>Material de junta t\u00f3rica est\u00e1ndar: EPDM o FKM<\/li>\n<li>Dise\u00f1os y materiales adicionales disponibles previa solicitud<\/li>\n<\/ul>\n<p><strong>Amplia gama de aplicaciones<\/strong><\/p>\n<p><strong>Bebidas:<\/strong><\/p>\n<ul>\n<li>Cerveza (incl. malta, mosto, levadura)<\/li>\n<li>Bebidas alcoh\u00f3licas<\/li>\n<li>Zumos y concentrados<\/li>\n<li>Refrescos<\/li>\n<li>CIP<\/li>\n<\/ul>\n<p><strong>L\u00e1cteos:<\/strong><\/p>\n<ul>\n<li>Leche<\/li>\n<li>Bebidas a base de leche<\/li>\n<li>CIP<\/li>\n<\/ul>\n<p><strong>Farmac\u00e9utico y biofarmac\u00e9utico:<\/strong><\/p>\n<ul>\n<li>WFI (agua para inyecci\u00f3n)<\/li>\n<li>Infusi\u00f3n<\/li>\n<li>Insulina<\/li>\n<li>Sangre y plasma<\/li>\n<li>Soluciones con nutrientes<\/li>\n<li>CIP<\/li>\n<\/ul>\n<p><strong>Alimentaci\u00f3n:<\/strong><\/p>\n<ul>\n<li>Saborizantes<\/li>\n<li>Prote\u00ednas<\/li>\n<li>Alimentos l\u00edquidos<\/li>\n<li>Aceites<\/li>\n<li>CIP<\/li>\n<\/ul>\n","protected":false},"excerpt":{"rendered":"<p>Marca: GEA<\/p>\n<p>Cabezal de 110 m y caudal de 170 m\u00b3\/h<\/p>\n<p>Para uso en industrias con altas exigencias de higiene y flexibilidad.<\/p>\n<p>Certificaci\u00f3n 3-A, EHEDG y FDA.<\/p>\n<p>Variedad de aplicaciones en las industrias de bebidas, alimentos, l\u00e1cteos y farmac\u00e9utica.<\/p>\n<p>Con capacidad CIP y SIP.<\/p>\n","protected":false},"featured_media":891,"comment_status":"open","ping_status":"closed","template":"","meta":{"_acf_changed":false,"_et_pb_use_builder":"","_et_pb_old_content":"","_et_gb_content_width":"","content-type":""},"product_brand":[],"product_cat":[102],"product_tag":[130],"class_list":{"0":"post-230079","1":"product","2":"type-product","3":"status-publish","4":"has-post-thumbnail","6":"product_cat-bombas-centrifugas","7":"product_tag-ebara","9":"first","10":"instock","11":"shipping-taxable","12":"product-type-simple"},"acf":[],"yoast_head":"<!-- This site is optimized with the Yoast SEO plugin v27.4 - https:\/\/yoast.com\/product\/yoast-seo-wordpress\/ -->\n<title>Bomba centr\u00edfuga sanitaria INOX 316 - Inducom Bolivia<\/title>\n<meta name=\"robots\" content=\"index, follow, max-snippet:-1, max-image-preview:large, max-video-preview:-1\" \/>\n<link rel=\"canonical\" href=\"https:\/\/www.grupo-inducom.com\/bo\/producto\/bomba-centrifuga-sanitaria-inox-316\/\" \/>\n<meta property=\"og:locale\" content=\"es_ES\" \/>\n<meta property=\"og:type\" content=\"article\" \/>\n<meta property=\"og:title\" content=\"Bomba centr\u00edfuga sanitaria INOX 316 - Inducom Bolivia\" \/>\n<meta property=\"og:description\" content=\"Marca: GEA Cabezal de 110 m y caudal de 170 m\u00b3\/h Para uso en industrias con altas exigencias de higiene y flexibilidad. Certificaci\u00f3n 3-A, EHEDG y FDA. Variedad de aplicaciones en las industrias de bebidas, alimentos, l\u00e1cteos y farmac\u00e9utica. Con capacidad CIP y SIP.\" \/>\n<meta property=\"og:url\" content=\"https:\/\/www.grupo-inducom.com\/bo\/producto\/bomba-centrifuga-sanitaria-inox-316\/\" \/>\n<meta property=\"og:site_name\" content=\"Inducom Bolivia\" \/>\n<meta property=\"article:modified_time\" content=\"2023-06-02T20:00:25+00:00\" \/>\n<meta name=\"twitter:card\" content=\"summary_large_image\" \/>\n<meta name=\"twitter:label1\" content=\"Tiempo de lectura\" \/>\n\t<meta name=\"twitter:data1\" content=\"1 minuto\" \/>\n<script type=\"application\/ld+json\" class=\"yoast-schema-graph\">{\"@context\":\"https:\\\/\\\/schema.org\",\"@graph\":[{\"@type\":\"WebPage\",\"@id\":\"https:\\\/\\\/www.grupo-inducom.com\\\/bo\\\/producto\\\/bomba-centrifuga-sanitaria-inox-316\\\/\",\"url\":\"https:\\\/\\\/www.grupo-inducom.com\\\/bo\\\/producto\\\/bomba-centrifuga-sanitaria-inox-316\\\/\",\"name\":\"Bomba centr\u00edfuga sanitaria INOX 316 - Inducom Bolivia\",\"isPartOf\":{\"@id\":\"https:\\\/\\\/www.grupo-inducom.com\\\/bo\\\/#website\"},\"primaryImageOfPage\":{\"@id\":\"https:\\\/\\\/www.grupo-inducom.com\\\/bo\\\/producto\\\/bomba-centrifuga-sanitaria-inox-316\\\/#primaryimage\"},\"image\":{\"@id\":\"https:\\\/\\\/www.grupo-inducom.com\\\/bo\\\/producto\\\/bomba-centrifuga-sanitaria-inox-316\\\/#primaryimage\"},\"thumbnailUrl\":\"https:\\\/\\\/www.grupo-inducom.com\\\/bo\\\/wp-content\\\/uploads\\\/sites\\\/7\\\/2023\\\/05\\\/centrifuga-sanitaria-3GEA-SANITARIAS.png\",\"datePublished\":\"2023-06-02T20:00:18+00:00\",\"dateModified\":\"2023-06-02T20:00:25+00:00\",\"breadcrumb\":{\"@id\":\"https:\\\/\\\/www.grupo-inducom.com\\\/bo\\\/producto\\\/bomba-centrifuga-sanitaria-inox-316\\\/#breadcrumb\"},\"inLanguage\":\"es-CO\",\"potentialAction\":[{\"@type\":\"ReadAction\",\"target\":[\"https:\\\/\\\/www.grupo-inducom.com\\\/bo\\\/producto\\\/bomba-centrifuga-sanitaria-inox-316\\\/\"]}]},{\"@type\":\"ImageObject\",\"inLanguage\":\"es-CO\",\"@id\":\"https:\\\/\\\/www.grupo-inducom.com\\\/bo\\\/producto\\\/bomba-centrifuga-sanitaria-inox-316\\\/#primaryimage\",\"url\":\"https:\\\/\\\/www.grupo-inducom.com\\\/bo\\\/wp-content\\\/uploads\\\/sites\\\/7\\\/2023\\\/05\\\/centrifuga-sanitaria-3GEA-SANITARIAS.png\",\"contentUrl\":\"https:\\\/\\\/www.grupo-inducom.com\\\/bo\\\/wp-content\\\/uploads\\\/sites\\\/7\\\/2023\\\/05\\\/centrifuga-sanitaria-3GEA-SANITARIAS.png\",\"width\":600,\"height\":450},{\"@type\":\"BreadcrumbList\",\"@id\":\"https:\\\/\\\/www.grupo-inducom.com\\\/bo\\\/producto\\\/bomba-centrifuga-sanitaria-inox-316\\\/#breadcrumb\",\"itemListElement\":[{\"@type\":\"ListItem\",\"position\":1,\"name\":\"Portada\",\"item\":\"https:\\\/\\\/www.grupo-inducom.com\\\/bo\\\/\"},{\"@type\":\"ListItem\",\"position\":2,\"name\":\"Productos\",\"item\":\"https:\\\/\\\/www.grupo-inducom.com\\\/bo\\\/shop\\\/\"},{\"@type\":\"ListItem\",\"position\":3,\"name\":\"Bomba centr\u00edfuga sanitaria INOX 316\"}]},{\"@type\":\"WebSite\",\"@id\":\"https:\\\/\\\/www.grupo-inducom.com\\\/bo\\\/#website\",\"url\":\"https:\\\/\\\/www.grupo-inducom.com\\\/bo\\\/\",\"name\":\"Inducom Bolivia\",\"description\":\"\",\"potentialAction\":[{\"@type\":\"SearchAction\",\"target\":{\"@type\":\"EntryPoint\",\"urlTemplate\":\"https:\\\/\\\/www.grupo-inducom.com\\\/bo\\\/?s={search_term_string}\"},\"query-input\":{\"@type\":\"PropertyValueSpecification\",\"valueRequired\":true,\"valueName\":\"search_term_string\"}}],\"inLanguage\":\"es-CO\"}]}<\/script>\n<!-- \/ Yoast SEO plugin. -->","yoast_head_json":{"title":"Bomba centr\u00edfuga sanitaria INOX 316 - Inducom Bolivia","robots":{"index":"index","follow":"follow","max-snippet":"max-snippet:-1","max-image-preview":"max-image-preview:large","max-video-preview":"max-video-preview:-1"},"canonical":"https:\/\/www.grupo-inducom.com\/bo\/producto\/bomba-centrifuga-sanitaria-inox-316\/","og_locale":"es_ES","og_type":"article","og_title":"Bomba centr\u00edfuga sanitaria INOX 316 - Inducom Bolivia","og_description":"Marca: GEA Cabezal de 110 m y caudal de 170 m\u00b3\/h Para uso en industrias con altas exigencias de higiene y flexibilidad. Certificaci\u00f3n 3-A, EHEDG y FDA. Variedad de aplicaciones en las industrias de bebidas, alimentos, l\u00e1cteos y farmac\u00e9utica. Con capacidad CIP y SIP.","og_url":"https:\/\/www.grupo-inducom.com\/bo\/producto\/bomba-centrifuga-sanitaria-inox-316\/","og_site_name":"Inducom Bolivia","article_modified_time":"2023-06-02T20:00:25+00:00","twitter_card":"summary_large_image","twitter_misc":{"Tiempo de lectura":"1 minuto"},"schema":{"@context":"https:\/\/schema.org","@graph":[{"@type":"WebPage","@id":"https:\/\/www.grupo-inducom.com\/bo\/producto\/bomba-centrifuga-sanitaria-inox-316\/","url":"https:\/\/www.grupo-inducom.com\/bo\/producto\/bomba-centrifuga-sanitaria-inox-316\/","name":"Bomba centr\u00edfuga sanitaria INOX 316 - Inducom Bolivia","isPartOf":{"@id":"https:\/\/www.grupo-inducom.com\/bo\/#website"},"primaryImageOfPage":{"@id":"https:\/\/www.grupo-inducom.com\/bo\/producto\/bomba-centrifuga-sanitaria-inox-316\/#primaryimage"},"image":{"@id":"https:\/\/www.grupo-inducom.com\/bo\/producto\/bomba-centrifuga-sanitaria-inox-316\/#primaryimage"},"thumbnailUrl":"https:\/\/www.grupo-inducom.com\/bo\/wp-content\/uploads\/sites\/7\/2023\/05\/centrifuga-sanitaria-3GEA-SANITARIAS.png","datePublished":"2023-06-02T20:00:18+00:00","dateModified":"2023-06-02T20:00:25+00:00","breadcrumb":{"@id":"https:\/\/www.grupo-inducom.com\/bo\/producto\/bomba-centrifuga-sanitaria-inox-316\/#breadcrumb"},"inLanguage":"es-CO","potentialAction":[{"@type":"ReadAction","target":["https:\/\/www.grupo-inducom.com\/bo\/producto\/bomba-centrifuga-sanitaria-inox-316\/"]}]},{"@type":"ImageObject","inLanguage":"es-CO","@id":"https:\/\/www.grupo-inducom.com\/bo\/producto\/bomba-centrifuga-sanitaria-inox-316\/#primaryimage","url":"https:\/\/www.grupo-inducom.com\/bo\/wp-content\/uploads\/sites\/7\/2023\/05\/centrifuga-sanitaria-3GEA-SANITARIAS.png","contentUrl":"https:\/\/www.grupo-inducom.com\/bo\/wp-content\/uploads\/sites\/7\/2023\/05\/centrifuga-sanitaria-3GEA-SANITARIAS.png","width":600,"height":450},{"@type":"BreadcrumbList","@id":"https:\/\/www.grupo-inducom.com\/bo\/producto\/bomba-centrifuga-sanitaria-inox-316\/#breadcrumb","itemListElement":[{"@type":"ListItem","position":1,"name":"Portada","item":"https:\/\/www.grupo-inducom.com\/bo\/"},{"@type":"ListItem","position":2,"name":"Productos","item":"https:\/\/www.grupo-inducom.com\/bo\/shop\/"},{"@type":"ListItem","position":3,"name":"Bomba centr\u00edfuga sanitaria INOX 316"}]},{"@type":"WebSite","@id":"https:\/\/www.grupo-inducom.com\/bo\/#website","url":"https:\/\/www.grupo-inducom.com\/bo\/","name":"Inducom Bolivia","description":"","potentialAction":[{"@type":"SearchAction","target":{"@type":"EntryPoint","urlTemplate":"https:\/\/www.grupo-inducom.com\/bo\/?s={search_term_string}"},"query-input":{"@type":"PropertyValueSpecification","valueRequired":true,"valueName":"search_term_string"}}],"inLanguage":"es-CO"}]}},"_links":{"self":[{"href":"https:\/\/www.grupo-inducom.com\/bo\/wp-json\/wp\/v2\/product\/230079","targetHints":{"allow":["GET"]}}],"collection":[{"href":"https:\/\/www.grupo-inducom.com\/bo\/wp-json\/wp\/v2\/product"}],"about":[{"href":"https:\/\/www.grupo-inducom.com\/bo\/wp-json\/wp\/v2\/types\/product"}],"replies":[{"embeddable":true,"href":"https:\/\/www.grupo-inducom.com\/bo\/wp-json\/wp\/v2\/comments?post=230079"}],"wp:featuredmedia":[{"embeddable":true,"href":"https:\/\/www.grupo-inducom.com\/bo\/wp-json\/wp\/v2\/media\/891"}],"wp:attachment":[{"href":"https:\/\/www.grupo-inducom.com\/bo\/wp-json\/wp\/v2\/media?parent=230079"}],"wp:term":[{"taxonomy":"product_brand","embeddable":true,"href":"https:\/\/www.grupo-inducom.com\/bo\/wp-json\/wp\/v2\/product_brand?post=230079"},{"taxonomy":"product_cat","embeddable":true,"href":"https:\/\/www.grupo-inducom.com\/bo\/wp-json\/wp\/v2\/product_cat?post=230079"},{"taxonomy":"product_tag","embeddable":true,"href":"https:\/\/www.grupo-inducom.com\/bo\/wp-json\/wp\/v2\/product_tag?post=230079"}],"curies":[{"name":"wp","href":"https:\/\/api.w.org\/{rel}","templated":true}]}}