{"id":230078,"date":"2023-06-02T15:00:18","date_gmt":"2023-06-02T20:00:18","guid":{"rendered":"https:\/\/www.grupo-inducom.com\/bo\/?post_type=product&#038;p=230078"},"modified":"2023-06-02T15:00:25","modified_gmt":"2023-06-02T20:00:25","slug":"bomba-lobular-sanitaria-hilge","status":"publish","type":"product","link":"https:\/\/www.grupo-inducom.com\/bo\/producto\/bomba-lobular-sanitaria-hilge\/","title":{"rendered":"Bomba lobular sanitaria Hilge"},"content":{"rendered":"<p><strong>Construcci\u00f3n robusta:<\/strong><\/p>\n<p>Robusta construcci\u00f3n, se ha minimizado la holgura y el rebasamiento del eje. El dise\u00f1o compacto de la bomba y la geometr\u00eda r\u00edgida del eje reducen a un m\u00ednimo absoluto el riesgo de excoriaci\u00f3n. Dise\u00f1ada para una presi\u00f3n diferencial de hasta 16 bar.<\/p>\n<p><strong>Sellos de ejes:<\/strong><\/p>\n<p>Los sellos mec\u00e1nicos son sellos simples interiores en una posici\u00f3n \u00f3ptima dentro de la bomba para asegurar una extraordinaria lubricaci\u00f3n y refrigeraci\u00f3n. Tambi\u00e9n cumplen con los criterios de dise\u00f1o higi\u00e9nico para los procesos CIP y SIP.<\/p>\n<p>Los materiales de cara del sello est\u00e1n cuidadosamente seleccionados para medios espec\u00edficos. Los materiales est\u00e1ndar son carbono\/carburo de silicio con elast\u00f3meros EPDM (conforme con FDA).<\/p>\n<p><strong>Conexiones:<\/strong><\/p>\n<p>Roscas seg\u00fan DIN 11851 (est\u00e1ndar)<\/p>\n<p>Bridas seg\u00fan DIN EN 1092-1 \/ DIN 2642 PN 16<\/p>\n<p>Roscas est\u00e9riles seg\u00fan DIN 11864-1 \/ DIN 11853-1<\/p>\n<p>Bridas est\u00e9riles seg\u00fan DIN 11864-2 \/ DIN 11853-2<\/p>\n<p>Otras conexiones disponibles previa solicitud.<\/p>\n<p><strong>Variedad de aplicaciones:<\/strong><\/p>\n<p>Las bombas sanitarias en ecuador de GEA ofrecen un funcionamiento extremadamente fiable y un cuidadoso manejo del producto. El dise\u00f1o higi\u00e9nico y el uso de materiales sin poros hace que estas bombas sean adecuadas para una variedad de aplicaciones, como:<\/p>\n<p><strong>\u00a0<\/strong><\/p>\n<p><strong>Alimentaci\u00f3n y bebidas<\/strong><\/p>\n<ul>\n<li>Explotaci\u00f3n lechera<\/li>\n<li>Plantas de elaboraci\u00f3n de alimentos<\/li>\n<li>Aplicaciones para refrescos<\/li>\n<li>Reposter\u00eda y az\u00facar<\/li>\n<li>Industria c\u00e1rnica<\/li>\n<li>Cervecer\u00eda<\/li>\n<\/ul>\n<p><strong>Farmac\u00e9utica, biotecnolog\u00eda e higiene personal<\/strong><\/p>\n<ul>\n<li>Procesos de fermentaci\u00f3n<\/li>\n<li>Vacunas<\/li>\n<li>Hemoderivados<\/li>\n<li>Producci\u00f3n de enzimas<\/li>\n<li>Cosm\u00e9ticos<\/li>\n<li>Higiene personal<\/li>\n<\/ul>\n<p><strong>Otras aplicaciones industriales<\/strong><\/p>\n<ul>\n<li>Papel<\/li>\n<li>Textil<\/li>\n<li>Qu\u00edmica<\/li>\n<\/ul>\n","protected":false},"excerpt":{"rendered":"<p>Para fluidos viscosos y aplicaciones que requieren un bombeo o dosificaci\u00f3n cuidadosa.<\/p>\n<p>Certificaci\u00f3n EHEDG y FDA.<\/p>\n<p>Disponibles con distintos tipos de sellos: Sello mec\u00e1nico simple; Sello mec\u00e1nico de una sola descarga; Sello mec\u00e1nico doble; Junta t\u00f3rica.<\/p>\n<p>Variedad de aplicaciones.<\/p>\n","protected":false},"featured_media":889,"comment_status":"open","ping_status":"closed","template":"","meta":{"_acf_changed":false,"_et_pb_use_builder":"","_et_pb_old_content":"","_et_gb_content_width":"","content-type":""},"product_brand":[],"product_cat":[79],"product_tag":[151],"class_list":{"0":"post-230078","1":"product","2":"type-product","3":"status-publish","4":"has-post-thumbnail","6":"product_cat-bomba-de-desplazamiento-positivo","7":"product_tag-netzsch","9":"first","10":"instock","11":"shipping-taxable","12":"product-type-simple"},"acf":[],"yoast_head":"<!-- This site is optimized with the Yoast SEO plugin v27.4 - https:\/\/yoast.com\/product\/yoast-seo-wordpress\/ -->\n<title>Bomba lobular sanitaria Hilge - Inducom Bolivia<\/title>\n<meta name=\"robots\" content=\"index, follow, max-snippet:-1, max-image-preview:large, max-video-preview:-1\" \/>\n<link rel=\"canonical\" href=\"https:\/\/www.grupo-inducom.com\/bo\/producto\/bomba-lobular-sanitaria-hilge\/\" \/>\n<meta property=\"og:locale\" content=\"es_ES\" \/>\n<meta property=\"og:type\" content=\"article\" \/>\n<meta property=\"og:title\" content=\"Bomba lobular sanitaria Hilge - Inducom Bolivia\" \/>\n<meta property=\"og:description\" content=\"Para fluidos viscosos y aplicaciones que requieren un bombeo o dosificaci\u00f3n cuidadosa. Certificaci\u00f3n EHEDG y FDA. Disponibles con distintos tipos de sellos: Sello mec\u00e1nico simple; Sello mec\u00e1nico de una sola descarga; Sello mec\u00e1nico doble; Junta t\u00f3rica. Variedad de aplicaciones.\" \/>\n<meta property=\"og:url\" content=\"https:\/\/www.grupo-inducom.com\/bo\/producto\/bomba-lobular-sanitaria-hilge\/\" \/>\n<meta property=\"og:site_name\" content=\"Inducom Bolivia\" \/>\n<meta property=\"article:modified_time\" content=\"2023-06-02T20:00:25+00:00\" \/>\n<meta name=\"twitter:card\" content=\"summary_large_image\" \/>\n<meta name=\"twitter:label1\" content=\"Tiempo de lectura\" \/>\n\t<meta name=\"twitter:data1\" content=\"1 minuto\" \/>\n<script type=\"application\/ld+json\" class=\"yoast-schema-graph\">{\"@context\":\"https:\\\/\\\/schema.org\",\"@graph\":[{\"@type\":\"WebPage\",\"@id\":\"https:\\\/\\\/www.grupo-inducom.com\\\/bo\\\/producto\\\/bomba-lobular-sanitaria-hilge\\\/\",\"url\":\"https:\\\/\\\/www.grupo-inducom.com\\\/bo\\\/producto\\\/bomba-lobular-sanitaria-hilge\\\/\",\"name\":\"Bomba lobular sanitaria Hilge - Inducom Bolivia\",\"isPartOf\":{\"@id\":\"https:\\\/\\\/www.grupo-inducom.com\\\/bo\\\/#website\"},\"primaryImageOfPage\":{\"@id\":\"https:\\\/\\\/www.grupo-inducom.com\\\/bo\\\/producto\\\/bomba-lobular-sanitaria-hilge\\\/#primaryimage\"},\"image\":{\"@id\":\"https:\\\/\\\/www.grupo-inducom.com\\\/bo\\\/producto\\\/bomba-lobular-sanitaria-hilge\\\/#primaryimage\"},\"thumbnailUrl\":\"https:\\\/\\\/www.grupo-inducom.com\\\/bo\\\/wp-content\\\/uploads\\\/sites\\\/7\\\/2023\\\/05\\\/LOBULAR-2PRODUCTOS.png\",\"datePublished\":\"2023-06-02T20:00:18+00:00\",\"dateModified\":\"2023-06-02T20:00:25+00:00\",\"breadcrumb\":{\"@id\":\"https:\\\/\\\/www.grupo-inducom.com\\\/bo\\\/producto\\\/bomba-lobular-sanitaria-hilge\\\/#breadcrumb\"},\"inLanguage\":\"es-CO\",\"potentialAction\":[{\"@type\":\"ReadAction\",\"target\":[\"https:\\\/\\\/www.grupo-inducom.com\\\/bo\\\/producto\\\/bomba-lobular-sanitaria-hilge\\\/\"]}]},{\"@type\":\"ImageObject\",\"inLanguage\":\"es-CO\",\"@id\":\"https:\\\/\\\/www.grupo-inducom.com\\\/bo\\\/producto\\\/bomba-lobular-sanitaria-hilge\\\/#primaryimage\",\"url\":\"https:\\\/\\\/www.grupo-inducom.com\\\/bo\\\/wp-content\\\/uploads\\\/sites\\\/7\\\/2023\\\/05\\\/LOBULAR-2PRODUCTOS.png\",\"contentUrl\":\"https:\\\/\\\/www.grupo-inducom.com\\\/bo\\\/wp-content\\\/uploads\\\/sites\\\/7\\\/2023\\\/05\\\/LOBULAR-2PRODUCTOS.png\",\"width\":600,\"height\":450},{\"@type\":\"BreadcrumbList\",\"@id\":\"https:\\\/\\\/www.grupo-inducom.com\\\/bo\\\/producto\\\/bomba-lobular-sanitaria-hilge\\\/#breadcrumb\",\"itemListElement\":[{\"@type\":\"ListItem\",\"position\":1,\"name\":\"Portada\",\"item\":\"https:\\\/\\\/www.grupo-inducom.com\\\/bo\\\/\"},{\"@type\":\"ListItem\",\"position\":2,\"name\":\"Productos\",\"item\":\"https:\\\/\\\/www.grupo-inducom.com\\\/bo\\\/shop\\\/\"},{\"@type\":\"ListItem\",\"position\":3,\"name\":\"Bomba lobular sanitaria Hilge\"}]},{\"@type\":\"WebSite\",\"@id\":\"https:\\\/\\\/www.grupo-inducom.com\\\/bo\\\/#website\",\"url\":\"https:\\\/\\\/www.grupo-inducom.com\\\/bo\\\/\",\"name\":\"Inducom Bolivia\",\"description\":\"\",\"potentialAction\":[{\"@type\":\"SearchAction\",\"target\":{\"@type\":\"EntryPoint\",\"urlTemplate\":\"https:\\\/\\\/www.grupo-inducom.com\\\/bo\\\/?s={search_term_string}\"},\"query-input\":{\"@type\":\"PropertyValueSpecification\",\"valueRequired\":true,\"valueName\":\"search_term_string\"}}],\"inLanguage\":\"es-CO\"}]}<\/script>\n<!-- \/ Yoast SEO plugin. -->","yoast_head_json":{"title":"Bomba lobular sanitaria Hilge - Inducom Bolivia","robots":{"index":"index","follow":"follow","max-snippet":"max-snippet:-1","max-image-preview":"max-image-preview:large","max-video-preview":"max-video-preview:-1"},"canonical":"https:\/\/www.grupo-inducom.com\/bo\/producto\/bomba-lobular-sanitaria-hilge\/","og_locale":"es_ES","og_type":"article","og_title":"Bomba lobular sanitaria Hilge - Inducom Bolivia","og_description":"Para fluidos viscosos y aplicaciones que requieren un bombeo o dosificaci\u00f3n cuidadosa. Certificaci\u00f3n EHEDG y FDA. Disponibles con distintos tipos de sellos: Sello mec\u00e1nico simple; Sello mec\u00e1nico de una sola descarga; Sello mec\u00e1nico doble; Junta t\u00f3rica. Variedad de aplicaciones.","og_url":"https:\/\/www.grupo-inducom.com\/bo\/producto\/bomba-lobular-sanitaria-hilge\/","og_site_name":"Inducom Bolivia","article_modified_time":"2023-06-02T20:00:25+00:00","twitter_card":"summary_large_image","twitter_misc":{"Tiempo de lectura":"1 minuto"},"schema":{"@context":"https:\/\/schema.org","@graph":[{"@type":"WebPage","@id":"https:\/\/www.grupo-inducom.com\/bo\/producto\/bomba-lobular-sanitaria-hilge\/","url":"https:\/\/www.grupo-inducom.com\/bo\/producto\/bomba-lobular-sanitaria-hilge\/","name":"Bomba lobular sanitaria Hilge - Inducom Bolivia","isPartOf":{"@id":"https:\/\/www.grupo-inducom.com\/bo\/#website"},"primaryImageOfPage":{"@id":"https:\/\/www.grupo-inducom.com\/bo\/producto\/bomba-lobular-sanitaria-hilge\/#primaryimage"},"image":{"@id":"https:\/\/www.grupo-inducom.com\/bo\/producto\/bomba-lobular-sanitaria-hilge\/#primaryimage"},"thumbnailUrl":"https:\/\/www.grupo-inducom.com\/bo\/wp-content\/uploads\/sites\/7\/2023\/05\/LOBULAR-2PRODUCTOS.png","datePublished":"2023-06-02T20:00:18+00:00","dateModified":"2023-06-02T20:00:25+00:00","breadcrumb":{"@id":"https:\/\/www.grupo-inducom.com\/bo\/producto\/bomba-lobular-sanitaria-hilge\/#breadcrumb"},"inLanguage":"es-CO","potentialAction":[{"@type":"ReadAction","target":["https:\/\/www.grupo-inducom.com\/bo\/producto\/bomba-lobular-sanitaria-hilge\/"]}]},{"@type":"ImageObject","inLanguage":"es-CO","@id":"https:\/\/www.grupo-inducom.com\/bo\/producto\/bomba-lobular-sanitaria-hilge\/#primaryimage","url":"https:\/\/www.grupo-inducom.com\/bo\/wp-content\/uploads\/sites\/7\/2023\/05\/LOBULAR-2PRODUCTOS.png","contentUrl":"https:\/\/www.grupo-inducom.com\/bo\/wp-content\/uploads\/sites\/7\/2023\/05\/LOBULAR-2PRODUCTOS.png","width":600,"height":450},{"@type":"BreadcrumbList","@id":"https:\/\/www.grupo-inducom.com\/bo\/producto\/bomba-lobular-sanitaria-hilge\/#breadcrumb","itemListElement":[{"@type":"ListItem","position":1,"name":"Portada","item":"https:\/\/www.grupo-inducom.com\/bo\/"},{"@type":"ListItem","position":2,"name":"Productos","item":"https:\/\/www.grupo-inducom.com\/bo\/shop\/"},{"@type":"ListItem","position":3,"name":"Bomba lobular sanitaria Hilge"}]},{"@type":"WebSite","@id":"https:\/\/www.grupo-inducom.com\/bo\/#website","url":"https:\/\/www.grupo-inducom.com\/bo\/","name":"Inducom Bolivia","description":"","potentialAction":[{"@type":"SearchAction","target":{"@type":"EntryPoint","urlTemplate":"https:\/\/www.grupo-inducom.com\/bo\/?s={search_term_string}"},"query-input":{"@type":"PropertyValueSpecification","valueRequired":true,"valueName":"search_term_string"}}],"inLanguage":"es-CO"}]}},"_links":{"self":[{"href":"https:\/\/www.grupo-inducom.com\/bo\/wp-json\/wp\/v2\/product\/230078","targetHints":{"allow":["GET"]}}],"collection":[{"href":"https:\/\/www.grupo-inducom.com\/bo\/wp-json\/wp\/v2\/product"}],"about":[{"href":"https:\/\/www.grupo-inducom.com\/bo\/wp-json\/wp\/v2\/types\/product"}],"replies":[{"embeddable":true,"href":"https:\/\/www.grupo-inducom.com\/bo\/wp-json\/wp\/v2\/comments?post=230078"}],"wp:featuredmedia":[{"embeddable":true,"href":"https:\/\/www.grupo-inducom.com\/bo\/wp-json\/wp\/v2\/media\/889"}],"wp:attachment":[{"href":"https:\/\/www.grupo-inducom.com\/bo\/wp-json\/wp\/v2\/media?parent=230078"}],"wp:term":[{"taxonomy":"product_brand","embeddable":true,"href":"https:\/\/www.grupo-inducom.com\/bo\/wp-json\/wp\/v2\/product_brand?post=230078"},{"taxonomy":"product_cat","embeddable":true,"href":"https:\/\/www.grupo-inducom.com\/bo\/wp-json\/wp\/v2\/product_cat?post=230078"},{"taxonomy":"product_tag","embeddable":true,"href":"https:\/\/www.grupo-inducom.com\/bo\/wp-json\/wp\/v2\/product_tag?post=230078"}],"curies":[{"name":"wp","href":"https:\/\/api.w.org\/{rel}","templated":true}]}}