{"id":230075,"date":"2023-06-02T15:00:18","date_gmt":"2023-06-02T20:00:18","guid":{"rendered":"https:\/\/www.grupo-inducom.com\/bo\/?post_type=product&#038;p=230075"},"modified":"2023-06-02T15:00:24","modified_gmt":"2023-06-02T20:00:24","slug":"bomba-para-lodos-y-pulpas-2","status":"publish","type":"product","link":"https:\/\/www.grupo-inducom.com\/bo\/producto\/bomba-para-lodos-y-pulpas-2\/","title":{"rendered":"Bomba para lodos y pulpas"},"content":{"rendered":"<div class=\"content-column full_width\">\n<div class=\"content-column two_third last_column\">\n<ul>\n<li>Di\u00e1metros de descarga 3 &#8220;a 22&#8221; (75 mm a 550 mm)<\/li>\n<li>Cabezas a trav\u00e9s de 180 pies (55 m)<\/li>\n<li>Caudales hasta 30,000 gpm (6,8 00m3 \/ h)<\/li>\n<li>Tolerancia de presi\u00f3n de la carcasa a 250 psig (1.725 kPa)<\/li>\n<\/ul>\n<\/div>\n<div class=\"clear_column\"><\/div>\n<\/div>\n<div class=\"content-column full_width\">\n<div class=\"content-column one_third\">\n<h2>Aplicaciones Seleccionadas<\/h2>\n<ul>\n<li>Descarga del molino de bolas<\/li>\n<li>Descarga del molino de barras<\/li>\n<li>Suspensi\u00f3n de \u00e1cido de Ni<\/li>\n<li>Arena gruesa<\/li>\n<li>Relaves gruesos<\/li>\n<li>Matriz de fosfato<\/li>\n<li>Concentrado de minerales<\/li>\n<li>Fondo \/ cenizas volantes<\/li>\n<li>Molienda de cal<\/li>\n<li>Arenas petrol\u00edferas<\/li>\n<li>Arenas minerales<\/li>\n<li>Relaves finos<\/li>\n<li>\u00c1cido fosf\u00f3rico<\/li>\n<li>Carb\u00f3n<\/li>\n<li>Flotaci\u00f3n<\/li>\n<li>Proceso qu\u00edmico<\/li>\n<li>Pulpo y papel<\/li>\n<li>FGD<\/li>\n<li>Aguas residuales<\/li>\n<\/ul>\n<\/div>\n<div class=\"content-column two_third last_column\">\n<h2>Caracter\u00edsticas de la serie L<\/h2>\n<h3>Valor<\/h3>\n<ul>\n<li>Caudal y carga entregados a costos iniciales y de ciclo de vida reducidos con mayor eficiencia en comparaci\u00f3n con la serie S<\/li>\n<li>Dise\u00f1ado para lodos Clase III y por debajo, conservando la robustez de una bomba de lodo de servicio pesado<\/li>\n<\/ul>\n<h3>Partes h\u00famedas<\/h3>\n<ul>\n<li>Impulsores &#8211; tasas de eficiencia m\u00e1s altas (hasta 90+%) &#8211; bombear las paletas para reducir la recirculaci\u00f3n dentro de la bomba y ayudar a prevenir la contaminaci\u00f3n del sello;\u00a0La holgura del impulsor es ajustable para mantener la eficiencia durante la vida \u00fatil de la pieza.<\/li>\n<li>Revestimientos: los revestimientos de aleaci\u00f3n o elast\u00f3mero grueso proporcionan una resistencia superior a la erosi\u00f3n y la corrosi\u00f3n.<\/li>\n<\/ul>\n<h3>focas<\/h3>\n<ul>\n<li>Expeller (sello centr\u00edfugo): no se requiere agua de sellado externo cuando corresponda<\/li>\n<li>Caja de relleno: sellado de gl\u00e1ndulas enjuagadas con embalaje trenzado y un anillo de linterna<\/li>\n<li>Sellos mec\u00e1nicos<\/li>\n<\/ul>\n<h3>Conjunto de cojinete<\/h3>\n<ul>\n<li>La carcasa del rodamiento tipo cartucho permite la extracci\u00f3n de la bomba y el ensamblaje en un ambiente controlado<\/li>\n<li>Los di\u00e1metros de eje de gran tama\u00f1o y el voladizo reducido en el extremo h\u00famedo contribuyen a una larga vida \u00fatil y confiabilidad en el campo<\/li>\n<\/ul>\n<p>&nbsp;<\/p>\n<\/div>\n<\/div>\n","protected":false},"excerpt":{"rendered":"<ul>\n<li>Marca: Schurco Slurry<\/li>\n<li>Di\u00e1metros de descarga 3 &#8220;a 22&#8221; (75 mm a 550 mm)<\/li>\n<li>Cabezas a trav\u00e9s de 180 pies (55 m)<\/li>\n<li>Caudales hasta 30,000 gpm (6,8 00m3 \/ h)<\/li>\n<li>Tolerancia de presi\u00f3n de la carcasa a 250 psig (1.725 kPa)<\/li>\n<\/ul>\n","protected":false},"featured_media":885,"comment_status":"open","ping_status":"closed","template":"","meta":{"_acf_changed":false,"_et_pb_use_builder":"","_et_pb_old_content":"","_et_gb_content_width":"","content-type":""},"product_brand":[],"product_cat":[102],"product_tag":[89,188],"class_list":{"0":"post-230075","1":"product","2":"type-product","3":"status-publish","4":"has-post-thumbnail","6":"product_cat-bombas-centrifugas","7":"product_tag-bomba-para-lodo","8":"product_tag-corvex-pumps","10":"first","11":"instock","12":"shipping-taxable","13":"product-type-simple"},"acf":[],"yoast_head":"<!-- This site is optimized with the Yoast SEO plugin v27.4 - https:\/\/yoast.com\/product\/yoast-seo-wordpress\/ -->\n<title>Bomba para lodos y pulpas - Inducom Bolivia<\/title>\n<meta name=\"robots\" content=\"index, follow, max-snippet:-1, max-image-preview:large, max-video-preview:-1\" \/>\n<link rel=\"canonical\" href=\"https:\/\/www.grupo-inducom.com\/bo\/producto\/bomba-para-lodos-y-pulpas-2\/\" \/>\n<meta property=\"og:locale\" content=\"es_ES\" \/>\n<meta property=\"og:type\" content=\"article\" \/>\n<meta property=\"og:title\" content=\"Bomba para lodos y pulpas - Inducom Bolivia\" \/>\n<meta property=\"og:description\" content=\"Marca: Schurco Slurry  Di\u00e1metros de descarga 3 &quot;a 22&quot; (75 mm a 550 mm)  Cabezas a trav\u00e9s de 180 pies (55 m)  Caudales hasta 30,000 gpm (6,8 00m3 \/ h)  Tolerancia de presi\u00f3n de la carcasa a 250 psig (1.725 kPa)\" \/>\n<meta property=\"og:url\" content=\"https:\/\/www.grupo-inducom.com\/bo\/producto\/bomba-para-lodos-y-pulpas-2\/\" \/>\n<meta property=\"og:site_name\" content=\"Inducom Bolivia\" \/>\n<meta property=\"article:modified_time\" content=\"2023-06-02T20:00:24+00:00\" \/>\n<meta name=\"twitter:card\" content=\"summary_large_image\" \/>\n<meta name=\"twitter:label1\" content=\"Tiempo de lectura\" \/>\n\t<meta name=\"twitter:data1\" content=\"1 minuto\" \/>\n<script type=\"application\/ld+json\" class=\"yoast-schema-graph\">{\"@context\":\"https:\\\/\\\/schema.org\",\"@graph\":[{\"@type\":\"WebPage\",\"@id\":\"https:\\\/\\\/www.grupo-inducom.com\\\/bo\\\/producto\\\/bomba-para-lodos-y-pulpas-2\\\/\",\"url\":\"https:\\\/\\\/www.grupo-inducom.com\\\/bo\\\/producto\\\/bomba-para-lodos-y-pulpas-2\\\/\",\"name\":\"Bomba para lodos y pulpas - Inducom Bolivia\",\"isPartOf\":{\"@id\":\"https:\\\/\\\/www.grupo-inducom.com\\\/bo\\\/#website\"},\"primaryImageOfPage\":{\"@id\":\"https:\\\/\\\/www.grupo-inducom.com\\\/bo\\\/producto\\\/bomba-para-lodos-y-pulpas-2\\\/#primaryimage\"},\"image\":{\"@id\":\"https:\\\/\\\/www.grupo-inducom.com\\\/bo\\\/producto\\\/bomba-para-lodos-y-pulpas-2\\\/#primaryimage\"},\"thumbnailUrl\":\"https:\\\/\\\/www.grupo-inducom.com\\\/bo\\\/wp-content\\\/uploads\\\/sites\\\/7\\\/2023\\\/05\\\/21-2.webp\",\"datePublished\":\"2023-06-02T20:00:18+00:00\",\"dateModified\":\"2023-06-02T20:00:24+00:00\",\"breadcrumb\":{\"@id\":\"https:\\\/\\\/www.grupo-inducom.com\\\/bo\\\/producto\\\/bomba-para-lodos-y-pulpas-2\\\/#breadcrumb\"},\"inLanguage\":\"es-CO\",\"potentialAction\":[{\"@type\":\"ReadAction\",\"target\":[\"https:\\\/\\\/www.grupo-inducom.com\\\/bo\\\/producto\\\/bomba-para-lodos-y-pulpas-2\\\/\"]}]},{\"@type\":\"ImageObject\",\"inLanguage\":\"es-CO\",\"@id\":\"https:\\\/\\\/www.grupo-inducom.com\\\/bo\\\/producto\\\/bomba-para-lodos-y-pulpas-2\\\/#primaryimage\",\"url\":\"https:\\\/\\\/www.grupo-inducom.com\\\/bo\\\/wp-content\\\/uploads\\\/sites\\\/7\\\/2023\\\/05\\\/21-2.webp\",\"contentUrl\":\"https:\\\/\\\/www.grupo-inducom.com\\\/bo\\\/wp-content\\\/uploads\\\/sites\\\/7\\\/2023\\\/05\\\/21-2.webp\",\"width\":300,\"height\":225},{\"@type\":\"BreadcrumbList\",\"@id\":\"https:\\\/\\\/www.grupo-inducom.com\\\/bo\\\/producto\\\/bomba-para-lodos-y-pulpas-2\\\/#breadcrumb\",\"itemListElement\":[{\"@type\":\"ListItem\",\"position\":1,\"name\":\"Portada\",\"item\":\"https:\\\/\\\/www.grupo-inducom.com\\\/bo\\\/\"},{\"@type\":\"ListItem\",\"position\":2,\"name\":\"Productos\",\"item\":\"https:\\\/\\\/www.grupo-inducom.com\\\/bo\\\/shop\\\/\"},{\"@type\":\"ListItem\",\"position\":3,\"name\":\"Bomba para lodos y pulpas\"}]},{\"@type\":\"WebSite\",\"@id\":\"https:\\\/\\\/www.grupo-inducom.com\\\/bo\\\/#website\",\"url\":\"https:\\\/\\\/www.grupo-inducom.com\\\/bo\\\/\",\"name\":\"Inducom Bolivia\",\"description\":\"\",\"potentialAction\":[{\"@type\":\"SearchAction\",\"target\":{\"@type\":\"EntryPoint\",\"urlTemplate\":\"https:\\\/\\\/www.grupo-inducom.com\\\/bo\\\/?s={search_term_string}\"},\"query-input\":{\"@type\":\"PropertyValueSpecification\",\"valueRequired\":true,\"valueName\":\"search_term_string\"}}],\"inLanguage\":\"es-CO\"}]}<\/script>\n<!-- \/ Yoast SEO plugin. -->","yoast_head_json":{"title":"Bomba para lodos y pulpas - Inducom Bolivia","robots":{"index":"index","follow":"follow","max-snippet":"max-snippet:-1","max-image-preview":"max-image-preview:large","max-video-preview":"max-video-preview:-1"},"canonical":"https:\/\/www.grupo-inducom.com\/bo\/producto\/bomba-para-lodos-y-pulpas-2\/","og_locale":"es_ES","og_type":"article","og_title":"Bomba para lodos y pulpas - Inducom Bolivia","og_description":"Marca: Schurco Slurry  Di\u00e1metros de descarga 3 \"a 22\" (75 mm a 550 mm)  Cabezas a trav\u00e9s de 180 pies (55 m)  Caudales hasta 30,000 gpm (6,8 00m3 \/ h)  Tolerancia de presi\u00f3n de la carcasa a 250 psig (1.725 kPa)","og_url":"https:\/\/www.grupo-inducom.com\/bo\/producto\/bomba-para-lodos-y-pulpas-2\/","og_site_name":"Inducom Bolivia","article_modified_time":"2023-06-02T20:00:24+00:00","twitter_card":"summary_large_image","twitter_misc":{"Tiempo de lectura":"1 minuto"},"schema":{"@context":"https:\/\/schema.org","@graph":[{"@type":"WebPage","@id":"https:\/\/www.grupo-inducom.com\/bo\/producto\/bomba-para-lodos-y-pulpas-2\/","url":"https:\/\/www.grupo-inducom.com\/bo\/producto\/bomba-para-lodos-y-pulpas-2\/","name":"Bomba para lodos y pulpas - Inducom Bolivia","isPartOf":{"@id":"https:\/\/www.grupo-inducom.com\/bo\/#website"},"primaryImageOfPage":{"@id":"https:\/\/www.grupo-inducom.com\/bo\/producto\/bomba-para-lodos-y-pulpas-2\/#primaryimage"},"image":{"@id":"https:\/\/www.grupo-inducom.com\/bo\/producto\/bomba-para-lodos-y-pulpas-2\/#primaryimage"},"thumbnailUrl":"https:\/\/www.grupo-inducom.com\/bo\/wp-content\/uploads\/sites\/7\/2023\/05\/21-2.webp","datePublished":"2023-06-02T20:00:18+00:00","dateModified":"2023-06-02T20:00:24+00:00","breadcrumb":{"@id":"https:\/\/www.grupo-inducom.com\/bo\/producto\/bomba-para-lodos-y-pulpas-2\/#breadcrumb"},"inLanguage":"es-CO","potentialAction":[{"@type":"ReadAction","target":["https:\/\/www.grupo-inducom.com\/bo\/producto\/bomba-para-lodos-y-pulpas-2\/"]}]},{"@type":"ImageObject","inLanguage":"es-CO","@id":"https:\/\/www.grupo-inducom.com\/bo\/producto\/bomba-para-lodos-y-pulpas-2\/#primaryimage","url":"https:\/\/www.grupo-inducom.com\/bo\/wp-content\/uploads\/sites\/7\/2023\/05\/21-2.webp","contentUrl":"https:\/\/www.grupo-inducom.com\/bo\/wp-content\/uploads\/sites\/7\/2023\/05\/21-2.webp","width":300,"height":225},{"@type":"BreadcrumbList","@id":"https:\/\/www.grupo-inducom.com\/bo\/producto\/bomba-para-lodos-y-pulpas-2\/#breadcrumb","itemListElement":[{"@type":"ListItem","position":1,"name":"Portada","item":"https:\/\/www.grupo-inducom.com\/bo\/"},{"@type":"ListItem","position":2,"name":"Productos","item":"https:\/\/www.grupo-inducom.com\/bo\/shop\/"},{"@type":"ListItem","position":3,"name":"Bomba para lodos y pulpas"}]},{"@type":"WebSite","@id":"https:\/\/www.grupo-inducom.com\/bo\/#website","url":"https:\/\/www.grupo-inducom.com\/bo\/","name":"Inducom Bolivia","description":"","potentialAction":[{"@type":"SearchAction","target":{"@type":"EntryPoint","urlTemplate":"https:\/\/www.grupo-inducom.com\/bo\/?s={search_term_string}"},"query-input":{"@type":"PropertyValueSpecification","valueRequired":true,"valueName":"search_term_string"}}],"inLanguage":"es-CO"}]}},"_links":{"self":[{"href":"https:\/\/www.grupo-inducom.com\/bo\/wp-json\/wp\/v2\/product\/230075","targetHints":{"allow":["GET"]}}],"collection":[{"href":"https:\/\/www.grupo-inducom.com\/bo\/wp-json\/wp\/v2\/product"}],"about":[{"href":"https:\/\/www.grupo-inducom.com\/bo\/wp-json\/wp\/v2\/types\/product"}],"replies":[{"embeddable":true,"href":"https:\/\/www.grupo-inducom.com\/bo\/wp-json\/wp\/v2\/comments?post=230075"}],"wp:featuredmedia":[{"embeddable":true,"href":"https:\/\/www.grupo-inducom.com\/bo\/wp-json\/wp\/v2\/media\/885"}],"wp:attachment":[{"href":"https:\/\/www.grupo-inducom.com\/bo\/wp-json\/wp\/v2\/media?parent=230075"}],"wp:term":[{"taxonomy":"product_brand","embeddable":true,"href":"https:\/\/www.grupo-inducom.com\/bo\/wp-json\/wp\/v2\/product_brand?post=230075"},{"taxonomy":"product_cat","embeddable":true,"href":"https:\/\/www.grupo-inducom.com\/bo\/wp-json\/wp\/v2\/product_cat?post=230075"},{"taxonomy":"product_tag","embeddable":true,"href":"https:\/\/www.grupo-inducom.com\/bo\/wp-json\/wp\/v2\/product_tag?post=230075"}],"curies":[{"name":"wp","href":"https:\/\/api.w.org\/{rel}","templated":true}]}}