{"id":230073,"date":"2023-06-02T15:00:18","date_gmt":"2023-06-02T20:00:18","guid":{"rendered":"https:\/\/www.grupo-inducom.com\/bo\/?post_type=product&#038;p=230073"},"modified":"2023-06-02T15:00:24","modified_gmt":"2023-06-02T20:00:24","slug":"bomba-sumergible-tipo-lapiz","status":"publish","type":"product","link":"https:\/\/www.grupo-inducom.com\/bo\/producto\/bomba-sumergible-tipo-lapiz\/","title":{"rendered":"Bomba sumergible tipo lapiz"},"content":{"rendered":"<p>Inducom importador directo del motor y bomba sumergible Shimge que puedes utilizar para el abastecimiento de agua limpia de pozos para empleo industrial, agr\u00edcola y rural.<\/p>\n<p>Disponemos bombas de 4,6 y 8 Pulg. \/ Monof\u00e1sicas y trif\u00e1sicas<\/p>\n<p><strong>Ventajas<\/strong><\/p>\n<ul>\n<li>Cuenta con un motor de aceite y una v\u00e1lvula reguladora de presi\u00f3n, ambos de funcionamiento fiable<\/li>\n<li>Dispone de motor monof\u00e1sico con caja de arranque integrada en el capacitor, y modo de protecci\u00f3n t\u00e9rmica de f\u00e1cil remplazo.<\/li>\n<li>Cuerpo impeller acero Inox<\/li>\n<li>V\u00e1lvula Check Integrada.<\/li>\n<\/ul>\n","protected":false},"excerpt":{"rendered":"<p>Flujo m\u00e1ximo: 22m3\/h<\/p>\n","protected":false},"featured_media":228940,"comment_status":"open","ping_status":"closed","template":"","meta":{"_acf_changed":false,"_et_pb_use_builder":"","_et_pb_old_content":"","_et_gb_content_width":"","content-type":""},"product_brand":[],"product_cat":[102],"product_tag":[96,97,130],"class_list":{"0":"post-230073","1":"product","2":"type-product","3":"status-publish","4":"has-post-thumbnail","6":"product_cat-bombas-centrifugas","7":"product_tag-bomba-sumergible","8":"product_tag-bomba-tipo-lapiz","9":"product_tag-ebara","11":"first","12":"instock","13":"shipping-taxable","14":"product-type-simple"},"acf":[],"yoast_head":"<!-- This site is optimized with the Yoast SEO plugin v27.4 - https:\/\/yoast.com\/product\/yoast-seo-wordpress\/ -->\n<title>Bomba sumergible tipo lapiz - Inducom Bolivia<\/title>\n<meta name=\"description\" content=\"Bomba sumergible tipo lapiz con motos sumergible - Bomba sumergible tipo lapiz Inducom Bolivia\" \/>\n<meta name=\"robots\" content=\"index, follow, max-snippet:-1, max-image-preview:large, max-video-preview:-1\" \/>\n<link rel=\"canonical\" href=\"https:\/\/www.grupo-inducom.com\/bo\/producto\/bomba-sumergible-tipo-lapiz\/\" \/>\n<meta property=\"og:locale\" content=\"es_ES\" \/>\n<meta property=\"og:type\" content=\"article\" \/>\n<meta property=\"og:title\" content=\"Bomba sumergible tipo lapiz - Inducom Bolivia\" \/>\n<meta property=\"og:description\" content=\"Bomba sumergible tipo lapiz con motos sumergible - Bomba sumergible tipo lapiz Inducom Bolivia\" \/>\n<meta property=\"og:url\" content=\"https:\/\/www.grupo-inducom.com\/bo\/producto\/bomba-sumergible-tipo-lapiz\/\" \/>\n<meta property=\"og:site_name\" content=\"Inducom Bolivia\" \/>\n<meta property=\"article:modified_time\" content=\"2023-06-02T20:00:24+00:00\" \/>\n<meta name=\"twitter:card\" content=\"summary_large_image\" \/>\n<script type=\"application\/ld+json\" class=\"yoast-schema-graph\">{\"@context\":\"https:\\\/\\\/schema.org\",\"@graph\":[{\"@type\":\"WebPage\",\"@id\":\"https:\\\/\\\/www.grupo-inducom.com\\\/bo\\\/producto\\\/bomba-sumergible-tipo-lapiz\\\/\",\"url\":\"https:\\\/\\\/www.grupo-inducom.com\\\/bo\\\/producto\\\/bomba-sumergible-tipo-lapiz\\\/\",\"name\":\"Bomba sumergible tipo lapiz - Inducom Bolivia\",\"isPartOf\":{\"@id\":\"https:\\\/\\\/www.grupo-inducom.com\\\/bo\\\/#website\"},\"primaryImageOfPage\":{\"@id\":\"https:\\\/\\\/www.grupo-inducom.com\\\/bo\\\/producto\\\/bomba-sumergible-tipo-lapiz\\\/#primaryimage\"},\"image\":{\"@id\":\"https:\\\/\\\/www.grupo-inducom.com\\\/bo\\\/producto\\\/bomba-sumergible-tipo-lapiz\\\/#primaryimage\"},\"thumbnailUrl\":\"https:\\\/\\\/www.grupo-inducom.com\\\/bo\\\/wp-content\\\/uploads\\\/sites\\\/7\\\/2023\\\/05\\\/57.png\",\"datePublished\":\"2023-06-02T20:00:18+00:00\",\"dateModified\":\"2023-06-02T20:00:24+00:00\",\"description\":\"Bomba sumergible tipo lapiz con motos sumergible - Bomba sumergible tipo lapiz Inducom Bolivia\",\"breadcrumb\":{\"@id\":\"https:\\\/\\\/www.grupo-inducom.com\\\/bo\\\/producto\\\/bomba-sumergible-tipo-lapiz\\\/#breadcrumb\"},\"inLanguage\":\"es-CO\",\"potentialAction\":[{\"@type\":\"ReadAction\",\"target\":[\"https:\\\/\\\/www.grupo-inducom.com\\\/bo\\\/producto\\\/bomba-sumergible-tipo-lapiz\\\/\"]}]},{\"@type\":\"ImageObject\",\"inLanguage\":\"es-CO\",\"@id\":\"https:\\\/\\\/www.grupo-inducom.com\\\/bo\\\/producto\\\/bomba-sumergible-tipo-lapiz\\\/#primaryimage\",\"url\":\"https:\\\/\\\/www.grupo-inducom.com\\\/bo\\\/wp-content\\\/uploads\\\/sites\\\/7\\\/2023\\\/05\\\/57.png\",\"contentUrl\":\"https:\\\/\\\/www.grupo-inducom.com\\\/bo\\\/wp-content\\\/uploads\\\/sites\\\/7\\\/2023\\\/05\\\/57.png\",\"width\":300,\"height\":225},{\"@type\":\"BreadcrumbList\",\"@id\":\"https:\\\/\\\/www.grupo-inducom.com\\\/bo\\\/producto\\\/bomba-sumergible-tipo-lapiz\\\/#breadcrumb\",\"itemListElement\":[{\"@type\":\"ListItem\",\"position\":1,\"name\":\"Portada\",\"item\":\"https:\\\/\\\/www.grupo-inducom.com\\\/bo\\\/\"},{\"@type\":\"ListItem\",\"position\":2,\"name\":\"Productos\",\"item\":\"https:\\\/\\\/www.grupo-inducom.com\\\/bo\\\/shop\\\/\"},{\"@type\":\"ListItem\",\"position\":3,\"name\":\"Bomba sumergible tipo lapiz\"}]},{\"@type\":\"WebSite\",\"@id\":\"https:\\\/\\\/www.grupo-inducom.com\\\/bo\\\/#website\",\"url\":\"https:\\\/\\\/www.grupo-inducom.com\\\/bo\\\/\",\"name\":\"Inducom Bolivia\",\"description\":\"\",\"potentialAction\":[{\"@type\":\"SearchAction\",\"target\":{\"@type\":\"EntryPoint\",\"urlTemplate\":\"https:\\\/\\\/www.grupo-inducom.com\\\/bo\\\/?s={search_term_string}\"},\"query-input\":{\"@type\":\"PropertyValueSpecification\",\"valueRequired\":true,\"valueName\":\"search_term_string\"}}],\"inLanguage\":\"es-CO\"}]}<\/script>\n<!-- \/ Yoast SEO plugin. -->","yoast_head_json":{"title":"Bomba sumergible tipo lapiz - Inducom Bolivia","description":"Bomba sumergible tipo lapiz con motos sumergible - Bomba sumergible tipo lapiz Inducom Bolivia","robots":{"index":"index","follow":"follow","max-snippet":"max-snippet:-1","max-image-preview":"max-image-preview:large","max-video-preview":"max-video-preview:-1"},"canonical":"https:\/\/www.grupo-inducom.com\/bo\/producto\/bomba-sumergible-tipo-lapiz\/","og_locale":"es_ES","og_type":"article","og_title":"Bomba sumergible tipo lapiz - Inducom Bolivia","og_description":"Bomba sumergible tipo lapiz con motos sumergible - Bomba sumergible tipo lapiz Inducom Bolivia","og_url":"https:\/\/www.grupo-inducom.com\/bo\/producto\/bomba-sumergible-tipo-lapiz\/","og_site_name":"Inducom Bolivia","article_modified_time":"2023-06-02T20:00:24+00:00","twitter_card":"summary_large_image","schema":{"@context":"https:\/\/schema.org","@graph":[{"@type":"WebPage","@id":"https:\/\/www.grupo-inducom.com\/bo\/producto\/bomba-sumergible-tipo-lapiz\/","url":"https:\/\/www.grupo-inducom.com\/bo\/producto\/bomba-sumergible-tipo-lapiz\/","name":"Bomba sumergible tipo lapiz - Inducom Bolivia","isPartOf":{"@id":"https:\/\/www.grupo-inducom.com\/bo\/#website"},"primaryImageOfPage":{"@id":"https:\/\/www.grupo-inducom.com\/bo\/producto\/bomba-sumergible-tipo-lapiz\/#primaryimage"},"image":{"@id":"https:\/\/www.grupo-inducom.com\/bo\/producto\/bomba-sumergible-tipo-lapiz\/#primaryimage"},"thumbnailUrl":"https:\/\/www.grupo-inducom.com\/bo\/wp-content\/uploads\/sites\/7\/2023\/05\/57.png","datePublished":"2023-06-02T20:00:18+00:00","dateModified":"2023-06-02T20:00:24+00:00","description":"Bomba sumergible tipo lapiz con motos sumergible - Bomba sumergible tipo lapiz Inducom Bolivia","breadcrumb":{"@id":"https:\/\/www.grupo-inducom.com\/bo\/producto\/bomba-sumergible-tipo-lapiz\/#breadcrumb"},"inLanguage":"es-CO","potentialAction":[{"@type":"ReadAction","target":["https:\/\/www.grupo-inducom.com\/bo\/producto\/bomba-sumergible-tipo-lapiz\/"]}]},{"@type":"ImageObject","inLanguage":"es-CO","@id":"https:\/\/www.grupo-inducom.com\/bo\/producto\/bomba-sumergible-tipo-lapiz\/#primaryimage","url":"https:\/\/www.grupo-inducom.com\/bo\/wp-content\/uploads\/sites\/7\/2023\/05\/57.png","contentUrl":"https:\/\/www.grupo-inducom.com\/bo\/wp-content\/uploads\/sites\/7\/2023\/05\/57.png","width":300,"height":225},{"@type":"BreadcrumbList","@id":"https:\/\/www.grupo-inducom.com\/bo\/producto\/bomba-sumergible-tipo-lapiz\/#breadcrumb","itemListElement":[{"@type":"ListItem","position":1,"name":"Portada","item":"https:\/\/www.grupo-inducom.com\/bo\/"},{"@type":"ListItem","position":2,"name":"Productos","item":"https:\/\/www.grupo-inducom.com\/bo\/shop\/"},{"@type":"ListItem","position":3,"name":"Bomba sumergible tipo lapiz"}]},{"@type":"WebSite","@id":"https:\/\/www.grupo-inducom.com\/bo\/#website","url":"https:\/\/www.grupo-inducom.com\/bo\/","name":"Inducom Bolivia","description":"","potentialAction":[{"@type":"SearchAction","target":{"@type":"EntryPoint","urlTemplate":"https:\/\/www.grupo-inducom.com\/bo\/?s={search_term_string}"},"query-input":{"@type":"PropertyValueSpecification","valueRequired":true,"valueName":"search_term_string"}}],"inLanguage":"es-CO"}]}},"_links":{"self":[{"href":"https:\/\/www.grupo-inducom.com\/bo\/wp-json\/wp\/v2\/product\/230073","targetHints":{"allow":["GET"]}}],"collection":[{"href":"https:\/\/www.grupo-inducom.com\/bo\/wp-json\/wp\/v2\/product"}],"about":[{"href":"https:\/\/www.grupo-inducom.com\/bo\/wp-json\/wp\/v2\/types\/product"}],"replies":[{"embeddable":true,"href":"https:\/\/www.grupo-inducom.com\/bo\/wp-json\/wp\/v2\/comments?post=230073"}],"wp:featuredmedia":[{"embeddable":true,"href":"https:\/\/www.grupo-inducom.com\/bo\/wp-json\/wp\/v2\/media\/228940"}],"wp:attachment":[{"href":"https:\/\/www.grupo-inducom.com\/bo\/wp-json\/wp\/v2\/media?parent=230073"}],"wp:term":[{"taxonomy":"product_brand","embeddable":true,"href":"https:\/\/www.grupo-inducom.com\/bo\/wp-json\/wp\/v2\/product_brand?post=230073"},{"taxonomy":"product_cat","embeddable":true,"href":"https:\/\/www.grupo-inducom.com\/bo\/wp-json\/wp\/v2\/product_cat?post=230073"},{"taxonomy":"product_tag","embeddable":true,"href":"https:\/\/www.grupo-inducom.com\/bo\/wp-json\/wp\/v2\/product_tag?post=230073"}],"curies":[{"name":"wp","href":"https:\/\/api.w.org\/{rel}","templated":true}]}}