{"id":230072,"date":"2023-06-02T15:00:18","date_gmt":"2023-06-02T20:00:18","guid":{"rendered":"https:\/\/www.grupo-inducom.com\/bo\/?post_type=product&#038;p=230072"},"modified":"2023-06-02T15:00:23","modified_gmt":"2023-06-02T20:00:23","slug":"bomba-neumatica-sanitaria-serie-fda","status":"publish","type":"product","link":"https:\/\/www.grupo-inducom.com\/bo\/producto\/bomba-neumatica-sanitaria-serie-fda\/","title":{"rendered":"Bomba ne\u00famatica sanitaria &#8211; serie FDA"},"content":{"rendered":"<p>Las bombas Yamada FDA es una bomba sanitaria que\u00a0 son utilizadas en la industria de:<\/p>\n<p>-Alimentos<\/p>\n<p>-Farmac\u00e9uticas<\/p>\n<p>-Cosm\u00e9ticas<\/p>\n<p>&nbsp;<\/p>\n<p>Estas bombas Yamada tienen 316 componentes h\u00famedos de acero inoxidable, motor neum\u00e1tico recubierto de Politetrafluoroetileno (PTFE o m\u00e1s conocido como tefl\u00f3n), accesorios de abrazaderas sanitarias.<\/p>\n<p>&nbsp;<\/p>\n<p>Caracter\u00edsticas:<\/p>\n<ul>\n<li>V\u00e1lvula de aire autocebante y sin lubricante.<\/li>\n<li>Excelente para l\u00edquidos sensibles al corte.<\/li>\n<li>Intr\u00ednsecamente seguro y port\u00e1til<\/li>\n<li>Sellos no mec\u00e1nicos<\/li>\n<li>Capacidad para funcionar en seco sin da\u00f1ar la bomba.<\/li>\n<\/ul>\n<p>Las bombas Sanitarias Yamada que cumple con la FDA se usa para el bombeo de\u00a0 ingredientes al proceso antes de que se cree el producto final. Un ejemplo que podriamos relacionar con la bomba FDA es que se podr\u00eda extraer el ketchup de un tambor de 55 galones para agregarlo como un ingrediente en la fabricaci\u00f3n.<\/p>\n<p>Ademas las bombas Yamada FDA son capaces de manejar l\u00edquidos espesos.<\/p>\n","protected":false},"excerpt":{"rendered":"<ul>\n<li>Marca: Yamada<\/li>\n<li>V\u00e1lvula de aire autocebante<\/li>\n<li>Sellos no mec\u00e1nicos<\/li>\n<li>Manejo de l\u00edquidos espesos.<\/li>\n<\/ul>\n","protected":false},"featured_media":882,"comment_status":"open","ping_status":"closed","template":"","meta":{"_acf_changed":false,"_et_pb_use_builder":"","_et_pb_old_content":"","_et_gb_content_width":"","content-type":""},"product_brand":[],"product_cat":[79],"product_tag":[78,85,106,181],"class_list":{"0":"post-230072","1":"product","2":"type-product","3":"status-publish","4":"has-post-thumbnail","6":"product_cat-bomba-de-desplazamiento-positivo","7":"product_tag-bomba-de-aire","8":"product_tag-bomba-neumatica","9":"product_tag-bombas-doble-diafragma","10":"product_tag-yamada","12":"first","13":"instock","14":"shipping-taxable","15":"product-type-simple"},"acf":[],"yoast_head":"<!-- This site is optimized with the Yoast SEO plugin v27.2 - https:\/\/yoast.com\/product\/yoast-seo-wordpress\/ -->\n<title>Bomba ne\u00famatica sanitaria - serie FDA - Bombas Sanitarias Ecuador<\/title>\n<meta name=\"description\" content=\"Las bombas sanitarias Yamada tienen 316 componentes h\u00famedos de acero inoxidable, motor neum\u00e1tico recubierto de Politetrafluoroetileno...\" \/>\n<meta name=\"robots\" content=\"index, follow, max-snippet:-1, max-image-preview:large, max-video-preview:-1\" \/>\n<link rel=\"canonical\" href=\"https:\/\/www.grupo-inducom.com\/bo\/producto\/bomba-neumatica-sanitaria-serie-fda\/\" \/>\n<meta property=\"og:locale\" content=\"es_ES\" \/>\n<meta property=\"og:type\" content=\"article\" \/>\n<meta property=\"og:title\" content=\"Bomba ne\u00famatica sanitaria - serie FDA - Bombas Sanitarias Ecuador\" \/>\n<meta property=\"og:description\" content=\"Las bombas sanitarias Yamada tienen 316 componentes h\u00famedos de acero inoxidable, motor neum\u00e1tico recubierto de Politetrafluoroetileno...\" \/>\n<meta property=\"og:url\" content=\"https:\/\/www.grupo-inducom.com\/bo\/producto\/bomba-neumatica-sanitaria-serie-fda\/\" \/>\n<meta property=\"og:site_name\" content=\"Inducom Bolivia\" \/>\n<meta property=\"article:modified_time\" content=\"2023-06-02T20:00:23+00:00\" \/>\n<meta name=\"twitter:card\" content=\"summary_large_image\" \/>\n<meta name=\"twitter:label1\" content=\"Tiempo de lectura\" \/>\n\t<meta name=\"twitter:data1\" content=\"1 minuto\" \/>\n<script type=\"application\/ld+json\" class=\"yoast-schema-graph\">{\"@context\":\"https:\/\/schema.org\",\"@graph\":[{\"@type\":\"WebPage\",\"@id\":\"https:\/\/www.grupo-inducom.com\/bo\/producto\/bomba-neumatica-sanitaria-serie-fda\/\",\"url\":\"https:\/\/www.grupo-inducom.com\/bo\/producto\/bomba-neumatica-sanitaria-serie-fda\/\",\"name\":\"Bomba ne\u00famatica sanitaria - serie FDA - Bombas Sanitarias Ecuador\",\"isPartOf\":{\"@id\":\"https:\/\/www.grupo-inducom.com\/bo\/#website\"},\"primaryImageOfPage\":{\"@id\":\"https:\/\/www.grupo-inducom.com\/bo\/producto\/bomba-neumatica-sanitaria-serie-fda\/#primaryimage\"},\"image\":{\"@id\":\"https:\/\/www.grupo-inducom.com\/bo\/producto\/bomba-neumatica-sanitaria-serie-fda\/#primaryimage\"},\"thumbnailUrl\":\"https:\/\/www.grupo-inducom.com\/bo\/wp-content\/uploads\/sites\/7\/2023\/05\/28.png\",\"datePublished\":\"2023-06-02T20:00:18+00:00\",\"dateModified\":\"2023-06-02T20:00:23+00:00\",\"description\":\"Las bombas sanitarias Yamada tienen 316 componentes h\u00famedos de acero inoxidable, motor neum\u00e1tico recubierto de Politetrafluoroetileno...\",\"breadcrumb\":{\"@id\":\"https:\/\/www.grupo-inducom.com\/bo\/producto\/bomba-neumatica-sanitaria-serie-fda\/#breadcrumb\"},\"inLanguage\":\"es-CO\",\"potentialAction\":[{\"@type\":\"ReadAction\",\"target\":[\"https:\/\/www.grupo-inducom.com\/bo\/producto\/bomba-neumatica-sanitaria-serie-fda\/\"]}]},{\"@type\":\"ImageObject\",\"inLanguage\":\"es-CO\",\"@id\":\"https:\/\/www.grupo-inducom.com\/bo\/producto\/bomba-neumatica-sanitaria-serie-fda\/#primaryimage\",\"url\":\"https:\/\/www.grupo-inducom.com\/bo\/wp-content\/uploads\/sites\/7\/2023\/05\/28.png\",\"contentUrl\":\"https:\/\/www.grupo-inducom.com\/bo\/wp-content\/uploads\/sites\/7\/2023\/05\/28.png\",\"width\":300,\"height\":225},{\"@type\":\"BreadcrumbList\",\"@id\":\"https:\/\/www.grupo-inducom.com\/bo\/producto\/bomba-neumatica-sanitaria-serie-fda\/#breadcrumb\",\"itemListElement\":[{\"@type\":\"ListItem\",\"position\":1,\"name\":\"Portada\",\"item\":\"https:\/\/www.grupo-inducom.com\/bo\/\"},{\"@type\":\"ListItem\",\"position\":2,\"name\":\"Productos\",\"item\":\"https:\/\/www.grupo-inducom.com\/bo\/shop\/\"},{\"@type\":\"ListItem\",\"position\":3,\"name\":\"Bomba ne\u00famatica sanitaria &#8211; serie FDA\"}]},{\"@type\":\"WebSite\",\"@id\":\"https:\/\/www.grupo-inducom.com\/bo\/#website\",\"url\":\"https:\/\/www.grupo-inducom.com\/bo\/\",\"name\":\"Inducom Bolivia\",\"description\":\"\",\"potentialAction\":[{\"@type\":\"SearchAction\",\"target\":{\"@type\":\"EntryPoint\",\"urlTemplate\":\"https:\/\/www.grupo-inducom.com\/bo\/?s={search_term_string}\"},\"query-input\":{\"@type\":\"PropertyValueSpecification\",\"valueRequired\":true,\"valueName\":\"search_term_string\"}}],\"inLanguage\":\"es-CO\"}]}<\/script>\n<!-- \/ Yoast SEO plugin. -->","yoast_head_json":{"title":"Bomba ne\u00famatica sanitaria - serie FDA - Bombas Sanitarias Ecuador","description":"Las bombas sanitarias Yamada tienen 316 componentes h\u00famedos de acero inoxidable, motor neum\u00e1tico recubierto de Politetrafluoroetileno...","robots":{"index":"index","follow":"follow","max-snippet":"max-snippet:-1","max-image-preview":"max-image-preview:large","max-video-preview":"max-video-preview:-1"},"canonical":"https:\/\/www.grupo-inducom.com\/bo\/producto\/bomba-neumatica-sanitaria-serie-fda\/","og_locale":"es_ES","og_type":"article","og_title":"Bomba ne\u00famatica sanitaria - serie FDA - Bombas Sanitarias Ecuador","og_description":"Las bombas sanitarias Yamada tienen 316 componentes h\u00famedos de acero inoxidable, motor neum\u00e1tico recubierto de Politetrafluoroetileno...","og_url":"https:\/\/www.grupo-inducom.com\/bo\/producto\/bomba-neumatica-sanitaria-serie-fda\/","og_site_name":"Inducom Bolivia","article_modified_time":"2023-06-02T20:00:23+00:00","twitter_card":"summary_large_image","twitter_misc":{"Tiempo de lectura":"1 minuto"},"schema":{"@context":"https:\/\/schema.org","@graph":[{"@type":"WebPage","@id":"https:\/\/www.grupo-inducom.com\/bo\/producto\/bomba-neumatica-sanitaria-serie-fda\/","url":"https:\/\/www.grupo-inducom.com\/bo\/producto\/bomba-neumatica-sanitaria-serie-fda\/","name":"Bomba ne\u00famatica sanitaria - serie FDA - Bombas Sanitarias Ecuador","isPartOf":{"@id":"https:\/\/www.grupo-inducom.com\/bo\/#website"},"primaryImageOfPage":{"@id":"https:\/\/www.grupo-inducom.com\/bo\/producto\/bomba-neumatica-sanitaria-serie-fda\/#primaryimage"},"image":{"@id":"https:\/\/www.grupo-inducom.com\/bo\/producto\/bomba-neumatica-sanitaria-serie-fda\/#primaryimage"},"thumbnailUrl":"https:\/\/www.grupo-inducom.com\/bo\/wp-content\/uploads\/sites\/7\/2023\/05\/28.png","datePublished":"2023-06-02T20:00:18+00:00","dateModified":"2023-06-02T20:00:23+00:00","description":"Las bombas sanitarias Yamada tienen 316 componentes h\u00famedos de acero inoxidable, motor neum\u00e1tico recubierto de Politetrafluoroetileno...","breadcrumb":{"@id":"https:\/\/www.grupo-inducom.com\/bo\/producto\/bomba-neumatica-sanitaria-serie-fda\/#breadcrumb"},"inLanguage":"es-CO","potentialAction":[{"@type":"ReadAction","target":["https:\/\/www.grupo-inducom.com\/bo\/producto\/bomba-neumatica-sanitaria-serie-fda\/"]}]},{"@type":"ImageObject","inLanguage":"es-CO","@id":"https:\/\/www.grupo-inducom.com\/bo\/producto\/bomba-neumatica-sanitaria-serie-fda\/#primaryimage","url":"https:\/\/www.grupo-inducom.com\/bo\/wp-content\/uploads\/sites\/7\/2023\/05\/28.png","contentUrl":"https:\/\/www.grupo-inducom.com\/bo\/wp-content\/uploads\/sites\/7\/2023\/05\/28.png","width":300,"height":225},{"@type":"BreadcrumbList","@id":"https:\/\/www.grupo-inducom.com\/bo\/producto\/bomba-neumatica-sanitaria-serie-fda\/#breadcrumb","itemListElement":[{"@type":"ListItem","position":1,"name":"Portada","item":"https:\/\/www.grupo-inducom.com\/bo\/"},{"@type":"ListItem","position":2,"name":"Productos","item":"https:\/\/www.grupo-inducom.com\/bo\/shop\/"},{"@type":"ListItem","position":3,"name":"Bomba ne\u00famatica sanitaria &#8211; serie FDA"}]},{"@type":"WebSite","@id":"https:\/\/www.grupo-inducom.com\/bo\/#website","url":"https:\/\/www.grupo-inducom.com\/bo\/","name":"Inducom Bolivia","description":"","potentialAction":[{"@type":"SearchAction","target":{"@type":"EntryPoint","urlTemplate":"https:\/\/www.grupo-inducom.com\/bo\/?s={search_term_string}"},"query-input":{"@type":"PropertyValueSpecification","valueRequired":true,"valueName":"search_term_string"}}],"inLanguage":"es-CO"}]}},"_links":{"self":[{"href":"https:\/\/www.grupo-inducom.com\/bo\/wp-json\/wp\/v2\/product\/230072","targetHints":{"allow":["GET"]}}],"collection":[{"href":"https:\/\/www.grupo-inducom.com\/bo\/wp-json\/wp\/v2\/product"}],"about":[{"href":"https:\/\/www.grupo-inducom.com\/bo\/wp-json\/wp\/v2\/types\/product"}],"replies":[{"embeddable":true,"href":"https:\/\/www.grupo-inducom.com\/bo\/wp-json\/wp\/v2\/comments?post=230072"}],"wp:featuredmedia":[{"embeddable":true,"href":"https:\/\/www.grupo-inducom.com\/bo\/wp-json\/wp\/v2\/media\/882"}],"wp:attachment":[{"href":"https:\/\/www.grupo-inducom.com\/bo\/wp-json\/wp\/v2\/media?parent=230072"}],"wp:term":[{"taxonomy":"product_brand","embeddable":true,"href":"https:\/\/www.grupo-inducom.com\/bo\/wp-json\/wp\/v2\/product_brand?post=230072"},{"taxonomy":"product_cat","embeddable":true,"href":"https:\/\/www.grupo-inducom.com\/bo\/wp-json\/wp\/v2\/product_cat?post=230072"},{"taxonomy":"product_tag","embeddable":true,"href":"https:\/\/www.grupo-inducom.com\/bo\/wp-json\/wp\/v2\/product_tag?post=230072"}],"curies":[{"name":"wp","href":"https:\/\/api.w.org\/{rel}","templated":true}]}}