{"id":230061,"date":"2023-06-02T15:00:16","date_gmt":"2023-06-02T20:00:16","guid":{"rendered":"https:\/\/www.grupo-inducom.com\/bo\/?post_type=product&#038;p=230061"},"modified":"2023-06-02T15:00:20","modified_gmt":"2023-06-02T20:00:20","slug":"bomba-neumatica-de-doble-diafragma","status":"publish","type":"product","link":"https:\/\/www.grupo-inducom.com\/bo\/producto\/bomba-neumatica-de-doble-diafragma\/","title":{"rendered":"Bomba ne\u00famatica de doble diafragma"},"content":{"rendered":"<p>Las Bombas Yamada series NDP-50 de doble diafragma impulsadas por aire\u00ae (AODD) proporcionan un caudal m\u00e1ximo de 166 galones por minuto. Las bombas est\u00e1n disponibles en aluminio, acero inoxidable (316), de hierro fundido, polipropileno, y la construcci\u00f3n de Kynar, con una amplia variedad de materiales de membrana. <span style=\"color: #ffffff\">bombas de doble diafragma<\/span><\/p>\n<p>&nbsp;<\/p>\n<p><b>Caracter\u00edsticas<\/b><\/p>\n<ul>\n<li class=\"x_MsoNormal\">166.0 galones \/ minuto m\u00e1x.<\/li>\n<li class=\"x_MsoNormal\">2 \u201cPort de fluido<\/li>\n<li class=\"x_MsoNormal\">( NPT o brida ANSI )<\/li>\n<li class=\"x_MsoNormal\">Conexiones de succi\u00f3n y descarga<\/li>\n<li class=\"x_MsoNormal\">Polipropileno ( PPG ): 2\u2033 Brida ANSI B16.5 # 150<\/li>\n<li class=\"x_MsoNormal\">Kynar \u00ae ( PVDF): 2\u2033 Brida ANSI B16.5 # 150<\/li>\n<li class=\"x_MsoNormal\">Aluminio ( ADC- 12 ): 2\u2033 Brida ANSI B16.5 # 150 (con roscado 2\u2033 rosca hembra NPT )<\/li>\n<li class=\"x_MsoNormal\">Acero inoxidable ( 316 ): 2\u2033 Brida ANSI B16.5 # 150 o 2 \u201d rosca hembra NPT<\/li>\n<li class=\"x_MsoNormal\">Hierro fundido: Rosca hembra 2\u2033 NPT<\/li>\n<li class=\"x_MsoNormal\">Entrada de aire<\/li>\n<li class=\"x_MsoNormal\">Rosca hembra 3\/4\u2033 NPT (incluye v\u00e1lvula de bola)<\/li>\n<\/ul>\n","protected":false},"excerpt":{"rendered":"<ul>\n<li>Marca: Yamada<\/li>\n<li>Dise\u00f1o de v\u00e1lvula com\u00fan para varios tama\u00f1os.<\/li>\n<li>Total y verdaderamente libre de lubricaci\u00f3n.<\/li>\n<li>Construcci\u00f3n modular.<\/li>\n<li>No se traban<\/li>\n<\/ul>\n<p>&nbsp;<\/p>\n<p>&nbsp;<\/p>\n","protected":false},"featured_media":828,"comment_status":"closed","ping_status":"closed","template":"","meta":{"_acf_changed":false,"_et_pb_use_builder":"","_et_pb_old_content":"","_et_gb_content_width":"","content-type":""},"product_brand":[],"product_cat":[79],"product_tag":[85,181],"class_list":{"0":"post-230061","1":"product","2":"type-product","3":"status-publish","4":"has-post-thumbnail","6":"product_cat-bomba-de-desplazamiento-positivo","7":"product_tag-bomba-neumatica","8":"product_tag-yamada","10":"first","11":"instock","12":"shipping-taxable","13":"product-type-simple"},"acf":[],"yoast_head":"<!-- This site is optimized with the Yoast SEO plugin v27.4 - https:\/\/yoast.com\/product\/yoast-seo-wordpress\/ -->\n<title>Bomba ne\u00famatica de doble diafragma - Venta en bombas de doble diafragma<\/title>\n<meta name=\"description\" content=\"Las Bombas de doble diafragma Yamada series NDP-50 impulsadas por aire\u00ae (AODD) proporcionan un caudal m\u00e1ximo de 166 galones por minuto.\" \/>\n<meta name=\"robots\" content=\"index, follow, max-snippet:-1, max-image-preview:large, max-video-preview:-1\" \/>\n<link rel=\"canonical\" href=\"https:\/\/www.grupo-inducom.com\/bo\/producto\/bomba-neumatica-de-doble-diafragma\/\" \/>\n<meta property=\"og:locale\" content=\"es_ES\" \/>\n<meta property=\"og:type\" content=\"article\" \/>\n<meta property=\"og:title\" content=\"Bomba ne\u00famatica de doble diafragma - Venta en bombas de doble diafragma\" \/>\n<meta property=\"og:description\" content=\"Las Bombas de doble diafragma Yamada series NDP-50 impulsadas por aire\u00ae (AODD) proporcionan un caudal m\u00e1ximo de 166 galones por minuto.\" \/>\n<meta property=\"og:url\" content=\"https:\/\/www.grupo-inducom.com\/bo\/producto\/bomba-neumatica-de-doble-diafragma\/\" \/>\n<meta property=\"og:site_name\" content=\"Inducom Bolivia\" \/>\n<meta property=\"article:modified_time\" content=\"2023-06-02T20:00:20+00:00\" \/>\n<meta name=\"twitter:card\" content=\"summary_large_image\" \/>\n<meta name=\"twitter:label1\" content=\"Tiempo de lectura\" \/>\n\t<meta name=\"twitter:data1\" content=\"1 minuto\" \/>\n<script type=\"application\/ld+json\" class=\"yoast-schema-graph\">{\"@context\":\"https:\\\/\\\/schema.org\",\"@graph\":[{\"@type\":\"WebPage\",\"@id\":\"https:\\\/\\\/www.grupo-inducom.com\\\/bo\\\/producto\\\/bomba-neumatica-de-doble-diafragma\\\/\",\"url\":\"https:\\\/\\\/www.grupo-inducom.com\\\/bo\\\/producto\\\/bomba-neumatica-de-doble-diafragma\\\/\",\"name\":\"Bomba ne\u00famatica de doble diafragma - Venta en bombas de doble diafragma\",\"isPartOf\":{\"@id\":\"https:\\\/\\\/www.grupo-inducom.com\\\/bo\\\/#website\"},\"primaryImageOfPage\":{\"@id\":\"https:\\\/\\\/www.grupo-inducom.com\\\/bo\\\/producto\\\/bomba-neumatica-de-doble-diafragma\\\/#primaryimage\"},\"image\":{\"@id\":\"https:\\\/\\\/www.grupo-inducom.com\\\/bo\\\/producto\\\/bomba-neumatica-de-doble-diafragma\\\/#primaryimage\"},\"thumbnailUrl\":\"https:\\\/\\\/www.grupo-inducom.com\\\/bo\\\/wp-content\\\/uploads\\\/sites\\\/7\\\/2023\\\/05\\\/37.png\",\"datePublished\":\"2023-06-02T20:00:16+00:00\",\"dateModified\":\"2023-06-02T20:00:20+00:00\",\"description\":\"Las Bombas de doble diafragma Yamada series NDP-50 impulsadas por aire\u00ae (AODD) proporcionan un caudal m\u00e1ximo de 166 galones por minuto.\",\"breadcrumb\":{\"@id\":\"https:\\\/\\\/www.grupo-inducom.com\\\/bo\\\/producto\\\/bomba-neumatica-de-doble-diafragma\\\/#breadcrumb\"},\"inLanguage\":\"es-CO\",\"potentialAction\":[{\"@type\":\"ReadAction\",\"target\":[\"https:\\\/\\\/www.grupo-inducom.com\\\/bo\\\/producto\\\/bomba-neumatica-de-doble-diafragma\\\/\"]}]},{\"@type\":\"ImageObject\",\"inLanguage\":\"es-CO\",\"@id\":\"https:\\\/\\\/www.grupo-inducom.com\\\/bo\\\/producto\\\/bomba-neumatica-de-doble-diafragma\\\/#primaryimage\",\"url\":\"https:\\\/\\\/www.grupo-inducom.com\\\/bo\\\/wp-content\\\/uploads\\\/sites\\\/7\\\/2023\\\/05\\\/37.png\",\"contentUrl\":\"https:\\\/\\\/www.grupo-inducom.com\\\/bo\\\/wp-content\\\/uploads\\\/sites\\\/7\\\/2023\\\/05\\\/37.png\",\"width\":300,\"height\":225},{\"@type\":\"BreadcrumbList\",\"@id\":\"https:\\\/\\\/www.grupo-inducom.com\\\/bo\\\/producto\\\/bomba-neumatica-de-doble-diafragma\\\/#breadcrumb\",\"itemListElement\":[{\"@type\":\"ListItem\",\"position\":1,\"name\":\"Portada\",\"item\":\"https:\\\/\\\/www.grupo-inducom.com\\\/bo\\\/\"},{\"@type\":\"ListItem\",\"position\":2,\"name\":\"Productos\",\"item\":\"https:\\\/\\\/www.grupo-inducom.com\\\/bo\\\/shop\\\/\"},{\"@type\":\"ListItem\",\"position\":3,\"name\":\"Bomba ne\u00famatica de doble diafragma\"}]},{\"@type\":\"WebSite\",\"@id\":\"https:\\\/\\\/www.grupo-inducom.com\\\/bo\\\/#website\",\"url\":\"https:\\\/\\\/www.grupo-inducom.com\\\/bo\\\/\",\"name\":\"Inducom Bolivia\",\"description\":\"\",\"potentialAction\":[{\"@type\":\"SearchAction\",\"target\":{\"@type\":\"EntryPoint\",\"urlTemplate\":\"https:\\\/\\\/www.grupo-inducom.com\\\/bo\\\/?s={search_term_string}\"},\"query-input\":{\"@type\":\"PropertyValueSpecification\",\"valueRequired\":true,\"valueName\":\"search_term_string\"}}],\"inLanguage\":\"es-CO\"}]}<\/script>\n<!-- \/ Yoast SEO plugin. -->","yoast_head_json":{"title":"Bomba ne\u00famatica de doble diafragma - Venta en bombas de doble diafragma","description":"Las Bombas de doble diafragma Yamada series NDP-50 impulsadas por aire\u00ae (AODD) proporcionan un caudal m\u00e1ximo de 166 galones por minuto.","robots":{"index":"index","follow":"follow","max-snippet":"max-snippet:-1","max-image-preview":"max-image-preview:large","max-video-preview":"max-video-preview:-1"},"canonical":"https:\/\/www.grupo-inducom.com\/bo\/producto\/bomba-neumatica-de-doble-diafragma\/","og_locale":"es_ES","og_type":"article","og_title":"Bomba ne\u00famatica de doble diafragma - Venta en bombas de doble diafragma","og_description":"Las Bombas de doble diafragma Yamada series NDP-50 impulsadas por aire\u00ae (AODD) proporcionan un caudal m\u00e1ximo de 166 galones por minuto.","og_url":"https:\/\/www.grupo-inducom.com\/bo\/producto\/bomba-neumatica-de-doble-diafragma\/","og_site_name":"Inducom Bolivia","article_modified_time":"2023-06-02T20:00:20+00:00","twitter_card":"summary_large_image","twitter_misc":{"Tiempo de lectura":"1 minuto"},"schema":{"@context":"https:\/\/schema.org","@graph":[{"@type":"WebPage","@id":"https:\/\/www.grupo-inducom.com\/bo\/producto\/bomba-neumatica-de-doble-diafragma\/","url":"https:\/\/www.grupo-inducom.com\/bo\/producto\/bomba-neumatica-de-doble-diafragma\/","name":"Bomba ne\u00famatica de doble diafragma - Venta en bombas de doble diafragma","isPartOf":{"@id":"https:\/\/www.grupo-inducom.com\/bo\/#website"},"primaryImageOfPage":{"@id":"https:\/\/www.grupo-inducom.com\/bo\/producto\/bomba-neumatica-de-doble-diafragma\/#primaryimage"},"image":{"@id":"https:\/\/www.grupo-inducom.com\/bo\/producto\/bomba-neumatica-de-doble-diafragma\/#primaryimage"},"thumbnailUrl":"https:\/\/www.grupo-inducom.com\/bo\/wp-content\/uploads\/sites\/7\/2023\/05\/37.png","datePublished":"2023-06-02T20:00:16+00:00","dateModified":"2023-06-02T20:00:20+00:00","description":"Las Bombas de doble diafragma Yamada series NDP-50 impulsadas por aire\u00ae (AODD) proporcionan un caudal m\u00e1ximo de 166 galones por minuto.","breadcrumb":{"@id":"https:\/\/www.grupo-inducom.com\/bo\/producto\/bomba-neumatica-de-doble-diafragma\/#breadcrumb"},"inLanguage":"es-CO","potentialAction":[{"@type":"ReadAction","target":["https:\/\/www.grupo-inducom.com\/bo\/producto\/bomba-neumatica-de-doble-diafragma\/"]}]},{"@type":"ImageObject","inLanguage":"es-CO","@id":"https:\/\/www.grupo-inducom.com\/bo\/producto\/bomba-neumatica-de-doble-diafragma\/#primaryimage","url":"https:\/\/www.grupo-inducom.com\/bo\/wp-content\/uploads\/sites\/7\/2023\/05\/37.png","contentUrl":"https:\/\/www.grupo-inducom.com\/bo\/wp-content\/uploads\/sites\/7\/2023\/05\/37.png","width":300,"height":225},{"@type":"BreadcrumbList","@id":"https:\/\/www.grupo-inducom.com\/bo\/producto\/bomba-neumatica-de-doble-diafragma\/#breadcrumb","itemListElement":[{"@type":"ListItem","position":1,"name":"Portada","item":"https:\/\/www.grupo-inducom.com\/bo\/"},{"@type":"ListItem","position":2,"name":"Productos","item":"https:\/\/www.grupo-inducom.com\/bo\/shop\/"},{"@type":"ListItem","position":3,"name":"Bomba ne\u00famatica de doble diafragma"}]},{"@type":"WebSite","@id":"https:\/\/www.grupo-inducom.com\/bo\/#website","url":"https:\/\/www.grupo-inducom.com\/bo\/","name":"Inducom Bolivia","description":"","potentialAction":[{"@type":"SearchAction","target":{"@type":"EntryPoint","urlTemplate":"https:\/\/www.grupo-inducom.com\/bo\/?s={search_term_string}"},"query-input":{"@type":"PropertyValueSpecification","valueRequired":true,"valueName":"search_term_string"}}],"inLanguage":"es-CO"}]}},"_links":{"self":[{"href":"https:\/\/www.grupo-inducom.com\/bo\/wp-json\/wp\/v2\/product\/230061","targetHints":{"allow":["GET"]}}],"collection":[{"href":"https:\/\/www.grupo-inducom.com\/bo\/wp-json\/wp\/v2\/product"}],"about":[{"href":"https:\/\/www.grupo-inducom.com\/bo\/wp-json\/wp\/v2\/types\/product"}],"replies":[{"embeddable":true,"href":"https:\/\/www.grupo-inducom.com\/bo\/wp-json\/wp\/v2\/comments?post=230061"}],"wp:featuredmedia":[{"embeddable":true,"href":"https:\/\/www.grupo-inducom.com\/bo\/wp-json\/wp\/v2\/media\/828"}],"wp:attachment":[{"href":"https:\/\/www.grupo-inducom.com\/bo\/wp-json\/wp\/v2\/media?parent=230061"}],"wp:term":[{"taxonomy":"product_brand","embeddable":true,"href":"https:\/\/www.grupo-inducom.com\/bo\/wp-json\/wp\/v2\/product_brand?post=230061"},{"taxonomy":"product_cat","embeddable":true,"href":"https:\/\/www.grupo-inducom.com\/bo\/wp-json\/wp\/v2\/product_cat?post=230061"},{"taxonomy":"product_tag","embeddable":true,"href":"https:\/\/www.grupo-inducom.com\/bo\/wp-json\/wp\/v2\/product_tag?post=230061"}],"curies":[{"name":"wp","href":"https:\/\/api.w.org\/{rel}","templated":true}]}}