{"id":230055,"date":"2023-06-02T15:00:06","date_gmt":"2023-06-02T20:00:06","guid":{"rendered":"https:\/\/www.grupo-inducom.com\/bo\/?post_type=product&#038;p=230055"},"modified":"2023-06-02T15:00:14","modified_gmt":"2023-06-02T20:00:14","slug":"bomba-centrifuga-acero-inox","status":"publish","type":"product","link":"https:\/\/www.grupo-inducom.com\/bo\/producto\/bomba-centrifuga-acero-inox\/","title":{"rendered":"Bomba centr\u00edfuga acero inox"},"content":{"rendered":"<p>La Bomba Centr\u00edfuga Acero Inoxidable tiene\u00a0 todos los componentes de la parte hidr\u00e1ulica en certificaci\u00f3n\u00a0 AISI 304, indicada para sistemas de presi\u00f3n, suministro y tratamiento de aguas, sistema de riego. Aire acondicionado y bombeo de aguas en general incluyendo l\u00edquidos moderadamente agresivos.<\/p>\n<p>&nbsp;<\/p>\n<p><strong>Caracter\u00edsticas principales:<\/strong><\/p>\n<ul>\n<li>Cuerpo,\u00a0impulsor, difusor y tapa cuerpo de bomba en Acero Inoxidable AISI 304,<\/li>\n<li>eje en acero inoxidable AISI 303,<\/li>\n<li>soporte de bomba y carcasa de motor en aluminio,<\/li>\n<li>sello mec\u00e1nico en carb\u00f3n\/cer\u00e1mica\/NBR.<\/li>\n<li>L\u00edmites de empleo: temperatura del agua 60\u00b0 C, temperatura ambiente 40\u00b0 C, altura de succi\u00f3n 7m.<\/li>\n<li>Motor con aislaci\u00f3n clase F y protecci\u00f3n IP55.<\/li>\n<\/ul>\n<p><span style=\"color: #ffffff\">Bomba Centr\u00edfuga Acero Inoxidable<\/span><\/p>\n","protected":false},"excerpt":{"rendered":"<ul>\n<li>Marca: EBARA<\/li>\n<li>Corriente\u00a0(Trif\u00e1sico) 220 \/ 380 V<\/li>\n<li>Conexi\u00f3n\u00a01 1\/4&#8243; x 1&#8243;<\/li>\n<li>Impulsor\u00a0Acero Inoxidable<\/li>\n<li>Origen:\u00a0Italia<\/li>\n<li>Tipo de L\u00edquido Aguas Servidas<\/li>\n<li>Potencia\u00a02.0 HP \/ 1.5 kW<\/li>\n<li>Altura M\u00e1xima (m.c.a.) 52<\/li>\n<li>Caudal M\u00e1ximo (l\/min)\u00a0150<\/li>\n<\/ul>\n","protected":false},"featured_media":822,"comment_status":"closed","ping_status":"closed","template":"","meta":{"_acf_changed":false,"_et_pb_use_builder":"on","_et_pb_old_content":"La Bomba Centr\u00edfuga Acero Inoxidable tiene\u00a0 todos los componentes de la parte hidr\u00e1ulica en certificaci\u00f3n\u00a0 AISI 304, indicada para sistemas de presi\u00f3n, suministro y tratamiento de aguas, sistema de riego. Aire acondicionado y bombeo de aguas en general incluyendo l\u00edquidos moderadamente agresivos.\n\n&nbsp;\n\n<strong>Caracter\u00edsticas principales:<\/strong>\n<ul>\n \t<li>Cuerpo,\u00a0impulsor, difusor y tapa cuerpo de bomba en Acero Inoxidable AISI 304,<\/li>\n \t<li>eje en acero inoxidable AISI 303,<\/li>\n \t<li>soporte de bomba y carcasa de motor en aluminio,<\/li>\n \t<li>sello mec\u00e1nico en carb\u00f3n\/cer\u00e1mica\/NBR.<\/li>\n \t<li>L\u00edmites de empleo: temperatura del agua 60\u00b0 C, temperatura ambiente 40\u00b0 C, altura de succi\u00f3n 7m.<\/li>\n \t<li>Motor con aislaci\u00f3n clase F y protecci\u00f3n IP55.<\/li>\n<\/ul>\n<span style=\"color: #ffffff\">Bomba Centr\u00edfuga Acero Inoxidable<\/span>","_et_gb_content_width":"","content-type":""},"product_brand":[],"product_cat":[102],"product_tag":[77,113,130],"class_list":{"0":"post-230055","1":"product","2":"type-product","3":"status-publish","4":"has-post-thumbnail","6":"product_cat-bombas-centrifugas","7":"product_tag-bomba-de-agua","8":"product_tag-bombas-para-riego","9":"product_tag-ebara","11":"first","12":"instock","13":"shipping-taxable","14":"product-type-simple"},"acf":[],"yoast_head":"<!-- This site is optimized with the Yoast SEO plugin v27.4 - https:\/\/yoast.com\/product\/yoast-seo-wordpress\/ -->\n<title>Bomba centr\u00edfuga acero inox - Venta de Bomba Centrifuga<\/title>\n<meta name=\"description\" content=\"Bomba Centr\u00edfuga con todos los componentes de la parte hidr\u00e1ulica en acero inoxidable AISI 304, - Guayaquil, Quito; CUenca, Ambato, Santo Domingo.\" \/>\n<meta name=\"robots\" content=\"index, follow, max-snippet:-1, max-image-preview:large, max-video-preview:-1\" \/>\n<link rel=\"canonical\" href=\"https:\/\/www.grupo-inducom.com\/bo\/producto\/bomba-centrifuga-acero-inox\/\" \/>\n<meta property=\"og:locale\" content=\"es_ES\" \/>\n<meta property=\"og:type\" content=\"article\" \/>\n<meta property=\"og:title\" content=\"Bomba centr\u00edfuga acero inox - Venta de Bomba Centrifuga\" \/>\n<meta property=\"og:description\" content=\"Bomba Centr\u00edfuga con todos los componentes de la parte hidr\u00e1ulica en acero inoxidable AISI 304, - Guayaquil, Quito; CUenca, Ambato, Santo Domingo.\" \/>\n<meta property=\"og:url\" content=\"https:\/\/www.grupo-inducom.com\/bo\/producto\/bomba-centrifuga-acero-inox\/\" \/>\n<meta property=\"og:site_name\" content=\"Inducom Bolivia\" \/>\n<meta property=\"article:modified_time\" content=\"2023-06-02T20:00:14+00:00\" \/>\n<meta name=\"twitter:card\" content=\"summary_large_image\" \/>\n<meta name=\"twitter:label1\" content=\"Tiempo de lectura\" \/>\n\t<meta name=\"twitter:data1\" content=\"1 minuto\" \/>\n<script type=\"application\/ld+json\" class=\"yoast-schema-graph\">{\"@context\":\"https:\\\/\\\/schema.org\",\"@graph\":[{\"@type\":\"WebPage\",\"@id\":\"https:\\\/\\\/www.grupo-inducom.com\\\/bo\\\/producto\\\/bomba-centrifuga-acero-inox\\\/\",\"url\":\"https:\\\/\\\/www.grupo-inducom.com\\\/bo\\\/producto\\\/bomba-centrifuga-acero-inox\\\/\",\"name\":\"Bomba centr\u00edfuga acero inox - Venta de Bomba Centrifuga\",\"isPartOf\":{\"@id\":\"https:\\\/\\\/www.grupo-inducom.com\\\/bo\\\/#website\"},\"primaryImageOfPage\":{\"@id\":\"https:\\\/\\\/www.grupo-inducom.com\\\/bo\\\/producto\\\/bomba-centrifuga-acero-inox\\\/#primaryimage\"},\"image\":{\"@id\":\"https:\\\/\\\/www.grupo-inducom.com\\\/bo\\\/producto\\\/bomba-centrifuga-acero-inox\\\/#primaryimage\"},\"thumbnailUrl\":\"https:\\\/\\\/www.grupo-inducom.com\\\/bo\\\/wp-content\\\/uploads\\\/sites\\\/7\\\/2023\\\/05\\\/11-1.webp\",\"datePublished\":\"2023-06-02T20:00:06+00:00\",\"dateModified\":\"2023-06-02T20:00:14+00:00\",\"description\":\"Bomba Centr\u00edfuga con todos los componentes de la parte hidr\u00e1ulica en acero inoxidable AISI 304, - Guayaquil, Quito; CUenca, Ambato, Santo Domingo.\",\"breadcrumb\":{\"@id\":\"https:\\\/\\\/www.grupo-inducom.com\\\/bo\\\/producto\\\/bomba-centrifuga-acero-inox\\\/#breadcrumb\"},\"inLanguage\":\"es-CO\",\"potentialAction\":[{\"@type\":\"ReadAction\",\"target\":[\"https:\\\/\\\/www.grupo-inducom.com\\\/bo\\\/producto\\\/bomba-centrifuga-acero-inox\\\/\"]}]},{\"@type\":\"ImageObject\",\"inLanguage\":\"es-CO\",\"@id\":\"https:\\\/\\\/www.grupo-inducom.com\\\/bo\\\/producto\\\/bomba-centrifuga-acero-inox\\\/#primaryimage\",\"url\":\"https:\\\/\\\/www.grupo-inducom.com\\\/bo\\\/wp-content\\\/uploads\\\/sites\\\/7\\\/2023\\\/05\\\/11-1.webp\",\"contentUrl\":\"https:\\\/\\\/www.grupo-inducom.com\\\/bo\\\/wp-content\\\/uploads\\\/sites\\\/7\\\/2023\\\/05\\\/11-1.webp\",\"width\":300,\"height\":225},{\"@type\":\"BreadcrumbList\",\"@id\":\"https:\\\/\\\/www.grupo-inducom.com\\\/bo\\\/producto\\\/bomba-centrifuga-acero-inox\\\/#breadcrumb\",\"itemListElement\":[{\"@type\":\"ListItem\",\"position\":1,\"name\":\"Portada\",\"item\":\"https:\\\/\\\/www.grupo-inducom.com\\\/bo\\\/\"},{\"@type\":\"ListItem\",\"position\":2,\"name\":\"Productos\",\"item\":\"https:\\\/\\\/www.grupo-inducom.com\\\/bo\\\/shop\\\/\"},{\"@type\":\"ListItem\",\"position\":3,\"name\":\"Bomba centr\u00edfuga acero inox\"}]},{\"@type\":\"WebSite\",\"@id\":\"https:\\\/\\\/www.grupo-inducom.com\\\/bo\\\/#website\",\"url\":\"https:\\\/\\\/www.grupo-inducom.com\\\/bo\\\/\",\"name\":\"Inducom Bolivia\",\"description\":\"\",\"potentialAction\":[{\"@type\":\"SearchAction\",\"target\":{\"@type\":\"EntryPoint\",\"urlTemplate\":\"https:\\\/\\\/www.grupo-inducom.com\\\/bo\\\/?s={search_term_string}\"},\"query-input\":{\"@type\":\"PropertyValueSpecification\",\"valueRequired\":true,\"valueName\":\"search_term_string\"}}],\"inLanguage\":\"es-CO\"}]}<\/script>\n<!-- \/ Yoast SEO plugin. -->","yoast_head_json":{"title":"Bomba centr\u00edfuga acero inox - Venta de Bomba Centrifuga","description":"Bomba Centr\u00edfuga con todos los componentes de la parte hidr\u00e1ulica en acero inoxidable AISI 304, - Guayaquil, Quito; CUenca, Ambato, Santo Domingo.","robots":{"index":"index","follow":"follow","max-snippet":"max-snippet:-1","max-image-preview":"max-image-preview:large","max-video-preview":"max-video-preview:-1"},"canonical":"https:\/\/www.grupo-inducom.com\/bo\/producto\/bomba-centrifuga-acero-inox\/","og_locale":"es_ES","og_type":"article","og_title":"Bomba centr\u00edfuga acero inox - Venta de Bomba Centrifuga","og_description":"Bomba Centr\u00edfuga con todos los componentes de la parte hidr\u00e1ulica en acero inoxidable AISI 304, - Guayaquil, Quito; CUenca, Ambato, Santo Domingo.","og_url":"https:\/\/www.grupo-inducom.com\/bo\/producto\/bomba-centrifuga-acero-inox\/","og_site_name":"Inducom Bolivia","article_modified_time":"2023-06-02T20:00:14+00:00","twitter_card":"summary_large_image","twitter_misc":{"Tiempo de lectura":"1 minuto"},"schema":{"@context":"https:\/\/schema.org","@graph":[{"@type":"WebPage","@id":"https:\/\/www.grupo-inducom.com\/bo\/producto\/bomba-centrifuga-acero-inox\/","url":"https:\/\/www.grupo-inducom.com\/bo\/producto\/bomba-centrifuga-acero-inox\/","name":"Bomba centr\u00edfuga acero inox - Venta de Bomba Centrifuga","isPartOf":{"@id":"https:\/\/www.grupo-inducom.com\/bo\/#website"},"primaryImageOfPage":{"@id":"https:\/\/www.grupo-inducom.com\/bo\/producto\/bomba-centrifuga-acero-inox\/#primaryimage"},"image":{"@id":"https:\/\/www.grupo-inducom.com\/bo\/producto\/bomba-centrifuga-acero-inox\/#primaryimage"},"thumbnailUrl":"https:\/\/www.grupo-inducom.com\/bo\/wp-content\/uploads\/sites\/7\/2023\/05\/11-1.webp","datePublished":"2023-06-02T20:00:06+00:00","dateModified":"2023-06-02T20:00:14+00:00","description":"Bomba Centr\u00edfuga con todos los componentes de la parte hidr\u00e1ulica en acero inoxidable AISI 304, - Guayaquil, Quito; CUenca, Ambato, Santo Domingo.","breadcrumb":{"@id":"https:\/\/www.grupo-inducom.com\/bo\/producto\/bomba-centrifuga-acero-inox\/#breadcrumb"},"inLanguage":"es-CO","potentialAction":[{"@type":"ReadAction","target":["https:\/\/www.grupo-inducom.com\/bo\/producto\/bomba-centrifuga-acero-inox\/"]}]},{"@type":"ImageObject","inLanguage":"es-CO","@id":"https:\/\/www.grupo-inducom.com\/bo\/producto\/bomba-centrifuga-acero-inox\/#primaryimage","url":"https:\/\/www.grupo-inducom.com\/bo\/wp-content\/uploads\/sites\/7\/2023\/05\/11-1.webp","contentUrl":"https:\/\/www.grupo-inducom.com\/bo\/wp-content\/uploads\/sites\/7\/2023\/05\/11-1.webp","width":300,"height":225},{"@type":"BreadcrumbList","@id":"https:\/\/www.grupo-inducom.com\/bo\/producto\/bomba-centrifuga-acero-inox\/#breadcrumb","itemListElement":[{"@type":"ListItem","position":1,"name":"Portada","item":"https:\/\/www.grupo-inducom.com\/bo\/"},{"@type":"ListItem","position":2,"name":"Productos","item":"https:\/\/www.grupo-inducom.com\/bo\/shop\/"},{"@type":"ListItem","position":3,"name":"Bomba centr\u00edfuga acero inox"}]},{"@type":"WebSite","@id":"https:\/\/www.grupo-inducom.com\/bo\/#website","url":"https:\/\/www.grupo-inducom.com\/bo\/","name":"Inducom Bolivia","description":"","potentialAction":[{"@type":"SearchAction","target":{"@type":"EntryPoint","urlTemplate":"https:\/\/www.grupo-inducom.com\/bo\/?s={search_term_string}"},"query-input":{"@type":"PropertyValueSpecification","valueRequired":true,"valueName":"search_term_string"}}],"inLanguage":"es-CO"}]}},"_links":{"self":[{"href":"https:\/\/www.grupo-inducom.com\/bo\/wp-json\/wp\/v2\/product\/230055","targetHints":{"allow":["GET"]}}],"collection":[{"href":"https:\/\/www.grupo-inducom.com\/bo\/wp-json\/wp\/v2\/product"}],"about":[{"href":"https:\/\/www.grupo-inducom.com\/bo\/wp-json\/wp\/v2\/types\/product"}],"replies":[{"embeddable":true,"href":"https:\/\/www.grupo-inducom.com\/bo\/wp-json\/wp\/v2\/comments?post=230055"}],"wp:featuredmedia":[{"embeddable":true,"href":"https:\/\/www.grupo-inducom.com\/bo\/wp-json\/wp\/v2\/media\/822"}],"wp:attachment":[{"href":"https:\/\/www.grupo-inducom.com\/bo\/wp-json\/wp\/v2\/media?parent=230055"}],"wp:term":[{"taxonomy":"product_brand","embeddable":true,"href":"https:\/\/www.grupo-inducom.com\/bo\/wp-json\/wp\/v2\/product_brand?post=230055"},{"taxonomy":"product_cat","embeddable":true,"href":"https:\/\/www.grupo-inducom.com\/bo\/wp-json\/wp\/v2\/product_cat?post=230055"},{"taxonomy":"product_tag","embeddable":true,"href":"https:\/\/www.grupo-inducom.com\/bo\/wp-json\/wp\/v2\/product_tag?post=230055"}],"curies":[{"name":"wp","href":"https:\/\/api.w.org\/{rel}","templated":true}]}}