{"id":230053,"date":"2023-06-02T15:00:06","date_gmt":"2023-06-02T20:00:06","guid":{"rendered":"https:\/\/www.grupo-inducom.com\/bo\/?post_type=product&#038;p=230053"},"modified":"2023-06-02T15:00:14","modified_gmt":"2023-06-02T20:00:14","slug":"bomba-centrifuga-acero-inox-304-316","status":"publish","type":"product","link":"https:\/\/www.grupo-inducom.com\/bo\/producto\/bomba-centrifuga-acero-inox-304-316\/","title":{"rendered":"Bomba centr\u00edfuga acero inox 304-316"},"content":{"rendered":"<p><span style=\"color: #ffffff\">Bomba Centr\u00edfuga Acero Inox<\/span><\/p>\n<p>CARACTERISTICAS<\/p>\n<ul>\n<li lang=\"es\" style=\"font-family: Calibri;font-size: 11pt\">Caudal: hasta 138 m3\/h.<\/li>\n<li lang=\"es\" style=\"font-family: Calibri;font-size: 11pt\">Altura de elevaci\u00f3n: hasta 70 m.<\/li>\n<li lang=\"es\" style=\"font-family: Calibri;font-size: 11pt\">Serie normalizada derivada de la norma EN 733 (ex DIN 24255).<\/li>\n<li lang=\"es\" style=\"font-family: Calibri;font-size: 11pt\">La presi\u00f3n m\u00e1xima de trabajo es de 10 bar.<\/li>\n<li lang=\"es\" style=\"font-family: Calibri;font-size: 11pt\">La temperatura m\u00e1xima del l\u00edquido bombeado es de 900C.<\/li>\n<li lang=\"es\" style=\"font-family: Calibri;font-size: 11pt\">Para temperaturas mayores consultar por sellos mec\u00e1nicos especiales.<\/li>\n<li lang=\"es\" style=\"font-family: Calibri;font-size: 11pt\">El motor es de alta eficiencia IE2 (de IS a 7 S HP). o IE3 (de 10 a 30 HP), es<\/li>\n<li lang=\"es\" style=\"font-family: Calibri;font-size: 11pt\">asincr\u00f3nico de 2 polos<\/li>\n<li lang=\"es\" style=\"font-family: Calibri;font-size: 11pt\">Potencias de IS a 3 HP en las versiones monof\u00e1sicas y de 1,5 a 30 HP en las<\/li>\n<li lang=\"es\" style=\"font-family: Calibri;font-size: 11pt\">trif\u00e1sicas.<\/li>\n<li lang=\"es\" style=\"font-family: Calibri;font-size: 11pt\">Las versiones monof\u00e1sicas vienen provistas con protecci\u00f3n t\u00e9rmica.<\/li>\n<li lang=\"es\" style=\"font-family: Calibri;font-size: 11pt\">Protecci\u00f3n el\u00e9ctrica: IP55. Aislaci\u00f3n: Clase F.<\/li>\n<li>Monoblock Eje libre 0.5-15 HP Trif\u00e1sicas y Monof\u00e1sicas hasta 15 HP<\/li>\n<\/ul>\n<p>APLICACIONES<\/p>\n<ul>\n<li lang=\"es\" style=\"font-family: Calibri;font-size: 11pt\">Abastecimiento de agua<\/li>\n<li lang=\"es\" style=\"font-family: Calibri;font-size: 11pt\">Grupos de presurizaci\u00f3n y equipos contra-incendio.<\/li>\n<\/ul>\n<p><span style=\"color: #ffffff\">Bomba Centr\u00edfuga Acero Inox<\/span><\/p>\n","protected":false},"excerpt":{"rendered":"<ul>\n<li lang=\"es\">Marca: EBARA<\/li>\n<li lang=\"es\" style=\"font-family: Calibri;font-size: 11pt\">Abastecimiento de agua<\/li>\n<li lang=\"es\" style=\"font-family: Calibri;font-size: 11pt\">Grupos de presurizaci\u00f3n y equipos contra-incendio.<\/li>\n<li lang=\"es\" style=\"font-family: Calibri;font-size: 11pt\">Sistemas de riego.<\/li>\n<li lang=\"es\" style=\"font-family: Calibri;font-size: 11pt\">Torres de enfriamiento.<\/li>\n<li lang=\"es\" style=\"font-family: Calibri;font-size: 11pt\">Tratamiento de aguas.<\/li>\n<li lang=\"es\" style=\"font-family: Calibri;font-size: 11pt\">Calefacci\u00f3n y aire acondicionado.<\/li>\n<li lang=\"es\" style=\"font-family: Calibri;font-size: 11pt\">Lavado a presi\u00f3n.<\/li>\n<\/ul>\n","protected":false},"featured_media":820,"comment_status":"closed","ping_status":"closed","template":"","meta":{"_acf_changed":false,"_et_pb_use_builder":"","_et_pb_old_content":"","_et_gb_content_width":"","content-type":""},"product_brand":[],"product_cat":[102],"product_tag":[77,113,130],"class_list":{"0":"post-230053","1":"product","2":"type-product","3":"status-publish","4":"has-post-thumbnail","6":"product_cat-bombas-centrifugas","7":"product_tag-bomba-de-agua","8":"product_tag-bombas-para-riego","9":"product_tag-ebara","11":"first","12":"instock","13":"shipping-taxable","14":"product-type-simple"},"acf":[],"yoast_head":"<!-- This site is optimized with the Yoast SEO plugin v27.4 - https:\/\/yoast.com\/product\/yoast-seo-wordpress\/ -->\n<title>Bomba centr\u00edfuga acero inox 304-316 - Venta Bomba Centr\u00edfuga- Ecuador<\/title>\n<meta name=\"description\" content=\"Electrobomba centr\u00edfuga monocelular construida en Acero Inoxidable AISI 304 (Trif\u00e1sicas y monof\u00e1sicas ) - Guayaquil, Quito, Cuenca, Machala, Santo Domingo\" \/>\n<meta name=\"robots\" content=\"index, follow, max-snippet:-1, max-image-preview:large, max-video-preview:-1\" \/>\n<link rel=\"canonical\" href=\"https:\/\/www.grupo-inducom.com\/bo\/producto\/bomba-centrifuga-acero-inox-304-316\/\" \/>\n<meta property=\"og:locale\" content=\"es_ES\" \/>\n<meta property=\"og:type\" content=\"article\" \/>\n<meta property=\"og:title\" content=\"Bomba centr\u00edfuga acero inox 304-316 - Venta Bomba Centr\u00edfuga- Ecuador\" \/>\n<meta property=\"og:description\" content=\"Electrobomba centr\u00edfuga monocelular construida en Acero Inoxidable AISI 304 (Trif\u00e1sicas y monof\u00e1sicas ) - Guayaquil, Quito, Cuenca, Machala, Santo Domingo\" \/>\n<meta property=\"og:url\" content=\"https:\/\/www.grupo-inducom.com\/bo\/producto\/bomba-centrifuga-acero-inox-304-316\/\" \/>\n<meta property=\"og:site_name\" content=\"Inducom Bolivia\" \/>\n<meta property=\"article:modified_time\" content=\"2023-06-02T20:00:14+00:00\" \/>\n<meta name=\"twitter:card\" content=\"summary_large_image\" \/>\n<meta name=\"twitter:label1\" content=\"Tiempo de lectura\" \/>\n\t<meta name=\"twitter:data1\" content=\"1 minuto\" \/>\n<script type=\"application\/ld+json\" class=\"yoast-schema-graph\">{\"@context\":\"https:\\\/\\\/schema.org\",\"@graph\":[{\"@type\":\"WebPage\",\"@id\":\"https:\\\/\\\/www.grupo-inducom.com\\\/bo\\\/producto\\\/bomba-centrifuga-acero-inox-304-316\\\/\",\"url\":\"https:\\\/\\\/www.grupo-inducom.com\\\/bo\\\/producto\\\/bomba-centrifuga-acero-inox-304-316\\\/\",\"name\":\"Bomba centr\u00edfuga acero inox 304-316 - Venta Bomba Centr\u00edfuga- Ecuador\",\"isPartOf\":{\"@id\":\"https:\\\/\\\/www.grupo-inducom.com\\\/bo\\\/#website\"},\"primaryImageOfPage\":{\"@id\":\"https:\\\/\\\/www.grupo-inducom.com\\\/bo\\\/producto\\\/bomba-centrifuga-acero-inox-304-316\\\/#primaryimage\"},\"image\":{\"@id\":\"https:\\\/\\\/www.grupo-inducom.com\\\/bo\\\/producto\\\/bomba-centrifuga-acero-inox-304-316\\\/#primaryimage\"},\"thumbnailUrl\":\"https:\\\/\\\/www.grupo-inducom.com\\\/bo\\\/wp-content\\\/uploads\\\/sites\\\/7\\\/2023\\\/05\\\/9-2.webp\",\"datePublished\":\"2023-06-02T20:00:06+00:00\",\"dateModified\":\"2023-06-02T20:00:14+00:00\",\"description\":\"Electrobomba centr\u00edfuga monocelular construida en Acero Inoxidable AISI 304 (Trif\u00e1sicas y monof\u00e1sicas ) - Guayaquil, Quito, Cuenca, Machala, Santo Domingo\",\"breadcrumb\":{\"@id\":\"https:\\\/\\\/www.grupo-inducom.com\\\/bo\\\/producto\\\/bomba-centrifuga-acero-inox-304-316\\\/#breadcrumb\"},\"inLanguage\":\"es-CO\",\"potentialAction\":[{\"@type\":\"ReadAction\",\"target\":[\"https:\\\/\\\/www.grupo-inducom.com\\\/bo\\\/producto\\\/bomba-centrifuga-acero-inox-304-316\\\/\"]}]},{\"@type\":\"ImageObject\",\"inLanguage\":\"es-CO\",\"@id\":\"https:\\\/\\\/www.grupo-inducom.com\\\/bo\\\/producto\\\/bomba-centrifuga-acero-inox-304-316\\\/#primaryimage\",\"url\":\"https:\\\/\\\/www.grupo-inducom.com\\\/bo\\\/wp-content\\\/uploads\\\/sites\\\/7\\\/2023\\\/05\\\/9-2.webp\",\"contentUrl\":\"https:\\\/\\\/www.grupo-inducom.com\\\/bo\\\/wp-content\\\/uploads\\\/sites\\\/7\\\/2023\\\/05\\\/9-2.webp\",\"width\":300,\"height\":225},{\"@type\":\"BreadcrumbList\",\"@id\":\"https:\\\/\\\/www.grupo-inducom.com\\\/bo\\\/producto\\\/bomba-centrifuga-acero-inox-304-316\\\/#breadcrumb\",\"itemListElement\":[{\"@type\":\"ListItem\",\"position\":1,\"name\":\"Portada\",\"item\":\"https:\\\/\\\/www.grupo-inducom.com\\\/bo\\\/\"},{\"@type\":\"ListItem\",\"position\":2,\"name\":\"Productos\",\"item\":\"https:\\\/\\\/www.grupo-inducom.com\\\/bo\\\/shop\\\/\"},{\"@type\":\"ListItem\",\"position\":3,\"name\":\"Bomba centr\u00edfuga acero inox 304-316\"}]},{\"@type\":\"WebSite\",\"@id\":\"https:\\\/\\\/www.grupo-inducom.com\\\/bo\\\/#website\",\"url\":\"https:\\\/\\\/www.grupo-inducom.com\\\/bo\\\/\",\"name\":\"Inducom Bolivia\",\"description\":\"\",\"potentialAction\":[{\"@type\":\"SearchAction\",\"target\":{\"@type\":\"EntryPoint\",\"urlTemplate\":\"https:\\\/\\\/www.grupo-inducom.com\\\/bo\\\/?s={search_term_string}\"},\"query-input\":{\"@type\":\"PropertyValueSpecification\",\"valueRequired\":true,\"valueName\":\"search_term_string\"}}],\"inLanguage\":\"es-CO\"}]}<\/script>\n<!-- \/ Yoast SEO plugin. -->","yoast_head_json":{"title":"Bomba centr\u00edfuga acero inox 304-316 - Venta Bomba Centr\u00edfuga- Ecuador","description":"Electrobomba centr\u00edfuga monocelular construida en Acero Inoxidable AISI 304 (Trif\u00e1sicas y monof\u00e1sicas ) - Guayaquil, Quito, Cuenca, Machala, Santo Domingo","robots":{"index":"index","follow":"follow","max-snippet":"max-snippet:-1","max-image-preview":"max-image-preview:large","max-video-preview":"max-video-preview:-1"},"canonical":"https:\/\/www.grupo-inducom.com\/bo\/producto\/bomba-centrifuga-acero-inox-304-316\/","og_locale":"es_ES","og_type":"article","og_title":"Bomba centr\u00edfuga acero inox 304-316 - Venta Bomba Centr\u00edfuga- Ecuador","og_description":"Electrobomba centr\u00edfuga monocelular construida en Acero Inoxidable AISI 304 (Trif\u00e1sicas y monof\u00e1sicas ) - Guayaquil, Quito, Cuenca, Machala, Santo Domingo","og_url":"https:\/\/www.grupo-inducom.com\/bo\/producto\/bomba-centrifuga-acero-inox-304-316\/","og_site_name":"Inducom Bolivia","article_modified_time":"2023-06-02T20:00:14+00:00","twitter_card":"summary_large_image","twitter_misc":{"Tiempo de lectura":"1 minuto"},"schema":{"@context":"https:\/\/schema.org","@graph":[{"@type":"WebPage","@id":"https:\/\/www.grupo-inducom.com\/bo\/producto\/bomba-centrifuga-acero-inox-304-316\/","url":"https:\/\/www.grupo-inducom.com\/bo\/producto\/bomba-centrifuga-acero-inox-304-316\/","name":"Bomba centr\u00edfuga acero inox 304-316 - Venta Bomba Centr\u00edfuga- Ecuador","isPartOf":{"@id":"https:\/\/www.grupo-inducom.com\/bo\/#website"},"primaryImageOfPage":{"@id":"https:\/\/www.grupo-inducom.com\/bo\/producto\/bomba-centrifuga-acero-inox-304-316\/#primaryimage"},"image":{"@id":"https:\/\/www.grupo-inducom.com\/bo\/producto\/bomba-centrifuga-acero-inox-304-316\/#primaryimage"},"thumbnailUrl":"https:\/\/www.grupo-inducom.com\/bo\/wp-content\/uploads\/sites\/7\/2023\/05\/9-2.webp","datePublished":"2023-06-02T20:00:06+00:00","dateModified":"2023-06-02T20:00:14+00:00","description":"Electrobomba centr\u00edfuga monocelular construida en Acero Inoxidable AISI 304 (Trif\u00e1sicas y monof\u00e1sicas ) - Guayaquil, Quito, Cuenca, Machala, Santo Domingo","breadcrumb":{"@id":"https:\/\/www.grupo-inducom.com\/bo\/producto\/bomba-centrifuga-acero-inox-304-316\/#breadcrumb"},"inLanguage":"es-CO","potentialAction":[{"@type":"ReadAction","target":["https:\/\/www.grupo-inducom.com\/bo\/producto\/bomba-centrifuga-acero-inox-304-316\/"]}]},{"@type":"ImageObject","inLanguage":"es-CO","@id":"https:\/\/www.grupo-inducom.com\/bo\/producto\/bomba-centrifuga-acero-inox-304-316\/#primaryimage","url":"https:\/\/www.grupo-inducom.com\/bo\/wp-content\/uploads\/sites\/7\/2023\/05\/9-2.webp","contentUrl":"https:\/\/www.grupo-inducom.com\/bo\/wp-content\/uploads\/sites\/7\/2023\/05\/9-2.webp","width":300,"height":225},{"@type":"BreadcrumbList","@id":"https:\/\/www.grupo-inducom.com\/bo\/producto\/bomba-centrifuga-acero-inox-304-316\/#breadcrumb","itemListElement":[{"@type":"ListItem","position":1,"name":"Portada","item":"https:\/\/www.grupo-inducom.com\/bo\/"},{"@type":"ListItem","position":2,"name":"Productos","item":"https:\/\/www.grupo-inducom.com\/bo\/shop\/"},{"@type":"ListItem","position":3,"name":"Bomba centr\u00edfuga acero inox 304-316"}]},{"@type":"WebSite","@id":"https:\/\/www.grupo-inducom.com\/bo\/#website","url":"https:\/\/www.grupo-inducom.com\/bo\/","name":"Inducom Bolivia","description":"","potentialAction":[{"@type":"SearchAction","target":{"@type":"EntryPoint","urlTemplate":"https:\/\/www.grupo-inducom.com\/bo\/?s={search_term_string}"},"query-input":{"@type":"PropertyValueSpecification","valueRequired":true,"valueName":"search_term_string"}}],"inLanguage":"es-CO"}]}},"_links":{"self":[{"href":"https:\/\/www.grupo-inducom.com\/bo\/wp-json\/wp\/v2\/product\/230053","targetHints":{"allow":["GET"]}}],"collection":[{"href":"https:\/\/www.grupo-inducom.com\/bo\/wp-json\/wp\/v2\/product"}],"about":[{"href":"https:\/\/www.grupo-inducom.com\/bo\/wp-json\/wp\/v2\/types\/product"}],"replies":[{"embeddable":true,"href":"https:\/\/www.grupo-inducom.com\/bo\/wp-json\/wp\/v2\/comments?post=230053"}],"wp:featuredmedia":[{"embeddable":true,"href":"https:\/\/www.grupo-inducom.com\/bo\/wp-json\/wp\/v2\/media\/820"}],"wp:attachment":[{"href":"https:\/\/www.grupo-inducom.com\/bo\/wp-json\/wp\/v2\/media?parent=230053"}],"wp:term":[{"taxonomy":"product_brand","embeddable":true,"href":"https:\/\/www.grupo-inducom.com\/bo\/wp-json\/wp\/v2\/product_brand?post=230053"},{"taxonomy":"product_cat","embeddable":true,"href":"https:\/\/www.grupo-inducom.com\/bo\/wp-json\/wp\/v2\/product_cat?post=230053"},{"taxonomy":"product_tag","embeddable":true,"href":"https:\/\/www.grupo-inducom.com\/bo\/wp-json\/wp\/v2\/product_tag?post=230053"}],"curies":[{"name":"wp","href":"https:\/\/api.w.org\/{rel}","templated":true}]}}