{"id":230047,"date":"2023-06-02T15:00:05","date_gmt":"2023-06-02T20:00:05","guid":{"rendered":"https:\/\/www.grupo-inducom.com\/bo\/?post_type=product&#038;p=230047"},"modified":"2023-06-02T15:00:12","modified_gmt":"2023-06-02T20:00:12","slug":"bomba-centrifuga-sumergible","status":"publish","type":"product","link":"https:\/\/www.grupo-inducom.com\/bo\/producto\/bomba-centrifuga-sumergible\/","title":{"rendered":"Bomba centr\u00edfuga sumergible"},"content":{"rendered":"<p><strong>Caracter\u00edsticas\u00a0 de Bomba Sumergible HCP<\/strong><\/p>\n<p>&nbsp;<\/p>\n<ul>\n<li>Dise\u00f1o consolidado, con una estructura liviana de menos de 175 lb (80 kg) y un di\u00e1metro de 11.2 pulgadas<br \/>\n(286mm) que brindan perspectiva en miniatura.<\/li>\n<li data-canvas-width=\"291.19688888888885\">La cubierta exterior de acero inoxidable completa los modelos AS 1.5HP ~ 10HP (1.1kW ~ 7.5kW) proporciona una excepcional.<\/li>\n<li data-canvas-width=\"291.19688888888885\">Impulsor HiCr (cromo alto) especialmente dise\u00f1ado, de alta eficiencia y resistente al agua.<\/li>\n<li data-canvas-width=\"291.19688888888885\">Dise\u00f1o de impulsor m\u00faltiple adecuado desde cabezal alto con capacidad peque\u00f1a a cabezal bajo con aplicaci\u00f3n de gran capacidad.<\/li>\n<li data-canvas-width=\"291.19688888888885\">Conexi\u00f3n de descarga opcional (conexi\u00f3n manguera, brida y rosca).<\/li>\n<li data-canvas-width=\"291.19688888888885\">Manejo compacto, fuerte y f\u00e1cil para todas las condiciones de aplicaci\u00f3n de ingenier\u00eda civil.<\/li>\n<li data-canvas-width=\"291.19688888888885\">Ingenier\u00eda civil, deshidrataci\u00f3n de t\u00faneles y obras de tierra, tambi\u00e9n para alcantarillas pluviales.<\/li>\n<li data-canvas-width=\"291.19688888888885\">Deshidrataci\u00f3n de fluidos que contengan sedimentos s\u00f3lidos.<\/li>\n<li data-canvas-width=\"291.19688888888885\">Facilidad de movilidad para el uso de contratistas, instaladores e industrias de servicios.<\/li>\n<\/ul>\n<p><span style=\"color: #ffffff\"><strong> Bomb<\/strong><strong>a Sumergible HCP<\/strong><\/span><\/p>\n","protected":false},"excerpt":{"rendered":"<ul>\n<li>Marca: HCP<\/li>\n<li>Bombas sumergibles<\/li>\n<li>Motor protecci\u00f3n IP68<\/li>\n<li>Protecciones m\u00faltiples<\/li>\n<li>Impulsores canal, vortex, abierto<\/li>\n<li>Materiales: hierro fundido, acero inoxidable, nodular, CA40, recubrimiento goma.<\/li>\n<\/ul>\n","protected":false},"featured_media":784,"comment_status":"closed","ping_status":"closed","template":"","meta":{"_acf_changed":false,"_et_pb_use_builder":"","_et_pb_old_content":"","_et_gb_content_width":"","content-type":""},"product_brand":[],"product_cat":[102],"product_tag":[96,130],"class_list":{"0":"post-230047","1":"product","2":"type-product","3":"status-publish","4":"has-post-thumbnail","6":"product_cat-bombas-centrifugas","7":"product_tag-bomba-sumergible","8":"product_tag-ebara","10":"first","11":"instock","12":"shipping-taxable","13":"product-type-simple"},"acf":[],"yoast_head":"<!-- This site is optimized with the Yoast SEO plugin v27.4 - https:\/\/yoast.com\/product\/yoast-seo-wordpress\/ -->\n<title>Bomba centr\u00edfuga sumergible - venta de Bomba centr\u00edfuga sumergible<\/title>\n<meta name=\"description\" content=\"Bomba Centr\u00edfuga sumergible para aguas negras, material de Acero Inoxidable AISI 304 Marca EBARA con construccion de hierro fundido - Guayaquil, Quito\" \/>\n<meta name=\"robots\" content=\"index, follow, max-snippet:-1, max-image-preview:large, max-video-preview:-1\" \/>\n<link rel=\"canonical\" href=\"https:\/\/www.grupo-inducom.com\/bo\/producto\/bomba-centrifuga-sumergible\/\" \/>\n<meta property=\"og:locale\" content=\"es_ES\" \/>\n<meta property=\"og:type\" content=\"article\" \/>\n<meta property=\"og:title\" content=\"Bomba centr\u00edfuga sumergible - venta de Bomba centr\u00edfuga sumergible\" \/>\n<meta property=\"og:description\" content=\"Bomba Centr\u00edfuga sumergible para aguas negras, material de Acero Inoxidable AISI 304 Marca EBARA con construccion de hierro fundido - Guayaquil, Quito\" \/>\n<meta property=\"og:url\" content=\"https:\/\/www.grupo-inducom.com\/bo\/producto\/bomba-centrifuga-sumergible\/\" \/>\n<meta property=\"og:site_name\" content=\"Inducom Bolivia\" \/>\n<meta property=\"article:modified_time\" content=\"2023-06-02T20:00:12+00:00\" \/>\n<meta name=\"twitter:card\" content=\"summary_large_image\" \/>\n<meta name=\"twitter:label1\" content=\"Tiempo de lectura\" \/>\n\t<meta name=\"twitter:data1\" content=\"1 minuto\" \/>\n<script type=\"application\/ld+json\" class=\"yoast-schema-graph\">{\"@context\":\"https:\\\/\\\/schema.org\",\"@graph\":[{\"@type\":\"WebPage\",\"@id\":\"https:\\\/\\\/www.grupo-inducom.com\\\/bo\\\/producto\\\/bomba-centrifuga-sumergible\\\/\",\"url\":\"https:\\\/\\\/www.grupo-inducom.com\\\/bo\\\/producto\\\/bomba-centrifuga-sumergible\\\/\",\"name\":\"Bomba centr\u00edfuga sumergible - venta de Bomba centr\u00edfuga sumergible\",\"isPartOf\":{\"@id\":\"https:\\\/\\\/www.grupo-inducom.com\\\/bo\\\/#website\"},\"primaryImageOfPage\":{\"@id\":\"https:\\\/\\\/www.grupo-inducom.com\\\/bo\\\/producto\\\/bomba-centrifuga-sumergible\\\/#primaryimage\"},\"image\":{\"@id\":\"https:\\\/\\\/www.grupo-inducom.com\\\/bo\\\/producto\\\/bomba-centrifuga-sumergible\\\/#primaryimage\"},\"thumbnailUrl\":\"https:\\\/\\\/www.grupo-inducom.com\\\/bo\\\/wp-content\\\/uploads\\\/sites\\\/7\\\/2023\\\/05\\\/29_1_.webp\",\"datePublished\":\"2023-06-02T20:00:05+00:00\",\"dateModified\":\"2023-06-02T20:00:12+00:00\",\"description\":\"Bomba Centr\u00edfuga sumergible para aguas negras, material de Acero Inoxidable AISI 304 Marca EBARA con construccion de hierro fundido - Guayaquil, Quito\",\"breadcrumb\":{\"@id\":\"https:\\\/\\\/www.grupo-inducom.com\\\/bo\\\/producto\\\/bomba-centrifuga-sumergible\\\/#breadcrumb\"},\"inLanguage\":\"es-CO\",\"potentialAction\":[{\"@type\":\"ReadAction\",\"target\":[\"https:\\\/\\\/www.grupo-inducom.com\\\/bo\\\/producto\\\/bomba-centrifuga-sumergible\\\/\"]}]},{\"@type\":\"ImageObject\",\"inLanguage\":\"es-CO\",\"@id\":\"https:\\\/\\\/www.grupo-inducom.com\\\/bo\\\/producto\\\/bomba-centrifuga-sumergible\\\/#primaryimage\",\"url\":\"https:\\\/\\\/www.grupo-inducom.com\\\/bo\\\/wp-content\\\/uploads\\\/sites\\\/7\\\/2023\\\/05\\\/29_1_.webp\",\"contentUrl\":\"https:\\\/\\\/www.grupo-inducom.com\\\/bo\\\/wp-content\\\/uploads\\\/sites\\\/7\\\/2023\\\/05\\\/29_1_.webp\",\"width\":300,\"height\":225},{\"@type\":\"BreadcrumbList\",\"@id\":\"https:\\\/\\\/www.grupo-inducom.com\\\/bo\\\/producto\\\/bomba-centrifuga-sumergible\\\/#breadcrumb\",\"itemListElement\":[{\"@type\":\"ListItem\",\"position\":1,\"name\":\"Portada\",\"item\":\"https:\\\/\\\/www.grupo-inducom.com\\\/bo\\\/\"},{\"@type\":\"ListItem\",\"position\":2,\"name\":\"Productos\",\"item\":\"https:\\\/\\\/www.grupo-inducom.com\\\/bo\\\/shop\\\/\"},{\"@type\":\"ListItem\",\"position\":3,\"name\":\"Bomba centr\u00edfuga sumergible\"}]},{\"@type\":\"WebSite\",\"@id\":\"https:\\\/\\\/www.grupo-inducom.com\\\/bo\\\/#website\",\"url\":\"https:\\\/\\\/www.grupo-inducom.com\\\/bo\\\/\",\"name\":\"Inducom Bolivia\",\"description\":\"\",\"potentialAction\":[{\"@type\":\"SearchAction\",\"target\":{\"@type\":\"EntryPoint\",\"urlTemplate\":\"https:\\\/\\\/www.grupo-inducom.com\\\/bo\\\/?s={search_term_string}\"},\"query-input\":{\"@type\":\"PropertyValueSpecification\",\"valueRequired\":true,\"valueName\":\"search_term_string\"}}],\"inLanguage\":\"es-CO\"}]}<\/script>\n<!-- \/ Yoast SEO plugin. -->","yoast_head_json":{"title":"Bomba centr\u00edfuga sumergible - venta de Bomba centr\u00edfuga sumergible","description":"Bomba Centr\u00edfuga sumergible para aguas negras, material de Acero Inoxidable AISI 304 Marca EBARA con construccion de hierro fundido - Guayaquil, Quito","robots":{"index":"index","follow":"follow","max-snippet":"max-snippet:-1","max-image-preview":"max-image-preview:large","max-video-preview":"max-video-preview:-1"},"canonical":"https:\/\/www.grupo-inducom.com\/bo\/producto\/bomba-centrifuga-sumergible\/","og_locale":"es_ES","og_type":"article","og_title":"Bomba centr\u00edfuga sumergible - venta de Bomba centr\u00edfuga sumergible","og_description":"Bomba Centr\u00edfuga sumergible para aguas negras, material de Acero Inoxidable AISI 304 Marca EBARA con construccion de hierro fundido - Guayaquil, Quito","og_url":"https:\/\/www.grupo-inducom.com\/bo\/producto\/bomba-centrifuga-sumergible\/","og_site_name":"Inducom Bolivia","article_modified_time":"2023-06-02T20:00:12+00:00","twitter_card":"summary_large_image","twitter_misc":{"Tiempo de lectura":"1 minuto"},"schema":{"@context":"https:\/\/schema.org","@graph":[{"@type":"WebPage","@id":"https:\/\/www.grupo-inducom.com\/bo\/producto\/bomba-centrifuga-sumergible\/","url":"https:\/\/www.grupo-inducom.com\/bo\/producto\/bomba-centrifuga-sumergible\/","name":"Bomba centr\u00edfuga sumergible - venta de Bomba centr\u00edfuga sumergible","isPartOf":{"@id":"https:\/\/www.grupo-inducom.com\/bo\/#website"},"primaryImageOfPage":{"@id":"https:\/\/www.grupo-inducom.com\/bo\/producto\/bomba-centrifuga-sumergible\/#primaryimage"},"image":{"@id":"https:\/\/www.grupo-inducom.com\/bo\/producto\/bomba-centrifuga-sumergible\/#primaryimage"},"thumbnailUrl":"https:\/\/www.grupo-inducom.com\/bo\/wp-content\/uploads\/sites\/7\/2023\/05\/29_1_.webp","datePublished":"2023-06-02T20:00:05+00:00","dateModified":"2023-06-02T20:00:12+00:00","description":"Bomba Centr\u00edfuga sumergible para aguas negras, material de Acero Inoxidable AISI 304 Marca EBARA con construccion de hierro fundido - Guayaquil, Quito","breadcrumb":{"@id":"https:\/\/www.grupo-inducom.com\/bo\/producto\/bomba-centrifuga-sumergible\/#breadcrumb"},"inLanguage":"es-CO","potentialAction":[{"@type":"ReadAction","target":["https:\/\/www.grupo-inducom.com\/bo\/producto\/bomba-centrifuga-sumergible\/"]}]},{"@type":"ImageObject","inLanguage":"es-CO","@id":"https:\/\/www.grupo-inducom.com\/bo\/producto\/bomba-centrifuga-sumergible\/#primaryimage","url":"https:\/\/www.grupo-inducom.com\/bo\/wp-content\/uploads\/sites\/7\/2023\/05\/29_1_.webp","contentUrl":"https:\/\/www.grupo-inducom.com\/bo\/wp-content\/uploads\/sites\/7\/2023\/05\/29_1_.webp","width":300,"height":225},{"@type":"BreadcrumbList","@id":"https:\/\/www.grupo-inducom.com\/bo\/producto\/bomba-centrifuga-sumergible\/#breadcrumb","itemListElement":[{"@type":"ListItem","position":1,"name":"Portada","item":"https:\/\/www.grupo-inducom.com\/bo\/"},{"@type":"ListItem","position":2,"name":"Productos","item":"https:\/\/www.grupo-inducom.com\/bo\/shop\/"},{"@type":"ListItem","position":3,"name":"Bomba centr\u00edfuga sumergible"}]},{"@type":"WebSite","@id":"https:\/\/www.grupo-inducom.com\/bo\/#website","url":"https:\/\/www.grupo-inducom.com\/bo\/","name":"Inducom Bolivia","description":"","potentialAction":[{"@type":"SearchAction","target":{"@type":"EntryPoint","urlTemplate":"https:\/\/www.grupo-inducom.com\/bo\/?s={search_term_string}"},"query-input":{"@type":"PropertyValueSpecification","valueRequired":true,"valueName":"search_term_string"}}],"inLanguage":"es-CO"}]}},"_links":{"self":[{"href":"https:\/\/www.grupo-inducom.com\/bo\/wp-json\/wp\/v2\/product\/230047","targetHints":{"allow":["GET"]}}],"collection":[{"href":"https:\/\/www.grupo-inducom.com\/bo\/wp-json\/wp\/v2\/product"}],"about":[{"href":"https:\/\/www.grupo-inducom.com\/bo\/wp-json\/wp\/v2\/types\/product"}],"replies":[{"embeddable":true,"href":"https:\/\/www.grupo-inducom.com\/bo\/wp-json\/wp\/v2\/comments?post=230047"}],"wp:featuredmedia":[{"embeddable":true,"href":"https:\/\/www.grupo-inducom.com\/bo\/wp-json\/wp\/v2\/media\/784"}],"wp:attachment":[{"href":"https:\/\/www.grupo-inducom.com\/bo\/wp-json\/wp\/v2\/media?parent=230047"}],"wp:term":[{"taxonomy":"product_brand","embeddable":true,"href":"https:\/\/www.grupo-inducom.com\/bo\/wp-json\/wp\/v2\/product_brand?post=230047"},{"taxonomy":"product_cat","embeddable":true,"href":"https:\/\/www.grupo-inducom.com\/bo\/wp-json\/wp\/v2\/product_cat?post=230047"},{"taxonomy":"product_tag","embeddable":true,"href":"https:\/\/www.grupo-inducom.com\/bo\/wp-json\/wp\/v2\/product_tag?post=230047"}],"curies":[{"name":"wp","href":"https:\/\/api.w.org\/{rel}","templated":true}]}}