{"id":230042,"date":"2023-06-02T15:00:04","date_gmt":"2023-06-02T20:00:04","guid":{"rendered":"https:\/\/www.grupo-inducom.com\/bo\/?post_type=product&#038;p=230042"},"modified":"2023-06-02T15:00:10","modified_gmt":"2023-06-02T20:00:10","slug":"bomba-de-engranajes-industrial","status":"publish","type":"product","link":"https:\/\/www.grupo-inducom.com\/bo\/producto\/bomba-de-engranajes-industrial\/","title":{"rendered":"Bomba de engranajes industrial"},"content":{"rendered":"<p><strong>Aplicaciones en Bomba de engranaje<\/strong><\/p>\n<p>&nbsp;<\/p>\n<ul>\n<li>Servicios de trabajo continuo.<\/li>\n<li>Industria Petroqu\u00edmica, refiner\u00edas, azucareras, fabricantes de neum\u00e1ticos, etc.<\/li>\n<li>Para operaciones de carga y descarga de fluidos en terminales: Camiones, dep\u00f3sitos, cisternas, vagones cisterna, buques, etc \u2026<\/li>\n<li>Asfalto, Alquitr\u00e1n, Bet\u00fan, Emulsi\u00f3n Asf\u00e1ltica, Fuel Oil 4\/5\/6, Resinas, Soluciones de Caucho, Melazas, Jabones, Crudo \u2026<\/li>\n<li>El fluido bombeado refrigera los casquillos (en modelos de bomba no encamisada) previniendo el sobrecalentamiento en esta zona, contribuyendo eficazmente a alargar excepcional-mente la vida \u00fatil del equipo.<\/li>\n<li>Estas bombas de engranajes internos para trabajo continuo est\u00e1n concebidas para manejar tanto fluidos de alta como de baja viscosidad.<\/li>\n<\/ul>\n<p><span style=\"color: #ffffff\"><strong>Bomba de engranaje<\/strong><\/span><\/p>\n","protected":false},"excerpt":{"rendered":"<ul>\n<li>Marca: Viking<\/li>\n<li>Confiable y fa\u0301cil de mantener<\/li>\n<li>Distancia final ajustable<\/li>\n<li>Opciones de sellado en el eje<\/li>\n<li>Opciones de Puertos<\/li>\n<li>Pulsacio\u0301n mi\u0301nima<\/li>\n<li>Opciones compactas de acoplamiento cerrado<\/li>\n<\/ul>\n","protected":false},"featured_media":776,"comment_status":"closed","ping_status":"closed","template":"","meta":{"_acf_changed":false,"_et_pb_use_builder":"","_et_pb_old_content":"","_et_gb_content_width":"","content-type":""},"product_brand":[],"product_cat":[79],"product_tag":[81,177],"class_list":{"0":"post-230042","1":"product","2":"type-product","3":"status-publish","4":"has-post-thumbnail","6":"product_cat-bomba-de-desplazamiento-positivo","7":"product_tag-bomba-de-engranaje","8":"product_tag-viking-pump","10":"first","11":"instock","12":"shipping-taxable","13":"product-type-simple"},"acf":[],"yoast_head":"<!-- This site is optimized with the Yoast SEO plugin v27.4 - https:\/\/yoast.com\/product\/yoast-seo-wordpress\/ -->\n<title>Bomba de engranajes industrial - Venta en bomba de engranaje - Ecuador<\/title>\n<meta name=\"description\" content=\"La bomba de engranaje generalmente se las utilizan en industrias Petroqu\u00edmicas, refiner\u00edas, azucareras entre otros - Guayaquil, Quito, Cuenca, Ambato\" \/>\n<meta name=\"robots\" content=\"index, follow, max-snippet:-1, max-image-preview:large, max-video-preview:-1\" \/>\n<link rel=\"canonical\" href=\"https:\/\/www.grupo-inducom.com\/bo\/producto\/bomba-de-engranajes-industrial\/\" \/>\n<meta property=\"og:locale\" content=\"es_ES\" \/>\n<meta property=\"og:type\" content=\"article\" \/>\n<meta property=\"og:title\" content=\"Bomba de engranajes industrial - Venta en bomba de engranaje - Ecuador\" \/>\n<meta property=\"og:description\" content=\"La bomba de engranaje generalmente se las utilizan en industrias Petroqu\u00edmicas, refiner\u00edas, azucareras entre otros - Guayaquil, Quito, Cuenca, Ambato\" \/>\n<meta property=\"og:url\" content=\"https:\/\/www.grupo-inducom.com\/bo\/producto\/bomba-de-engranajes-industrial\/\" \/>\n<meta property=\"og:site_name\" content=\"Inducom Bolivia\" \/>\n<meta property=\"article:modified_time\" content=\"2023-06-02T20:00:10+00:00\" \/>\n<meta name=\"twitter:card\" content=\"summary_large_image\" \/>\n<meta name=\"twitter:label1\" content=\"Tiempo de lectura\" \/>\n\t<meta name=\"twitter:data1\" content=\"1 minuto\" \/>\n<script type=\"application\/ld+json\" class=\"yoast-schema-graph\">{\"@context\":\"https:\\\/\\\/schema.org\",\"@graph\":[{\"@type\":\"WebPage\",\"@id\":\"https:\\\/\\\/www.grupo-inducom.com\\\/bo\\\/producto\\\/bomba-de-engranajes-industrial\\\/\",\"url\":\"https:\\\/\\\/www.grupo-inducom.com\\\/bo\\\/producto\\\/bomba-de-engranajes-industrial\\\/\",\"name\":\"Bomba de engranajes industrial - Venta en bomba de engranaje - Ecuador\",\"isPartOf\":{\"@id\":\"https:\\\/\\\/www.grupo-inducom.com\\\/bo\\\/#website\"},\"primaryImageOfPage\":{\"@id\":\"https:\\\/\\\/www.grupo-inducom.com\\\/bo\\\/producto\\\/bomba-de-engranajes-industrial\\\/#primaryimage\"},\"image\":{\"@id\":\"https:\\\/\\\/www.grupo-inducom.com\\\/bo\\\/producto\\\/bomba-de-engranajes-industrial\\\/#primaryimage\"},\"thumbnailUrl\":\"https:\\\/\\\/www.grupo-inducom.com\\\/bo\\\/wp-content\\\/uploads\\\/sites\\\/7\\\/2023\\\/05\\\/20-2.webp\",\"datePublished\":\"2023-06-02T20:00:04+00:00\",\"dateModified\":\"2023-06-02T20:00:10+00:00\",\"description\":\"La bomba de engranaje generalmente se las utilizan en industrias Petroqu\u00edmicas, refiner\u00edas, azucareras entre otros - Guayaquil, Quito, Cuenca, Ambato\",\"breadcrumb\":{\"@id\":\"https:\\\/\\\/www.grupo-inducom.com\\\/bo\\\/producto\\\/bomba-de-engranajes-industrial\\\/#breadcrumb\"},\"inLanguage\":\"es-CO\",\"potentialAction\":[{\"@type\":\"ReadAction\",\"target\":[\"https:\\\/\\\/www.grupo-inducom.com\\\/bo\\\/producto\\\/bomba-de-engranajes-industrial\\\/\"]}]},{\"@type\":\"ImageObject\",\"inLanguage\":\"es-CO\",\"@id\":\"https:\\\/\\\/www.grupo-inducom.com\\\/bo\\\/producto\\\/bomba-de-engranajes-industrial\\\/#primaryimage\",\"url\":\"https:\\\/\\\/www.grupo-inducom.com\\\/bo\\\/wp-content\\\/uploads\\\/sites\\\/7\\\/2023\\\/05\\\/20-2.webp\",\"contentUrl\":\"https:\\\/\\\/www.grupo-inducom.com\\\/bo\\\/wp-content\\\/uploads\\\/sites\\\/7\\\/2023\\\/05\\\/20-2.webp\",\"width\":300,\"height\":225},{\"@type\":\"BreadcrumbList\",\"@id\":\"https:\\\/\\\/www.grupo-inducom.com\\\/bo\\\/producto\\\/bomba-de-engranajes-industrial\\\/#breadcrumb\",\"itemListElement\":[{\"@type\":\"ListItem\",\"position\":1,\"name\":\"Portada\",\"item\":\"https:\\\/\\\/www.grupo-inducom.com\\\/bo\\\/\"},{\"@type\":\"ListItem\",\"position\":2,\"name\":\"Productos\",\"item\":\"https:\\\/\\\/www.grupo-inducom.com\\\/bo\\\/shop\\\/\"},{\"@type\":\"ListItem\",\"position\":3,\"name\":\"Bomba de engranajes industrial\"}]},{\"@type\":\"WebSite\",\"@id\":\"https:\\\/\\\/www.grupo-inducom.com\\\/bo\\\/#website\",\"url\":\"https:\\\/\\\/www.grupo-inducom.com\\\/bo\\\/\",\"name\":\"Inducom Bolivia\",\"description\":\"\",\"potentialAction\":[{\"@type\":\"SearchAction\",\"target\":{\"@type\":\"EntryPoint\",\"urlTemplate\":\"https:\\\/\\\/www.grupo-inducom.com\\\/bo\\\/?s={search_term_string}\"},\"query-input\":{\"@type\":\"PropertyValueSpecification\",\"valueRequired\":true,\"valueName\":\"search_term_string\"}}],\"inLanguage\":\"es-CO\"}]}<\/script>\n<!-- \/ Yoast SEO plugin. -->","yoast_head_json":{"title":"Bomba de engranajes industrial - Venta en bomba de engranaje - Ecuador","description":"La bomba de engranaje generalmente se las utilizan en industrias Petroqu\u00edmicas, refiner\u00edas, azucareras entre otros - Guayaquil, Quito, Cuenca, Ambato","robots":{"index":"index","follow":"follow","max-snippet":"max-snippet:-1","max-image-preview":"max-image-preview:large","max-video-preview":"max-video-preview:-1"},"canonical":"https:\/\/www.grupo-inducom.com\/bo\/producto\/bomba-de-engranajes-industrial\/","og_locale":"es_ES","og_type":"article","og_title":"Bomba de engranajes industrial - Venta en bomba de engranaje - Ecuador","og_description":"La bomba de engranaje generalmente se las utilizan en industrias Petroqu\u00edmicas, refiner\u00edas, azucareras entre otros - Guayaquil, Quito, Cuenca, Ambato","og_url":"https:\/\/www.grupo-inducom.com\/bo\/producto\/bomba-de-engranajes-industrial\/","og_site_name":"Inducom Bolivia","article_modified_time":"2023-06-02T20:00:10+00:00","twitter_card":"summary_large_image","twitter_misc":{"Tiempo de lectura":"1 minuto"},"schema":{"@context":"https:\/\/schema.org","@graph":[{"@type":"WebPage","@id":"https:\/\/www.grupo-inducom.com\/bo\/producto\/bomba-de-engranajes-industrial\/","url":"https:\/\/www.grupo-inducom.com\/bo\/producto\/bomba-de-engranajes-industrial\/","name":"Bomba de engranajes industrial - Venta en bomba de engranaje - Ecuador","isPartOf":{"@id":"https:\/\/www.grupo-inducom.com\/bo\/#website"},"primaryImageOfPage":{"@id":"https:\/\/www.grupo-inducom.com\/bo\/producto\/bomba-de-engranajes-industrial\/#primaryimage"},"image":{"@id":"https:\/\/www.grupo-inducom.com\/bo\/producto\/bomba-de-engranajes-industrial\/#primaryimage"},"thumbnailUrl":"https:\/\/www.grupo-inducom.com\/bo\/wp-content\/uploads\/sites\/7\/2023\/05\/20-2.webp","datePublished":"2023-06-02T20:00:04+00:00","dateModified":"2023-06-02T20:00:10+00:00","description":"La bomba de engranaje generalmente se las utilizan en industrias Petroqu\u00edmicas, refiner\u00edas, azucareras entre otros - Guayaquil, Quito, Cuenca, Ambato","breadcrumb":{"@id":"https:\/\/www.grupo-inducom.com\/bo\/producto\/bomba-de-engranajes-industrial\/#breadcrumb"},"inLanguage":"es-CO","potentialAction":[{"@type":"ReadAction","target":["https:\/\/www.grupo-inducom.com\/bo\/producto\/bomba-de-engranajes-industrial\/"]}]},{"@type":"ImageObject","inLanguage":"es-CO","@id":"https:\/\/www.grupo-inducom.com\/bo\/producto\/bomba-de-engranajes-industrial\/#primaryimage","url":"https:\/\/www.grupo-inducom.com\/bo\/wp-content\/uploads\/sites\/7\/2023\/05\/20-2.webp","contentUrl":"https:\/\/www.grupo-inducom.com\/bo\/wp-content\/uploads\/sites\/7\/2023\/05\/20-2.webp","width":300,"height":225},{"@type":"BreadcrumbList","@id":"https:\/\/www.grupo-inducom.com\/bo\/producto\/bomba-de-engranajes-industrial\/#breadcrumb","itemListElement":[{"@type":"ListItem","position":1,"name":"Portada","item":"https:\/\/www.grupo-inducom.com\/bo\/"},{"@type":"ListItem","position":2,"name":"Productos","item":"https:\/\/www.grupo-inducom.com\/bo\/shop\/"},{"@type":"ListItem","position":3,"name":"Bomba de engranajes industrial"}]},{"@type":"WebSite","@id":"https:\/\/www.grupo-inducom.com\/bo\/#website","url":"https:\/\/www.grupo-inducom.com\/bo\/","name":"Inducom Bolivia","description":"","potentialAction":[{"@type":"SearchAction","target":{"@type":"EntryPoint","urlTemplate":"https:\/\/www.grupo-inducom.com\/bo\/?s={search_term_string}"},"query-input":{"@type":"PropertyValueSpecification","valueRequired":true,"valueName":"search_term_string"}}],"inLanguage":"es-CO"}]}},"_links":{"self":[{"href":"https:\/\/www.grupo-inducom.com\/bo\/wp-json\/wp\/v2\/product\/230042","targetHints":{"allow":["GET"]}}],"collection":[{"href":"https:\/\/www.grupo-inducom.com\/bo\/wp-json\/wp\/v2\/product"}],"about":[{"href":"https:\/\/www.grupo-inducom.com\/bo\/wp-json\/wp\/v2\/types\/product"}],"replies":[{"embeddable":true,"href":"https:\/\/www.grupo-inducom.com\/bo\/wp-json\/wp\/v2\/comments?post=230042"}],"wp:featuredmedia":[{"embeddable":true,"href":"https:\/\/www.grupo-inducom.com\/bo\/wp-json\/wp\/v2\/media\/776"}],"wp:attachment":[{"href":"https:\/\/www.grupo-inducom.com\/bo\/wp-json\/wp\/v2\/media?parent=230042"}],"wp:term":[{"taxonomy":"product_brand","embeddable":true,"href":"https:\/\/www.grupo-inducom.com\/bo\/wp-json\/wp\/v2\/product_brand?post=230042"},{"taxonomy":"product_cat","embeddable":true,"href":"https:\/\/www.grupo-inducom.com\/bo\/wp-json\/wp\/v2\/product_cat?post=230042"},{"taxonomy":"product_tag","embeddable":true,"href":"https:\/\/www.grupo-inducom.com\/bo\/wp-json\/wp\/v2\/product_tag?post=230042"}],"curies":[{"name":"wp","href":"https:\/\/api.w.org\/{rel}","templated":true}]}}