{"id":230041,"date":"2023-06-02T15:00:04","date_gmt":"2023-06-02T20:00:04","guid":{"rendered":"https:\/\/www.grupo-inducom.com\/bo\/?post_type=product&#038;p=230041"},"modified":"2023-06-02T15:00:10","modified_gmt":"2023-06-02T20:00:10","slug":"bomba-autocebante-para-desechos","status":"publish","type":"product","link":"https:\/\/www.grupo-inducom.com\/bo\/producto\/bomba-autocebante-para-desechos\/","title":{"rendered":"Bomba autocebante para desechos"},"content":{"rendered":"<div data-canvas-width=\"291.19688888888885\">\n<p>La bomba autocebante para\u00a0desechos o\u00a0aguas negras (Hidromac) tiene un extraordinario rendimiento para una obstrucci\u00f3n casi inexistente gracias a su dise\u00f1o semi-abierto que permite a los residuos s\u00f3lidos pasar a trav\u00e9s de la bomba a pesar del \u00a0gran tama\u00f1o y fibras largas.<\/p>\n<p>Son ideales para bombear l\u00edquidos calientes, gaseosos, con presi\u00f3n de vapor baja y vol\u00e1tiles. Estas permiten asegurar un flujo constante cuando sea necesario.<\/p>\n<p><strong>Caracter\u00edsticas y beneficios\u00a0<\/strong><\/p>\n<ul>\n<li>Reducci\u00f3n en las Molestias por Obstrucci\u00f3n<\/li>\n<li>Sistema de Manejo de S\u00f3lidos Eradicator reduce en gran medida la posibilidad de obstrucciones.<\/li>\n<li>Mayor Eficiencia<\/li>\n<li>El dise\u00f1o innovador de la cubierta permite una trayectoria del flujo m\u00e1s eficiente<\/li>\n<li>La obstrucci\u00f3n en cualquier grado afecta gravemente eficiencia de la bomba<\/li>\n<li>Ahorro de costo global del ciclo de vida<\/li>\n<li>Reducidos Costos de Mantenimientos<\/li>\n<li>Costos de Energ\u00eda (Menores)<\/li>\n<li>Tiempo de Operaci\u00f3n (Mayor)<\/li>\n<\/ul>\n<\/div>\n","protected":false},"excerpt":{"rendered":"<ul>\n<li>Marca Hidromac<\/li>\n<li>Mayor Eficiencia<\/li>\n<li>Ahorro de costo global del ciclo de vida<\/li>\n<li>Costos de Mantenimientos Reducidos<\/li>\n<li>Menores Costos de Energ\u00eda<\/li>\n<li>Mayor tiempo de Operaci\u00f3n<\/li>\n<\/ul>\n","protected":false},"featured_media":775,"comment_status":"closed","ping_status":"closed","template":"","meta":{"_acf_changed":false,"_et_pb_use_builder":"","_et_pb_old_content":"","_et_gb_content_width":"","content-type":""},"product_brand":[],"product_cat":[102],"product_tag":[101,110,188],"class_list":{"0":"post-230041","1":"product","2":"type-product","3":"status-publish","4":"has-post-thumbnail","6":"product_cat-bombas-centrifugas","7":"product_tag-bombas-autocebantes","8":"product_tag-bombas-para-desechos","9":"product_tag-corvex-pumps","11":"first","12":"instock","13":"shipping-taxable","14":"product-type-simple"},"acf":[],"yoast_head":"<!-- This site is optimized with the Yoast SEO plugin v27.4 - https:\/\/yoast.com\/product\/yoast-seo-wordpress\/ -->\n<title>Bomba autocebante para desechos - Venta de bomba autocebante<\/title>\n<meta name=\"description\" content=\"La bomba autocebante para desechos Hidromac se especializa para trabajar gran capacidad de antiobstruccion- Guayaquil, Quito, Cuenca, Ambato, Santo Domingo\" \/>\n<meta name=\"robots\" content=\"index, follow, max-snippet:-1, max-image-preview:large, max-video-preview:-1\" \/>\n<link rel=\"canonical\" href=\"https:\/\/www.grupo-inducom.com\/bo\/producto\/bomba-autocebante-para-desechos\/\" \/>\n<meta property=\"og:locale\" content=\"es_ES\" \/>\n<meta property=\"og:type\" content=\"article\" \/>\n<meta property=\"og:title\" content=\"Bomba autocebante para desechos - Venta de bomba autocebante\" \/>\n<meta property=\"og:description\" content=\"La bomba autocebante para desechos Hidromac se especializa para trabajar gran capacidad de antiobstruccion- Guayaquil, Quito, Cuenca, Ambato, Santo Domingo\" \/>\n<meta property=\"og:url\" content=\"https:\/\/www.grupo-inducom.com\/bo\/producto\/bomba-autocebante-para-desechos\/\" \/>\n<meta property=\"og:site_name\" content=\"Inducom Bolivia\" \/>\n<meta property=\"article:modified_time\" content=\"2023-06-02T20:00:10+00:00\" \/>\n<meta name=\"twitter:card\" content=\"summary_large_image\" \/>\n<meta name=\"twitter:label1\" content=\"Tiempo de lectura\" \/>\n\t<meta name=\"twitter:data1\" content=\"1 minuto\" \/>\n<script type=\"application\/ld+json\" class=\"yoast-schema-graph\">{\"@context\":\"https:\\\/\\\/schema.org\",\"@graph\":[{\"@type\":\"WebPage\",\"@id\":\"https:\\\/\\\/www.grupo-inducom.com\\\/bo\\\/producto\\\/bomba-autocebante-para-desechos\\\/\",\"url\":\"https:\\\/\\\/www.grupo-inducom.com\\\/bo\\\/producto\\\/bomba-autocebante-para-desechos\\\/\",\"name\":\"Bomba autocebante para desechos - Venta de bomba autocebante\",\"isPartOf\":{\"@id\":\"https:\\\/\\\/www.grupo-inducom.com\\\/bo\\\/#website\"},\"primaryImageOfPage\":{\"@id\":\"https:\\\/\\\/www.grupo-inducom.com\\\/bo\\\/producto\\\/bomba-autocebante-para-desechos\\\/#primaryimage\"},\"image\":{\"@id\":\"https:\\\/\\\/www.grupo-inducom.com\\\/bo\\\/producto\\\/bomba-autocebante-para-desechos\\\/#primaryimage\"},\"thumbnailUrl\":\"https:\\\/\\\/www.grupo-inducom.com\\\/bo\\\/wp-content\\\/uploads\\\/sites\\\/7\\\/2023\\\/05\\\/Recurso-1bomba-autocebante.webp\",\"datePublished\":\"2023-06-02T20:00:04+00:00\",\"dateModified\":\"2023-06-02T20:00:10+00:00\",\"description\":\"La bomba autocebante para desechos Hidromac se especializa para trabajar gran capacidad de antiobstruccion- Guayaquil, Quito, Cuenca, Ambato, Santo Domingo\",\"breadcrumb\":{\"@id\":\"https:\\\/\\\/www.grupo-inducom.com\\\/bo\\\/producto\\\/bomba-autocebante-para-desechos\\\/#breadcrumb\"},\"inLanguage\":\"es-CO\",\"potentialAction\":[{\"@type\":\"ReadAction\",\"target\":[\"https:\\\/\\\/www.grupo-inducom.com\\\/bo\\\/producto\\\/bomba-autocebante-para-desechos\\\/\"]}]},{\"@type\":\"ImageObject\",\"inLanguage\":\"es-CO\",\"@id\":\"https:\\\/\\\/www.grupo-inducom.com\\\/bo\\\/producto\\\/bomba-autocebante-para-desechos\\\/#primaryimage\",\"url\":\"https:\\\/\\\/www.grupo-inducom.com\\\/bo\\\/wp-content\\\/uploads\\\/sites\\\/7\\\/2023\\\/05\\\/Recurso-1bomba-autocebante.webp\",\"contentUrl\":\"https:\\\/\\\/www.grupo-inducom.com\\\/bo\\\/wp-content\\\/uploads\\\/sites\\\/7\\\/2023\\\/05\\\/Recurso-1bomba-autocebante.webp\",\"width\":301,\"height\":226},{\"@type\":\"BreadcrumbList\",\"@id\":\"https:\\\/\\\/www.grupo-inducom.com\\\/bo\\\/producto\\\/bomba-autocebante-para-desechos\\\/#breadcrumb\",\"itemListElement\":[{\"@type\":\"ListItem\",\"position\":1,\"name\":\"Portada\",\"item\":\"https:\\\/\\\/www.grupo-inducom.com\\\/bo\\\/\"},{\"@type\":\"ListItem\",\"position\":2,\"name\":\"Productos\",\"item\":\"https:\\\/\\\/www.grupo-inducom.com\\\/bo\\\/shop\\\/\"},{\"@type\":\"ListItem\",\"position\":3,\"name\":\"Bomba autocebante para desechos\"}]},{\"@type\":\"WebSite\",\"@id\":\"https:\\\/\\\/www.grupo-inducom.com\\\/bo\\\/#website\",\"url\":\"https:\\\/\\\/www.grupo-inducom.com\\\/bo\\\/\",\"name\":\"Inducom Bolivia\",\"description\":\"\",\"potentialAction\":[{\"@type\":\"SearchAction\",\"target\":{\"@type\":\"EntryPoint\",\"urlTemplate\":\"https:\\\/\\\/www.grupo-inducom.com\\\/bo\\\/?s={search_term_string}\"},\"query-input\":{\"@type\":\"PropertyValueSpecification\",\"valueRequired\":true,\"valueName\":\"search_term_string\"}}],\"inLanguage\":\"es-CO\"}]}<\/script>\n<!-- \/ Yoast SEO plugin. -->","yoast_head_json":{"title":"Bomba autocebante para desechos - Venta de bomba autocebante","description":"La bomba autocebante para desechos Hidromac se especializa para trabajar gran capacidad de antiobstruccion- Guayaquil, Quito, Cuenca, Ambato, Santo Domingo","robots":{"index":"index","follow":"follow","max-snippet":"max-snippet:-1","max-image-preview":"max-image-preview:large","max-video-preview":"max-video-preview:-1"},"canonical":"https:\/\/www.grupo-inducom.com\/bo\/producto\/bomba-autocebante-para-desechos\/","og_locale":"es_ES","og_type":"article","og_title":"Bomba autocebante para desechos - Venta de bomba autocebante","og_description":"La bomba autocebante para desechos Hidromac se especializa para trabajar gran capacidad de antiobstruccion- Guayaquil, Quito, Cuenca, Ambato, Santo Domingo","og_url":"https:\/\/www.grupo-inducom.com\/bo\/producto\/bomba-autocebante-para-desechos\/","og_site_name":"Inducom Bolivia","article_modified_time":"2023-06-02T20:00:10+00:00","twitter_card":"summary_large_image","twitter_misc":{"Tiempo de lectura":"1 minuto"},"schema":{"@context":"https:\/\/schema.org","@graph":[{"@type":"WebPage","@id":"https:\/\/www.grupo-inducom.com\/bo\/producto\/bomba-autocebante-para-desechos\/","url":"https:\/\/www.grupo-inducom.com\/bo\/producto\/bomba-autocebante-para-desechos\/","name":"Bomba autocebante para desechos - Venta de bomba autocebante","isPartOf":{"@id":"https:\/\/www.grupo-inducom.com\/bo\/#website"},"primaryImageOfPage":{"@id":"https:\/\/www.grupo-inducom.com\/bo\/producto\/bomba-autocebante-para-desechos\/#primaryimage"},"image":{"@id":"https:\/\/www.grupo-inducom.com\/bo\/producto\/bomba-autocebante-para-desechos\/#primaryimage"},"thumbnailUrl":"https:\/\/www.grupo-inducom.com\/bo\/wp-content\/uploads\/sites\/7\/2023\/05\/Recurso-1bomba-autocebante.webp","datePublished":"2023-06-02T20:00:04+00:00","dateModified":"2023-06-02T20:00:10+00:00","description":"La bomba autocebante para desechos Hidromac se especializa para trabajar gran capacidad de antiobstruccion- Guayaquil, Quito, Cuenca, Ambato, Santo Domingo","breadcrumb":{"@id":"https:\/\/www.grupo-inducom.com\/bo\/producto\/bomba-autocebante-para-desechos\/#breadcrumb"},"inLanguage":"es-CO","potentialAction":[{"@type":"ReadAction","target":["https:\/\/www.grupo-inducom.com\/bo\/producto\/bomba-autocebante-para-desechos\/"]}]},{"@type":"ImageObject","inLanguage":"es-CO","@id":"https:\/\/www.grupo-inducom.com\/bo\/producto\/bomba-autocebante-para-desechos\/#primaryimage","url":"https:\/\/www.grupo-inducom.com\/bo\/wp-content\/uploads\/sites\/7\/2023\/05\/Recurso-1bomba-autocebante.webp","contentUrl":"https:\/\/www.grupo-inducom.com\/bo\/wp-content\/uploads\/sites\/7\/2023\/05\/Recurso-1bomba-autocebante.webp","width":301,"height":226},{"@type":"BreadcrumbList","@id":"https:\/\/www.grupo-inducom.com\/bo\/producto\/bomba-autocebante-para-desechos\/#breadcrumb","itemListElement":[{"@type":"ListItem","position":1,"name":"Portada","item":"https:\/\/www.grupo-inducom.com\/bo\/"},{"@type":"ListItem","position":2,"name":"Productos","item":"https:\/\/www.grupo-inducom.com\/bo\/shop\/"},{"@type":"ListItem","position":3,"name":"Bomba autocebante para desechos"}]},{"@type":"WebSite","@id":"https:\/\/www.grupo-inducom.com\/bo\/#website","url":"https:\/\/www.grupo-inducom.com\/bo\/","name":"Inducom Bolivia","description":"","potentialAction":[{"@type":"SearchAction","target":{"@type":"EntryPoint","urlTemplate":"https:\/\/www.grupo-inducom.com\/bo\/?s={search_term_string}"},"query-input":{"@type":"PropertyValueSpecification","valueRequired":true,"valueName":"search_term_string"}}],"inLanguage":"es-CO"}]}},"_links":{"self":[{"href":"https:\/\/www.grupo-inducom.com\/bo\/wp-json\/wp\/v2\/product\/230041","targetHints":{"allow":["GET"]}}],"collection":[{"href":"https:\/\/www.grupo-inducom.com\/bo\/wp-json\/wp\/v2\/product"}],"about":[{"href":"https:\/\/www.grupo-inducom.com\/bo\/wp-json\/wp\/v2\/types\/product"}],"replies":[{"embeddable":true,"href":"https:\/\/www.grupo-inducom.com\/bo\/wp-json\/wp\/v2\/comments?post=230041"}],"wp:featuredmedia":[{"embeddable":true,"href":"https:\/\/www.grupo-inducom.com\/bo\/wp-json\/wp\/v2\/media\/775"}],"wp:attachment":[{"href":"https:\/\/www.grupo-inducom.com\/bo\/wp-json\/wp\/v2\/media?parent=230041"}],"wp:term":[{"taxonomy":"product_brand","embeddable":true,"href":"https:\/\/www.grupo-inducom.com\/bo\/wp-json\/wp\/v2\/product_brand?post=230041"},{"taxonomy":"product_cat","embeddable":true,"href":"https:\/\/www.grupo-inducom.com\/bo\/wp-json\/wp\/v2\/product_cat?post=230041"},{"taxonomy":"product_tag","embeddable":true,"href":"https:\/\/www.grupo-inducom.com\/bo\/wp-json\/wp\/v2\/product_tag?post=230041"}],"curies":[{"name":"wp","href":"https:\/\/api.w.org\/{rel}","templated":true}]}}