{"id":230030,"date":"2023-06-02T15:00:00","date_gmt":"2023-06-02T20:00:00","guid":{"rendered":"https:\/\/www.grupo-inducom.com\/bo\/?post_type=product&#038;p=230030"},"modified":"2023-06-02T15:00:07","modified_gmt":"2023-06-02T20:00:07","slug":"bomba-centrifuga-sumergible-para-aguas-negras","status":"publish","type":"product","link":"https:\/\/www.grupo-inducom.com\/bo\/producto\/bomba-centrifuga-sumergible-para-aguas-negras\/","title":{"rendered":"Bomba centr\u00edfuga sumergible para aguas negras"},"content":{"rendered":"<p><strong>Aplicaciones<\/strong><span style=\"color: #ffffff\"><span style=\"color: #333333\">\u00a0 La Bomba Sumergible Wq (D)-L1<\/span> <\/span>\u00a0se aplica a nivel industrial, la agricultura, la miner\u00eda, la construcci\u00f3n, obras municipales y de protecci\u00f3n medioambiental. Son adecuadas para bombear agua con part\u00edculas, fibras cortas, trozos de papel, aguas sucias, aguas residuales. Lodo y esti\u00e9rcol. Por otro lado, se emplean para la irrigaci\u00f3n y drenaje agr\u00edcola, la limpieza de sedimentos de piscinas y sitios de construcci\u00f3n, pero no son aptas para aplicaciones a pruebas de explosiones.<\/p>\n<p><strong>Rango de rendimiento<\/strong><\/p>\n<ul>\n<li>Flujo m\u00e1ximo 149<\/li>\n<li>Cabezal hidr\u00e1ulico m\u00e1ximo: 44 m.<\/li>\n<\/ul>\n<p><strong>L\u00edmite de aplicaci\u00f3n<\/strong><\/p>\n<ul>\n<li>Temperatura m\u00e1xima del l\u00edquido +40\u00baC<\/li>\n<li>PH DE 4-10.<\/li>\n<li>Densidad m\u00e1xima del l\u00edquido 1.2x<\/li>\n<li>Frecuencia de potencia de 50Hz. Voltaje nominal de 220VAC para el motor monof\u00e1sico, 380VAC para el motor trif\u00e1sico con un rango de -10% a 10%.<\/li>\n<li>Profundidad de inmersi\u00f3n de 0.5m -5m.<\/li>\n<\/ul>\n<p>&nbsp;<\/p>\n<p><strong>Caracter\u00edsticas<\/strong><\/p>\n<ol>\n<li>Son de hierro fundido resistente al desgaste, duradero y de apariencia est\u00e9tico.<\/li>\n<li>El impulsor de doble canal les otorga una magnifica capacidad de flujo y un excelente rendimiento hidr\u00e1ulico.<\/li>\n<li>Extensi\u00f3n de eje de acero inoxidable y sello mec\u00e1nico doble de carburo.<\/li>\n<\/ol>\n<p><span style=\"color: #ffffff\">Bomba Sumergible<\/span><\/p>\n","protected":false},"excerpt":{"rendered":"<ul>\n<li>Marca: Shimge<\/li>\n<li>Bomba industrial<\/li>\n<li>Bomba para la agricultura, la miner\u00eda, la construcci\u00f3n.<\/li>\n<li>Bomba ideal para procesos residual<\/li>\n<li>Aplicable en temperatura m\u00e1xima del l\u00edquido +40\u00baC<\/li>\n<li>Densidad m\u00e1xima del l\u00edquido 1.2x<\/li>\n<li>Frecuencia de potencia de 50Hz. Voltaje nominal de 220VAC para el motor monof\u00e1sico, 380VAC para el motor trif\u00e1sico con un rango de -10% a 10%.<\/li>\n<li>Profundidad de inmersi\u00f3n de 0.5m -5m<\/li>\n<\/ul>\n","protected":false},"featured_media":763,"comment_status":"closed","ping_status":"closed","template":"","meta":{"_acf_changed":false,"_et_pb_use_builder":"","_et_pb_old_content":"","_et_gb_content_width":"","content-type":""},"product_brand":[],"product_cat":[102],"product_tag":[90,118,130],"class_list":{"0":"post-230030","1":"product","2":"type-product","3":"status-publish","4":"has-post-thumbnail","6":"product_cat-bombas-centrifugas","7":"product_tag-bomba-para-pozos","8":"product_tag-bombas-sumergibles","9":"product_tag-ebara","11":"first","12":"instock","13":"shipping-taxable","14":"product-type-simple"},"acf":[],"yoast_head":"<!-- This site is optimized with the Yoast SEO plugin v27.4 - https:\/\/yoast.com\/product\/yoast-seo-wordpress\/ -->\n<title>Bomba centr\u00edfuga sumergible para aguas negras - Bomba Sumergible marca Shimge- Ecuador<\/title>\n<meta name=\"description\" content=\"La Bomba Sumergible Wq (D)-L1 Shimge Aplica a nivel industrial, la agricultura, la miner\u00eda, la construcci\u00f3n, obras municipales entre otras. - Guayaquil\" \/>\n<meta name=\"robots\" content=\"index, follow, max-snippet:-1, max-image-preview:large, max-video-preview:-1\" \/>\n<link rel=\"canonical\" href=\"https:\/\/www.grupo-inducom.com\/bo\/producto\/bomba-centrifuga-sumergible-para-aguas-negras\/\" \/>\n<meta property=\"og:locale\" content=\"es_ES\" \/>\n<meta property=\"og:type\" content=\"article\" \/>\n<meta property=\"og:title\" content=\"Bomba centr\u00edfuga sumergible para aguas negras - Bomba Sumergible marca Shimge- Ecuador\" \/>\n<meta property=\"og:description\" content=\"La Bomba Sumergible Wq (D)-L1 Shimge Aplica a nivel industrial, la agricultura, la miner\u00eda, la construcci\u00f3n, obras municipales entre otras. - Guayaquil\" \/>\n<meta property=\"og:url\" content=\"https:\/\/www.grupo-inducom.com\/bo\/producto\/bomba-centrifuga-sumergible-para-aguas-negras\/\" \/>\n<meta property=\"og:site_name\" content=\"Inducom Bolivia\" \/>\n<meta property=\"article:modified_time\" content=\"2023-06-02T20:00:07+00:00\" \/>\n<meta name=\"twitter:card\" content=\"summary_large_image\" \/>\n<meta name=\"twitter:label1\" content=\"Tiempo de lectura\" \/>\n\t<meta name=\"twitter:data1\" content=\"1 minuto\" \/>\n<script type=\"application\/ld+json\" class=\"yoast-schema-graph\">{\"@context\":\"https:\\\/\\\/schema.org\",\"@graph\":[{\"@type\":\"WebPage\",\"@id\":\"https:\\\/\\\/www.grupo-inducom.com\\\/bo\\\/producto\\\/bomba-centrifuga-sumergible-para-aguas-negras\\\/\",\"url\":\"https:\\\/\\\/www.grupo-inducom.com\\\/bo\\\/producto\\\/bomba-centrifuga-sumergible-para-aguas-negras\\\/\",\"name\":\"Bomba centr\u00edfuga sumergible para aguas negras - Bomba Sumergible marca Shimge- Ecuador\",\"isPartOf\":{\"@id\":\"https:\\\/\\\/www.grupo-inducom.com\\\/bo\\\/#website\"},\"primaryImageOfPage\":{\"@id\":\"https:\\\/\\\/www.grupo-inducom.com\\\/bo\\\/producto\\\/bomba-centrifuga-sumergible-para-aguas-negras\\\/#primaryimage\"},\"image\":{\"@id\":\"https:\\\/\\\/www.grupo-inducom.com\\\/bo\\\/producto\\\/bomba-centrifuga-sumergible-para-aguas-negras\\\/#primaryimage\"},\"thumbnailUrl\":\"https:\\\/\\\/www.grupo-inducom.com\\\/bo\\\/wp-content\\\/uploads\\\/sites\\\/7\\\/2023\\\/05\\\/33_1_.webp\",\"datePublished\":\"2023-06-02T20:00:00+00:00\",\"dateModified\":\"2023-06-02T20:00:07+00:00\",\"description\":\"La Bomba Sumergible Wq (D)-L1 Shimge Aplica a nivel industrial, la agricultura, la miner\u00eda, la construcci\u00f3n, obras municipales entre otras. - Guayaquil\",\"breadcrumb\":{\"@id\":\"https:\\\/\\\/www.grupo-inducom.com\\\/bo\\\/producto\\\/bomba-centrifuga-sumergible-para-aguas-negras\\\/#breadcrumb\"},\"inLanguage\":\"es-CO\",\"potentialAction\":[{\"@type\":\"ReadAction\",\"target\":[\"https:\\\/\\\/www.grupo-inducom.com\\\/bo\\\/producto\\\/bomba-centrifuga-sumergible-para-aguas-negras\\\/\"]}]},{\"@type\":\"ImageObject\",\"inLanguage\":\"es-CO\",\"@id\":\"https:\\\/\\\/www.grupo-inducom.com\\\/bo\\\/producto\\\/bomba-centrifuga-sumergible-para-aguas-negras\\\/#primaryimage\",\"url\":\"https:\\\/\\\/www.grupo-inducom.com\\\/bo\\\/wp-content\\\/uploads\\\/sites\\\/7\\\/2023\\\/05\\\/33_1_.webp\",\"contentUrl\":\"https:\\\/\\\/www.grupo-inducom.com\\\/bo\\\/wp-content\\\/uploads\\\/sites\\\/7\\\/2023\\\/05\\\/33_1_.webp\",\"width\":300,\"height\":225},{\"@type\":\"BreadcrumbList\",\"@id\":\"https:\\\/\\\/www.grupo-inducom.com\\\/bo\\\/producto\\\/bomba-centrifuga-sumergible-para-aguas-negras\\\/#breadcrumb\",\"itemListElement\":[{\"@type\":\"ListItem\",\"position\":1,\"name\":\"Portada\",\"item\":\"https:\\\/\\\/www.grupo-inducom.com\\\/bo\\\/\"},{\"@type\":\"ListItem\",\"position\":2,\"name\":\"Productos\",\"item\":\"https:\\\/\\\/www.grupo-inducom.com\\\/bo\\\/shop\\\/\"},{\"@type\":\"ListItem\",\"position\":3,\"name\":\"Bomba centr\u00edfuga sumergible para aguas negras\"}]},{\"@type\":\"WebSite\",\"@id\":\"https:\\\/\\\/www.grupo-inducom.com\\\/bo\\\/#website\",\"url\":\"https:\\\/\\\/www.grupo-inducom.com\\\/bo\\\/\",\"name\":\"Inducom Bolivia\",\"description\":\"\",\"potentialAction\":[{\"@type\":\"SearchAction\",\"target\":{\"@type\":\"EntryPoint\",\"urlTemplate\":\"https:\\\/\\\/www.grupo-inducom.com\\\/bo\\\/?s={search_term_string}\"},\"query-input\":{\"@type\":\"PropertyValueSpecification\",\"valueRequired\":true,\"valueName\":\"search_term_string\"}}],\"inLanguage\":\"es-CO\"}]}<\/script>\n<!-- \/ Yoast SEO plugin. -->","yoast_head_json":{"title":"Bomba centr\u00edfuga sumergible para aguas negras - Bomba Sumergible marca Shimge- Ecuador","description":"La Bomba Sumergible Wq (D)-L1 Shimge Aplica a nivel industrial, la agricultura, la miner\u00eda, la construcci\u00f3n, obras municipales entre otras. - Guayaquil","robots":{"index":"index","follow":"follow","max-snippet":"max-snippet:-1","max-image-preview":"max-image-preview:large","max-video-preview":"max-video-preview:-1"},"canonical":"https:\/\/www.grupo-inducom.com\/bo\/producto\/bomba-centrifuga-sumergible-para-aguas-negras\/","og_locale":"es_ES","og_type":"article","og_title":"Bomba centr\u00edfuga sumergible para aguas negras - Bomba Sumergible marca Shimge- Ecuador","og_description":"La Bomba Sumergible Wq (D)-L1 Shimge Aplica a nivel industrial, la agricultura, la miner\u00eda, la construcci\u00f3n, obras municipales entre otras. - Guayaquil","og_url":"https:\/\/www.grupo-inducom.com\/bo\/producto\/bomba-centrifuga-sumergible-para-aguas-negras\/","og_site_name":"Inducom Bolivia","article_modified_time":"2023-06-02T20:00:07+00:00","twitter_card":"summary_large_image","twitter_misc":{"Tiempo de lectura":"1 minuto"},"schema":{"@context":"https:\/\/schema.org","@graph":[{"@type":"WebPage","@id":"https:\/\/www.grupo-inducom.com\/bo\/producto\/bomba-centrifuga-sumergible-para-aguas-negras\/","url":"https:\/\/www.grupo-inducom.com\/bo\/producto\/bomba-centrifuga-sumergible-para-aguas-negras\/","name":"Bomba centr\u00edfuga sumergible para aguas negras - Bomba Sumergible marca Shimge- Ecuador","isPartOf":{"@id":"https:\/\/www.grupo-inducom.com\/bo\/#website"},"primaryImageOfPage":{"@id":"https:\/\/www.grupo-inducom.com\/bo\/producto\/bomba-centrifuga-sumergible-para-aguas-negras\/#primaryimage"},"image":{"@id":"https:\/\/www.grupo-inducom.com\/bo\/producto\/bomba-centrifuga-sumergible-para-aguas-negras\/#primaryimage"},"thumbnailUrl":"https:\/\/www.grupo-inducom.com\/bo\/wp-content\/uploads\/sites\/7\/2023\/05\/33_1_.webp","datePublished":"2023-06-02T20:00:00+00:00","dateModified":"2023-06-02T20:00:07+00:00","description":"La Bomba Sumergible Wq (D)-L1 Shimge Aplica a nivel industrial, la agricultura, la miner\u00eda, la construcci\u00f3n, obras municipales entre otras. - Guayaquil","breadcrumb":{"@id":"https:\/\/www.grupo-inducom.com\/bo\/producto\/bomba-centrifuga-sumergible-para-aguas-negras\/#breadcrumb"},"inLanguage":"es-CO","potentialAction":[{"@type":"ReadAction","target":["https:\/\/www.grupo-inducom.com\/bo\/producto\/bomba-centrifuga-sumergible-para-aguas-negras\/"]}]},{"@type":"ImageObject","inLanguage":"es-CO","@id":"https:\/\/www.grupo-inducom.com\/bo\/producto\/bomba-centrifuga-sumergible-para-aguas-negras\/#primaryimage","url":"https:\/\/www.grupo-inducom.com\/bo\/wp-content\/uploads\/sites\/7\/2023\/05\/33_1_.webp","contentUrl":"https:\/\/www.grupo-inducom.com\/bo\/wp-content\/uploads\/sites\/7\/2023\/05\/33_1_.webp","width":300,"height":225},{"@type":"BreadcrumbList","@id":"https:\/\/www.grupo-inducom.com\/bo\/producto\/bomba-centrifuga-sumergible-para-aguas-negras\/#breadcrumb","itemListElement":[{"@type":"ListItem","position":1,"name":"Portada","item":"https:\/\/www.grupo-inducom.com\/bo\/"},{"@type":"ListItem","position":2,"name":"Productos","item":"https:\/\/www.grupo-inducom.com\/bo\/shop\/"},{"@type":"ListItem","position":3,"name":"Bomba centr\u00edfuga sumergible para aguas negras"}]},{"@type":"WebSite","@id":"https:\/\/www.grupo-inducom.com\/bo\/#website","url":"https:\/\/www.grupo-inducom.com\/bo\/","name":"Inducom Bolivia","description":"","potentialAction":[{"@type":"SearchAction","target":{"@type":"EntryPoint","urlTemplate":"https:\/\/www.grupo-inducom.com\/bo\/?s={search_term_string}"},"query-input":{"@type":"PropertyValueSpecification","valueRequired":true,"valueName":"search_term_string"}}],"inLanguage":"es-CO"}]}},"_links":{"self":[{"href":"https:\/\/www.grupo-inducom.com\/bo\/wp-json\/wp\/v2\/product\/230030","targetHints":{"allow":["GET"]}}],"collection":[{"href":"https:\/\/www.grupo-inducom.com\/bo\/wp-json\/wp\/v2\/product"}],"about":[{"href":"https:\/\/www.grupo-inducom.com\/bo\/wp-json\/wp\/v2\/types\/product"}],"replies":[{"embeddable":true,"href":"https:\/\/www.grupo-inducom.com\/bo\/wp-json\/wp\/v2\/comments?post=230030"}],"wp:featuredmedia":[{"embeddable":true,"href":"https:\/\/www.grupo-inducom.com\/bo\/wp-json\/wp\/v2\/media\/763"}],"wp:attachment":[{"href":"https:\/\/www.grupo-inducom.com\/bo\/wp-json\/wp\/v2\/media?parent=230030"}],"wp:term":[{"taxonomy":"product_brand","embeddable":true,"href":"https:\/\/www.grupo-inducom.com\/bo\/wp-json\/wp\/v2\/product_brand?post=230030"},{"taxonomy":"product_cat","embeddable":true,"href":"https:\/\/www.grupo-inducom.com\/bo\/wp-json\/wp\/v2\/product_cat?post=230030"},{"taxonomy":"product_tag","embeddable":true,"href":"https:\/\/www.grupo-inducom.com\/bo\/wp-json\/wp\/v2\/product_tag?post=230030"}],"curies":[{"name":"wp","href":"https:\/\/api.w.org\/{rel}","templated":true}]}}