{"id":230028,"date":"2023-06-02T15:00:00","date_gmt":"2023-06-02T20:00:00","guid":{"rendered":"https:\/\/www.grupo-inducom.com\/bo\/?post_type=product&#038;p=230028"},"modified":"2023-06-02T15:00:07","modified_gmt":"2023-06-02T20:00:07","slug":"bomba-dosificadora-de-quimicos-serie-ix","status":"publish","type":"product","link":"https:\/\/www.grupo-inducom.com\/bo\/producto\/bomba-dosificadora-de-quimicos-serie-ix\/","title":{"rendered":"Bomba dosificadora de qu\u00edmicos serie IX"},"content":{"rendered":"<p>Las bombas Dosificadora marca <span data-sheets-value=\"{&quot;1&quot;:2,&quot;2&quot;:&quot;Walchem&quot;}\" data-sheets-userformat=\"{&quot;2&quot;:513,&quot;3&quot;:{&quot;1&quot;:0},&quot;12&quot;:0}\">Walchem<\/span> ofrece un amplio rango de bombas dosificadoras para satisfacer una variedad de requerimientos de dosificaci\u00f3n de qu\u00edmicos. Generalmente son utilizadas en los sectores agr\u00edcolas, acuicultura e industrias alimenticias.<\/p>\n<p>&nbsp;<\/p>\n<p><strong><span class=\"body9pt\">Bombas de la Serie IX con <\/span><span class=\"headline_black\">relaci\u00f3n de reducci\u00f3n de 1000: 1 <\/span><\/strong><\/p>\n<p><span class=\"body9pt\">Utilizan motores CC sin escobillas eficientes para el control de velocidad. El control del motor de alta resoluci\u00f3n ajusta las velocidades de descarga y succi\u00f3n para cumplir con una relaci\u00f3n de reducci\u00f3n completa y precisa de 1000: 1 y caudales desde 300 l \/ h hasta 7.5mL \/ h.<br \/>\n<\/span><\/p>\n<p><strong><span class=\"body9pt\"><span class=\"headline_black\">Alta precisi\u00f3n de \u00b1 1%<\/span><\/span><\/strong><\/p>\n<p><span class=\"body9pt\">Combinado con un control preciso del motor, un dise\u00f1o eficiente de la v\u00e1lvula mantiene tasas de flujo precisas para permitir que una bomba de diafragma de bajo costo y accionada mec\u00e1nicamente logre una repetibilidad de \u00b1 1%.<br \/>\n<\/span><\/p>\n<p>&nbsp;<\/p>\n<p><strong><span class=\"body9pt\"><span class=\"headline_black\">Ahorro de energ\u00eda del 70% .<\/span><\/span><\/strong><\/p>\n<p><span class=\"body9pt\"><span class=\"headline_black\">Los <\/span>engranajes helicoidales y el resorte de retorno reducen el consumo de energ\u00eda hasta en un 70% en comparaci\u00f3n con las bombas de medici\u00f3n de diafragma mec\u00e1nicas convencionales.<br \/>\n<\/span><\/p>\n<p><strong><span class=\"body9pt\"><span class=\"headline_black\">Dise\u00f1o de la cabeza de la bomba de alta compresi\u00f3n<\/span><\/span><\/strong><\/p>\n<p><span class=\"body9pt\"><span class=\"headline_black\">El dise\u00f1o <\/span>patentado de la longitud de la carrera y el extremo l\u00edquido exclusivo mantiene una alta compresi\u00f3n durante cada carrera, lo que resulta en un cebado r\u00e1pido y sin bloqueo de gas en cualquier tasa de flujo hasta presiones nominales completas.<\/span><\/p>\n","protected":false},"excerpt":{"rendered":"<ul>\n<li>Marca: Iwaki Walchem Serie IX<\/li>\n<li><span class=\"body9pt\"><span class=\"headline_black\">Ahorro de energ\u00eda del 70%<\/span><\/span><\/li>\n<li><span class=\"headline_black\">Las\u00a0<\/span><span class=\"body9pt\">bombas de la Serie IX con\u00a0<\/span><span class=\"headline_black\">relaci\u00f3n de reducci\u00f3n de 1000: 1\u00a0<\/span><\/li>\n<li><span class=\"body9pt\"><span class=\"headline_black\">Alta precisi\u00f3n de \u00b1 1%<\/span><\/span><\/li>\n<li><span class=\"body9pt\"><span class=\"headline_black\">Dise\u00f1o de la cabeza de la bomba de alta compresi\u00f3n <\/span><\/span><\/li>\n<\/ul>\n","protected":false},"featured_media":761,"comment_status":"closed","ping_status":"closed","template":"","meta":{"_acf_changed":false,"_et_pb_use_builder":"","_et_pb_old_content":"","_et_gb_content_width":"","content-type":""},"product_brand":[],"product_cat":[79],"product_tag":[83,91,179],"class_list":{"0":"post-230028","1":"product","2":"type-product","3":"status-publish","4":"has-post-thumbnail","6":"product_cat-bomba-de-desplazamiento-positivo","7":"product_tag-bomba-dosificadora","8":"product_tag-bomba-para-quimicos","9":"product_tag-walchem","11":"first","12":"instock","13":"shipping-taxable","14":"product-type-simple"},"acf":[],"yoast_head":"<!-- This site is optimized with the Yoast SEO plugin v27.4 - https:\/\/yoast.com\/product\/yoast-seo-wordpress\/ -->\n<title>Bomba dosificadora de qu\u00edmicos serie IX - Venta de Bomba Dosificadora Iwaki Walchem<\/title>\n<meta name=\"description\" content=\"Las bombas Dosificadora marca Iwaki Walchen , se utilizan en la acuicultura, ganader\u00eda y la industria alimenticia - Guayaquil, Quito, Cuenca, Ambato\" \/>\n<meta name=\"robots\" content=\"index, follow, max-snippet:-1, max-image-preview:large, max-video-preview:-1\" \/>\n<link rel=\"canonical\" href=\"https:\/\/www.grupo-inducom.com\/bo\/producto\/bomba-dosificadora-de-quimicos-serie-ix\/\" \/>\n<meta property=\"og:locale\" content=\"es_ES\" \/>\n<meta property=\"og:type\" content=\"article\" \/>\n<meta property=\"og:title\" content=\"Bomba dosificadora de qu\u00edmicos serie IX - Venta de Bomba Dosificadora Iwaki Walchem\" \/>\n<meta property=\"og:description\" content=\"Las bombas Dosificadora marca Iwaki Walchen , se utilizan en la acuicultura, ganader\u00eda y la industria alimenticia - Guayaquil, Quito, Cuenca, Ambato\" \/>\n<meta property=\"og:url\" content=\"https:\/\/www.grupo-inducom.com\/bo\/producto\/bomba-dosificadora-de-quimicos-serie-ix\/\" \/>\n<meta property=\"og:site_name\" content=\"Inducom Bolivia\" \/>\n<meta property=\"article:modified_time\" content=\"2023-06-02T20:00:07+00:00\" \/>\n<meta name=\"twitter:card\" content=\"summary_large_image\" \/>\n<meta name=\"twitter:label1\" content=\"Tiempo de lectura\" \/>\n\t<meta name=\"twitter:data1\" content=\"1 minuto\" \/>\n<script type=\"application\/ld+json\" class=\"yoast-schema-graph\">{\"@context\":\"https:\\\/\\\/schema.org\",\"@graph\":[{\"@type\":\"WebPage\",\"@id\":\"https:\\\/\\\/www.grupo-inducom.com\\\/bo\\\/producto\\\/bomba-dosificadora-de-quimicos-serie-ix\\\/\",\"url\":\"https:\\\/\\\/www.grupo-inducom.com\\\/bo\\\/producto\\\/bomba-dosificadora-de-quimicos-serie-ix\\\/\",\"name\":\"Bomba dosificadora de qu\u00edmicos serie IX - Venta de Bomba Dosificadora Iwaki Walchem\",\"isPartOf\":{\"@id\":\"https:\\\/\\\/www.grupo-inducom.com\\\/bo\\\/#website\"},\"primaryImageOfPage\":{\"@id\":\"https:\\\/\\\/www.grupo-inducom.com\\\/bo\\\/producto\\\/bomba-dosificadora-de-quimicos-serie-ix\\\/#primaryimage\"},\"image\":{\"@id\":\"https:\\\/\\\/www.grupo-inducom.com\\\/bo\\\/producto\\\/bomba-dosificadora-de-quimicos-serie-ix\\\/#primaryimage\"},\"thumbnailUrl\":\"https:\\\/\\\/www.grupo-inducom.com\\\/bo\\\/wp-content\\\/uploads\\\/sites\\\/7\\\/2023\\\/05\\\/39_2_.webp\",\"datePublished\":\"2023-06-02T20:00:00+00:00\",\"dateModified\":\"2023-06-02T20:00:07+00:00\",\"description\":\"Las bombas Dosificadora marca Iwaki Walchen , se utilizan en la acuicultura, ganader\u00eda y la industria alimenticia - Guayaquil, Quito, Cuenca, Ambato\",\"breadcrumb\":{\"@id\":\"https:\\\/\\\/www.grupo-inducom.com\\\/bo\\\/producto\\\/bomba-dosificadora-de-quimicos-serie-ix\\\/#breadcrumb\"},\"inLanguage\":\"es-CO\",\"potentialAction\":[{\"@type\":\"ReadAction\",\"target\":[\"https:\\\/\\\/www.grupo-inducom.com\\\/bo\\\/producto\\\/bomba-dosificadora-de-quimicos-serie-ix\\\/\"]}]},{\"@type\":\"ImageObject\",\"inLanguage\":\"es-CO\",\"@id\":\"https:\\\/\\\/www.grupo-inducom.com\\\/bo\\\/producto\\\/bomba-dosificadora-de-quimicos-serie-ix\\\/#primaryimage\",\"url\":\"https:\\\/\\\/www.grupo-inducom.com\\\/bo\\\/wp-content\\\/uploads\\\/sites\\\/7\\\/2023\\\/05\\\/39_2_.webp\",\"contentUrl\":\"https:\\\/\\\/www.grupo-inducom.com\\\/bo\\\/wp-content\\\/uploads\\\/sites\\\/7\\\/2023\\\/05\\\/39_2_.webp\",\"width\":300,\"height\":225},{\"@type\":\"BreadcrumbList\",\"@id\":\"https:\\\/\\\/www.grupo-inducom.com\\\/bo\\\/producto\\\/bomba-dosificadora-de-quimicos-serie-ix\\\/#breadcrumb\",\"itemListElement\":[{\"@type\":\"ListItem\",\"position\":1,\"name\":\"Portada\",\"item\":\"https:\\\/\\\/www.grupo-inducom.com\\\/bo\\\/\"},{\"@type\":\"ListItem\",\"position\":2,\"name\":\"Productos\",\"item\":\"https:\\\/\\\/www.grupo-inducom.com\\\/bo\\\/shop\\\/\"},{\"@type\":\"ListItem\",\"position\":3,\"name\":\"Bomba dosificadora de qu\u00edmicos serie IX\"}]},{\"@type\":\"WebSite\",\"@id\":\"https:\\\/\\\/www.grupo-inducom.com\\\/bo\\\/#website\",\"url\":\"https:\\\/\\\/www.grupo-inducom.com\\\/bo\\\/\",\"name\":\"Inducom Bolivia\",\"description\":\"\",\"potentialAction\":[{\"@type\":\"SearchAction\",\"target\":{\"@type\":\"EntryPoint\",\"urlTemplate\":\"https:\\\/\\\/www.grupo-inducom.com\\\/bo\\\/?s={search_term_string}\"},\"query-input\":{\"@type\":\"PropertyValueSpecification\",\"valueRequired\":true,\"valueName\":\"search_term_string\"}}],\"inLanguage\":\"es-CO\"}]}<\/script>\n<!-- \/ Yoast SEO plugin. -->","yoast_head_json":{"title":"Bomba dosificadora de qu\u00edmicos serie IX - Venta de Bomba Dosificadora Iwaki Walchem","description":"Las bombas Dosificadora marca Iwaki Walchen , se utilizan en la acuicultura, ganader\u00eda y la industria alimenticia - Guayaquil, Quito, Cuenca, Ambato","robots":{"index":"index","follow":"follow","max-snippet":"max-snippet:-1","max-image-preview":"max-image-preview:large","max-video-preview":"max-video-preview:-1"},"canonical":"https:\/\/www.grupo-inducom.com\/bo\/producto\/bomba-dosificadora-de-quimicos-serie-ix\/","og_locale":"es_ES","og_type":"article","og_title":"Bomba dosificadora de qu\u00edmicos serie IX - Venta de Bomba Dosificadora Iwaki Walchem","og_description":"Las bombas Dosificadora marca Iwaki Walchen , se utilizan en la acuicultura, ganader\u00eda y la industria alimenticia - Guayaquil, Quito, Cuenca, Ambato","og_url":"https:\/\/www.grupo-inducom.com\/bo\/producto\/bomba-dosificadora-de-quimicos-serie-ix\/","og_site_name":"Inducom Bolivia","article_modified_time":"2023-06-02T20:00:07+00:00","twitter_card":"summary_large_image","twitter_misc":{"Tiempo de lectura":"1 minuto"},"schema":{"@context":"https:\/\/schema.org","@graph":[{"@type":"WebPage","@id":"https:\/\/www.grupo-inducom.com\/bo\/producto\/bomba-dosificadora-de-quimicos-serie-ix\/","url":"https:\/\/www.grupo-inducom.com\/bo\/producto\/bomba-dosificadora-de-quimicos-serie-ix\/","name":"Bomba dosificadora de qu\u00edmicos serie IX - Venta de Bomba Dosificadora Iwaki Walchem","isPartOf":{"@id":"https:\/\/www.grupo-inducom.com\/bo\/#website"},"primaryImageOfPage":{"@id":"https:\/\/www.grupo-inducom.com\/bo\/producto\/bomba-dosificadora-de-quimicos-serie-ix\/#primaryimage"},"image":{"@id":"https:\/\/www.grupo-inducom.com\/bo\/producto\/bomba-dosificadora-de-quimicos-serie-ix\/#primaryimage"},"thumbnailUrl":"https:\/\/www.grupo-inducom.com\/bo\/wp-content\/uploads\/sites\/7\/2023\/05\/39_2_.webp","datePublished":"2023-06-02T20:00:00+00:00","dateModified":"2023-06-02T20:00:07+00:00","description":"Las bombas Dosificadora marca Iwaki Walchen , se utilizan en la acuicultura, ganader\u00eda y la industria alimenticia - Guayaquil, Quito, Cuenca, Ambato","breadcrumb":{"@id":"https:\/\/www.grupo-inducom.com\/bo\/producto\/bomba-dosificadora-de-quimicos-serie-ix\/#breadcrumb"},"inLanguage":"es-CO","potentialAction":[{"@type":"ReadAction","target":["https:\/\/www.grupo-inducom.com\/bo\/producto\/bomba-dosificadora-de-quimicos-serie-ix\/"]}]},{"@type":"ImageObject","inLanguage":"es-CO","@id":"https:\/\/www.grupo-inducom.com\/bo\/producto\/bomba-dosificadora-de-quimicos-serie-ix\/#primaryimage","url":"https:\/\/www.grupo-inducom.com\/bo\/wp-content\/uploads\/sites\/7\/2023\/05\/39_2_.webp","contentUrl":"https:\/\/www.grupo-inducom.com\/bo\/wp-content\/uploads\/sites\/7\/2023\/05\/39_2_.webp","width":300,"height":225},{"@type":"BreadcrumbList","@id":"https:\/\/www.grupo-inducom.com\/bo\/producto\/bomba-dosificadora-de-quimicos-serie-ix\/#breadcrumb","itemListElement":[{"@type":"ListItem","position":1,"name":"Portada","item":"https:\/\/www.grupo-inducom.com\/bo\/"},{"@type":"ListItem","position":2,"name":"Productos","item":"https:\/\/www.grupo-inducom.com\/bo\/shop\/"},{"@type":"ListItem","position":3,"name":"Bomba dosificadora de qu\u00edmicos serie IX"}]},{"@type":"WebSite","@id":"https:\/\/www.grupo-inducom.com\/bo\/#website","url":"https:\/\/www.grupo-inducom.com\/bo\/","name":"Inducom Bolivia","description":"","potentialAction":[{"@type":"SearchAction","target":{"@type":"EntryPoint","urlTemplate":"https:\/\/www.grupo-inducom.com\/bo\/?s={search_term_string}"},"query-input":{"@type":"PropertyValueSpecification","valueRequired":true,"valueName":"search_term_string"}}],"inLanguage":"es-CO"}]}},"_links":{"self":[{"href":"https:\/\/www.grupo-inducom.com\/bo\/wp-json\/wp\/v2\/product\/230028","targetHints":{"allow":["GET"]}}],"collection":[{"href":"https:\/\/www.grupo-inducom.com\/bo\/wp-json\/wp\/v2\/product"}],"about":[{"href":"https:\/\/www.grupo-inducom.com\/bo\/wp-json\/wp\/v2\/types\/product"}],"replies":[{"embeddable":true,"href":"https:\/\/www.grupo-inducom.com\/bo\/wp-json\/wp\/v2\/comments?post=230028"}],"wp:featuredmedia":[{"embeddable":true,"href":"https:\/\/www.grupo-inducom.com\/bo\/wp-json\/wp\/v2\/media\/761"}],"wp:attachment":[{"href":"https:\/\/www.grupo-inducom.com\/bo\/wp-json\/wp\/v2\/media?parent=230028"}],"wp:term":[{"taxonomy":"product_brand","embeddable":true,"href":"https:\/\/www.grupo-inducom.com\/bo\/wp-json\/wp\/v2\/product_brand?post=230028"},{"taxonomy":"product_cat","embeddable":true,"href":"https:\/\/www.grupo-inducom.com\/bo\/wp-json\/wp\/v2\/product_cat?post=230028"},{"taxonomy":"product_tag","embeddable":true,"href":"https:\/\/www.grupo-inducom.com\/bo\/wp-json\/wp\/v2\/product_tag?post=230028"}],"curies":[{"name":"wp","href":"https:\/\/api.w.org\/{rel}","templated":true}]}}