{"id":271,"date":"2026-03-24T15:15:10","date_gmt":"2026-03-24T14:15:10","guid":{"rendered":"https:\/\/www.grupo-inducom.com\/ar\/?post_type=product&#038;p=271"},"modified":"2026-04-21T16:26:21","modified_gmt":"2026-04-21T14:26:21","slug":"centrifugal-pump-with-double-impellers","status":"publish","type":"product","link":"https:\/\/www.grupo-inducom.com\/ar\/producto\/centrifugal-pump-with-double-impellers\/","title":{"rendered":"Centrifugal pump with double impellers"},"content":{"rendered":"<p data-start=\"0\" data-end=\"21\"><strong data-start=\"0\" data-end=\"21\">L\u00edmites de uso<\/strong><\/p>\n<ul data-start=\"22\" data-end=\"182\">\n<li data-section-id=\"1ufua1w\" data-start=\"22\" data-end=\"74\">Temperatura del l\u00edquido: de <strong data-start=\"52\" data-end=\"72\">-10 \u00b0C a +120 \u00b0C<\/strong><\/li>\n<li data-section-id=\"1bxw315\" data-start=\"75\" data-end=\"121\">Temperatura ambiente: de <strong data-start=\"102\" data-end=\"119\">0 \u00b0C a +50 \u00b0C<\/strong><\/li>\n<li data-section-id=\"1rr135c\" data-start=\"122\" data-end=\"152\">Presi\u00f3n m\u00e1xima: <strong data-start=\"140\" data-end=\"150\">20 bar<\/strong><\/li>\n<li data-section-id=\"1fo1jfp\" data-start=\"153\" data-end=\"182\">Servicio continuo: <strong data-start=\"174\" data-end=\"180\">S1<\/strong><\/li>\n<\/ul>\n","protected":false},"excerpt":{"rendered":"<p data-start=\"184\" data-end=\"206\"><strong data-start=\"184\" data-end=\"206\">Caracter\u00edsticas<\/strong><\/p>\n<ul data-start=\"207\" data-end=\"607\" data-is-last-node=\"\" data-is-only-node=\"\">\n<li data-section-id=\"d0m2j0\" data-start=\"207\" data-end=\"268\">Bomba de <strong data-start=\"218\" data-end=\"245\">doble impulsor de lat\u00f3n<\/strong> con conexi\u00f3n roscada<\/li>\n<li data-section-id=\"z8bbrx\" data-start=\"269\" data-end=\"319\">L\u00ednea completa de bombas de <strong data-start=\"299\" data-end=\"317\">doble impulsor<\/strong><\/li>\n<li data-section-id=\"kst1hf\" data-start=\"320\" data-end=\"386\">Carcasa de bomba en <strong data-start=\"342\" data-end=\"384\">acero aleado de alta resistencia HT500<\/strong><\/li>\n<li data-section-id=\"16mud14\" data-start=\"387\" data-end=\"461\">Motor de alta eficiencia <strong data-start=\"414\" data-end=\"421\">YE3<\/strong>, con protecci\u00f3n <strong data-start=\"438\" data-end=\"446\">IP55<\/strong>, clase <strong data-start=\"454\" data-end=\"459\">F<\/strong><\/li>\n<li data-section-id=\"q55c2b\" data-start=\"462\" data-end=\"497\">Eje en <strong data-start=\"471\" data-end=\"495\">acero inoxidable 304<\/strong><\/li>\n<li data-section-id=\"8wpj3x\" data-start=\"498\" data-end=\"558\">Rodamientos marca <strong data-start=\"518\" data-end=\"525\">NSK<\/strong> y sello mec\u00e1nico personalizado<\/li>\n<li data-section-id=\"13yvcqe\" data-start=\"559\" data-end=\"607\" data-is-last-node=\"\">Dise\u00f1ada para aplicaciones de <strong data-start=\"591\" data-end=\"607\" data-is-last-node=\"\">alta presi\u00f3n<\/strong><\/li>\n<\/ul>\n","protected":false},"featured_media":272,"comment_status":"open","ping_status":"closed","template":"","meta":{"_acf_changed":false,"_et_pb_use_builder":"","_et_pb_old_content":"","_et_gb_content_width":"","content-type":""},"product_brand":[],"product_cat":[34],"product_tag":[],"class_list":{"0":"post-271","1":"product","2":"type-product","3":"status-publish","4":"has-post-thumbnail","6":"product_cat-bombas-centrifugas","8":"first","9":"instock","10":"shipping-taxable","11":"product-type-simple"},"acf":[],"yoast_head":"<!-- This site is optimized with the Yoast SEO plugin v27.4 - https:\/\/yoast.com\/product\/yoast-seo-wordpress\/ -->\n<title>Centrifugal pump with double impellers - Inducom Argentina<\/title>\n<meta name=\"robots\" content=\"index, follow, max-snippet:-1, max-image-preview:large, max-video-preview:-1\" \/>\n<link rel=\"canonical\" href=\"https:\/\/www.grupo-inducom.com\/ar\/producto\/centrifugal-pump-with-double-impellers\/\" \/>\n<meta property=\"og:locale\" content=\"es_ES\" \/>\n<meta property=\"og:type\" content=\"article\" \/>\n<meta property=\"og:title\" content=\"Centrifugal pump with double impellers - Inducom Argentina\" \/>\n<meta property=\"og:description\" content=\"Caracter\u00edsticas    Bomba de doble impulsor de lat\u00f3n con conexi\u00f3n roscada  L\u00ednea completa de bombas de doble impulsor  Carcasa de bomba en acero aleado de alta resistencia HT500  Motor de alta eficiencia YE3, con protecci\u00f3n IP55, clase F  Eje en acero inoxidable 304  Rodamientos marca NSK y sello mec\u00e1nico personalizado  Dise\u00f1ada para aplicaciones de alta presi\u00f3n\" \/>\n<meta property=\"og:url\" content=\"https:\/\/www.grupo-inducom.com\/ar\/producto\/centrifugal-pump-with-double-impellers\/\" \/>\n<meta property=\"og:site_name\" content=\"Inducom Argentina\" \/>\n<meta property=\"article:modified_time\" content=\"2026-04-21T14:26:21+00:00\" \/>\n<meta property=\"og:image\" content=\"http:\/\/www.grupo-inducom.com\/ar\/wp-content\/uploads\/sites\/12\/2026\/03\/Centrifugal-pump-with-double-impellers.webp\" \/>\n\t<meta property=\"og:image:width\" content=\"500\" \/>\n\t<meta property=\"og:image:height\" content=\"500\" \/>\n\t<meta property=\"og:image:type\" content=\"image\/webp\" \/>\n<meta name=\"twitter:card\" content=\"summary_large_image\" \/>\n<meta name=\"twitter:label1\" content=\"Tiempo de lectura\" \/>\n\t<meta name=\"twitter:data1\" content=\"1 minuto\" \/>\n<script type=\"application\/ld+json\" class=\"yoast-schema-graph\">{\"@context\":\"https:\\\/\\\/schema.org\",\"@graph\":[{\"@type\":\"WebPage\",\"@id\":\"https:\\\/\\\/www.grupo-inducom.com\\\/ar\\\/producto\\\/centrifugal-pump-with-double-impellers\\\/\",\"url\":\"https:\\\/\\\/www.grupo-inducom.com\\\/ar\\\/producto\\\/centrifugal-pump-with-double-impellers\\\/\",\"name\":\"Centrifugal pump with double impellers - Inducom Argentina\",\"isPartOf\":{\"@id\":\"https:\\\/\\\/www.grupo-inducom.com\\\/ar\\\/#website\"},\"primaryImageOfPage\":{\"@id\":\"https:\\\/\\\/www.grupo-inducom.com\\\/ar\\\/producto\\\/centrifugal-pump-with-double-impellers\\\/#primaryimage\"},\"image\":{\"@id\":\"https:\\\/\\\/www.grupo-inducom.com\\\/ar\\\/producto\\\/centrifugal-pump-with-double-impellers\\\/#primaryimage\"},\"thumbnailUrl\":\"https:\\\/\\\/www.grupo-inducom.com\\\/ar\\\/wp-content\\\/uploads\\\/sites\\\/12\\\/2026\\\/03\\\/Centrifugal-pump-with-double-impellers.webp\",\"datePublished\":\"2026-03-24T14:15:10+00:00\",\"dateModified\":\"2026-04-21T14:26:21+00:00\",\"breadcrumb\":{\"@id\":\"https:\\\/\\\/www.grupo-inducom.com\\\/ar\\\/producto\\\/centrifugal-pump-with-double-impellers\\\/#breadcrumb\"},\"inLanguage\":\"es\",\"potentialAction\":[{\"@type\":\"ReadAction\",\"target\":[\"https:\\\/\\\/www.grupo-inducom.com\\\/ar\\\/producto\\\/centrifugal-pump-with-double-impellers\\\/\"]}]},{\"@type\":\"ImageObject\",\"inLanguage\":\"es\",\"@id\":\"https:\\\/\\\/www.grupo-inducom.com\\\/ar\\\/producto\\\/centrifugal-pump-with-double-impellers\\\/#primaryimage\",\"url\":\"https:\\\/\\\/www.grupo-inducom.com\\\/ar\\\/wp-content\\\/uploads\\\/sites\\\/12\\\/2026\\\/03\\\/Centrifugal-pump-with-double-impellers.webp\",\"contentUrl\":\"https:\\\/\\\/www.grupo-inducom.com\\\/ar\\\/wp-content\\\/uploads\\\/sites\\\/12\\\/2026\\\/03\\\/Centrifugal-pump-with-double-impellers.webp\",\"width\":500,\"height\":500,\"caption\":\"Centrifugal-pump-with-double-impellers\"},{\"@type\":\"BreadcrumbList\",\"@id\":\"https:\\\/\\\/www.grupo-inducom.com\\\/ar\\\/producto\\\/centrifugal-pump-with-double-impellers\\\/#breadcrumb\",\"itemListElement\":[{\"@type\":\"ListItem\",\"position\":1,\"name\":\"Portada\",\"item\":\"https:\\\/\\\/www.grupo-inducom.com\\\/ar\\\/\"},{\"@type\":\"ListItem\",\"position\":2,\"name\":\"Tienda\",\"item\":\"https:\\\/\\\/www.grupo-inducom.com\\\/ar\\\/tienda\\\/\"},{\"@type\":\"ListItem\",\"position\":3,\"name\":\"Centrifugal pump with double impellers\"}]},{\"@type\":\"WebSite\",\"@id\":\"https:\\\/\\\/www.grupo-inducom.com\\\/ar\\\/#website\",\"url\":\"https:\\\/\\\/www.grupo-inducom.com\\\/ar\\\/\",\"name\":\"Inducom Argentina\",\"description\":\"\",\"potentialAction\":[{\"@type\":\"SearchAction\",\"target\":{\"@type\":\"EntryPoint\",\"urlTemplate\":\"https:\\\/\\\/www.grupo-inducom.com\\\/ar\\\/?s={search_term_string}\"},\"query-input\":{\"@type\":\"PropertyValueSpecification\",\"valueRequired\":true,\"valueName\":\"search_term_string\"}}],\"inLanguage\":\"es\"}]}<\/script>\n<!-- \/ Yoast SEO plugin. -->","yoast_head_json":{"title":"Centrifugal pump with double impellers - Inducom Argentina","robots":{"index":"index","follow":"follow","max-snippet":"max-snippet:-1","max-image-preview":"max-image-preview:large","max-video-preview":"max-video-preview:-1"},"canonical":"https:\/\/www.grupo-inducom.com\/ar\/producto\/centrifugal-pump-with-double-impellers\/","og_locale":"es_ES","og_type":"article","og_title":"Centrifugal pump with double impellers - Inducom Argentina","og_description":"Caracter\u00edsticas    Bomba de doble impulsor de lat\u00f3n con conexi\u00f3n roscada  L\u00ednea completa de bombas de doble impulsor  Carcasa de bomba en acero aleado de alta resistencia HT500  Motor de alta eficiencia YE3, con protecci\u00f3n IP55, clase F  Eje en acero inoxidable 304  Rodamientos marca NSK y sello mec\u00e1nico personalizado  Dise\u00f1ada para aplicaciones de alta presi\u00f3n","og_url":"https:\/\/www.grupo-inducom.com\/ar\/producto\/centrifugal-pump-with-double-impellers\/","og_site_name":"Inducom Argentina","article_modified_time":"2026-04-21T14:26:21+00:00","og_image":[{"width":500,"height":500,"url":"http:\/\/www.grupo-inducom.com\/ar\/wp-content\/uploads\/sites\/12\/2026\/03\/Centrifugal-pump-with-double-impellers.webp","type":"image\/webp"}],"twitter_card":"summary_large_image","twitter_misc":{"Tiempo de lectura":"1 minuto"},"schema":{"@context":"https:\/\/schema.org","@graph":[{"@type":"WebPage","@id":"https:\/\/www.grupo-inducom.com\/ar\/producto\/centrifugal-pump-with-double-impellers\/","url":"https:\/\/www.grupo-inducom.com\/ar\/producto\/centrifugal-pump-with-double-impellers\/","name":"Centrifugal pump with double impellers - Inducom Argentina","isPartOf":{"@id":"https:\/\/www.grupo-inducom.com\/ar\/#website"},"primaryImageOfPage":{"@id":"https:\/\/www.grupo-inducom.com\/ar\/producto\/centrifugal-pump-with-double-impellers\/#primaryimage"},"image":{"@id":"https:\/\/www.grupo-inducom.com\/ar\/producto\/centrifugal-pump-with-double-impellers\/#primaryimage"},"thumbnailUrl":"https:\/\/www.grupo-inducom.com\/ar\/wp-content\/uploads\/sites\/12\/2026\/03\/Centrifugal-pump-with-double-impellers.webp","datePublished":"2026-03-24T14:15:10+00:00","dateModified":"2026-04-21T14:26:21+00:00","breadcrumb":{"@id":"https:\/\/www.grupo-inducom.com\/ar\/producto\/centrifugal-pump-with-double-impellers\/#breadcrumb"},"inLanguage":"es","potentialAction":[{"@type":"ReadAction","target":["https:\/\/www.grupo-inducom.com\/ar\/producto\/centrifugal-pump-with-double-impellers\/"]}]},{"@type":"ImageObject","inLanguage":"es","@id":"https:\/\/www.grupo-inducom.com\/ar\/producto\/centrifugal-pump-with-double-impellers\/#primaryimage","url":"https:\/\/www.grupo-inducom.com\/ar\/wp-content\/uploads\/sites\/12\/2026\/03\/Centrifugal-pump-with-double-impellers.webp","contentUrl":"https:\/\/www.grupo-inducom.com\/ar\/wp-content\/uploads\/sites\/12\/2026\/03\/Centrifugal-pump-with-double-impellers.webp","width":500,"height":500,"caption":"Centrifugal-pump-with-double-impellers"},{"@type":"BreadcrumbList","@id":"https:\/\/www.grupo-inducom.com\/ar\/producto\/centrifugal-pump-with-double-impellers\/#breadcrumb","itemListElement":[{"@type":"ListItem","position":1,"name":"Portada","item":"https:\/\/www.grupo-inducom.com\/ar\/"},{"@type":"ListItem","position":2,"name":"Tienda","item":"https:\/\/www.grupo-inducom.com\/ar\/tienda\/"},{"@type":"ListItem","position":3,"name":"Centrifugal pump with double impellers"}]},{"@type":"WebSite","@id":"https:\/\/www.grupo-inducom.com\/ar\/#website","url":"https:\/\/www.grupo-inducom.com\/ar\/","name":"Inducom Argentina","description":"","potentialAction":[{"@type":"SearchAction","target":{"@type":"EntryPoint","urlTemplate":"https:\/\/www.grupo-inducom.com\/ar\/?s={search_term_string}"},"query-input":{"@type":"PropertyValueSpecification","valueRequired":true,"valueName":"search_term_string"}}],"inLanguage":"es"}]}},"_links":{"self":[{"href":"https:\/\/www.grupo-inducom.com\/ar\/wp-json\/wp\/v2\/product\/271","targetHints":{"allow":["GET"]}}],"collection":[{"href":"https:\/\/www.grupo-inducom.com\/ar\/wp-json\/wp\/v2\/product"}],"about":[{"href":"https:\/\/www.grupo-inducom.com\/ar\/wp-json\/wp\/v2\/types\/product"}],"replies":[{"embeddable":true,"href":"https:\/\/www.grupo-inducom.com\/ar\/wp-json\/wp\/v2\/comments?post=271"}],"wp:featuredmedia":[{"embeddable":true,"href":"https:\/\/www.grupo-inducom.com\/ar\/wp-json\/wp\/v2\/media\/272"}],"wp:attachment":[{"href":"https:\/\/www.grupo-inducom.com\/ar\/wp-json\/wp\/v2\/media?parent=271"}],"wp:term":[{"taxonomy":"product_brand","embeddable":true,"href":"https:\/\/www.grupo-inducom.com\/ar\/wp-json\/wp\/v2\/product_brand?post=271"},{"taxonomy":"product_cat","embeddable":true,"href":"https:\/\/www.grupo-inducom.com\/ar\/wp-json\/wp\/v2\/product_cat?post=271"},{"taxonomy":"product_tag","embeddable":true,"href":"https:\/\/www.grupo-inducom.com\/ar\/wp-json\/wp\/v2\/product_tag?post=271"}],"curies":[{"name":"wp","href":"https:\/\/api.w.org\/{rel}","templated":true}]}}