{"id":269,"date":"2026-03-24T15:13:00","date_gmt":"2026-03-24T14:13:00","guid":{"rendered":"https:\/\/www.grupo-inducom.com\/ar\/?post_type=product&#038;p=269"},"modified":"2026-04-21T16:27:33","modified_gmt":"2026-04-21T14:27:33","slug":"bare-shaft-pump","status":"publish","type":"product","link":"https:\/\/www.grupo-inducom.com\/ar\/producto\/bare-shaft-pump\/","title":{"rendered":"Bare shaft pump"},"content":{"rendered":"<p data-start=\"379\" data-end=\"400\"><strong data-start=\"379\" data-end=\"400\">L\u00edmites de uso<\/strong><\/p>\n<ul data-start=\"401\" data-end=\"589\">\n<li data-section-id=\"1ufua1w\" data-start=\"401\" data-end=\"453\">Temperatura del l\u00edquido: de <strong data-start=\"431\" data-end=\"451\">-10 \u00b0C a +120 \u00b0C<\/strong><\/li>\n<li data-section-id=\"7l4p5x\" data-start=\"454\" data-end=\"502\">Temperatura ambiente: de <strong data-start=\"481\" data-end=\"500\">-10 \u00b0C a +50 \u00b0C<\/strong><\/li>\n<li data-section-id=\"1iipp4z\" data-start=\"503\" data-end=\"558\">Presi\u00f3n m\u00e1xima en el cuerpo de la bomba: <strong data-start=\"546\" data-end=\"556\">20 bar<\/strong><\/li>\n<li data-section-id=\"1omzfmz\" data-start=\"559\" data-end=\"589\">Operaci\u00f3n continua: <strong data-start=\"581\" data-end=\"587\">S1<\/strong><\/li>\n<\/ul>\n<p data-start=\"0\" data-end=\"19\"><strong data-start=\"0\" data-end=\"19\">Aplicaciones<\/strong><\/p>\n<ul data-start=\"20\" data-end=\"377\">\n<li data-section-id=\"1l82q6h\" data-start=\"20\" data-end=\"105\">Amplia gama de <strong data-start=\"37\" data-end=\"64\">bombas de succi\u00f3n final<\/strong>, compatibles con diversas aplicaciones<\/li>\n<li data-section-id=\"7nvtos\" data-start=\"106\" data-end=\"122\">Toma de agua<\/li>\n<li data-section-id=\"1dmhpx2\" data-start=\"123\" data-end=\"150\">Sistemas de calefacci\u00f3n<\/li>\n<li data-section-id=\"1r8e509\" data-start=\"151\" data-end=\"179\">Presurizaci\u00f3n industrial<\/li>\n<li data-section-id=\"7wnasn\" data-start=\"180\" data-end=\"222\">Transferencia de l\u00edquidos industriales<\/li>\n<li data-section-id=\"1pe1uqg\" data-start=\"223\" data-end=\"245\">Aire acondicionado<\/li>\n<li data-section-id=\"1dkcc73\" data-start=\"246\" data-end=\"308\">Sistemas de enfriamiento centralizado (<em data-start=\"287\" data-end=\"305\">district cooling<\/em>)<\/li>\n<li data-section-id=\"cldy4e\" data-start=\"309\" data-end=\"318\">Riego<\/li>\n<li data-section-id=\"yr0wms\" data-start=\"319\" data-end=\"348\">Sistemas contra incendios<\/li>\n<li data-section-id=\"1vrs8xc\" data-start=\"349\" data-end=\"377\">Entre otras aplicaciones<\/li>\n<\/ul>\n","protected":false},"excerpt":{"rendered":"<p data-start=\"591\" data-end=\"613\"><strong data-start=\"591\" data-end=\"613\">Caracter\u00edsticas<\/strong><\/p>\n<ul data-start=\"614\" data-end=\"1022\" data-is-last-node=\"\" data-is-only-node=\"\">\n<li data-section-id=\"1t7zdav\" data-start=\"614\" data-end=\"663\">L\u00ednea completa con una amplia serie de bombas<\/li>\n<li data-section-id=\"2gwedw\" data-start=\"664\" data-end=\"723\">Dise\u00f1o original <strong data-start=\"682\" data-end=\"692\">PURITY<\/strong> (Patente N.\u00ba 201530478502.0)<\/li>\n<li data-section-id=\"11hc1jl\" data-start=\"724\" data-end=\"772\">Alta confiabilidad para cualquier aplicaci\u00f3n<\/li>\n<li data-section-id=\"153lycs\" data-start=\"773\" data-end=\"841\">Motor de eficiencia <strong data-start=\"795\" data-end=\"802\">YE3<\/strong> con protecci\u00f3n <strong data-start=\"818\" data-end=\"826\">IP55<\/strong>, clase <strong data-start=\"834\" data-end=\"839\">F<\/strong><\/li>\n<li data-section-id=\"192t5vm\" data-start=\"842\" data-end=\"895\">Cuerpo de bomba con tratamiento <strong data-start=\"876\" data-end=\"893\">anticorrosivo<\/strong><\/li>\n<li data-section-id=\"16pbs24\" data-start=\"896\" data-end=\"963\">Posibilidad de personalizar el logo en el fundido de la carcasa<\/li>\n<li data-section-id=\"d8yq9p\" data-start=\"964\" data-end=\"1022\" data-is-last-node=\"\">Rodamientos marca <strong data-start=\"984\" data-end=\"991\">NSK<\/strong> y sello mec\u00e1nico personalizado<\/li>\n<\/ul>\n","protected":false},"featured_media":270,"comment_status":"open","ping_status":"closed","template":"","meta":{"_acf_changed":false,"_et_pb_use_builder":"","_et_pb_old_content":"","_et_gb_content_width":"","content-type":""},"product_brand":[],"product_cat":[34],"product_tag":[],"class_list":{"0":"post-269","1":"product","2":"type-product","3":"status-publish","4":"has-post-thumbnail","6":"product_cat-bombas-centrifugas","8":"first","9":"instock","10":"shipping-taxable","11":"product-type-simple"},"acf":[],"yoast_head":"<!-- This site is optimized with the Yoast SEO plugin v27.4 - https:\/\/yoast.com\/product\/yoast-seo-wordpress\/ -->\n<title>Bare shaft pump - Inducom Argentina<\/title>\n<meta name=\"robots\" content=\"index, follow, max-snippet:-1, max-image-preview:large, max-video-preview:-1\" \/>\n<link rel=\"canonical\" href=\"https:\/\/www.grupo-inducom.com\/ar\/producto\/bare-shaft-pump\/\" \/>\n<meta property=\"og:locale\" content=\"es_ES\" \/>\n<meta property=\"og:type\" content=\"article\" \/>\n<meta property=\"og:title\" content=\"Bare shaft pump - Inducom Argentina\" \/>\n<meta property=\"og:description\" content=\"Caracter\u00edsticas    L\u00ednea completa con una amplia serie de bombas  Dise\u00f1o original PURITY (Patente N.\u00ba 201530478502.0)  Alta confiabilidad para cualquier aplicaci\u00f3n  Motor de eficiencia YE3 con protecci\u00f3n IP55, clase F  Cuerpo de bomba con tratamiento anticorrosivo  Posibilidad de personalizar el logo en el fundido de la carcasa  Rodamientos marca NSK y sello mec\u00e1nico personalizado\" \/>\n<meta property=\"og:url\" content=\"https:\/\/www.grupo-inducom.com\/ar\/producto\/bare-shaft-pump\/\" \/>\n<meta property=\"og:site_name\" content=\"Inducom Argentina\" \/>\n<meta property=\"article:modified_time\" content=\"2026-04-21T14:27:33+00:00\" \/>\n<meta property=\"og:image\" content=\"http:\/\/www.grupo-inducom.com\/ar\/wp-content\/uploads\/sites\/12\/2026\/03\/Bare-shaft-pump.webp\" \/>\n\t<meta property=\"og:image:width\" content=\"500\" \/>\n\t<meta property=\"og:image:height\" content=\"500\" \/>\n\t<meta property=\"og:image:type\" content=\"image\/webp\" \/>\n<meta name=\"twitter:card\" content=\"summary_large_image\" \/>\n<meta name=\"twitter:label1\" content=\"Tiempo de lectura\" \/>\n\t<meta name=\"twitter:data1\" content=\"1 minuto\" \/>\n<script type=\"application\/ld+json\" class=\"yoast-schema-graph\">{\"@context\":\"https:\\\/\\\/schema.org\",\"@graph\":[{\"@type\":\"WebPage\",\"@id\":\"https:\\\/\\\/www.grupo-inducom.com\\\/ar\\\/producto\\\/bare-shaft-pump\\\/\",\"url\":\"https:\\\/\\\/www.grupo-inducom.com\\\/ar\\\/producto\\\/bare-shaft-pump\\\/\",\"name\":\"Bare shaft pump - Inducom Argentina\",\"isPartOf\":{\"@id\":\"https:\\\/\\\/www.grupo-inducom.com\\\/ar\\\/#website\"},\"primaryImageOfPage\":{\"@id\":\"https:\\\/\\\/www.grupo-inducom.com\\\/ar\\\/producto\\\/bare-shaft-pump\\\/#primaryimage\"},\"image\":{\"@id\":\"https:\\\/\\\/www.grupo-inducom.com\\\/ar\\\/producto\\\/bare-shaft-pump\\\/#primaryimage\"},\"thumbnailUrl\":\"https:\\\/\\\/www.grupo-inducom.com\\\/ar\\\/wp-content\\\/uploads\\\/sites\\\/12\\\/2026\\\/03\\\/Bare-shaft-pump.webp\",\"datePublished\":\"2026-03-24T14:13:00+00:00\",\"dateModified\":\"2026-04-21T14:27:33+00:00\",\"breadcrumb\":{\"@id\":\"https:\\\/\\\/www.grupo-inducom.com\\\/ar\\\/producto\\\/bare-shaft-pump\\\/#breadcrumb\"},\"inLanguage\":\"es\",\"potentialAction\":[{\"@type\":\"ReadAction\",\"target\":[\"https:\\\/\\\/www.grupo-inducom.com\\\/ar\\\/producto\\\/bare-shaft-pump\\\/\"]}]},{\"@type\":\"ImageObject\",\"inLanguage\":\"es\",\"@id\":\"https:\\\/\\\/www.grupo-inducom.com\\\/ar\\\/producto\\\/bare-shaft-pump\\\/#primaryimage\",\"url\":\"https:\\\/\\\/www.grupo-inducom.com\\\/ar\\\/wp-content\\\/uploads\\\/sites\\\/12\\\/2026\\\/03\\\/Bare-shaft-pump.webp\",\"contentUrl\":\"https:\\\/\\\/www.grupo-inducom.com\\\/ar\\\/wp-content\\\/uploads\\\/sites\\\/12\\\/2026\\\/03\\\/Bare-shaft-pump.webp\",\"width\":500,\"height\":500,\"caption\":\"Bare-shaft-pump\"},{\"@type\":\"BreadcrumbList\",\"@id\":\"https:\\\/\\\/www.grupo-inducom.com\\\/ar\\\/producto\\\/bare-shaft-pump\\\/#breadcrumb\",\"itemListElement\":[{\"@type\":\"ListItem\",\"position\":1,\"name\":\"Portada\",\"item\":\"https:\\\/\\\/www.grupo-inducom.com\\\/ar\\\/\"},{\"@type\":\"ListItem\",\"position\":2,\"name\":\"Tienda\",\"item\":\"https:\\\/\\\/www.grupo-inducom.com\\\/ar\\\/tienda\\\/\"},{\"@type\":\"ListItem\",\"position\":3,\"name\":\"Bare shaft pump\"}]},{\"@type\":\"WebSite\",\"@id\":\"https:\\\/\\\/www.grupo-inducom.com\\\/ar\\\/#website\",\"url\":\"https:\\\/\\\/www.grupo-inducom.com\\\/ar\\\/\",\"name\":\"Inducom Argentina\",\"description\":\"\",\"potentialAction\":[{\"@type\":\"SearchAction\",\"target\":{\"@type\":\"EntryPoint\",\"urlTemplate\":\"https:\\\/\\\/www.grupo-inducom.com\\\/ar\\\/?s={search_term_string}\"},\"query-input\":{\"@type\":\"PropertyValueSpecification\",\"valueRequired\":true,\"valueName\":\"search_term_string\"}}],\"inLanguage\":\"es\"}]}<\/script>\n<!-- \/ Yoast SEO plugin. -->","yoast_head_json":{"title":"Bare shaft pump - Inducom Argentina","robots":{"index":"index","follow":"follow","max-snippet":"max-snippet:-1","max-image-preview":"max-image-preview:large","max-video-preview":"max-video-preview:-1"},"canonical":"https:\/\/www.grupo-inducom.com\/ar\/producto\/bare-shaft-pump\/","og_locale":"es_ES","og_type":"article","og_title":"Bare shaft pump - Inducom Argentina","og_description":"Caracter\u00edsticas    L\u00ednea completa con una amplia serie de bombas  Dise\u00f1o original PURITY (Patente N.\u00ba 201530478502.0)  Alta confiabilidad para cualquier aplicaci\u00f3n  Motor de eficiencia YE3 con protecci\u00f3n IP55, clase F  Cuerpo de bomba con tratamiento anticorrosivo  Posibilidad de personalizar el logo en el fundido de la carcasa  Rodamientos marca NSK y sello mec\u00e1nico personalizado","og_url":"https:\/\/www.grupo-inducom.com\/ar\/producto\/bare-shaft-pump\/","og_site_name":"Inducom Argentina","article_modified_time":"2026-04-21T14:27:33+00:00","og_image":[{"width":500,"height":500,"url":"http:\/\/www.grupo-inducom.com\/ar\/wp-content\/uploads\/sites\/12\/2026\/03\/Bare-shaft-pump.webp","type":"image\/webp"}],"twitter_card":"summary_large_image","twitter_misc":{"Tiempo de lectura":"1 minuto"},"schema":{"@context":"https:\/\/schema.org","@graph":[{"@type":"WebPage","@id":"https:\/\/www.grupo-inducom.com\/ar\/producto\/bare-shaft-pump\/","url":"https:\/\/www.grupo-inducom.com\/ar\/producto\/bare-shaft-pump\/","name":"Bare shaft pump - Inducom Argentina","isPartOf":{"@id":"https:\/\/www.grupo-inducom.com\/ar\/#website"},"primaryImageOfPage":{"@id":"https:\/\/www.grupo-inducom.com\/ar\/producto\/bare-shaft-pump\/#primaryimage"},"image":{"@id":"https:\/\/www.grupo-inducom.com\/ar\/producto\/bare-shaft-pump\/#primaryimage"},"thumbnailUrl":"https:\/\/www.grupo-inducom.com\/ar\/wp-content\/uploads\/sites\/12\/2026\/03\/Bare-shaft-pump.webp","datePublished":"2026-03-24T14:13:00+00:00","dateModified":"2026-04-21T14:27:33+00:00","breadcrumb":{"@id":"https:\/\/www.grupo-inducom.com\/ar\/producto\/bare-shaft-pump\/#breadcrumb"},"inLanguage":"es","potentialAction":[{"@type":"ReadAction","target":["https:\/\/www.grupo-inducom.com\/ar\/producto\/bare-shaft-pump\/"]}]},{"@type":"ImageObject","inLanguage":"es","@id":"https:\/\/www.grupo-inducom.com\/ar\/producto\/bare-shaft-pump\/#primaryimage","url":"https:\/\/www.grupo-inducom.com\/ar\/wp-content\/uploads\/sites\/12\/2026\/03\/Bare-shaft-pump.webp","contentUrl":"https:\/\/www.grupo-inducom.com\/ar\/wp-content\/uploads\/sites\/12\/2026\/03\/Bare-shaft-pump.webp","width":500,"height":500,"caption":"Bare-shaft-pump"},{"@type":"BreadcrumbList","@id":"https:\/\/www.grupo-inducom.com\/ar\/producto\/bare-shaft-pump\/#breadcrumb","itemListElement":[{"@type":"ListItem","position":1,"name":"Portada","item":"https:\/\/www.grupo-inducom.com\/ar\/"},{"@type":"ListItem","position":2,"name":"Tienda","item":"https:\/\/www.grupo-inducom.com\/ar\/tienda\/"},{"@type":"ListItem","position":3,"name":"Bare shaft pump"}]},{"@type":"WebSite","@id":"https:\/\/www.grupo-inducom.com\/ar\/#website","url":"https:\/\/www.grupo-inducom.com\/ar\/","name":"Inducom Argentina","description":"","potentialAction":[{"@type":"SearchAction","target":{"@type":"EntryPoint","urlTemplate":"https:\/\/www.grupo-inducom.com\/ar\/?s={search_term_string}"},"query-input":{"@type":"PropertyValueSpecification","valueRequired":true,"valueName":"search_term_string"}}],"inLanguage":"es"}]}},"_links":{"self":[{"href":"https:\/\/www.grupo-inducom.com\/ar\/wp-json\/wp\/v2\/product\/269","targetHints":{"allow":["GET"]}}],"collection":[{"href":"https:\/\/www.grupo-inducom.com\/ar\/wp-json\/wp\/v2\/product"}],"about":[{"href":"https:\/\/www.grupo-inducom.com\/ar\/wp-json\/wp\/v2\/types\/product"}],"replies":[{"embeddable":true,"href":"https:\/\/www.grupo-inducom.com\/ar\/wp-json\/wp\/v2\/comments?post=269"}],"wp:featuredmedia":[{"embeddable":true,"href":"https:\/\/www.grupo-inducom.com\/ar\/wp-json\/wp\/v2\/media\/270"}],"wp:attachment":[{"href":"https:\/\/www.grupo-inducom.com\/ar\/wp-json\/wp\/v2\/media?parent=269"}],"wp:term":[{"taxonomy":"product_brand","embeddable":true,"href":"https:\/\/www.grupo-inducom.com\/ar\/wp-json\/wp\/v2\/product_brand?post=269"},{"taxonomy":"product_cat","embeddable":true,"href":"https:\/\/www.grupo-inducom.com\/ar\/wp-json\/wp\/v2\/product_cat?post=269"},{"taxonomy":"product_tag","embeddable":true,"href":"https:\/\/www.grupo-inducom.com\/ar\/wp-json\/wp\/v2\/product_tag?post=269"}],"curies":[{"name":"wp","href":"https:\/\/api.w.org\/{rel}","templated":true}]}}