{"id":268,"date":"2026-03-24T15:10:49","date_gmt":"2026-03-24T14:10:49","guid":{"rendered":"https:\/\/www.grupo-inducom.com\/ar\/?post_type=product&#038;p=268"},"modified":"2026-04-21T16:28:49","modified_gmt":"2026-04-21T14:28:49","slug":"standard-monoblock-centrifugal-pump","status":"publish","type":"product","link":"https:\/\/www.grupo-inducom.com\/ar\/producto\/standard-monoblock-centrifugal-pump\/","title":{"rendered":"Standard Monoblock Centrifugal Pump"},"content":{"rendered":"<p data-start=\"428\" data-end=\"449\"><strong data-start=\"428\" data-end=\"449\">L\u00edmites de uso<\/strong><\/p>\n<ul data-start=\"450\" data-end=\"638\">\n<li data-section-id=\"1ufua1w\" data-start=\"450\" data-end=\"502\">Temperatura del l\u00edquido: de <strong data-start=\"480\" data-end=\"500\">-10 \u00b0C a +120 \u00b0C<\/strong><\/li>\n<li data-section-id=\"7l4p5x\" data-start=\"503\" data-end=\"551\">Temperatura ambiente: de <strong data-start=\"530\" data-end=\"549\">-10 \u00b0C a +50 \u00b0C<\/strong><\/li>\n<li data-section-id=\"1htjyzq\" data-start=\"552\" data-end=\"607\">Presi\u00f3n m\u00e1xima en el cuerpo de la bomba: <strong data-start=\"595\" data-end=\"605\">16 bar<\/strong><\/li>\n<li data-section-id=\"1omzfmz\" data-start=\"608\" data-end=\"638\">Operaci\u00f3n continua: <strong data-start=\"630\" data-end=\"636\">S1<\/strong><\/li>\n<\/ul>\n<p data-start=\"0\" data-end=\"25\"><strong data-start=\"0\" data-end=\"25\">Aplicaciones y uso<\/strong><\/p>\n<ul data-start=\"26\" data-end=\"426\">\n<li data-section-id=\"k5nhue\" data-start=\"26\" data-end=\"97\">Recomendadas para bombear <strong data-start=\"54\" data-end=\"69\">agua limpia<\/strong>, sin part\u00edculas abrasivas<\/li>\n<li data-section-id=\"1coh6lt\" data-start=\"98\" data-end=\"182\">Aptas para l\u00edquidos <strong data-start=\"120\" data-end=\"149\">qu\u00edmicamente no agresivos<\/strong> con los materiales de la bomba<\/li>\n<li data-section-id=\"11u6tej\" data-start=\"183\" data-end=\"227\">Bombas centr\u00edfugas seg\u00fan norma <strong data-start=\"216\" data-end=\"225\">EN733<\/strong><\/li>\n<li data-section-id=\"1eganvx\" data-start=\"228\" data-end=\"426\">Aplicaciones en:\n<ul data-start=\"251\" data-end=\"426\">\n<li data-section-id=\"1f4a8p1\" data-start=\"251\" data-end=\"277\">Abastecimiento de agua<\/li>\n<li data-section-id=\"16t0mbj\" data-start=\"280\" data-end=\"302\">Sistemas de lavado<\/li>\n<li data-section-id=\"1pk7psu\" data-start=\"305\" data-end=\"322\">Presurizaci\u00f3n<\/li>\n<li data-section-id=\"yr0wms\" data-start=\"325\" data-end=\"354\">Sistemas contra incendios<\/li>\n<li data-section-id=\"cldy4e\" data-start=\"357\" data-end=\"366\">Riego<\/li>\n<li data-section-id=\"ydzzhf\" data-start=\"369\" data-end=\"382\">Industria<\/li>\n<li data-section-id=\"l9185r\" data-start=\"385\" data-end=\"408\">Circulaci\u00f3n de agua<\/li>\n<li data-section-id=\"26bmfx\" data-start=\"411\" data-end=\"426\">Agricultura<\/li>\n<\/ul>\n<\/li>\n<\/ul>\n","protected":false},"excerpt":{"rendered":"<p data-start=\"640\" data-end=\"662\"><strong data-start=\"640\" data-end=\"662\">Caracter\u00edsticas<\/strong><\/p>\n<ul data-start=\"663\" data-end=\"1091\">\n<li data-section-id=\"1ysz5l0\" data-start=\"663\" data-end=\"717\">Nuevas bombas centr\u00edfugas seg\u00fan est\u00e1ndar <strong data-start=\"706\" data-end=\"715\">EN733<\/strong><\/li>\n<li data-section-id=\"2gwedw\" data-start=\"718\" data-end=\"777\">Dise\u00f1o original <strong data-start=\"736\" data-end=\"746\">PURITY<\/strong> (Patente N.\u00ba 201530478502.0)<\/li>\n<li data-section-id=\"a2j4vz\" data-start=\"778\" data-end=\"836\">Disponibles con <strong data-start=\"796\" data-end=\"813\">motor redondo<\/strong> y <strong data-start=\"816\" data-end=\"834\">motor cuadrado<\/strong><\/li>\n<li data-section-id=\"153lycs\" data-start=\"837\" data-end=\"905\">Motor de eficiencia <strong data-start=\"859\" data-end=\"866\">YE3<\/strong> con protecci\u00f3n <strong data-start=\"882\" data-end=\"890\">IP55<\/strong>, clase <strong data-start=\"898\" data-end=\"903\">F<\/strong><\/li>\n<li data-section-id=\"192t5vm\" data-start=\"906\" data-end=\"959\">Cuerpo de bomba con tratamiento <strong data-start=\"940\" data-end=\"957\">anticorrosivo<\/strong><\/li>\n<li data-section-id=\"1ly86fr\" data-start=\"960\" data-end=\"1030\">Contrabridas galvanizadas con pernos, tuercas y empaques incluidos<\/li>\n<li data-section-id=\"8wpj3x\" data-start=\"1031\" data-end=\"1091\">Rodamientos marca <strong data-start=\"1051\" data-end=\"1058\">NSK<\/strong> y sello mec\u00e1nico personalizado<\/li>\n<\/ul>\n<p data-start=\"1093\" data-end=\"1121\"><strong data-start=\"1093\" data-end=\"1121\"> Informaci\u00f3n adicional<\/strong><\/p>\n<ul data-start=\"1122\" data-end=\"1407\" data-is-last-node=\"\" data-is-only-node=\"\">\n<li data-section-id=\"1hn9u8l\" data-start=\"1122\" data-end=\"1191\"><strong data-start=\"1124\" data-end=\"1142\">Caja de bomba:<\/strong> hierro fundido con recubrimiento anticorrosivo<\/li>\n<li data-section-id=\"4jusgr\" data-start=\"1192\" data-end=\"1218\"><strong data-start=\"1194\" data-end=\"1202\">Eje:<\/strong> acero cromado<\/li>\n<li data-section-id=\"440oz4\" data-start=\"1219\" data-end=\"1260\"><strong data-start=\"1221\" data-end=\"1231\">Sello:<\/strong> mec\u00e1nico (carbono\u2013SiC\u2013NBR)<\/li>\n<li data-section-id=\"gerezs\" data-start=\"1261\" data-end=\"1284\"><strong data-start=\"1263\" data-end=\"1278\">Rodamiento:<\/strong> NSK<\/li>\n<li data-section-id=\"oqajgt\" data-start=\"1285\" data-end=\"1346\"><strong data-start=\"1287\" data-end=\"1297\">Brida:<\/strong> contrabrida galvanizada con tornillos y juntas<\/li>\n<li data-section-id=\"1kz2mux\" data-start=\"1347\" data-end=\"1407\" data-is-last-node=\"\"><strong data-start=\"1349\" data-end=\"1359\">Motor:<\/strong> clase de aislamiento <strong data-start=\"1381\" data-end=\"1386\">F<\/strong>, protecci\u00f3n <strong data-start=\"1399\" data-end=\"1407\" data-is-last-node=\"\">IP55<\/strong><\/li>\n<\/ul>\n","protected":false},"featured_media":267,"comment_status":"open","ping_status":"closed","template":"","meta":{"_acf_changed":false,"_et_pb_use_builder":"","_et_pb_old_content":"","_et_gb_content_width":"","content-type":""},"product_brand":[],"product_cat":[34],"product_tag":[],"class_list":{"0":"post-268","1":"product","2":"type-product","3":"status-publish","4":"has-post-thumbnail","6":"product_cat-bombas-centrifugas","8":"first","9":"instock","10":"shipping-taxable","11":"product-type-simple"},"acf":[],"yoast_head":"<!-- This site is optimized with the Yoast SEO plugin v27.4 - https:\/\/yoast.com\/product\/yoast-seo-wordpress\/ -->\n<title>Standard Monoblock Centrifugal Pump - Inducom Argentina<\/title>\n<meta name=\"robots\" content=\"index, follow, max-snippet:-1, max-image-preview:large, max-video-preview:-1\" \/>\n<link rel=\"canonical\" href=\"https:\/\/www.grupo-inducom.com\/ar\/producto\/standard-monoblock-centrifugal-pump\/\" \/>\n<meta property=\"og:locale\" content=\"es_ES\" \/>\n<meta property=\"og:type\" content=\"article\" \/>\n<meta property=\"og:title\" content=\"Standard Monoblock Centrifugal Pump - Inducom Argentina\" \/>\n<meta property=\"og:description\" content=\"Caracter\u00edsticas    Nuevas bombas centr\u00edfugas seg\u00fan est\u00e1ndar EN733  Dise\u00f1o original PURITY (Patente N.\u00ba 201530478502.0)  Disponibles con motor redondo y motor cuadrado  Motor de eficiencia YE3 con protecci\u00f3n IP55, clase F  Cuerpo de bomba con tratamiento anticorrosivo  Contrabridas galvanizadas con pernos, tuercas y empaques incluidos  Rodamientos marca NSK y sello mec\u00e1nico personalizado   Informaci\u00f3n adicional    Caja de bomba: hierro fundido con recubrimiento anticorrosivo  Eje: acero cromado  Sello: mec\u00e1nico (carbono\u2013SiC\u2013NBR)  Rodamiento: NSK  Brida: contrabrida galvanizada con tornillos y juntas  Motor: clase de aislamiento F, protecci\u00f3n IP55\" \/>\n<meta property=\"og:url\" content=\"https:\/\/www.grupo-inducom.com\/ar\/producto\/standard-monoblock-centrifugal-pump\/\" \/>\n<meta property=\"og:site_name\" content=\"Inducom Argentina\" \/>\n<meta property=\"article:modified_time\" content=\"2026-04-21T14:28:49+00:00\" \/>\n<meta property=\"og:image\" content=\"http:\/\/www.grupo-inducom.com\/ar\/wp-content\/uploads\/sites\/12\/2026\/03\/Standard-Monoblock-Centrifugal-Pump.webp\" \/>\n\t<meta property=\"og:image:width\" content=\"500\" \/>\n\t<meta property=\"og:image:height\" content=\"500\" \/>\n\t<meta property=\"og:image:type\" content=\"image\/webp\" \/>\n<meta name=\"twitter:card\" content=\"summary_large_image\" \/>\n<meta name=\"twitter:label1\" content=\"Tiempo de lectura\" \/>\n\t<meta name=\"twitter:data1\" content=\"1 minuto\" \/>\n<script type=\"application\/ld+json\" class=\"yoast-schema-graph\">{\"@context\":\"https:\\\/\\\/schema.org\",\"@graph\":[{\"@type\":\"WebPage\",\"@id\":\"https:\\\/\\\/www.grupo-inducom.com\\\/ar\\\/producto\\\/standard-monoblock-centrifugal-pump\\\/\",\"url\":\"https:\\\/\\\/www.grupo-inducom.com\\\/ar\\\/producto\\\/standard-monoblock-centrifugal-pump\\\/\",\"name\":\"Standard Monoblock Centrifugal Pump - Inducom Argentina\",\"isPartOf\":{\"@id\":\"https:\\\/\\\/www.grupo-inducom.com\\\/ar\\\/#website\"},\"primaryImageOfPage\":{\"@id\":\"https:\\\/\\\/www.grupo-inducom.com\\\/ar\\\/producto\\\/standard-monoblock-centrifugal-pump\\\/#primaryimage\"},\"image\":{\"@id\":\"https:\\\/\\\/www.grupo-inducom.com\\\/ar\\\/producto\\\/standard-monoblock-centrifugal-pump\\\/#primaryimage\"},\"thumbnailUrl\":\"https:\\\/\\\/www.grupo-inducom.com\\\/ar\\\/wp-content\\\/uploads\\\/sites\\\/12\\\/2026\\\/03\\\/Standard-Monoblock-Centrifugal-Pump.webp\",\"datePublished\":\"2026-03-24T14:10:49+00:00\",\"dateModified\":\"2026-04-21T14:28:49+00:00\",\"breadcrumb\":{\"@id\":\"https:\\\/\\\/www.grupo-inducom.com\\\/ar\\\/producto\\\/standard-monoblock-centrifugal-pump\\\/#breadcrumb\"},\"inLanguage\":\"es\",\"potentialAction\":[{\"@type\":\"ReadAction\",\"target\":[\"https:\\\/\\\/www.grupo-inducom.com\\\/ar\\\/producto\\\/standard-monoblock-centrifugal-pump\\\/\"]}]},{\"@type\":\"ImageObject\",\"inLanguage\":\"es\",\"@id\":\"https:\\\/\\\/www.grupo-inducom.com\\\/ar\\\/producto\\\/standard-monoblock-centrifugal-pump\\\/#primaryimage\",\"url\":\"https:\\\/\\\/www.grupo-inducom.com\\\/ar\\\/wp-content\\\/uploads\\\/sites\\\/12\\\/2026\\\/03\\\/Standard-Monoblock-Centrifugal-Pump.webp\",\"contentUrl\":\"https:\\\/\\\/www.grupo-inducom.com\\\/ar\\\/wp-content\\\/uploads\\\/sites\\\/12\\\/2026\\\/03\\\/Standard-Monoblock-Centrifugal-Pump.webp\",\"width\":500,\"height\":500,\"caption\":\"Standard-Monoblock-Centrifugal-Pump\"},{\"@type\":\"BreadcrumbList\",\"@id\":\"https:\\\/\\\/www.grupo-inducom.com\\\/ar\\\/producto\\\/standard-monoblock-centrifugal-pump\\\/#breadcrumb\",\"itemListElement\":[{\"@type\":\"ListItem\",\"position\":1,\"name\":\"Portada\",\"item\":\"https:\\\/\\\/www.grupo-inducom.com\\\/ar\\\/\"},{\"@type\":\"ListItem\",\"position\":2,\"name\":\"Tienda\",\"item\":\"https:\\\/\\\/www.grupo-inducom.com\\\/ar\\\/tienda\\\/\"},{\"@type\":\"ListItem\",\"position\":3,\"name\":\"Standard Monoblock Centrifugal Pump\"}]},{\"@type\":\"WebSite\",\"@id\":\"https:\\\/\\\/www.grupo-inducom.com\\\/ar\\\/#website\",\"url\":\"https:\\\/\\\/www.grupo-inducom.com\\\/ar\\\/\",\"name\":\"Inducom Argentina\",\"description\":\"\",\"potentialAction\":[{\"@type\":\"SearchAction\",\"target\":{\"@type\":\"EntryPoint\",\"urlTemplate\":\"https:\\\/\\\/www.grupo-inducom.com\\\/ar\\\/?s={search_term_string}\"},\"query-input\":{\"@type\":\"PropertyValueSpecification\",\"valueRequired\":true,\"valueName\":\"search_term_string\"}}],\"inLanguage\":\"es\"}]}<\/script>\n<!-- \/ Yoast SEO plugin. -->","yoast_head_json":{"title":"Standard Monoblock Centrifugal Pump - Inducom Argentina","robots":{"index":"index","follow":"follow","max-snippet":"max-snippet:-1","max-image-preview":"max-image-preview:large","max-video-preview":"max-video-preview:-1"},"canonical":"https:\/\/www.grupo-inducom.com\/ar\/producto\/standard-monoblock-centrifugal-pump\/","og_locale":"es_ES","og_type":"article","og_title":"Standard Monoblock Centrifugal Pump - Inducom Argentina","og_description":"Caracter\u00edsticas    Nuevas bombas centr\u00edfugas seg\u00fan est\u00e1ndar EN733  Dise\u00f1o original PURITY (Patente N.\u00ba 201530478502.0)  Disponibles con motor redondo y motor cuadrado  Motor de eficiencia YE3 con protecci\u00f3n IP55, clase F  Cuerpo de bomba con tratamiento anticorrosivo  Contrabridas galvanizadas con pernos, tuercas y empaques incluidos  Rodamientos marca NSK y sello mec\u00e1nico personalizado   Informaci\u00f3n adicional    Caja de bomba: hierro fundido con recubrimiento anticorrosivo  Eje: acero cromado  Sello: mec\u00e1nico (carbono\u2013SiC\u2013NBR)  Rodamiento: NSK  Brida: contrabrida galvanizada con tornillos y juntas  Motor: clase de aislamiento F, protecci\u00f3n IP55","og_url":"https:\/\/www.grupo-inducom.com\/ar\/producto\/standard-monoblock-centrifugal-pump\/","og_site_name":"Inducom Argentina","article_modified_time":"2026-04-21T14:28:49+00:00","og_image":[{"width":500,"height":500,"url":"http:\/\/www.grupo-inducom.com\/ar\/wp-content\/uploads\/sites\/12\/2026\/03\/Standard-Monoblock-Centrifugal-Pump.webp","type":"image\/webp"}],"twitter_card":"summary_large_image","twitter_misc":{"Tiempo de lectura":"1 minuto"},"schema":{"@context":"https:\/\/schema.org","@graph":[{"@type":"WebPage","@id":"https:\/\/www.grupo-inducom.com\/ar\/producto\/standard-monoblock-centrifugal-pump\/","url":"https:\/\/www.grupo-inducom.com\/ar\/producto\/standard-monoblock-centrifugal-pump\/","name":"Standard Monoblock Centrifugal Pump - Inducom Argentina","isPartOf":{"@id":"https:\/\/www.grupo-inducom.com\/ar\/#website"},"primaryImageOfPage":{"@id":"https:\/\/www.grupo-inducom.com\/ar\/producto\/standard-monoblock-centrifugal-pump\/#primaryimage"},"image":{"@id":"https:\/\/www.grupo-inducom.com\/ar\/producto\/standard-monoblock-centrifugal-pump\/#primaryimage"},"thumbnailUrl":"https:\/\/www.grupo-inducom.com\/ar\/wp-content\/uploads\/sites\/12\/2026\/03\/Standard-Monoblock-Centrifugal-Pump.webp","datePublished":"2026-03-24T14:10:49+00:00","dateModified":"2026-04-21T14:28:49+00:00","breadcrumb":{"@id":"https:\/\/www.grupo-inducom.com\/ar\/producto\/standard-monoblock-centrifugal-pump\/#breadcrumb"},"inLanguage":"es","potentialAction":[{"@type":"ReadAction","target":["https:\/\/www.grupo-inducom.com\/ar\/producto\/standard-monoblock-centrifugal-pump\/"]}]},{"@type":"ImageObject","inLanguage":"es","@id":"https:\/\/www.grupo-inducom.com\/ar\/producto\/standard-monoblock-centrifugal-pump\/#primaryimage","url":"https:\/\/www.grupo-inducom.com\/ar\/wp-content\/uploads\/sites\/12\/2026\/03\/Standard-Monoblock-Centrifugal-Pump.webp","contentUrl":"https:\/\/www.grupo-inducom.com\/ar\/wp-content\/uploads\/sites\/12\/2026\/03\/Standard-Monoblock-Centrifugal-Pump.webp","width":500,"height":500,"caption":"Standard-Monoblock-Centrifugal-Pump"},{"@type":"BreadcrumbList","@id":"https:\/\/www.grupo-inducom.com\/ar\/producto\/standard-monoblock-centrifugal-pump\/#breadcrumb","itemListElement":[{"@type":"ListItem","position":1,"name":"Portada","item":"https:\/\/www.grupo-inducom.com\/ar\/"},{"@type":"ListItem","position":2,"name":"Tienda","item":"https:\/\/www.grupo-inducom.com\/ar\/tienda\/"},{"@type":"ListItem","position":3,"name":"Standard Monoblock Centrifugal Pump"}]},{"@type":"WebSite","@id":"https:\/\/www.grupo-inducom.com\/ar\/#website","url":"https:\/\/www.grupo-inducom.com\/ar\/","name":"Inducom Argentina","description":"","potentialAction":[{"@type":"SearchAction","target":{"@type":"EntryPoint","urlTemplate":"https:\/\/www.grupo-inducom.com\/ar\/?s={search_term_string}"},"query-input":{"@type":"PropertyValueSpecification","valueRequired":true,"valueName":"search_term_string"}}],"inLanguage":"es"}]}},"_links":{"self":[{"href":"https:\/\/www.grupo-inducom.com\/ar\/wp-json\/wp\/v2\/product\/268","targetHints":{"allow":["GET"]}}],"collection":[{"href":"https:\/\/www.grupo-inducom.com\/ar\/wp-json\/wp\/v2\/product"}],"about":[{"href":"https:\/\/www.grupo-inducom.com\/ar\/wp-json\/wp\/v2\/types\/product"}],"replies":[{"embeddable":true,"href":"https:\/\/www.grupo-inducom.com\/ar\/wp-json\/wp\/v2\/comments?post=268"}],"wp:featuredmedia":[{"embeddable":true,"href":"https:\/\/www.grupo-inducom.com\/ar\/wp-json\/wp\/v2\/media\/267"}],"wp:attachment":[{"href":"https:\/\/www.grupo-inducom.com\/ar\/wp-json\/wp\/v2\/media?parent=268"}],"wp:term":[{"taxonomy":"product_brand","embeddable":true,"href":"https:\/\/www.grupo-inducom.com\/ar\/wp-json\/wp\/v2\/product_brand?post=268"},{"taxonomy":"product_cat","embeddable":true,"href":"https:\/\/www.grupo-inducom.com\/ar\/wp-json\/wp\/v2\/product_cat?post=268"},{"taxonomy":"product_tag","embeddable":true,"href":"https:\/\/www.grupo-inducom.com\/ar\/wp-json\/wp\/v2\/product_tag?post=268"}],"curies":[{"name":"wp","href":"https:\/\/api.w.org\/{rel}","templated":true}]}}