{"id":229,"date":"2026-03-17T18:02:05","date_gmt":"2026-03-17T17:02:05","guid":{"rendered":"https:\/\/www.grupo-inducom.com\/ar\/?post_type=product&#038;p=229"},"modified":"2026-04-21T16:37:19","modified_gmt":"2026-04-21T14:37:19","slug":"e-series-electronic-solenoid","status":"publish","type":"product","link":"https:\/\/www.grupo-inducom.com\/ar\/producto\/e-series-electronic-solenoid\/","title":{"rendered":"E-Series Electronic &#038; Solenoid"},"content":{"rendered":"<p data-start=\"0\" data-end=\"19\"><strong data-start=\"0\" data-end=\"19\">1. Aplicaciones<\/strong><\/p>\n<ul data-start=\"20\" data-end=\"464\">\n<li data-section-id=\"1n1ltpi\" data-start=\"20\" data-end=\"106\">Agua y aguas residuales: coagulantes, floculantes, ajustadores de pH e hipoclorito<\/li>\n<li data-section-id=\"qidgun\" data-start=\"107\" data-end=\"185\">Procesos qu\u00edmicos: \u00e1cidos, \u00e1lcalis, inhibidores, pigmentos y catalizadores<\/li>\n<li data-section-id=\"hm45jz\" data-start=\"186\" data-end=\"264\">Alimentos y bebidas: aditivos CIP, sanitizantes, saborizantes y colorantes<\/li>\n<li data-section-id=\"1ts8zwo\" data-start=\"265\" data-end=\"330\">Miner\u00eda y cer\u00e1mica: reactivos, lodos y auxiliares de molienda<\/li>\n<li data-section-id=\"aargop\" data-start=\"331\" data-end=\"464\">Servicios generales de planta: dosificaci\u00f3n para calderas, sistemas de \u00f3smosis inversa (RO) y tratamiento de agua de enfriamiento<\/li>\n<\/ul>\n<p data-start=\"466\" data-end=\"494\"><strong data-start=\"466\" data-end=\"494\">2. Materiales y opciones<\/strong><\/p>\n<ul data-start=\"495\" data-end=\"846\">\n<li data-section-id=\"1knkaq8\" data-start=\"495\" data-end=\"550\"><strong data-start=\"497\" data-end=\"548\">Material del cabezal \/ partes h\u00famedas (c\u00f3digo):<\/strong><\/li>\n<li data-section-id=\"petwq1\" data-start=\"551\" data-end=\"603\"><strong data-start=\"553\" data-end=\"559\">1:<\/strong> PVC \/ sellos PTFE \/ diafragma PTFE + EPDM<\/li>\n<li data-section-id=\"17thmx6\" data-start=\"604\" data-end=\"657\"><strong data-start=\"606\" data-end=\"612\">3:<\/strong> PVDF \/ sellos PTFE \/ diafragma PTFE + EPDM<\/li>\n<li data-section-id=\"1mc8q14\" data-start=\"658\" data-end=\"713\"><strong data-start=\"660\" data-end=\"666\">4:<\/strong> SUS316 \/ sellos PTFE \/ diafragma PTFE + EPDM<\/li>\n<li data-section-id=\"p71ybp\" data-start=\"714\" data-end=\"770\"><strong data-start=\"716\" data-end=\"722\">5:<\/strong> SUS316L \/ sellos PTFE \/ diafragma PTFE + EPDM<\/li>\n<li data-section-id=\"1tz0hbs\" data-start=\"771\" data-end=\"846\">El diafragma es de <strong data-start=\"792\" data-end=\"806\">doble capa<\/strong>: PTFE (lado h\u00famedo) + EPDM (respaldo)<\/li>\n<\/ul>\n<p data-start=\"848\" data-end=\"881\"><strong data-start=\"848\" data-end=\"881\">3. Kits de tuber\u00eda \/ conexi\u00f3n<\/strong><\/p>\n<ul data-start=\"882\" data-end=\"1108\">\n<li data-section-id=\"117qurh\" data-start=\"882\" data-end=\"923\">Manguera PVC trenzada <strong data-start=\"906\" data-end=\"915\">\u03a64\u00d7\u03a69<\/strong> (3 m)<\/li>\n<li data-section-id=\"18sqtze\" data-start=\"924\" data-end=\"966\">Manguera PVC trenzada <strong data-start=\"948\" data-end=\"958\">\u03a68\u00d7\u03a613<\/strong> (3 m)<\/li>\n<li data-section-id=\"12uyuyo\" data-start=\"967\" data-end=\"1000\">Manguera PVDF <strong data-start=\"983\" data-end=\"992\">\u03a64\u00d7\u03a66<\/strong> (3 m)<\/li>\n<li data-section-id=\"1ta301n\" data-start=\"1001\" data-end=\"1035\">Manguera PVDF <strong data-start=\"1017\" data-end=\"1027\">\u03a68\u00d7\u03a610<\/strong> (3 m)<\/li>\n<li data-section-id=\"ef6nd7\" data-start=\"1036\" data-end=\"1108\">Kit con rosca interna <strong data-start=\"1060\" data-end=\"1069\">G1\/4\u2033<\/strong> para tuber\u00eda DN8 en acero inoxidable<\/li>\n<\/ul>\n<p data-start=\"1110\" data-end=\"1135\"><strong data-start=\"1110\" data-end=\"1135\">4. Accesorios t\u00edpicos<\/strong><\/p>\n<ul data-start=\"1136\" data-end=\"1319\" data-is-last-node=\"\" data-is-only-node=\"\">\n<li data-section-id=\"1lfwv2p\" data-start=\"1136\" data-end=\"1169\">V\u00e1lvula check de dosificaci\u00f3n<\/li>\n<li data-section-id=\"68ysrs\" data-start=\"1170\" data-end=\"1199\">V\u00e1lvula de pie con filtro<\/li>\n<li data-section-id=\"fihkuc\" data-start=\"1200\" data-end=\"1248\">Interruptor magn\u00e9tico anticorrosivo de nivel<\/li>\n<li data-section-id=\"1wjteb\" data-start=\"1249\" data-end=\"1270\">Conector tipo tee<\/li>\n<li data-section-id=\"69jp5v\" data-start=\"1271\" data-end=\"1319\" data-is-last-node=\"\">Manguera compatible, seg\u00fan el kit seleccionado<\/li>\n<\/ul>\n","protected":false},"excerpt":{"rendered":"<p data-start=\"0\" data-end=\"18\"><strong data-start=\"0\" data-end=\"18\">1. Descripci\u00f3n<\/strong><\/p>\n<ul data-start=\"19\" data-end=\"458\">\n<li data-section-id=\"1nweop\" data-start=\"19\" data-end=\"213\">La <strong data-start=\"24\" data-end=\"46\">Serie E de Kendall<\/strong> combina tecnolog\u00eda de diafragma accionado por <strong data-start=\"93\" data-end=\"106\">solenoide<\/strong> con control vers\u00e1til, desde ajuste manual de carrera hasta automatizaci\u00f3n por <strong data-start=\"185\" data-end=\"211\">pulso, 4\u201320 mA y RS485<\/strong><\/li>\n<li data-section-id=\"140xvck\" data-start=\"214\" data-end=\"379\">Con extremos l\u00edquidos en <strong data-start=\"241\" data-end=\"273\">PVC, PVDF y acero inoxidable<\/strong>, y un <strong data-start=\"280\" data-end=\"319\">diafragma de doble capa PTFE + EPDM<\/strong>, la Serie E ofrece una dosificaci\u00f3n confiable y sin fugas<\/li>\n<li data-section-id=\"9a15ph\" data-start=\"380\" data-end=\"458\">Ideal para tratamiento de agua, procesos qu\u00edmicos y servicios industriales<\/li>\n<\/ul>\n<p data-start=\"460\" data-end=\"482\"><strong data-start=\"460\" data-end=\"482\">2. Caracter\u00edsticas<\/strong><\/p>\n<ul data-start=\"483\" data-end=\"911\" data-is-last-node=\"\" data-is-only-node=\"\">\n<li data-section-id=\"13r2zpk\" data-start=\"483\" data-end=\"524\">Diafragma accionado por <strong data-start=\"509\" data-end=\"522\">solenoide<\/strong><\/li>\n<li data-section-id=\"19ox1dw\" data-start=\"525\" data-end=\"574\">Control: <strong data-start=\"536\" data-end=\"572\">manual \/ pulso \/ 4\u201320 mA \/ RS485<\/strong><\/li>\n<li data-section-id=\"a38rjv\" data-start=\"575\" data-end=\"637\">Partes h\u00famedas disponibles en: <strong data-start=\"608\" data-end=\"635\">PVC | PVDF | 316 | 316L<\/strong><\/li>\n<li data-section-id=\"10e2a53\" data-start=\"638\" data-end=\"709\">Diafragma de <strong data-start=\"653\" data-end=\"667\">doble capa<\/strong>: <strong data-start=\"669\" data-end=\"684\">PTFE + EPDM<\/strong> (herm\u00e9tico, sin fugas)<\/li>\n<li data-section-id=\"u3a9yi\" data-start=\"710\" data-end=\"763\">Alta resistencia qu\u00edmica y <strong data-start=\"739\" data-end=\"761\">bajo mantenimiento<\/strong><\/li>\n<li data-section-id=\"3k7az9\" data-start=\"764\" data-end=\"841\">Aplicable en sistemas de agua, procesos qu\u00edmicos y servicios industriales<\/li>\n<li data-section-id=\"1rydasv\" data-start=\"842\" data-end=\"868\">Ajuste fino de carrera<\/li>\n<li data-section-id=\"176utui\" data-start=\"869\" data-end=\"911\" data-is-last-node=\"\">Lista para integraci\u00f3n con <strong data-start=\"898\" data-end=\"911\" data-is-last-node=\"\">PLC\/SCADA<\/strong><\/li>\n<\/ul>\n","protected":false},"featured_media":226,"comment_status":"open","ping_status":"closed","template":"","meta":{"_acf_changed":false,"_et_pb_use_builder":"","_et_pb_old_content":"","_et_gb_content_width":"","content-type":""},"product_brand":[],"product_cat":[31],"product_tag":[],"class_list":{"0":"post-229","1":"product","2":"type-product","3":"status-publish","4":"has-post-thumbnail","6":"product_cat-bombas-dosificadoras","8":"first","9":"instock","10":"shipping-taxable","11":"product-type-simple"},"acf":[],"yoast_head":"<!-- This site is optimized with the Yoast SEO plugin v27.4 - https:\/\/yoast.com\/product\/yoast-seo-wordpress\/ -->\n<title>E-Series Electronic &amp; Solenoid - Inducom Argentina<\/title>\n<meta name=\"robots\" content=\"index, follow, max-snippet:-1, max-image-preview:large, max-video-preview:-1\" \/>\n<link rel=\"canonical\" href=\"https:\/\/www.grupo-inducom.com\/ar\/producto\/e-series-electronic-solenoid\/\" \/>\n<meta property=\"og:locale\" content=\"es_ES\" \/>\n<meta property=\"og:type\" content=\"article\" \/>\n<meta property=\"og:title\" content=\"E-Series Electronic &amp; Solenoid - Inducom Argentina\" \/>\n<meta property=\"og:description\" content=\"1. Descripci\u00f3n    La Serie E de Kendall combina tecnolog\u00eda de diafragma accionado por solenoide con control vers\u00e1til, desde ajuste manual de carrera hasta automatizaci\u00f3n por pulso, 4\u201320 mA y RS485  Con extremos l\u00edquidos en PVC, PVDF y acero inoxidable, y un diafragma de doble capa PTFE + EPDM, la Serie E ofrece una dosificaci\u00f3n confiable y sin fugas  Ideal para tratamiento de agua, procesos qu\u00edmicos y servicios industriales  2. Caracter\u00edsticas    Diafragma accionado por solenoide  Control: manual \/ pulso \/ 4\u201320 mA \/ RS485  Partes h\u00famedas disponibles en: PVC | PVDF | 316 | 316L  Diafragma de doble capa: PTFE + EPDM (herm\u00e9tico, sin fugas)  Alta resistencia qu\u00edmica y bajo mantenimiento  Aplicable en sistemas de agua, procesos qu\u00edmicos y servicios industriales  Ajuste fino de carrera  Lista para integraci\u00f3n con PLC\/SCADA\" \/>\n<meta property=\"og:url\" content=\"https:\/\/www.grupo-inducom.com\/ar\/producto\/e-series-electronic-solenoid\/\" \/>\n<meta property=\"og:site_name\" content=\"Inducom Argentina\" \/>\n<meta property=\"article:modified_time\" content=\"2026-04-21T14:37:19+00:00\" \/>\n<meta property=\"og:image\" content=\"http:\/\/www.grupo-inducom.com\/ar\/wp-content\/uploads\/sites\/12\/2026\/03\/E-Series-Electronic-Solenoid.webp\" \/>\n\t<meta property=\"og:image:width\" content=\"1029\" \/>\n\t<meta property=\"og:image:height\" content=\"1026\" \/>\n\t<meta property=\"og:image:type\" content=\"image\/webp\" \/>\n<meta name=\"twitter:card\" content=\"summary_large_image\" \/>\n<meta name=\"twitter:label1\" content=\"Tiempo de lectura\" \/>\n\t<meta name=\"twitter:data1\" content=\"2 minutos\" \/>\n<script type=\"application\/ld+json\" class=\"yoast-schema-graph\">{\"@context\":\"https:\\\/\\\/schema.org\",\"@graph\":[{\"@type\":\"WebPage\",\"@id\":\"https:\\\/\\\/www.grupo-inducom.com\\\/ar\\\/producto\\\/e-series-electronic-solenoid\\\/\",\"url\":\"https:\\\/\\\/www.grupo-inducom.com\\\/ar\\\/producto\\\/e-series-electronic-solenoid\\\/\",\"name\":\"E-Series Electronic & Solenoid - Inducom Argentina\",\"isPartOf\":{\"@id\":\"https:\\\/\\\/www.grupo-inducom.com\\\/ar\\\/#website\"},\"primaryImageOfPage\":{\"@id\":\"https:\\\/\\\/www.grupo-inducom.com\\\/ar\\\/producto\\\/e-series-electronic-solenoid\\\/#primaryimage\"},\"image\":{\"@id\":\"https:\\\/\\\/www.grupo-inducom.com\\\/ar\\\/producto\\\/e-series-electronic-solenoid\\\/#primaryimage\"},\"thumbnailUrl\":\"https:\\\/\\\/www.grupo-inducom.com\\\/ar\\\/wp-content\\\/uploads\\\/sites\\\/12\\\/2026\\\/03\\\/E-Series-Electronic-Solenoid.webp\",\"datePublished\":\"2026-03-17T17:02:05+00:00\",\"dateModified\":\"2026-04-21T14:37:19+00:00\",\"breadcrumb\":{\"@id\":\"https:\\\/\\\/www.grupo-inducom.com\\\/ar\\\/producto\\\/e-series-electronic-solenoid\\\/#breadcrumb\"},\"inLanguage\":\"es\",\"potentialAction\":[{\"@type\":\"ReadAction\",\"target\":[\"https:\\\/\\\/www.grupo-inducom.com\\\/ar\\\/producto\\\/e-series-electronic-solenoid\\\/\"]}]},{\"@type\":\"ImageObject\",\"inLanguage\":\"es\",\"@id\":\"https:\\\/\\\/www.grupo-inducom.com\\\/ar\\\/producto\\\/e-series-electronic-solenoid\\\/#primaryimage\",\"url\":\"https:\\\/\\\/www.grupo-inducom.com\\\/ar\\\/wp-content\\\/uploads\\\/sites\\\/12\\\/2026\\\/03\\\/E-Series-Electronic-Solenoid.webp\",\"contentUrl\":\"https:\\\/\\\/www.grupo-inducom.com\\\/ar\\\/wp-content\\\/uploads\\\/sites\\\/12\\\/2026\\\/03\\\/E-Series-Electronic-Solenoid.webp\",\"width\":1029,\"height\":1026,\"caption\":\"E-Series Electronic & Solenoid\"},{\"@type\":\"BreadcrumbList\",\"@id\":\"https:\\\/\\\/www.grupo-inducom.com\\\/ar\\\/producto\\\/e-series-electronic-solenoid\\\/#breadcrumb\",\"itemListElement\":[{\"@type\":\"ListItem\",\"position\":1,\"name\":\"Portada\",\"item\":\"https:\\\/\\\/www.grupo-inducom.com\\\/ar\\\/\"},{\"@type\":\"ListItem\",\"position\":2,\"name\":\"Tienda\",\"item\":\"https:\\\/\\\/www.grupo-inducom.com\\\/ar\\\/tienda\\\/\"},{\"@type\":\"ListItem\",\"position\":3,\"name\":\"E-Series Electronic &#038; Solenoid\"}]},{\"@type\":\"WebSite\",\"@id\":\"https:\\\/\\\/www.grupo-inducom.com\\\/ar\\\/#website\",\"url\":\"https:\\\/\\\/www.grupo-inducom.com\\\/ar\\\/\",\"name\":\"Inducom Argentina\",\"description\":\"\",\"potentialAction\":[{\"@type\":\"SearchAction\",\"target\":{\"@type\":\"EntryPoint\",\"urlTemplate\":\"https:\\\/\\\/www.grupo-inducom.com\\\/ar\\\/?s={search_term_string}\"},\"query-input\":{\"@type\":\"PropertyValueSpecification\",\"valueRequired\":true,\"valueName\":\"search_term_string\"}}],\"inLanguage\":\"es\"}]}<\/script>\n<!-- \/ Yoast SEO plugin. -->","yoast_head_json":{"title":"E-Series Electronic & Solenoid - Inducom Argentina","robots":{"index":"index","follow":"follow","max-snippet":"max-snippet:-1","max-image-preview":"max-image-preview:large","max-video-preview":"max-video-preview:-1"},"canonical":"https:\/\/www.grupo-inducom.com\/ar\/producto\/e-series-electronic-solenoid\/","og_locale":"es_ES","og_type":"article","og_title":"E-Series Electronic & Solenoid - Inducom Argentina","og_description":"1. Descripci\u00f3n    La Serie E de Kendall combina tecnolog\u00eda de diafragma accionado por solenoide con control vers\u00e1til, desde ajuste manual de carrera hasta automatizaci\u00f3n por pulso, 4\u201320 mA y RS485  Con extremos l\u00edquidos en PVC, PVDF y acero inoxidable, y un diafragma de doble capa PTFE + EPDM, la Serie E ofrece una dosificaci\u00f3n confiable y sin fugas  Ideal para tratamiento de agua, procesos qu\u00edmicos y servicios industriales  2. Caracter\u00edsticas    Diafragma accionado por solenoide  Control: manual \/ pulso \/ 4\u201320 mA \/ RS485  Partes h\u00famedas disponibles en: PVC | PVDF | 316 | 316L  Diafragma de doble capa: PTFE + EPDM (herm\u00e9tico, sin fugas)  Alta resistencia qu\u00edmica y bajo mantenimiento  Aplicable en sistemas de agua, procesos qu\u00edmicos y servicios industriales  Ajuste fino de carrera  Lista para integraci\u00f3n con PLC\/SCADA","og_url":"https:\/\/www.grupo-inducom.com\/ar\/producto\/e-series-electronic-solenoid\/","og_site_name":"Inducom Argentina","article_modified_time":"2026-04-21T14:37:19+00:00","og_image":[{"width":1029,"height":1026,"url":"http:\/\/www.grupo-inducom.com\/ar\/wp-content\/uploads\/sites\/12\/2026\/03\/E-Series-Electronic-Solenoid.webp","type":"image\/webp"}],"twitter_card":"summary_large_image","twitter_misc":{"Tiempo de lectura":"2 minutos"},"schema":{"@context":"https:\/\/schema.org","@graph":[{"@type":"WebPage","@id":"https:\/\/www.grupo-inducom.com\/ar\/producto\/e-series-electronic-solenoid\/","url":"https:\/\/www.grupo-inducom.com\/ar\/producto\/e-series-electronic-solenoid\/","name":"E-Series Electronic & Solenoid - Inducom Argentina","isPartOf":{"@id":"https:\/\/www.grupo-inducom.com\/ar\/#website"},"primaryImageOfPage":{"@id":"https:\/\/www.grupo-inducom.com\/ar\/producto\/e-series-electronic-solenoid\/#primaryimage"},"image":{"@id":"https:\/\/www.grupo-inducom.com\/ar\/producto\/e-series-electronic-solenoid\/#primaryimage"},"thumbnailUrl":"https:\/\/www.grupo-inducom.com\/ar\/wp-content\/uploads\/sites\/12\/2026\/03\/E-Series-Electronic-Solenoid.webp","datePublished":"2026-03-17T17:02:05+00:00","dateModified":"2026-04-21T14:37:19+00:00","breadcrumb":{"@id":"https:\/\/www.grupo-inducom.com\/ar\/producto\/e-series-electronic-solenoid\/#breadcrumb"},"inLanguage":"es","potentialAction":[{"@type":"ReadAction","target":["https:\/\/www.grupo-inducom.com\/ar\/producto\/e-series-electronic-solenoid\/"]}]},{"@type":"ImageObject","inLanguage":"es","@id":"https:\/\/www.grupo-inducom.com\/ar\/producto\/e-series-electronic-solenoid\/#primaryimage","url":"https:\/\/www.grupo-inducom.com\/ar\/wp-content\/uploads\/sites\/12\/2026\/03\/E-Series-Electronic-Solenoid.webp","contentUrl":"https:\/\/www.grupo-inducom.com\/ar\/wp-content\/uploads\/sites\/12\/2026\/03\/E-Series-Electronic-Solenoid.webp","width":1029,"height":1026,"caption":"E-Series Electronic & Solenoid"},{"@type":"BreadcrumbList","@id":"https:\/\/www.grupo-inducom.com\/ar\/producto\/e-series-electronic-solenoid\/#breadcrumb","itemListElement":[{"@type":"ListItem","position":1,"name":"Portada","item":"https:\/\/www.grupo-inducom.com\/ar\/"},{"@type":"ListItem","position":2,"name":"Tienda","item":"https:\/\/www.grupo-inducom.com\/ar\/tienda\/"},{"@type":"ListItem","position":3,"name":"E-Series Electronic &#038; Solenoid"}]},{"@type":"WebSite","@id":"https:\/\/www.grupo-inducom.com\/ar\/#website","url":"https:\/\/www.grupo-inducom.com\/ar\/","name":"Inducom Argentina","description":"","potentialAction":[{"@type":"SearchAction","target":{"@type":"EntryPoint","urlTemplate":"https:\/\/www.grupo-inducom.com\/ar\/?s={search_term_string}"},"query-input":{"@type":"PropertyValueSpecification","valueRequired":true,"valueName":"search_term_string"}}],"inLanguage":"es"}]}},"_links":{"self":[{"href":"https:\/\/www.grupo-inducom.com\/ar\/wp-json\/wp\/v2\/product\/229","targetHints":{"allow":["GET"]}}],"collection":[{"href":"https:\/\/www.grupo-inducom.com\/ar\/wp-json\/wp\/v2\/product"}],"about":[{"href":"https:\/\/www.grupo-inducom.com\/ar\/wp-json\/wp\/v2\/types\/product"}],"replies":[{"embeddable":true,"href":"https:\/\/www.grupo-inducom.com\/ar\/wp-json\/wp\/v2\/comments?post=229"}],"wp:featuredmedia":[{"embeddable":true,"href":"https:\/\/www.grupo-inducom.com\/ar\/wp-json\/wp\/v2\/media\/226"}],"wp:attachment":[{"href":"https:\/\/www.grupo-inducom.com\/ar\/wp-json\/wp\/v2\/media?parent=229"}],"wp:term":[{"taxonomy":"product_brand","embeddable":true,"href":"https:\/\/www.grupo-inducom.com\/ar\/wp-json\/wp\/v2\/product_brand?post=229"},{"taxonomy":"product_cat","embeddable":true,"href":"https:\/\/www.grupo-inducom.com\/ar\/wp-json\/wp\/v2\/product_cat?post=229"},{"taxonomy":"product_tag","embeddable":true,"href":"https:\/\/www.grupo-inducom.com\/ar\/wp-json\/wp\/v2\/product_tag?post=229"}],"curies":[{"name":"wp","href":"https:\/\/api.w.org\/{rel}","templated":true}]}}