{"id":222,"date":"2026-03-17T17:52:46","date_gmt":"2026-03-17T16:52:46","guid":{"rendered":"https:\/\/www.grupo-inducom.com\/ar\/?post_type=product&#038;p=222"},"modified":"2026-03-17T17:53:14","modified_gmt":"2026-03-17T16:53:14","slug":"blower-regenerativo-gb-2rb","status":"publish","type":"product","link":"https:\/\/www.grupo-inducom.com\/ar\/producto\/blower-regenerativo-gb-2rb\/","title":{"rendered":"Blower Regenerativo GB-2RB"},"content":{"rendered":"<div class=\"et_pb_column et_pb_column_3_5 et_pb_column_1 et_pb_css_mix_blend_mode_passthrough\">\n<div class=\"et_pb_module et_pb_blurb et_pb_blurb_0 et_pb_text_align_left et_pb_blurb_position_top et_pb_bg_layout_light\">\n<div class=\"et_pb_blurb_content\">\n<div class=\"et_pb_blurb_container\">\n<div class=\"et_pb_blurb_description\">\n<p>Equipo de alto rendimiento, indispensable para la piscicultura. Los rodamientos est\u00e1n ubicados fuera de la c\u00e1mara de compresi\u00f3n, lo que garantiza una m\u00e1xima confiabilidad operativa<\/p>\n<\/div>\n<\/div>\n<\/div>\n<\/div>\n<\/div>\n","protected":false},"excerpt":{"rendered":"<h4 class=\"et_pb_module_header\"><strong>Descripci\u00f3n<\/strong><\/h4>\n<div class=\"et_pb_blurb_description\">\n<ul>\n<li>Mayor tama\u00f1o y peso que el blower regenerativo GB<\/li>\n<li>Potencia de 1.5 y 2HP<\/li>\n<li>Voltaje de 220 y 380V<\/li>\n<li>50Hz y 60Hz<\/li>\n<li>Bajo nivel de ruido.<\/li>\n<\/ul>\n<\/div>\n","protected":false},"featured_media":220,"comment_status":"open","ping_status":"closed","template":"","meta":{"_acf_changed":false,"_et_pb_use_builder":"","_et_pb_old_content":"","_et_gb_content_width":"","content-type":""},"product_brand":[],"product_cat":[30],"product_tag":[],"class_list":{"0":"post-222","1":"product","2":"type-product","3":"status-publish","4":"has-post-thumbnail","6":"product_cat-blowers","8":"first","9":"instock","10":"shipping-taxable","11":"product-type-simple"},"acf":[],"yoast_head":"<!-- This site is optimized with the Yoast SEO plugin v27.4 - https:\/\/yoast.com\/product\/yoast-seo-wordpress\/ -->\n<title>Blower Regenerativo GB-2RB - Inducom Argentina<\/title>\n<meta name=\"robots\" content=\"index, follow, max-snippet:-1, max-image-preview:large, max-video-preview:-1\" \/>\n<link rel=\"canonical\" href=\"https:\/\/www.grupo-inducom.com\/ar\/producto\/blower-regenerativo-gb-2rb\/\" \/>\n<meta property=\"og:locale\" content=\"es_ES\" \/>\n<meta property=\"og:type\" content=\"article\" \/>\n<meta property=\"og:title\" content=\"Blower Regenerativo GB-2RB - Inducom Argentina\" \/>\n<meta property=\"og:description\" content=\"Descripci\u00f3n    Mayor tama\u00f1o y peso que el blower regenerativo GB  Potencia de 1.5 y 2HP  Voltaje de 220 y 380V  50Hz y 60Hz  Bajo nivel de ruido.\" \/>\n<meta property=\"og:url\" content=\"https:\/\/www.grupo-inducom.com\/ar\/producto\/blower-regenerativo-gb-2rb\/\" \/>\n<meta property=\"og:site_name\" content=\"Inducom Argentina\" \/>\n<meta property=\"article:modified_time\" content=\"2026-03-17T16:53:14+00:00\" \/>\n<meta property=\"og:image\" content=\"http:\/\/www.grupo-inducom.com\/ar\/wp-content\/uploads\/sites\/12\/2026\/03\/Blower-Regenerativo-GB-2RB.webp\" \/>\n\t<meta property=\"og:image:width\" content=\"1024\" \/>\n\t<meta property=\"og:image:height\" content=\"1024\" \/>\n\t<meta property=\"og:image:type\" content=\"image\/webp\" \/>\n<meta name=\"twitter:card\" content=\"summary_large_image\" \/>\n<meta name=\"twitter:label1\" content=\"Tiempo de lectura\" \/>\n\t<meta name=\"twitter:data1\" content=\"1 minuto\" \/>\n<script type=\"application\/ld+json\" class=\"yoast-schema-graph\">{\"@context\":\"https:\\\/\\\/schema.org\",\"@graph\":[{\"@type\":\"WebPage\",\"@id\":\"https:\\\/\\\/www.grupo-inducom.com\\\/ar\\\/producto\\\/blower-regenerativo-gb-2rb\\\/\",\"url\":\"https:\\\/\\\/www.grupo-inducom.com\\\/ar\\\/producto\\\/blower-regenerativo-gb-2rb\\\/\",\"name\":\"Blower Regenerativo GB-2RB - Inducom Argentina\",\"isPartOf\":{\"@id\":\"https:\\\/\\\/www.grupo-inducom.com\\\/ar\\\/#website\"},\"primaryImageOfPage\":{\"@id\":\"https:\\\/\\\/www.grupo-inducom.com\\\/ar\\\/producto\\\/blower-regenerativo-gb-2rb\\\/#primaryimage\"},\"image\":{\"@id\":\"https:\\\/\\\/www.grupo-inducom.com\\\/ar\\\/producto\\\/blower-regenerativo-gb-2rb\\\/#primaryimage\"},\"thumbnailUrl\":\"https:\\\/\\\/www.grupo-inducom.com\\\/ar\\\/wp-content\\\/uploads\\\/sites\\\/12\\\/2026\\\/03\\\/Blower-Regenerativo-GB-2RB.webp\",\"datePublished\":\"2026-03-17T16:52:46+00:00\",\"dateModified\":\"2026-03-17T16:53:14+00:00\",\"breadcrumb\":{\"@id\":\"https:\\\/\\\/www.grupo-inducom.com\\\/ar\\\/producto\\\/blower-regenerativo-gb-2rb\\\/#breadcrumb\"},\"inLanguage\":\"es\",\"potentialAction\":[{\"@type\":\"ReadAction\",\"target\":[\"https:\\\/\\\/www.grupo-inducom.com\\\/ar\\\/producto\\\/blower-regenerativo-gb-2rb\\\/\"]}]},{\"@type\":\"ImageObject\",\"inLanguage\":\"es\",\"@id\":\"https:\\\/\\\/www.grupo-inducom.com\\\/ar\\\/producto\\\/blower-regenerativo-gb-2rb\\\/#primaryimage\",\"url\":\"https:\\\/\\\/www.grupo-inducom.com\\\/ar\\\/wp-content\\\/uploads\\\/sites\\\/12\\\/2026\\\/03\\\/Blower-Regenerativo-GB-2RB.webp\",\"contentUrl\":\"https:\\\/\\\/www.grupo-inducom.com\\\/ar\\\/wp-content\\\/uploads\\\/sites\\\/12\\\/2026\\\/03\\\/Blower-Regenerativo-GB-2RB.webp\",\"width\":1024,\"height\":1024,\"caption\":\"Blower Regenerativo GB-2RB\"},{\"@type\":\"BreadcrumbList\",\"@id\":\"https:\\\/\\\/www.grupo-inducom.com\\\/ar\\\/producto\\\/blower-regenerativo-gb-2rb\\\/#breadcrumb\",\"itemListElement\":[{\"@type\":\"ListItem\",\"position\":1,\"name\":\"Portada\",\"item\":\"https:\\\/\\\/www.grupo-inducom.com\\\/ar\\\/\"},{\"@type\":\"ListItem\",\"position\":2,\"name\":\"Tienda\",\"item\":\"https:\\\/\\\/www.grupo-inducom.com\\\/ar\\\/tienda\\\/\"},{\"@type\":\"ListItem\",\"position\":3,\"name\":\"Blower Regenerativo GB-2RB\"}]},{\"@type\":\"WebSite\",\"@id\":\"https:\\\/\\\/www.grupo-inducom.com\\\/ar\\\/#website\",\"url\":\"https:\\\/\\\/www.grupo-inducom.com\\\/ar\\\/\",\"name\":\"Inducom Argentina\",\"description\":\"\",\"potentialAction\":[{\"@type\":\"SearchAction\",\"target\":{\"@type\":\"EntryPoint\",\"urlTemplate\":\"https:\\\/\\\/www.grupo-inducom.com\\\/ar\\\/?s={search_term_string}\"},\"query-input\":{\"@type\":\"PropertyValueSpecification\",\"valueRequired\":true,\"valueName\":\"search_term_string\"}}],\"inLanguage\":\"es\"}]}<\/script>\n<!-- \/ Yoast SEO plugin. -->","yoast_head_json":{"title":"Blower Regenerativo GB-2RB - Inducom Argentina","robots":{"index":"index","follow":"follow","max-snippet":"max-snippet:-1","max-image-preview":"max-image-preview:large","max-video-preview":"max-video-preview:-1"},"canonical":"https:\/\/www.grupo-inducom.com\/ar\/producto\/blower-regenerativo-gb-2rb\/","og_locale":"es_ES","og_type":"article","og_title":"Blower Regenerativo GB-2RB - Inducom Argentina","og_description":"Descripci\u00f3n    Mayor tama\u00f1o y peso que el blower regenerativo GB  Potencia de 1.5 y 2HP  Voltaje de 220 y 380V  50Hz y 60Hz  Bajo nivel de ruido.","og_url":"https:\/\/www.grupo-inducom.com\/ar\/producto\/blower-regenerativo-gb-2rb\/","og_site_name":"Inducom Argentina","article_modified_time":"2026-03-17T16:53:14+00:00","og_image":[{"width":1024,"height":1024,"url":"http:\/\/www.grupo-inducom.com\/ar\/wp-content\/uploads\/sites\/12\/2026\/03\/Blower-Regenerativo-GB-2RB.webp","type":"image\/webp"}],"twitter_card":"summary_large_image","twitter_misc":{"Tiempo de lectura":"1 minuto"},"schema":{"@context":"https:\/\/schema.org","@graph":[{"@type":"WebPage","@id":"https:\/\/www.grupo-inducom.com\/ar\/producto\/blower-regenerativo-gb-2rb\/","url":"https:\/\/www.grupo-inducom.com\/ar\/producto\/blower-regenerativo-gb-2rb\/","name":"Blower Regenerativo GB-2RB - Inducom Argentina","isPartOf":{"@id":"https:\/\/www.grupo-inducom.com\/ar\/#website"},"primaryImageOfPage":{"@id":"https:\/\/www.grupo-inducom.com\/ar\/producto\/blower-regenerativo-gb-2rb\/#primaryimage"},"image":{"@id":"https:\/\/www.grupo-inducom.com\/ar\/producto\/blower-regenerativo-gb-2rb\/#primaryimage"},"thumbnailUrl":"https:\/\/www.grupo-inducom.com\/ar\/wp-content\/uploads\/sites\/12\/2026\/03\/Blower-Regenerativo-GB-2RB.webp","datePublished":"2026-03-17T16:52:46+00:00","dateModified":"2026-03-17T16:53:14+00:00","breadcrumb":{"@id":"https:\/\/www.grupo-inducom.com\/ar\/producto\/blower-regenerativo-gb-2rb\/#breadcrumb"},"inLanguage":"es","potentialAction":[{"@type":"ReadAction","target":["https:\/\/www.grupo-inducom.com\/ar\/producto\/blower-regenerativo-gb-2rb\/"]}]},{"@type":"ImageObject","inLanguage":"es","@id":"https:\/\/www.grupo-inducom.com\/ar\/producto\/blower-regenerativo-gb-2rb\/#primaryimage","url":"https:\/\/www.grupo-inducom.com\/ar\/wp-content\/uploads\/sites\/12\/2026\/03\/Blower-Regenerativo-GB-2RB.webp","contentUrl":"https:\/\/www.grupo-inducom.com\/ar\/wp-content\/uploads\/sites\/12\/2026\/03\/Blower-Regenerativo-GB-2RB.webp","width":1024,"height":1024,"caption":"Blower Regenerativo GB-2RB"},{"@type":"BreadcrumbList","@id":"https:\/\/www.grupo-inducom.com\/ar\/producto\/blower-regenerativo-gb-2rb\/#breadcrumb","itemListElement":[{"@type":"ListItem","position":1,"name":"Portada","item":"https:\/\/www.grupo-inducom.com\/ar\/"},{"@type":"ListItem","position":2,"name":"Tienda","item":"https:\/\/www.grupo-inducom.com\/ar\/tienda\/"},{"@type":"ListItem","position":3,"name":"Blower Regenerativo GB-2RB"}]},{"@type":"WebSite","@id":"https:\/\/www.grupo-inducom.com\/ar\/#website","url":"https:\/\/www.grupo-inducom.com\/ar\/","name":"Inducom Argentina","description":"","potentialAction":[{"@type":"SearchAction","target":{"@type":"EntryPoint","urlTemplate":"https:\/\/www.grupo-inducom.com\/ar\/?s={search_term_string}"},"query-input":{"@type":"PropertyValueSpecification","valueRequired":true,"valueName":"search_term_string"}}],"inLanguage":"es"}]}},"_links":{"self":[{"href":"https:\/\/www.grupo-inducom.com\/ar\/wp-json\/wp\/v2\/product\/222","targetHints":{"allow":["GET"]}}],"collection":[{"href":"https:\/\/www.grupo-inducom.com\/ar\/wp-json\/wp\/v2\/product"}],"about":[{"href":"https:\/\/www.grupo-inducom.com\/ar\/wp-json\/wp\/v2\/types\/product"}],"replies":[{"embeddable":true,"href":"https:\/\/www.grupo-inducom.com\/ar\/wp-json\/wp\/v2\/comments?post=222"}],"wp:featuredmedia":[{"embeddable":true,"href":"https:\/\/www.grupo-inducom.com\/ar\/wp-json\/wp\/v2\/media\/220"}],"wp:attachment":[{"href":"https:\/\/www.grupo-inducom.com\/ar\/wp-json\/wp\/v2\/media?parent=222"}],"wp:term":[{"taxonomy":"product_brand","embeddable":true,"href":"https:\/\/www.grupo-inducom.com\/ar\/wp-json\/wp\/v2\/product_brand?post=222"},{"taxonomy":"product_cat","embeddable":true,"href":"https:\/\/www.grupo-inducom.com\/ar\/wp-json\/wp\/v2\/product_cat?post=222"},{"taxonomy":"product_tag","embeddable":true,"href":"https:\/\/www.grupo-inducom.com\/ar\/wp-json\/wp\/v2\/product_tag?post=222"}],"curies":[{"name":"wp","href":"https:\/\/api.w.org\/{rel}","templated":true}]}}