{"id":188,"date":"2026-03-12T22:33:50","date_gmt":"2026-03-12T21:33:50","guid":{"rendered":"https:\/\/www.grupo-inducom.com\/ar\/?post_type=product&#038;p=188"},"modified":"2026-03-12T22:36:59","modified_gmt":"2026-03-12T21:36:59","slug":"internal-gear-pump-series-ei-4195","status":"publish","type":"product","link":"https:\/\/www.grupo-inducom.com\/ar\/producto\/internal-gear-pump-series-ei-4195\/","title":{"rendered":"Internal Gear Pump \u2013 SERIES EI-4195"},"content":{"rendered":"<p><strong>Materiales<\/strong><\/p>\n<ul>\n<li>Hierro fundido<\/li>\n<li>Acero al carbono<\/li>\n<li>Bronce<\/li>\n<li>Grafito Tefl\u00f3n<\/li>\n<li>Viton<\/li>\n<li>SKU<\/li>\n<li>EI-4195<\/li>\n<\/ul>\n","protected":false},"excerpt":{"rendered":"<p>Bomba para servicio continuo o intermitente, adecuada para circulaci\u00f3n, transferencia y lubricaci\u00f3n.<\/p>\n<p><strong>Caracter\u00edsticas<\/strong><br \/>\nSello mec\u00e1nico simple, modelos compatibles con motores de 1200 y 1800 RPM, v\u00e1lvula de alivio integrada.<\/p>\n","protected":false},"featured_media":191,"comment_status":"open","ping_status":"closed","template":"","meta":{"_acf_changed":false,"_et_pb_use_builder":"","_et_pb_old_content":"","_et_gb_content_width":"","content-type":""},"product_brand":[],"product_cat":[27],"product_tag":[],"class_list":{"0":"post-188","1":"product","2":"type-product","3":"status-publish","4":"has-post-thumbnail","6":"product_cat-bombas-de-engranajes-internas","8":"first","9":"instock","10":"shipping-taxable","11":"product-type-simple"},"acf":[],"yoast_head":"<!-- This site is optimized with the Yoast SEO plugin v27.4 - https:\/\/yoast.com\/product\/yoast-seo-wordpress\/ -->\n<title>Internal Gear Pump \u2013 SERIES EI-4195 - Inducom Argentina<\/title>\n<meta name=\"robots\" content=\"index, follow, max-snippet:-1, max-image-preview:large, max-video-preview:-1\" \/>\n<link rel=\"canonical\" href=\"https:\/\/www.grupo-inducom.com\/ar\/producto\/internal-gear-pump-series-ei-4195\/\" \/>\n<meta property=\"og:locale\" content=\"es_ES\" \/>\n<meta property=\"og:type\" content=\"article\" \/>\n<meta property=\"og:title\" content=\"Internal Gear Pump \u2013 SERIES EI-4195 - Inducom Argentina\" \/>\n<meta property=\"og:description\" content=\"Bomba para servicio continuo o intermitente, adecuada para circulaci\u00f3n, transferencia y lubricaci\u00f3n.  Caracter\u00edsticas Sello mec\u00e1nico simple, modelos compatibles con motores de 1200 y 1800 RPM, v\u00e1lvula de alivio integrada.\" \/>\n<meta property=\"og:url\" content=\"https:\/\/www.grupo-inducom.com\/ar\/producto\/internal-gear-pump-series-ei-4195\/\" \/>\n<meta property=\"og:site_name\" content=\"Inducom Argentina\" \/>\n<meta property=\"article:modified_time\" content=\"2026-03-12T21:36:59+00:00\" \/>\n<meta property=\"og:image\" content=\"http:\/\/www.grupo-inducom.com\/ar\/wp-content\/uploads\/sites\/12\/2026\/03\/Internal-Gear-Pump-\u2013-SERIES-EI-4195.webp\" \/>\n\t<meta property=\"og:image:width\" content=\"2000\" \/>\n\t<meta property=\"og:image:height\" content=\"2000\" \/>\n\t<meta property=\"og:image:type\" content=\"image\/webp\" \/>\n<meta name=\"twitter:card\" content=\"summary_large_image\" \/>\n<meta name=\"twitter:label1\" content=\"Tiempo de lectura\" \/>\n\t<meta name=\"twitter:data1\" content=\"1 minuto\" \/>\n<script type=\"application\/ld+json\" class=\"yoast-schema-graph\">{\"@context\":\"https:\\\/\\\/schema.org\",\"@graph\":[{\"@type\":\"WebPage\",\"@id\":\"https:\\\/\\\/www.grupo-inducom.com\\\/ar\\\/producto\\\/internal-gear-pump-series-ei-4195\\\/\",\"url\":\"https:\\\/\\\/www.grupo-inducom.com\\\/ar\\\/producto\\\/internal-gear-pump-series-ei-4195\\\/\",\"name\":\"Internal Gear Pump \u2013 SERIES EI-4195 - Inducom Argentina\",\"isPartOf\":{\"@id\":\"https:\\\/\\\/www.grupo-inducom.com\\\/ar\\\/#website\"},\"primaryImageOfPage\":{\"@id\":\"https:\\\/\\\/www.grupo-inducom.com\\\/ar\\\/producto\\\/internal-gear-pump-series-ei-4195\\\/#primaryimage\"},\"image\":{\"@id\":\"https:\\\/\\\/www.grupo-inducom.com\\\/ar\\\/producto\\\/internal-gear-pump-series-ei-4195\\\/#primaryimage\"},\"thumbnailUrl\":\"https:\\\/\\\/www.grupo-inducom.com\\\/ar\\\/wp-content\\\/uploads\\\/sites\\\/12\\\/2026\\\/03\\\/Internal-Gear-Pump-\u2013-SERIES-EI-4195.webp\",\"datePublished\":\"2026-03-12T21:33:50+00:00\",\"dateModified\":\"2026-03-12T21:36:59+00:00\",\"breadcrumb\":{\"@id\":\"https:\\\/\\\/www.grupo-inducom.com\\\/ar\\\/producto\\\/internal-gear-pump-series-ei-4195\\\/#breadcrumb\"},\"inLanguage\":\"es\",\"potentialAction\":[{\"@type\":\"ReadAction\",\"target\":[\"https:\\\/\\\/www.grupo-inducom.com\\\/ar\\\/producto\\\/internal-gear-pump-series-ei-4195\\\/\"]}]},{\"@type\":\"ImageObject\",\"inLanguage\":\"es\",\"@id\":\"https:\\\/\\\/www.grupo-inducom.com\\\/ar\\\/producto\\\/internal-gear-pump-series-ei-4195\\\/#primaryimage\",\"url\":\"https:\\\/\\\/www.grupo-inducom.com\\\/ar\\\/wp-content\\\/uploads\\\/sites\\\/12\\\/2026\\\/03\\\/Internal-Gear-Pump-\u2013-SERIES-EI-4195.webp\",\"contentUrl\":\"https:\\\/\\\/www.grupo-inducom.com\\\/ar\\\/wp-content\\\/uploads\\\/sites\\\/12\\\/2026\\\/03\\\/Internal-Gear-Pump-\u2013-SERIES-EI-4195.webp\",\"width\":2000,\"height\":2000,\"caption\":\"Internal Gear Pump \u2013 SERIES EI-4195\"},{\"@type\":\"BreadcrumbList\",\"@id\":\"https:\\\/\\\/www.grupo-inducom.com\\\/ar\\\/producto\\\/internal-gear-pump-series-ei-4195\\\/#breadcrumb\",\"itemListElement\":[{\"@type\":\"ListItem\",\"position\":1,\"name\":\"Portada\",\"item\":\"https:\\\/\\\/www.grupo-inducom.com\\\/ar\\\/\"},{\"@type\":\"ListItem\",\"position\":2,\"name\":\"Tienda\",\"item\":\"https:\\\/\\\/www.grupo-inducom.com\\\/ar\\\/tienda\\\/\"},{\"@type\":\"ListItem\",\"position\":3,\"name\":\"Internal Gear Pump \u2013 SERIES EI-4195\"}]},{\"@type\":\"WebSite\",\"@id\":\"https:\\\/\\\/www.grupo-inducom.com\\\/ar\\\/#website\",\"url\":\"https:\\\/\\\/www.grupo-inducom.com\\\/ar\\\/\",\"name\":\"Inducom Argentina\",\"description\":\"\",\"potentialAction\":[{\"@type\":\"SearchAction\",\"target\":{\"@type\":\"EntryPoint\",\"urlTemplate\":\"https:\\\/\\\/www.grupo-inducom.com\\\/ar\\\/?s={search_term_string}\"},\"query-input\":{\"@type\":\"PropertyValueSpecification\",\"valueRequired\":true,\"valueName\":\"search_term_string\"}}],\"inLanguage\":\"es\"}]}<\/script>\n<!-- \/ Yoast SEO plugin. -->","yoast_head_json":{"title":"Internal Gear Pump \u2013 SERIES EI-4195 - Inducom Argentina","robots":{"index":"index","follow":"follow","max-snippet":"max-snippet:-1","max-image-preview":"max-image-preview:large","max-video-preview":"max-video-preview:-1"},"canonical":"https:\/\/www.grupo-inducom.com\/ar\/producto\/internal-gear-pump-series-ei-4195\/","og_locale":"es_ES","og_type":"article","og_title":"Internal Gear Pump \u2013 SERIES EI-4195 - Inducom Argentina","og_description":"Bomba para servicio continuo o intermitente, adecuada para circulaci\u00f3n, transferencia y lubricaci\u00f3n.  Caracter\u00edsticas Sello mec\u00e1nico simple, modelos compatibles con motores de 1200 y 1800 RPM, v\u00e1lvula de alivio integrada.","og_url":"https:\/\/www.grupo-inducom.com\/ar\/producto\/internal-gear-pump-series-ei-4195\/","og_site_name":"Inducom Argentina","article_modified_time":"2026-03-12T21:36:59+00:00","og_image":[{"width":2000,"height":2000,"url":"http:\/\/www.grupo-inducom.com\/ar\/wp-content\/uploads\/sites\/12\/2026\/03\/Internal-Gear-Pump-\u2013-SERIES-EI-4195.webp","type":"image\/webp"}],"twitter_card":"summary_large_image","twitter_misc":{"Tiempo de lectura":"1 minuto"},"schema":{"@context":"https:\/\/schema.org","@graph":[{"@type":"WebPage","@id":"https:\/\/www.grupo-inducom.com\/ar\/producto\/internal-gear-pump-series-ei-4195\/","url":"https:\/\/www.grupo-inducom.com\/ar\/producto\/internal-gear-pump-series-ei-4195\/","name":"Internal Gear Pump \u2013 SERIES EI-4195 - Inducom Argentina","isPartOf":{"@id":"https:\/\/www.grupo-inducom.com\/ar\/#website"},"primaryImageOfPage":{"@id":"https:\/\/www.grupo-inducom.com\/ar\/producto\/internal-gear-pump-series-ei-4195\/#primaryimage"},"image":{"@id":"https:\/\/www.grupo-inducom.com\/ar\/producto\/internal-gear-pump-series-ei-4195\/#primaryimage"},"thumbnailUrl":"https:\/\/www.grupo-inducom.com\/ar\/wp-content\/uploads\/sites\/12\/2026\/03\/Internal-Gear-Pump-\u2013-SERIES-EI-4195.webp","datePublished":"2026-03-12T21:33:50+00:00","dateModified":"2026-03-12T21:36:59+00:00","breadcrumb":{"@id":"https:\/\/www.grupo-inducom.com\/ar\/producto\/internal-gear-pump-series-ei-4195\/#breadcrumb"},"inLanguage":"es","potentialAction":[{"@type":"ReadAction","target":["https:\/\/www.grupo-inducom.com\/ar\/producto\/internal-gear-pump-series-ei-4195\/"]}]},{"@type":"ImageObject","inLanguage":"es","@id":"https:\/\/www.grupo-inducom.com\/ar\/producto\/internal-gear-pump-series-ei-4195\/#primaryimage","url":"https:\/\/www.grupo-inducom.com\/ar\/wp-content\/uploads\/sites\/12\/2026\/03\/Internal-Gear-Pump-\u2013-SERIES-EI-4195.webp","contentUrl":"https:\/\/www.grupo-inducom.com\/ar\/wp-content\/uploads\/sites\/12\/2026\/03\/Internal-Gear-Pump-\u2013-SERIES-EI-4195.webp","width":2000,"height":2000,"caption":"Internal Gear Pump \u2013 SERIES EI-4195"},{"@type":"BreadcrumbList","@id":"https:\/\/www.grupo-inducom.com\/ar\/producto\/internal-gear-pump-series-ei-4195\/#breadcrumb","itemListElement":[{"@type":"ListItem","position":1,"name":"Portada","item":"https:\/\/www.grupo-inducom.com\/ar\/"},{"@type":"ListItem","position":2,"name":"Tienda","item":"https:\/\/www.grupo-inducom.com\/ar\/tienda\/"},{"@type":"ListItem","position":3,"name":"Internal Gear Pump \u2013 SERIES EI-4195"}]},{"@type":"WebSite","@id":"https:\/\/www.grupo-inducom.com\/ar\/#website","url":"https:\/\/www.grupo-inducom.com\/ar\/","name":"Inducom Argentina","description":"","potentialAction":[{"@type":"SearchAction","target":{"@type":"EntryPoint","urlTemplate":"https:\/\/www.grupo-inducom.com\/ar\/?s={search_term_string}"},"query-input":{"@type":"PropertyValueSpecification","valueRequired":true,"valueName":"search_term_string"}}],"inLanguage":"es"}]}},"_links":{"self":[{"href":"https:\/\/www.grupo-inducom.com\/ar\/wp-json\/wp\/v2\/product\/188","targetHints":{"allow":["GET"]}}],"collection":[{"href":"https:\/\/www.grupo-inducom.com\/ar\/wp-json\/wp\/v2\/product"}],"about":[{"href":"https:\/\/www.grupo-inducom.com\/ar\/wp-json\/wp\/v2\/types\/product"}],"replies":[{"embeddable":true,"href":"https:\/\/www.grupo-inducom.com\/ar\/wp-json\/wp\/v2\/comments?post=188"}],"wp:featuredmedia":[{"embeddable":true,"href":"https:\/\/www.grupo-inducom.com\/ar\/wp-json\/wp\/v2\/media\/191"}],"wp:attachment":[{"href":"https:\/\/www.grupo-inducom.com\/ar\/wp-json\/wp\/v2\/media?parent=188"}],"wp:term":[{"taxonomy":"product_brand","embeddable":true,"href":"https:\/\/www.grupo-inducom.com\/ar\/wp-json\/wp\/v2\/product_brand?post=188"},{"taxonomy":"product_cat","embeddable":true,"href":"https:\/\/www.grupo-inducom.com\/ar\/wp-json\/wp\/v2\/product_cat?post=188"},{"taxonomy":"product_tag","embeddable":true,"href":"https:\/\/www.grupo-inducom.com\/ar\/wp-json\/wp\/v2\/product_tag?post=188"}],"curies":[{"name":"wp","href":"https:\/\/api.w.org\/{rel}","templated":true}]}}