{"id":187,"date":"2026-03-12T22:32:13","date_gmt":"2026-03-12T21:32:13","guid":{"rendered":"https:\/\/www.grupo-inducom.com\/ar\/?post_type=product&#038;p=187"},"modified":"2026-03-12T22:32:14","modified_gmt":"2026-03-12T21:32:14","slug":"bomba-de-engranes-internos-serie-ei-124a","status":"publish","type":"product","link":"https:\/\/www.grupo-inducom.com\/ar\/producto\/bomba-de-engranes-internos-serie-ei-124a\/","title":{"rendered":"Bomba de Engranes Internos \u2013 SERIE EI-124A"},"content":{"rendered":"<p>Bomba de desplazamiento positivo dise\u00f1ada para manejar l\u00edquidos de alta viscosidad. Funciona en ambas direcciones de rotaci\u00f3n y solo tiene dos piezas m\u00f3viles, lo que facilita el mantenimiento.<\/p>\n<p><strong>Caracter\u00edsticas<\/strong><br \/>\nNo requiere modificaciones para la instalaci\u00f3n del sello mec\u00e1nico, dise\u00f1o de extracci\u00f3n trasera para un f\u00e1cil ajuste, carcasa de cojinete de una sola pieza para minimizar la deflexi\u00f3n del eje, descarga continua independientemente de los cambios de presi\u00f3n, bajo coste de mantenimiento, v\u00e1lvula de alivio integrada.<\/p>\n","protected":false},"excerpt":{"rendered":"<p><strong>Materiales<\/strong><\/p>\n<ul>\n<li>Hierro fundido<\/li>\n<li>acero al carbono<\/li>\n<li>bronce<\/li>\n<li>grafito Tefl\u00f3n<\/li>\n<li>Viton<\/li>\n<li>SKU<\/li>\n<li>EI-124A<\/li>\n<\/ul>\n","protected":false},"featured_media":186,"comment_status":"open","ping_status":"closed","template":"","meta":{"_acf_changed":false,"_et_pb_use_builder":"","_et_pb_old_content":"","_et_gb_content_width":"","content-type":""},"product_brand":[],"product_cat":[27],"product_tag":[],"class_list":{"0":"post-187","1":"product","2":"type-product","3":"status-publish","4":"has-post-thumbnail","6":"product_cat-bombas-de-engranajes-internas","8":"first","9":"instock","10":"shipping-taxable","11":"product-type-simple"},"acf":[],"yoast_head":"<!-- This site is optimized with the Yoast SEO plugin v27.4 - https:\/\/yoast.com\/product\/yoast-seo-wordpress\/ -->\n<title>Bomba de Engranes Internos \u2013 SERIE EI-124A - Inducom Argentina<\/title>\n<meta name=\"robots\" content=\"index, follow, max-snippet:-1, max-image-preview:large, max-video-preview:-1\" \/>\n<link rel=\"canonical\" href=\"https:\/\/www.grupo-inducom.com\/ar\/producto\/bomba-de-engranes-internos-serie-ei-124a\/\" \/>\n<meta property=\"og:locale\" content=\"es_ES\" \/>\n<meta property=\"og:type\" content=\"article\" \/>\n<meta property=\"og:title\" content=\"Bomba de Engranes Internos \u2013 SERIE EI-124A - Inducom Argentina\" \/>\n<meta property=\"og:description\" content=\"Materiales   Hierro fundido  acero al carbono  bronce  grafito Tefl\u00f3n  Viton  SKU  EI-124A\" \/>\n<meta property=\"og:url\" content=\"https:\/\/www.grupo-inducom.com\/ar\/producto\/bomba-de-engranes-internos-serie-ei-124a\/\" \/>\n<meta property=\"og:site_name\" content=\"Inducom Argentina\" \/>\n<meta property=\"article:modified_time\" content=\"2026-03-12T21:32:14+00:00\" \/>\n<meta property=\"og:image\" content=\"http:\/\/www.grupo-inducom.com\/ar\/wp-content\/uploads\/sites\/12\/2026\/03\/Bomba-de-Engranaje-interna.webp\" \/>\n\t<meta property=\"og:image:width\" content=\"2000\" \/>\n\t<meta property=\"og:image:height\" content=\"2000\" \/>\n\t<meta property=\"og:image:type\" content=\"image\/webp\" \/>\n<meta name=\"twitter:card\" content=\"summary_large_image\" \/>\n<meta name=\"twitter:label1\" content=\"Tiempo de lectura\" \/>\n\t<meta name=\"twitter:data1\" content=\"1 minuto\" \/>\n<script type=\"application\/ld+json\" class=\"yoast-schema-graph\">{\"@context\":\"https:\\\/\\\/schema.org\",\"@graph\":[{\"@type\":\"WebPage\",\"@id\":\"https:\\\/\\\/www.grupo-inducom.com\\\/ar\\\/producto\\\/bomba-de-engranes-internos-serie-ei-124a\\\/\",\"url\":\"https:\\\/\\\/www.grupo-inducom.com\\\/ar\\\/producto\\\/bomba-de-engranes-internos-serie-ei-124a\\\/\",\"name\":\"Bomba de Engranes Internos \u2013 SERIE EI-124A - Inducom Argentina\",\"isPartOf\":{\"@id\":\"https:\\\/\\\/www.grupo-inducom.com\\\/ar\\\/#website\"},\"primaryImageOfPage\":{\"@id\":\"https:\\\/\\\/www.grupo-inducom.com\\\/ar\\\/producto\\\/bomba-de-engranes-internos-serie-ei-124a\\\/#primaryimage\"},\"image\":{\"@id\":\"https:\\\/\\\/www.grupo-inducom.com\\\/ar\\\/producto\\\/bomba-de-engranes-internos-serie-ei-124a\\\/#primaryimage\"},\"thumbnailUrl\":\"https:\\\/\\\/www.grupo-inducom.com\\\/ar\\\/wp-content\\\/uploads\\\/sites\\\/12\\\/2026\\\/03\\\/Bomba-de-Engranaje-interna.webp\",\"datePublished\":\"2026-03-12T21:32:13+00:00\",\"dateModified\":\"2026-03-12T21:32:14+00:00\",\"breadcrumb\":{\"@id\":\"https:\\\/\\\/www.grupo-inducom.com\\\/ar\\\/producto\\\/bomba-de-engranes-internos-serie-ei-124a\\\/#breadcrumb\"},\"inLanguage\":\"es\",\"potentialAction\":[{\"@type\":\"ReadAction\",\"target\":[\"https:\\\/\\\/www.grupo-inducom.com\\\/ar\\\/producto\\\/bomba-de-engranes-internos-serie-ei-124a\\\/\"]}]},{\"@type\":\"ImageObject\",\"inLanguage\":\"es\",\"@id\":\"https:\\\/\\\/www.grupo-inducom.com\\\/ar\\\/producto\\\/bomba-de-engranes-internos-serie-ei-124a\\\/#primaryimage\",\"url\":\"https:\\\/\\\/www.grupo-inducom.com\\\/ar\\\/wp-content\\\/uploads\\\/sites\\\/12\\\/2026\\\/03\\\/Bomba-de-Engranaje-interna.webp\",\"contentUrl\":\"https:\\\/\\\/www.grupo-inducom.com\\\/ar\\\/wp-content\\\/uploads\\\/sites\\\/12\\\/2026\\\/03\\\/Bomba-de-Engranaje-interna.webp\",\"width\":2000,\"height\":2000,\"caption\":\"Bomba de Engranaje interna\"},{\"@type\":\"BreadcrumbList\",\"@id\":\"https:\\\/\\\/www.grupo-inducom.com\\\/ar\\\/producto\\\/bomba-de-engranes-internos-serie-ei-124a\\\/#breadcrumb\",\"itemListElement\":[{\"@type\":\"ListItem\",\"position\":1,\"name\":\"Portada\",\"item\":\"https:\\\/\\\/www.grupo-inducom.com\\\/ar\\\/\"},{\"@type\":\"ListItem\",\"position\":2,\"name\":\"Tienda\",\"item\":\"https:\\\/\\\/www.grupo-inducom.com\\\/ar\\\/tienda\\\/\"},{\"@type\":\"ListItem\",\"position\":3,\"name\":\"Bomba de Engranes Internos \u2013 SERIE EI-124A\"}]},{\"@type\":\"WebSite\",\"@id\":\"https:\\\/\\\/www.grupo-inducom.com\\\/ar\\\/#website\",\"url\":\"https:\\\/\\\/www.grupo-inducom.com\\\/ar\\\/\",\"name\":\"Inducom Argentina\",\"description\":\"\",\"potentialAction\":[{\"@type\":\"SearchAction\",\"target\":{\"@type\":\"EntryPoint\",\"urlTemplate\":\"https:\\\/\\\/www.grupo-inducom.com\\\/ar\\\/?s={search_term_string}\"},\"query-input\":{\"@type\":\"PropertyValueSpecification\",\"valueRequired\":true,\"valueName\":\"search_term_string\"}}],\"inLanguage\":\"es\"}]}<\/script>\n<!-- \/ Yoast SEO plugin. -->","yoast_head_json":{"title":"Bomba de Engranes Internos \u2013 SERIE EI-124A - Inducom Argentina","robots":{"index":"index","follow":"follow","max-snippet":"max-snippet:-1","max-image-preview":"max-image-preview:large","max-video-preview":"max-video-preview:-1"},"canonical":"https:\/\/www.grupo-inducom.com\/ar\/producto\/bomba-de-engranes-internos-serie-ei-124a\/","og_locale":"es_ES","og_type":"article","og_title":"Bomba de Engranes Internos \u2013 SERIE EI-124A - Inducom Argentina","og_description":"Materiales   Hierro fundido  acero al carbono  bronce  grafito Tefl\u00f3n  Viton  SKU  EI-124A","og_url":"https:\/\/www.grupo-inducom.com\/ar\/producto\/bomba-de-engranes-internos-serie-ei-124a\/","og_site_name":"Inducom Argentina","article_modified_time":"2026-03-12T21:32:14+00:00","og_image":[{"width":2000,"height":2000,"url":"http:\/\/www.grupo-inducom.com\/ar\/wp-content\/uploads\/sites\/12\/2026\/03\/Bomba-de-Engranaje-interna.webp","type":"image\/webp"}],"twitter_card":"summary_large_image","twitter_misc":{"Tiempo de lectura":"1 minuto"},"schema":{"@context":"https:\/\/schema.org","@graph":[{"@type":"WebPage","@id":"https:\/\/www.grupo-inducom.com\/ar\/producto\/bomba-de-engranes-internos-serie-ei-124a\/","url":"https:\/\/www.grupo-inducom.com\/ar\/producto\/bomba-de-engranes-internos-serie-ei-124a\/","name":"Bomba de Engranes Internos \u2013 SERIE EI-124A - Inducom Argentina","isPartOf":{"@id":"https:\/\/www.grupo-inducom.com\/ar\/#website"},"primaryImageOfPage":{"@id":"https:\/\/www.grupo-inducom.com\/ar\/producto\/bomba-de-engranes-internos-serie-ei-124a\/#primaryimage"},"image":{"@id":"https:\/\/www.grupo-inducom.com\/ar\/producto\/bomba-de-engranes-internos-serie-ei-124a\/#primaryimage"},"thumbnailUrl":"https:\/\/www.grupo-inducom.com\/ar\/wp-content\/uploads\/sites\/12\/2026\/03\/Bomba-de-Engranaje-interna.webp","datePublished":"2026-03-12T21:32:13+00:00","dateModified":"2026-03-12T21:32:14+00:00","breadcrumb":{"@id":"https:\/\/www.grupo-inducom.com\/ar\/producto\/bomba-de-engranes-internos-serie-ei-124a\/#breadcrumb"},"inLanguage":"es","potentialAction":[{"@type":"ReadAction","target":["https:\/\/www.grupo-inducom.com\/ar\/producto\/bomba-de-engranes-internos-serie-ei-124a\/"]}]},{"@type":"ImageObject","inLanguage":"es","@id":"https:\/\/www.grupo-inducom.com\/ar\/producto\/bomba-de-engranes-internos-serie-ei-124a\/#primaryimage","url":"https:\/\/www.grupo-inducom.com\/ar\/wp-content\/uploads\/sites\/12\/2026\/03\/Bomba-de-Engranaje-interna.webp","contentUrl":"https:\/\/www.grupo-inducom.com\/ar\/wp-content\/uploads\/sites\/12\/2026\/03\/Bomba-de-Engranaje-interna.webp","width":2000,"height":2000,"caption":"Bomba de Engranaje interna"},{"@type":"BreadcrumbList","@id":"https:\/\/www.grupo-inducom.com\/ar\/producto\/bomba-de-engranes-internos-serie-ei-124a\/#breadcrumb","itemListElement":[{"@type":"ListItem","position":1,"name":"Portada","item":"https:\/\/www.grupo-inducom.com\/ar\/"},{"@type":"ListItem","position":2,"name":"Tienda","item":"https:\/\/www.grupo-inducom.com\/ar\/tienda\/"},{"@type":"ListItem","position":3,"name":"Bomba de Engranes Internos \u2013 SERIE EI-124A"}]},{"@type":"WebSite","@id":"https:\/\/www.grupo-inducom.com\/ar\/#website","url":"https:\/\/www.grupo-inducom.com\/ar\/","name":"Inducom Argentina","description":"","potentialAction":[{"@type":"SearchAction","target":{"@type":"EntryPoint","urlTemplate":"https:\/\/www.grupo-inducom.com\/ar\/?s={search_term_string}"},"query-input":{"@type":"PropertyValueSpecification","valueRequired":true,"valueName":"search_term_string"}}],"inLanguage":"es"}]}},"_links":{"self":[{"href":"https:\/\/www.grupo-inducom.com\/ar\/wp-json\/wp\/v2\/product\/187","targetHints":{"allow":["GET"]}}],"collection":[{"href":"https:\/\/www.grupo-inducom.com\/ar\/wp-json\/wp\/v2\/product"}],"about":[{"href":"https:\/\/www.grupo-inducom.com\/ar\/wp-json\/wp\/v2\/types\/product"}],"replies":[{"embeddable":true,"href":"https:\/\/www.grupo-inducom.com\/ar\/wp-json\/wp\/v2\/comments?post=187"}],"wp:featuredmedia":[{"embeddable":true,"href":"https:\/\/www.grupo-inducom.com\/ar\/wp-json\/wp\/v2\/media\/186"}],"wp:attachment":[{"href":"https:\/\/www.grupo-inducom.com\/ar\/wp-json\/wp\/v2\/media?parent=187"}],"wp:term":[{"taxonomy":"product_brand","embeddable":true,"href":"https:\/\/www.grupo-inducom.com\/ar\/wp-json\/wp\/v2\/product_brand?post=187"},{"taxonomy":"product_cat","embeddable":true,"href":"https:\/\/www.grupo-inducom.com\/ar\/wp-json\/wp\/v2\/product_cat?post=187"},{"taxonomy":"product_tag","embeddable":true,"href":"https:\/\/www.grupo-inducom.com\/ar\/wp-json\/wp\/v2\/product_tag?post=187"}],"curies":[{"name":"wp","href":"https:\/\/api.w.org\/{rel}","templated":true}]}}