{"id":182,"date":"2026-03-12T22:05:24","date_gmt":"2026-03-12T21:05:24","guid":{"rendered":"https:\/\/www.grupo-inducom.com\/ar\/?post_type=product&#038;p=182"},"modified":"2026-04-21T16:17:40","modified_gmt":"2026-04-21T14:17:40","slug":"omega-rex-flex-coupling","status":"publish","type":"product","link":"https:\/\/www.grupo-inducom.com\/ar\/producto\/omega-rex-flex-coupling\/","title":{"rendered":"Omega rex Flex Coupling"},"content":{"rendered":"<p>Easy to install. Resistant in chemical transfer, between the motor and a pump, in vehicles and other equipment where they adapt to misalignment degrees of up to 1.5\u00b0.<\/p>\n","protected":false},"excerpt":{"rendered":"<div class=\"et_pb_module et_pb_wc_description et_pb_wc_description_0_tb_body et_pb_bg_layout_light et_pb_text_align_left\">\n<div class=\"et_pb_module_inner\">\n<ul>\n<li data-section-id=\"1dkyonb\" data-start=\"0\" data-end=\"33\"><strong data-start=\"2\" data-end=\"31\" data-is-only-node=\"\">Acople flexible Omega Rex<\/strong><\/li>\n<li data-section-id=\"161fq1i\" data-start=\"34\" data-end=\"55\">F\u00e1cil de instalar<\/li>\n<li data-section-id=\"w7e20t\" data-start=\"56\" data-end=\"111\">Resistente en aplicaciones de transferencia qu\u00edmica<\/li>\n<li data-section-id=\"zgm6ov\" data-start=\"112\" data-end=\"150\">Ideal para uso entre motor y bomba<\/li>\n<li data-section-id=\"n7zpiv\" data-start=\"151\" data-end=\"206\">Aplicable en veh\u00edculos y otros equipos industriales<\/li>\n<li data-section-id=\"1w2c3ch\" data-start=\"207\" data-end=\"263\" data-is-last-node=\"\">Capaz de adaptarse a desalineaciones de hasta <strong data-start=\"255\" data-end=\"263\" data-is-last-node=\"\">1.5\u00b0<\/strong><\/li>\n<\/ul>\n<\/div>\n<\/div>\n","protected":false},"featured_media":181,"comment_status":"open","ping_status":"closed","template":"","meta":{"_acf_changed":false,"_et_pb_use_builder":"","_et_pb_old_content":"","_et_gb_content_width":"","content-type":""},"product_brand":[],"product_cat":[26],"product_tag":[],"class_list":{"0":"post-182","1":"product","2":"type-product","3":"status-publish","4":"has-post-thumbnail","6":"product_cat-acoples","8":"first","9":"instock","10":"shipping-taxable","11":"product-type-simple"},"acf":[],"yoast_head":"<!-- This site is optimized with the Yoast SEO plugin v27.4 - https:\/\/yoast.com\/product\/yoast-seo-wordpress\/ -->\n<title>Omega rex Flex Coupling - Inducom Argentina<\/title>\n<meta name=\"robots\" content=\"index, follow, max-snippet:-1, max-image-preview:large, max-video-preview:-1\" \/>\n<link rel=\"canonical\" href=\"https:\/\/www.grupo-inducom.com\/ar\/producto\/omega-rex-flex-coupling\/\" \/>\n<meta property=\"og:locale\" content=\"es_ES\" \/>\n<meta property=\"og:type\" content=\"article\" \/>\n<meta property=\"og:title\" content=\"Omega rex Flex Coupling - Inducom Argentina\" \/>\n<meta property=\"og:description\" content=\"Acople flexible Omega Rex  F\u00e1cil de instalar  Resistente en aplicaciones de transferencia qu\u00edmica  Ideal para uso entre motor y bomba  Aplicable en veh\u00edculos y otros equipos industriales  Capaz de adaptarse a desalineaciones de hasta 1.5\u00b0\" \/>\n<meta property=\"og:url\" content=\"https:\/\/www.grupo-inducom.com\/ar\/producto\/omega-rex-flex-coupling\/\" \/>\n<meta property=\"og:site_name\" content=\"Inducom Argentina\" \/>\n<meta property=\"article:modified_time\" content=\"2026-04-21T14:17:40+00:00\" \/>\n<meta property=\"og:image\" content=\"http:\/\/www.grupo-inducom.com\/ar\/wp-content\/uploads\/sites\/12\/2026\/03\/Acoples.webp\" \/>\n\t<meta property=\"og:image:width\" content=\"1024\" \/>\n\t<meta property=\"og:image:height\" content=\"1024\" \/>\n\t<meta property=\"og:image:type\" content=\"image\/webp\" \/>\n<meta name=\"twitter:card\" content=\"summary_large_image\" \/>\n<meta name=\"twitter:label1\" content=\"Tiempo de lectura\" \/>\n\t<meta name=\"twitter:data1\" content=\"1 minuto\" \/>\n<script type=\"application\/ld+json\" class=\"yoast-schema-graph\">{\"@context\":\"https:\\\/\\\/schema.org\",\"@graph\":[{\"@type\":\"WebPage\",\"@id\":\"https:\\\/\\\/www.grupo-inducom.com\\\/ar\\\/producto\\\/omega-rex-flex-coupling\\\/\",\"url\":\"https:\\\/\\\/www.grupo-inducom.com\\\/ar\\\/producto\\\/omega-rex-flex-coupling\\\/\",\"name\":\"Omega rex Flex Coupling - Inducom Argentina\",\"isPartOf\":{\"@id\":\"https:\\\/\\\/www.grupo-inducom.com\\\/ar\\\/#website\"},\"primaryImageOfPage\":{\"@id\":\"https:\\\/\\\/www.grupo-inducom.com\\\/ar\\\/producto\\\/omega-rex-flex-coupling\\\/#primaryimage\"},\"image\":{\"@id\":\"https:\\\/\\\/www.grupo-inducom.com\\\/ar\\\/producto\\\/omega-rex-flex-coupling\\\/#primaryimage\"},\"thumbnailUrl\":\"https:\\\/\\\/www.grupo-inducom.com\\\/ar\\\/wp-content\\\/uploads\\\/sites\\\/12\\\/2026\\\/03\\\/Acoples.webp\",\"datePublished\":\"2026-03-12T21:05:24+00:00\",\"dateModified\":\"2026-04-21T14:17:40+00:00\",\"breadcrumb\":{\"@id\":\"https:\\\/\\\/www.grupo-inducom.com\\\/ar\\\/producto\\\/omega-rex-flex-coupling\\\/#breadcrumb\"},\"inLanguage\":\"es\",\"potentialAction\":[{\"@type\":\"ReadAction\",\"target\":[\"https:\\\/\\\/www.grupo-inducom.com\\\/ar\\\/producto\\\/omega-rex-flex-coupling\\\/\"]}]},{\"@type\":\"ImageObject\",\"inLanguage\":\"es\",\"@id\":\"https:\\\/\\\/www.grupo-inducom.com\\\/ar\\\/producto\\\/omega-rex-flex-coupling\\\/#primaryimage\",\"url\":\"https:\\\/\\\/www.grupo-inducom.com\\\/ar\\\/wp-content\\\/uploads\\\/sites\\\/12\\\/2026\\\/03\\\/Acoples.webp\",\"contentUrl\":\"https:\\\/\\\/www.grupo-inducom.com\\\/ar\\\/wp-content\\\/uploads\\\/sites\\\/12\\\/2026\\\/03\\\/Acoples.webp\",\"width\":1024,\"height\":1024},{\"@type\":\"BreadcrumbList\",\"@id\":\"https:\\\/\\\/www.grupo-inducom.com\\\/ar\\\/producto\\\/omega-rex-flex-coupling\\\/#breadcrumb\",\"itemListElement\":[{\"@type\":\"ListItem\",\"position\":1,\"name\":\"Portada\",\"item\":\"https:\\\/\\\/www.grupo-inducom.com\\\/ar\\\/\"},{\"@type\":\"ListItem\",\"position\":2,\"name\":\"Tienda\",\"item\":\"https:\\\/\\\/www.grupo-inducom.com\\\/ar\\\/tienda\\\/\"},{\"@type\":\"ListItem\",\"position\":3,\"name\":\"Omega rex Flex Coupling\"}]},{\"@type\":\"WebSite\",\"@id\":\"https:\\\/\\\/www.grupo-inducom.com\\\/ar\\\/#website\",\"url\":\"https:\\\/\\\/www.grupo-inducom.com\\\/ar\\\/\",\"name\":\"Inducom Argentina\",\"description\":\"\",\"potentialAction\":[{\"@type\":\"SearchAction\",\"target\":{\"@type\":\"EntryPoint\",\"urlTemplate\":\"https:\\\/\\\/www.grupo-inducom.com\\\/ar\\\/?s={search_term_string}\"},\"query-input\":{\"@type\":\"PropertyValueSpecification\",\"valueRequired\":true,\"valueName\":\"search_term_string\"}}],\"inLanguage\":\"es\"}]}<\/script>\n<!-- \/ Yoast SEO plugin. -->","yoast_head_json":{"title":"Omega rex Flex Coupling - Inducom Argentina","robots":{"index":"index","follow":"follow","max-snippet":"max-snippet:-1","max-image-preview":"max-image-preview:large","max-video-preview":"max-video-preview:-1"},"canonical":"https:\/\/www.grupo-inducom.com\/ar\/producto\/omega-rex-flex-coupling\/","og_locale":"es_ES","og_type":"article","og_title":"Omega rex Flex Coupling - Inducom Argentina","og_description":"Acople flexible Omega Rex  F\u00e1cil de instalar  Resistente en aplicaciones de transferencia qu\u00edmica  Ideal para uso entre motor y bomba  Aplicable en veh\u00edculos y otros equipos industriales  Capaz de adaptarse a desalineaciones de hasta 1.5\u00b0","og_url":"https:\/\/www.grupo-inducom.com\/ar\/producto\/omega-rex-flex-coupling\/","og_site_name":"Inducom Argentina","article_modified_time":"2026-04-21T14:17:40+00:00","og_image":[{"width":1024,"height":1024,"url":"http:\/\/www.grupo-inducom.com\/ar\/wp-content\/uploads\/sites\/12\/2026\/03\/Acoples.webp","type":"image\/webp"}],"twitter_card":"summary_large_image","twitter_misc":{"Tiempo de lectura":"1 minuto"},"schema":{"@context":"https:\/\/schema.org","@graph":[{"@type":"WebPage","@id":"https:\/\/www.grupo-inducom.com\/ar\/producto\/omega-rex-flex-coupling\/","url":"https:\/\/www.grupo-inducom.com\/ar\/producto\/omega-rex-flex-coupling\/","name":"Omega rex Flex Coupling - Inducom Argentina","isPartOf":{"@id":"https:\/\/www.grupo-inducom.com\/ar\/#website"},"primaryImageOfPage":{"@id":"https:\/\/www.grupo-inducom.com\/ar\/producto\/omega-rex-flex-coupling\/#primaryimage"},"image":{"@id":"https:\/\/www.grupo-inducom.com\/ar\/producto\/omega-rex-flex-coupling\/#primaryimage"},"thumbnailUrl":"https:\/\/www.grupo-inducom.com\/ar\/wp-content\/uploads\/sites\/12\/2026\/03\/Acoples.webp","datePublished":"2026-03-12T21:05:24+00:00","dateModified":"2026-04-21T14:17:40+00:00","breadcrumb":{"@id":"https:\/\/www.grupo-inducom.com\/ar\/producto\/omega-rex-flex-coupling\/#breadcrumb"},"inLanguage":"es","potentialAction":[{"@type":"ReadAction","target":["https:\/\/www.grupo-inducom.com\/ar\/producto\/omega-rex-flex-coupling\/"]}]},{"@type":"ImageObject","inLanguage":"es","@id":"https:\/\/www.grupo-inducom.com\/ar\/producto\/omega-rex-flex-coupling\/#primaryimage","url":"https:\/\/www.grupo-inducom.com\/ar\/wp-content\/uploads\/sites\/12\/2026\/03\/Acoples.webp","contentUrl":"https:\/\/www.grupo-inducom.com\/ar\/wp-content\/uploads\/sites\/12\/2026\/03\/Acoples.webp","width":1024,"height":1024},{"@type":"BreadcrumbList","@id":"https:\/\/www.grupo-inducom.com\/ar\/producto\/omega-rex-flex-coupling\/#breadcrumb","itemListElement":[{"@type":"ListItem","position":1,"name":"Portada","item":"https:\/\/www.grupo-inducom.com\/ar\/"},{"@type":"ListItem","position":2,"name":"Tienda","item":"https:\/\/www.grupo-inducom.com\/ar\/tienda\/"},{"@type":"ListItem","position":3,"name":"Omega rex Flex Coupling"}]},{"@type":"WebSite","@id":"https:\/\/www.grupo-inducom.com\/ar\/#website","url":"https:\/\/www.grupo-inducom.com\/ar\/","name":"Inducom Argentina","description":"","potentialAction":[{"@type":"SearchAction","target":{"@type":"EntryPoint","urlTemplate":"https:\/\/www.grupo-inducom.com\/ar\/?s={search_term_string}"},"query-input":{"@type":"PropertyValueSpecification","valueRequired":true,"valueName":"search_term_string"}}],"inLanguage":"es"}]}},"_links":{"self":[{"href":"https:\/\/www.grupo-inducom.com\/ar\/wp-json\/wp\/v2\/product\/182","targetHints":{"allow":["GET"]}}],"collection":[{"href":"https:\/\/www.grupo-inducom.com\/ar\/wp-json\/wp\/v2\/product"}],"about":[{"href":"https:\/\/www.grupo-inducom.com\/ar\/wp-json\/wp\/v2\/types\/product"}],"replies":[{"embeddable":true,"href":"https:\/\/www.grupo-inducom.com\/ar\/wp-json\/wp\/v2\/comments?post=182"}],"wp:featuredmedia":[{"embeddable":true,"href":"https:\/\/www.grupo-inducom.com\/ar\/wp-json\/wp\/v2\/media\/181"}],"wp:attachment":[{"href":"https:\/\/www.grupo-inducom.com\/ar\/wp-json\/wp\/v2\/media?parent=182"}],"wp:term":[{"taxonomy":"product_brand","embeddable":true,"href":"https:\/\/www.grupo-inducom.com\/ar\/wp-json\/wp\/v2\/product_brand?post=182"},{"taxonomy":"product_cat","embeddable":true,"href":"https:\/\/www.grupo-inducom.com\/ar\/wp-json\/wp\/v2\/product_cat?post=182"},{"taxonomy":"product_tag","embeddable":true,"href":"https:\/\/www.grupo-inducom.com\/ar\/wp-json\/wp\/v2\/product_tag?post=182"}],"curies":[{"name":"wp","href":"https:\/\/api.w.org\/{rel}","templated":true}]}}